{"id":154874,"date":"2022-01-18T00:09:20","date_gmt":"2022-01-17T22:09:20","guid":{"rendered":"https:\/\/aednik24.ee\/toode\/kindad-rtepo\/"},"modified":"2026-04-08T03:03:03","modified_gmt":"2026-04-08T00:03:03","slug":"kindad-rtepo","status":"publish","type":"product","link":"https:\/\/horticom.ee\/e-pood\/toode\/kindad-rtepo\/","title":{"rendered":"Kindad Rtepo"},"content":{"rendered":"<p>Kindad Rtepo \u2013 H\u00e4sti hingavad \u00f5hukesest pol\u00fcestrist vastupidavad kindad, peopesa kaetud pol\u00fcuretaanist kattega. Randmeosas soonikkude, erinevatel suurustel erinevad v\u00e4rvikandid. Ideaalne t\u00f6\u00f6de jaoks, mis n\u00f5uavad t\u00e4psust. EM 388: 4121<\/p>\n","protected":false},"excerpt":{"rendered":"<p>Kindad Rtepo \u2013 H\u00e4sti hingavad \u00f5hukesest pol\u00fcestrist vastupidavad kindad, peopesa kaetud pol\u00fcuretaanist kattega. Randmeosas soonikkude, erinevatel suurustel erinevad v\u00e4rvikandid. Ideaalne t\u00f6\u00f6de jaoks, mis n\u00f5uavad t\u00e4psust. EM 388: 4121<\/p>\n","protected":false},"featured_media":2384937,"comment_status":"closed","ping_status":"closed","template":"","meta":{"_themeisle_gutenberg_block_has_review":false},"product_cat":[13417],"product_tag":[],"class_list":{"0":"post-154874","1":"product","2":"type-product","3":"status-publish","4":"has-post-thumbnail","6":"product_cat-kindad","8":"first","9":"outofstock","10":"sale","11":"shipping-taxable","12":"purchasable","13":"product-type-variable"},"yoast_head":"<!-- This site is optimized with the Yoast SEO plugin v24.0 - https:\/\/yoast.com\/wordpress\/plugins\/seo\/ -->\n<title>Kindad Rtepo nr 9 hall must - Horticom.ee\/e-pood<\/title>\n<meta name=\"description\" content=\"\u00d5hukesed pol\u00fcuretaankindad \u2013 hingavad, t\u00e4psust n\u00f5udvateks t\u00f6\u00f6deks. Pol\u00fcuretaankattega peopesa, soonikkude randmeosas.\" \/>\n<meta name=\"robots\" content=\"index, follow, max-snippet:-1, max-image-preview:large, max-video-preview:-1\" \/>\n<link rel=\"canonical\" href=\"https:\/\/horticom.ee\/e-pood\/toode\/kindad-rtepo\/\" \/>\n<meta property=\"og:locale\" content=\"et_EE\" \/>\n<meta property=\"og:type\" content=\"article\" \/>\n<meta property=\"og:title\" content=\"Kindad Rtepo nr 9 hall must - Horticom.ee\/e-pood\" \/>\n<meta property=\"og:description\" content=\"\u00d5hukesed pol\u00fcuretaankindad \u2013 hingavad, t\u00e4psust n\u00f5udvateks t\u00f6\u00f6deks. Pol\u00fcuretaankattega peopesa, soonikkude randmeosas.\" \/>\n<meta property=\"og:url\" content=\"https:\/\/horticom.ee\/e-pood\/toode\/kindad-rtepo\/\" \/>\n<meta property=\"og:site_name\" content=\"Horticom.ee\" \/>\n<meta property=\"article:publisher\" content=\"https:\/\/www.facebook.com\/horticom.ee\/e-pood\" \/>\n<meta property=\"article:modified_time\" content=\"2026-04-08T00:03:03+00:00\" \/>\n<meta property=\"og:image\" content=\"https:\/\/horticom.ee\/e-pood\/wp-content\/uploads\/importedmedia\/product-154874_0-VILrtepo.jpg\" \/>\n\t<meta property=\"og:image:width\" content=\"1000\" \/>\n\t<meta property=\"og:image:height\" content=\"1333\" \/>\n\t<meta property=\"og:image:type\" content=\"image\/jpeg\" \/>\n<meta name=\"twitter:card\" content=\"summary_large_image\" \/>\n<script type=\"application\/ld+json\" class=\"yoast-schema-graph\">{\"@context\":\"https:\/\/schema.org\",\"@graph\":[{\"@type\":\"WebPage\",\"@id\":\"https:\/\/horticom.ee\/e-pood\/toode\/kindad-rtepo\/\",\"url\":\"https:\/\/horticom.ee\/e-pood\/toode\/kindad-rtepo\/\",\"name\":\"Kindad Rtepo nr 9 hall must - Horticom.ee\/e-pood\",\"isPartOf\":{\"@id\":\"https:\/\/horticom.ee\/e-pood\/#website\"},\"primaryImageOfPage\":{\"@id\":\"https:\/\/horticom.ee\/e-pood\/toode\/kindad-rtepo\/#primaryimage\"},\"image\":{\"@id\":\"https:\/\/horticom.ee\/e-pood\/toode\/kindad-rtepo\/#primaryimage\"},\"thumbnailUrl\":\"https:\/\/horticom.ee\/e-pood\/wp-content\/uploads\/importedmedia\/product-154874_0-VILrtepo.jpg\",\"datePublished\":\"2022-01-17T22:09:20+00:00\",\"dateModified\":\"2026-04-08T00:03:03+00:00\",\"description\":\"\u00d5hukesed pol\u00fcuretaankindad \u2013 hingavad, t\u00e4psust n\u00f5udvateks t\u00f6\u00f6deks. Pol\u00fcuretaankattega peopesa, soonikkude randmeosas.\",\"breadcrumb\":{\"@id\":\"https:\/\/horticom.ee\/e-pood\/toode\/kindad-rtepo\/#breadcrumb\"},\"inLanguage\":\"et\",\"potentialAction\":[{\"@type\":\"ReadAction\",\"target\":[\"https:\/\/horticom.ee\/e-pood\/toode\/kindad-rtepo\/\"]}]},{\"@type\":\"ImageObject\",\"inLanguage\":\"et\",\"@id\":\"https:\/\/horticom.ee\/e-pood\/toode\/kindad-rtepo\/#primaryimage\",\"url\":\"https:\/\/horticom.ee\/e-pood\/wp-content\/uploads\/importedmedia\/product-154874_0-VILrtepo.jpg\",\"contentUrl\":\"https:\/\/horticom.ee\/e-pood\/wp-content\/uploads\/importedmedia\/product-154874_0-VILrtepo.jpg\",\"width\":1000,\"height\":1333},{\"@type\":\"BreadcrumbList\",\"@id\":\"https:\/\/horticom.ee\/e-pood\/toode\/kindad-rtepo\/#breadcrumb\",\"itemListElement\":[{\"@type\":\"ListItem\",\"position\":1,\"name\":\"Home\",\"item\":\"https:\/\/horticom.ee\/e-pood\/\"},{\"@type\":\"ListItem\",\"position\":2,\"name\":\"Pood\",\"item\":\"https:\/\/horticom.ee\/e-pood\/pood\/\"},{\"@type\":\"ListItem\",\"position\":3,\"name\":\"Kindad Rtepo\"}]},{\"@type\":\"WebSite\",\"@id\":\"https:\/\/horticom.ee\/e-pood\/#website\",\"url\":\"https:\/\/horticom.ee\/e-pood\/\",\"name\":\"Horticom.ee\",\"description\":\"Aianduskaubad ja kodukaubad nii harrastajatele kui professionaalidele\",\"potentialAction\":[{\"@type\":\"SearchAction\",\"target\":{\"@type\":\"EntryPoint\",\"urlTemplate\":\"https:\/\/horticom.ee\/e-pood\/?s={search_term_string}\"},\"query-input\":{\"@type\":\"PropertyValueSpecification\",\"valueRequired\":true,\"valueName\":\"search_term_string\"}}],\"inLanguage\":\"et\"}]}<\/script>\n<!-- \/ Yoast SEO plugin. -->","yoast_head_json":{"title":"Kindad Rtepo nr 9 hall must - Horticom.ee\/e-pood","description":"\u00d5hukesed pol\u00fcuretaankindad \u2013 hingavad, t\u00e4psust n\u00f5udvateks t\u00f6\u00f6deks. Pol\u00fcuretaankattega peopesa, soonikkude randmeosas.","robots":{"index":"index","follow":"follow","max-snippet":"max-snippet:-1","max-image-preview":"max-image-preview:large","max-video-preview":"max-video-preview:-1"},"canonical":"https:\/\/horticom.ee\/e-pood\/toode\/kindad-rtepo\/","og_locale":"et_EE","og_type":"article","og_title":"Kindad Rtepo nr 9 hall must - Horticom.ee\/e-pood","og_description":"\u00d5hukesed pol\u00fcuretaankindad \u2013 hingavad, t\u00e4psust n\u00f5udvateks t\u00f6\u00f6deks. Pol\u00fcuretaankattega peopesa, soonikkude randmeosas.","og_url":"https:\/\/horticom.ee\/e-pood\/toode\/kindad-rtepo\/","og_site_name":"Horticom.ee","article_publisher":"https:\/\/www.facebook.com\/horticom.ee\/e-pood","article_modified_time":"2026-04-08T00:03:03+00:00","og_image":[{"width":1000,"height":1333,"url":"https:\/\/horticom.ee\/e-pood\/wp-content\/uploads\/importedmedia\/product-154874_0-VILrtepo.jpg","type":"image\/jpeg"}],"twitter_card":"summary_large_image","schema":{"@context":"https:\/\/schema.org","@graph":[{"@type":"WebPage","@id":"https:\/\/horticom.ee\/e-pood\/toode\/kindad-rtepo\/","url":"https:\/\/horticom.ee\/e-pood\/toode\/kindad-rtepo\/","name":"Kindad Rtepo nr 9 hall must - Horticom.ee\/e-pood","isPartOf":{"@id":"https:\/\/horticom.ee\/e-pood\/#website"},"primaryImageOfPage":{"@id":"https:\/\/horticom.ee\/e-pood\/toode\/kindad-rtepo\/#primaryimage"},"image":{"@id":"https:\/\/horticom.ee\/e-pood\/toode\/kindad-rtepo\/#primaryimage"},"thumbnailUrl":"https:\/\/horticom.ee\/e-pood\/wp-content\/uploads\/importedmedia\/product-154874_0-VILrtepo.jpg","datePublished":"2022-01-17T22:09:20+00:00","dateModified":"2026-04-08T00:03:03+00:00","description":"\u00d5hukesed pol\u00fcuretaankindad \u2013 hingavad, t\u00e4psust n\u00f5udvateks t\u00f6\u00f6deks. Pol\u00fcuretaankattega peopesa, soonikkude randmeosas.","breadcrumb":{"@id":"https:\/\/horticom.ee\/e-pood\/toode\/kindad-rtepo\/#breadcrumb"},"inLanguage":"et","potentialAction":[{"@type":"ReadAction","target":["https:\/\/horticom.ee\/e-pood\/toode\/kindad-rtepo\/"]}]},{"@type":"ImageObject","inLanguage":"et","@id":"https:\/\/horticom.ee\/e-pood\/toode\/kindad-rtepo\/#primaryimage","url":"https:\/\/horticom.ee\/e-pood\/wp-content\/uploads\/importedmedia\/product-154874_0-VILrtepo.jpg","contentUrl":"https:\/\/horticom.ee\/e-pood\/wp-content\/uploads\/importedmedia\/product-154874_0-VILrtepo.jpg","width":1000,"height":1333},{"@type":"BreadcrumbList","@id":"https:\/\/horticom.ee\/e-pood\/toode\/kindad-rtepo\/#breadcrumb","itemListElement":[{"@type":"ListItem","position":1,"name":"Home","item":"https:\/\/horticom.ee\/e-pood\/"},{"@type":"ListItem","position":2,"name":"Pood","item":"https:\/\/horticom.ee\/e-pood\/pood\/"},{"@type":"ListItem","position":3,"name":"Kindad Rtepo"}]},{"@type":"WebSite","@id":"https:\/\/horticom.ee\/e-pood\/#website","url":"https:\/\/horticom.ee\/e-pood\/","name":"Horticom.ee","description":"Aianduskaubad ja kodukaubad nii harrastajatele kui professionaalidele","potentialAction":[{"@type":"SearchAction","target":{"@type":"EntryPoint","urlTemplate":"https:\/\/horticom.ee\/e-pood\/?s={search_term_string}"},"query-input":{"@type":"PropertyValueSpecification","valueRequired":true,"valueName":"search_term_string"}}],"inLanguage":"et"}]}},"_links":{"self":[{"href":"https:\/\/horticom.ee\/e-pood\/wp-json\/wp\/v2\/product\/154874","targetHints":{"allow":["GET"]}}],"collection":[{"href":"https:\/\/horticom.ee\/e-pood\/wp-json\/wp\/v2\/product"}],"about":[{"href":"https:\/\/horticom.ee\/e-pood\/wp-json\/wp\/v2\/types\/product"}],"replies":[{"embeddable":true,"href":"https:\/\/horticom.ee\/e-pood\/wp-json\/wp\/v2\/comments?post=154874"}],"wp:featuredmedia":[{"embeddable":true,"href":"https:\/\/horticom.ee\/e-pood\/wp-json\/wp\/v2\/media\/2384937"}],"wp:attachment":[{"href":"https:\/\/horticom.ee\/e-pood\/wp-json\/wp\/v2\/media?parent=154874"}],"wp:term":[{"taxonomy":"product_cat","embeddable":true,"href":"https:\/\/horticom.ee\/e-pood\/wp-json\/wp\/v2\/product_cat?post=154874"},{"taxonomy":"product_tag","embeddable":true,"href":"https:\/\/horticom.ee\/e-pood\/wp-json\/wp\/v2\/product_tag?post=154874"}],"curies":[{"name":"wp","href":"https:\/\/api.w.org\/{rel}","templated":true}]}}