{"id":154885,"date":"2022-01-18T00:09:26","date_gmt":"2022-01-17T22:09:26","guid":{"rendered":"https:\/\/aednik24.ee\/toode\/potiumbris-brussels-laikiv-18cm-vask-sp\/"},"modified":"2026-04-11T03:08:03","modified_gmt":"2026-04-11T00:08:03","slug":"potiumbris-brussels-laikiv-18cm-vask-sp","status":"publish","type":"product","link":"https:\/\/horticom.ee\/e-pood\/toode\/potiumbris-brussels-laikiv-18cm-vask-sp\/","title":{"rendered":"\u00dcmbrispott Elho Brussels Diamond d 18cm 3,3L vask"},"content":{"rendered":"<p>Klassikalise \u00fcmarama vormiga v\u00e4ike \u00fcmbrispott. Taask\u00e4ideldatav, toodetud 100% taaskasutatud materjalidest tuuleenergia abil. Toote originaalv\u00e4rv p\u00fcsib kauem, kuna valmistamisel kasutatakse erilisi v\u00e4rvipigmente.<\/p>\n","protected":false},"excerpt":{"rendered":"<p>Klassikalise \u00fcmarama vormiga v\u00e4ike \u00fcmbrispott. Taask\u00e4ideldatav, toodetud 100% taaskasutatud materjalidest tuuleenergia abil. Toote originaalv\u00e4rv p\u00fcsib kauem, kuna valmistamisel kasutatakse erilisi v\u00e4rvipigmente.<\/p>\n","protected":false},"featured_media":161376,"comment_status":"closed","ping_status":"closed","template":"","meta":{"_themeisle_gutenberg_block_has_review":false},"product_cat":[18563,14994],"product_tag":[],"class_list":{"0":"post-154885","1":"product","2":"type-product","3":"status-publish","4":"has-post-thumbnail","6":"product_cat-lopumuugitooted","7":"product_cat-plastikust-umbrispotid","9":"first","10":"outofstock","11":"sale","12":"shipping-taxable","13":"purchasable","14":"product-type-simple"},"yoast_head":"<!-- This site is optimized with the Yoast SEO plugin v24.0 - https:\/\/yoast.com\/wordpress\/plugins\/seo\/ -->\n<title>\u00dcmbrispott Elho Brussels Diamond d 18cm 3,3L vask<\/title>\n<meta name=\"description\" content=\"Poti\u00fcmbris Brussels l\u00e4ikiv on valmistatud kvaliteetsest ja vastupidavast plastikust ja on veekindel. Stiilse v\u00e4limusega.\" \/>\n<meta name=\"robots\" content=\"index, follow, max-snippet:-1, max-image-preview:large, max-video-preview:-1\" \/>\n<link rel=\"canonical\" href=\"https:\/\/horticom.ee\/e-pood\/toode\/potiumbris-brussels-laikiv-18cm-vask-sp\/\" \/>\n<meta property=\"og:locale\" content=\"et_EE\" \/>\n<meta property=\"og:type\" content=\"article\" \/>\n<meta property=\"og:title\" content=\"\u00dcmbrispott Elho Brussels Diamond d 18cm 3,3L vask\" \/>\n<meta property=\"og:description\" content=\"Poti\u00fcmbris Brussels l\u00e4ikiv on valmistatud kvaliteetsest ja vastupidavast plastikust ja on veekindel. Stiilse v\u00e4limusega.\" \/>\n<meta property=\"og:url\" content=\"https:\/\/horticom.ee\/e-pood\/toode\/potiumbris-brussels-laikiv-18cm-vask-sp\/\" \/>\n<meta property=\"og:site_name\" content=\"Horticom.ee\" \/>\n<meta property=\"article:publisher\" content=\"https:\/\/www.facebook.com\/horticom.ee\/e-pood\" \/>\n<meta property=\"article:modified_time\" content=\"2026-04-11T00:08:03+00:00\" \/>\n<meta property=\"og:image\" content=\"https:\/\/horticom.ee\/e-pood\/wp-content\/uploads\/importedmedia\/product-154885_0-640012_854.jpg\" \/>\n\t<meta property=\"og:image:width\" content=\"1000\" \/>\n\t<meta property=\"og:image:height\" content=\"567\" \/>\n\t<meta property=\"og:image:type\" content=\"image\/jpeg\" \/>\n<meta name=\"twitter:card\" content=\"summary_large_image\" \/>\n<script type=\"application\/ld+json\" class=\"yoast-schema-graph\">{\"@context\":\"https:\/\/schema.org\",\"@graph\":[{\"@type\":\"WebPage\",\"@id\":\"https:\/\/horticom.ee\/e-pood\/toode\/potiumbris-brussels-laikiv-18cm-vask-sp\/\",\"url\":\"https:\/\/horticom.ee\/e-pood\/toode\/potiumbris-brussels-laikiv-18cm-vask-sp\/\",\"name\":\"\u00dcmbrispott Elho Brussels Diamond d 18cm 3,3L vask\",\"isPartOf\":{\"@id\":\"https:\/\/horticom.ee\/e-pood\/#website\"},\"primaryImageOfPage\":{\"@id\":\"https:\/\/horticom.ee\/e-pood\/toode\/potiumbris-brussels-laikiv-18cm-vask-sp\/#primaryimage\"},\"image\":{\"@id\":\"https:\/\/horticom.ee\/e-pood\/toode\/potiumbris-brussels-laikiv-18cm-vask-sp\/#primaryimage\"},\"thumbnailUrl\":\"https:\/\/horticom.ee\/e-pood\/wp-content\/uploads\/importedmedia\/product-154885_0-640012_854.jpg\",\"datePublished\":\"2022-01-17T22:09:26+00:00\",\"dateModified\":\"2026-04-11T00:08:03+00:00\",\"description\":\"Poti\u00fcmbris Brussels l\u00e4ikiv on valmistatud kvaliteetsest ja vastupidavast plastikust ja on veekindel. Stiilse v\u00e4limusega.\",\"breadcrumb\":{\"@id\":\"https:\/\/horticom.ee\/e-pood\/toode\/potiumbris-brussels-laikiv-18cm-vask-sp\/#breadcrumb\"},\"inLanguage\":\"et\",\"potentialAction\":[{\"@type\":\"ReadAction\",\"target\":[\"https:\/\/horticom.ee\/e-pood\/toode\/potiumbris-brussels-laikiv-18cm-vask-sp\/\"]}]},{\"@type\":\"ImageObject\",\"inLanguage\":\"et\",\"@id\":\"https:\/\/horticom.ee\/e-pood\/toode\/potiumbris-brussels-laikiv-18cm-vask-sp\/#primaryimage\",\"url\":\"https:\/\/horticom.ee\/e-pood\/wp-content\/uploads\/importedmedia\/product-154885_0-640012_854.jpg\",\"contentUrl\":\"https:\/\/horticom.ee\/e-pood\/wp-content\/uploads\/importedmedia\/product-154885_0-640012_854.jpg\",\"width\":1000,\"height\":567,\"caption\":\"\u00dcmbrispott Elho Brussels Diamond d 18cm 3,3L vask\"},{\"@type\":\"BreadcrumbList\",\"@id\":\"https:\/\/horticom.ee\/e-pood\/toode\/potiumbris-brussels-laikiv-18cm-vask-sp\/#breadcrumb\",\"itemListElement\":[{\"@type\":\"ListItem\",\"position\":1,\"name\":\"Home\",\"item\":\"https:\/\/horticom.ee\/e-pood\/\"},{\"@type\":\"ListItem\",\"position\":2,\"name\":\"Pood\",\"item\":\"https:\/\/horticom.ee\/e-pood\/pood\/\"},{\"@type\":\"ListItem\",\"position\":3,\"name\":\"\u00dcmbrispott Elho Brussels Diamond d 18cm 3,3L vask\"}]},{\"@type\":\"WebSite\",\"@id\":\"https:\/\/horticom.ee\/e-pood\/#website\",\"url\":\"https:\/\/horticom.ee\/e-pood\/\",\"name\":\"Horticom.ee\",\"description\":\"Aianduskaubad ja kodukaubad nii harrastajatele kui professionaalidele\",\"potentialAction\":[{\"@type\":\"SearchAction\",\"target\":{\"@type\":\"EntryPoint\",\"urlTemplate\":\"https:\/\/horticom.ee\/e-pood\/?s={search_term_string}\"},\"query-input\":{\"@type\":\"PropertyValueSpecification\",\"valueRequired\":true,\"valueName\":\"search_term_string\"}}],\"inLanguage\":\"et\"}]}<\/script>\n<!-- \/ Yoast SEO plugin. -->","yoast_head_json":{"title":"\u00dcmbrispott Elho Brussels Diamond d 18cm 3,3L vask","description":"Poti\u00fcmbris Brussels l\u00e4ikiv on valmistatud kvaliteetsest ja vastupidavast plastikust ja on veekindel. Stiilse v\u00e4limusega.","robots":{"index":"index","follow":"follow","max-snippet":"max-snippet:-1","max-image-preview":"max-image-preview:large","max-video-preview":"max-video-preview:-1"},"canonical":"https:\/\/horticom.ee\/e-pood\/toode\/potiumbris-brussels-laikiv-18cm-vask-sp\/","og_locale":"et_EE","og_type":"article","og_title":"\u00dcmbrispott Elho Brussels Diamond d 18cm 3,3L vask","og_description":"Poti\u00fcmbris Brussels l\u00e4ikiv on valmistatud kvaliteetsest ja vastupidavast plastikust ja on veekindel. Stiilse v\u00e4limusega.","og_url":"https:\/\/horticom.ee\/e-pood\/toode\/potiumbris-brussels-laikiv-18cm-vask-sp\/","og_site_name":"Horticom.ee","article_publisher":"https:\/\/www.facebook.com\/horticom.ee\/e-pood","article_modified_time":"2026-04-11T00:08:03+00:00","og_image":[{"width":1000,"height":567,"url":"https:\/\/horticom.ee\/e-pood\/wp-content\/uploads\/importedmedia\/product-154885_0-640012_854.jpg","type":"image\/jpeg"}],"twitter_card":"summary_large_image","schema":{"@context":"https:\/\/schema.org","@graph":[{"@type":"WebPage","@id":"https:\/\/horticom.ee\/e-pood\/toode\/potiumbris-brussels-laikiv-18cm-vask-sp\/","url":"https:\/\/horticom.ee\/e-pood\/toode\/potiumbris-brussels-laikiv-18cm-vask-sp\/","name":"\u00dcmbrispott Elho Brussels Diamond d 18cm 3,3L vask","isPartOf":{"@id":"https:\/\/horticom.ee\/e-pood\/#website"},"primaryImageOfPage":{"@id":"https:\/\/horticom.ee\/e-pood\/toode\/potiumbris-brussels-laikiv-18cm-vask-sp\/#primaryimage"},"image":{"@id":"https:\/\/horticom.ee\/e-pood\/toode\/potiumbris-brussels-laikiv-18cm-vask-sp\/#primaryimage"},"thumbnailUrl":"https:\/\/horticom.ee\/e-pood\/wp-content\/uploads\/importedmedia\/product-154885_0-640012_854.jpg","datePublished":"2022-01-17T22:09:26+00:00","dateModified":"2026-04-11T00:08:03+00:00","description":"Poti\u00fcmbris Brussels l\u00e4ikiv on valmistatud kvaliteetsest ja vastupidavast plastikust ja on veekindel. Stiilse v\u00e4limusega.","breadcrumb":{"@id":"https:\/\/horticom.ee\/e-pood\/toode\/potiumbris-brussels-laikiv-18cm-vask-sp\/#breadcrumb"},"inLanguage":"et","potentialAction":[{"@type":"ReadAction","target":["https:\/\/horticom.ee\/e-pood\/toode\/potiumbris-brussels-laikiv-18cm-vask-sp\/"]}]},{"@type":"ImageObject","inLanguage":"et","@id":"https:\/\/horticom.ee\/e-pood\/toode\/potiumbris-brussels-laikiv-18cm-vask-sp\/#primaryimage","url":"https:\/\/horticom.ee\/e-pood\/wp-content\/uploads\/importedmedia\/product-154885_0-640012_854.jpg","contentUrl":"https:\/\/horticom.ee\/e-pood\/wp-content\/uploads\/importedmedia\/product-154885_0-640012_854.jpg","width":1000,"height":567,"caption":"\u00dcmbrispott Elho Brussels Diamond d 18cm 3,3L vask"},{"@type":"BreadcrumbList","@id":"https:\/\/horticom.ee\/e-pood\/toode\/potiumbris-brussels-laikiv-18cm-vask-sp\/#breadcrumb","itemListElement":[{"@type":"ListItem","position":1,"name":"Home","item":"https:\/\/horticom.ee\/e-pood\/"},{"@type":"ListItem","position":2,"name":"Pood","item":"https:\/\/horticom.ee\/e-pood\/pood\/"},{"@type":"ListItem","position":3,"name":"\u00dcmbrispott Elho Brussels Diamond d 18cm 3,3L vask"}]},{"@type":"WebSite","@id":"https:\/\/horticom.ee\/e-pood\/#website","url":"https:\/\/horticom.ee\/e-pood\/","name":"Horticom.ee","description":"Aianduskaubad ja kodukaubad nii harrastajatele kui professionaalidele","potentialAction":[{"@type":"SearchAction","target":{"@type":"EntryPoint","urlTemplate":"https:\/\/horticom.ee\/e-pood\/?s={search_term_string}"},"query-input":{"@type":"PropertyValueSpecification","valueRequired":true,"valueName":"search_term_string"}}],"inLanguage":"et"}]}},"_links":{"self":[{"href":"https:\/\/horticom.ee\/e-pood\/wp-json\/wp\/v2\/product\/154885","targetHints":{"allow":["GET"]}}],"collection":[{"href":"https:\/\/horticom.ee\/e-pood\/wp-json\/wp\/v2\/product"}],"about":[{"href":"https:\/\/horticom.ee\/e-pood\/wp-json\/wp\/v2\/types\/product"}],"replies":[{"embeddable":true,"href":"https:\/\/horticom.ee\/e-pood\/wp-json\/wp\/v2\/comments?post=154885"}],"wp:featuredmedia":[{"embeddable":true,"href":"https:\/\/horticom.ee\/e-pood\/wp-json\/wp\/v2\/media\/161376"}],"wp:attachment":[{"href":"https:\/\/horticom.ee\/e-pood\/wp-json\/wp\/v2\/media?parent=154885"}],"wp:term":[{"taxonomy":"product_cat","embeddable":true,"href":"https:\/\/horticom.ee\/e-pood\/wp-json\/wp\/v2\/product_cat?post=154885"},{"taxonomy":"product_tag","embeddable":true,"href":"https:\/\/horticom.ee\/e-pood\/wp-json\/wp\/v2\/product_tag?post=154885"}],"curies":[{"name":"wp","href":"https:\/\/api.w.org\/{rel}","templated":true}]}}