{"id":155007,"date":"2022-01-18T00:10:37","date_gmt":"2022-01-17T22:10:37","guid":{"rendered":"https:\/\/aednik24.ee\/toode\/toitelahus-kaktustele-agrecol-30ml\/"},"modified":"2026-04-20T03:13:57","modified_gmt":"2026-04-20T00:13:57","slug":"toitelahus-kaktustele-agrecol-30ml","status":"publish","type":"product","link":"https:\/\/horticom.ee\/e-pood\/toode\/toitelahus-kaktustele-agrecol-30ml\/","title":{"rendered":"Toitelahus kaktustele Agrecol 30ml"},"content":{"rendered":"<p>Spetsiaalselt v\u00e4lja t\u00f6\u00f6tatud ja ette n\u00e4htud k\u00f5ikide kaktuseliikide v\u00e4etamiseks. Toimib ka teiste sukulentide ehk lihaktaimede puhul. Eriline toiteainete valem tagab n\u00f5uetekohase kasvu ja tugevdab taimi. Regulaarne kasutamine tagab juurestikule, vartele ja lehtedele hea seisundi, samuti intensiivse \u00f5itsemise \u00f5itsevate liikide puhul. Professionaalne, esteetiline ja kasutamiseks valmis pakend h\u00f5lbustab kasutamist.<\/p>\n","protected":false},"excerpt":{"rendered":"<p>Spetsiaalselt v\u00e4lja t\u00f6\u00f6tatud ja ette n\u00e4htud k\u00f5ikide kaktuseliikide v\u00e4etamiseks. Toimib ka teiste sukulentide ehk lihaktaimede puhul. Eriline toiteainete valem tagab n\u00f5uetekohase kasvu ja tugevdab taimi. Regulaarne kasutamine tagab juurestikule, vartele ja lehtedele hea seisundi, samuti intensiivse \u00f5itsemise \u00f5itsevate liikide puhul. Professionaalne, esteetiline ja kasutamiseks valmis pakend h\u00f5lbustab kasutamist.<\/p>\n","protected":false},"featured_media":363408,"comment_status":"closed","ping_status":"closed","template":"","meta":{"_themeisle_gutenberg_block_has_review":false},"product_cat":[16968],"product_tag":[],"class_list":{"0":"post-155007","1":"product","2":"type-product","3":"status-publish","4":"has-post-thumbnail","6":"product_cat-toataimedele","8":"first","9":"instock","10":"shipping-taxable","11":"purchasable","12":"product-type-simple"},"yoast_head":"<!-- This site is optimized with the Yoast SEO plugin v24.0 - https:\/\/yoast.com\/wordpress\/plugins\/seo\/ -->\n<title>Toitelahus kaktustele Agrecol 30ml - Horticom<\/title>\n<meta name=\"robots\" content=\"index, follow, max-snippet:-1, max-image-preview:large, max-video-preview:-1\" \/>\n<link rel=\"canonical\" href=\"https:\/\/horticom.ee\/e-pood\/toode\/toitelahus-kaktustele-agrecol-30ml\/\" \/>\n<meta property=\"og:locale\" content=\"et_EE\" \/>\n<meta property=\"og:type\" content=\"article\" \/>\n<meta property=\"og:title\" content=\"Toitelahus kaktustele Agrecol 30ml - Horticom\" \/>\n<meta property=\"og:description\" content=\"Spetsiaalselt v\u00e4lja t\u00f6\u00f6tatud ja ette n\u00e4htud k\u00f5ikide kaktuseliikide v\u00e4etamiseks. Toimib ka teiste sukulentide ehk lihaktaimede puhul. Eriline toiteainete valem tagab n\u00f5uetekohase kasvu ja tugevdab taimi. Regulaarne kasutamine tagab juurestikule, vartele ja lehtedele hea seisundi, samuti intensiivse \u00f5itsemise \u00f5itsevate liikide puhul. Professionaalne, esteetiline ja kasutamiseks valmis pakend h\u00f5lbustab kasutamist.\" \/>\n<meta property=\"og:url\" content=\"https:\/\/horticom.ee\/e-pood\/toode\/toitelahus-kaktustele-agrecol-30ml\/\" \/>\n<meta property=\"og:site_name\" content=\"Horticom.ee\" \/>\n<meta property=\"article:publisher\" content=\"https:\/\/www.facebook.com\/horticom.ee\/e-pood\" \/>\n<meta property=\"article:modified_time\" content=\"2026-04-20T00:13:57+00:00\" \/>\n<meta property=\"og:image\" content=\"https:\/\/horticom.ee\/e-pood\/wp-content\/uploads\/importedmedia\/product-155007_0-1072341.jpg\" \/>\n\t<meta property=\"og:image:width\" content=\"1000\" \/>\n\t<meta property=\"og:image:height\" content=\"1977\" \/>\n\t<meta property=\"og:image:type\" content=\"image\/jpeg\" \/>\n<meta name=\"twitter:card\" content=\"summary_large_image\" \/>\n<script type=\"application\/ld+json\" class=\"yoast-schema-graph\">{\"@context\":\"https:\/\/schema.org\",\"@graph\":[{\"@type\":\"WebPage\",\"@id\":\"https:\/\/horticom.ee\/e-pood\/toode\/toitelahus-kaktustele-agrecol-30ml\/\",\"url\":\"https:\/\/horticom.ee\/e-pood\/toode\/toitelahus-kaktustele-agrecol-30ml\/\",\"name\":\"Toitelahus kaktustele Agrecol 30ml - Horticom\",\"isPartOf\":{\"@id\":\"https:\/\/horticom.ee\/e-pood\/#website\"},\"primaryImageOfPage\":{\"@id\":\"https:\/\/horticom.ee\/e-pood\/toode\/toitelahus-kaktustele-agrecol-30ml\/#primaryimage\"},\"image\":{\"@id\":\"https:\/\/horticom.ee\/e-pood\/toode\/toitelahus-kaktustele-agrecol-30ml\/#primaryimage\"},\"thumbnailUrl\":\"https:\/\/horticom.ee\/e-pood\/wp-content\/uploads\/importedmedia\/product-155007_0-1072341.jpg\",\"datePublished\":\"2022-01-17T22:10:37+00:00\",\"dateModified\":\"2026-04-20T00:13:57+00:00\",\"breadcrumb\":{\"@id\":\"https:\/\/horticom.ee\/e-pood\/toode\/toitelahus-kaktustele-agrecol-30ml\/#breadcrumb\"},\"inLanguage\":\"et\",\"potentialAction\":[{\"@type\":\"ReadAction\",\"target\":[\"https:\/\/horticom.ee\/e-pood\/toode\/toitelahus-kaktustele-agrecol-30ml\/\"]}]},{\"@type\":\"ImageObject\",\"inLanguage\":\"et\",\"@id\":\"https:\/\/horticom.ee\/e-pood\/toode\/toitelahus-kaktustele-agrecol-30ml\/#primaryimage\",\"url\":\"https:\/\/horticom.ee\/e-pood\/wp-content\/uploads\/importedmedia\/product-155007_0-1072341.jpg\",\"contentUrl\":\"https:\/\/horticom.ee\/e-pood\/wp-content\/uploads\/importedmedia\/product-155007_0-1072341.jpg\",\"width\":1000,\"height\":1977},{\"@type\":\"BreadcrumbList\",\"@id\":\"https:\/\/horticom.ee\/e-pood\/toode\/toitelahus-kaktustele-agrecol-30ml\/#breadcrumb\",\"itemListElement\":[{\"@type\":\"ListItem\",\"position\":1,\"name\":\"Home\",\"item\":\"https:\/\/horticom.ee\/e-pood\/\"},{\"@type\":\"ListItem\",\"position\":2,\"name\":\"Pood\",\"item\":\"https:\/\/horticom.ee\/e-pood\/pood\/\"},{\"@type\":\"ListItem\",\"position\":3,\"name\":\"Toitelahus kaktustele Agrecol 30ml\"}]},{\"@type\":\"WebSite\",\"@id\":\"https:\/\/horticom.ee\/e-pood\/#website\",\"url\":\"https:\/\/horticom.ee\/e-pood\/\",\"name\":\"Horticom.ee\",\"description\":\"Aianduskaubad ja kodukaubad nii harrastajatele kui professionaalidele\",\"potentialAction\":[{\"@type\":\"SearchAction\",\"target\":{\"@type\":\"EntryPoint\",\"urlTemplate\":\"https:\/\/horticom.ee\/e-pood\/?s={search_term_string}\"},\"query-input\":{\"@type\":\"PropertyValueSpecification\",\"valueRequired\":true,\"valueName\":\"search_term_string\"}}],\"inLanguage\":\"et\"}]}<\/script>\n<!-- \/ Yoast SEO plugin. -->","yoast_head_json":{"title":"Toitelahus kaktustele Agrecol 30ml - Horticom","robots":{"index":"index","follow":"follow","max-snippet":"max-snippet:-1","max-image-preview":"max-image-preview:large","max-video-preview":"max-video-preview:-1"},"canonical":"https:\/\/horticom.ee\/e-pood\/toode\/toitelahus-kaktustele-agrecol-30ml\/","og_locale":"et_EE","og_type":"article","og_title":"Toitelahus kaktustele Agrecol 30ml - Horticom","og_description":"Spetsiaalselt v\u00e4lja t\u00f6\u00f6tatud ja ette n\u00e4htud k\u00f5ikide kaktuseliikide v\u00e4etamiseks. Toimib ka teiste sukulentide ehk lihaktaimede puhul. Eriline toiteainete valem tagab n\u00f5uetekohase kasvu ja tugevdab taimi. Regulaarne kasutamine tagab juurestikule, vartele ja lehtedele hea seisundi, samuti intensiivse \u00f5itsemise \u00f5itsevate liikide puhul. Professionaalne, esteetiline ja kasutamiseks valmis pakend h\u00f5lbustab kasutamist.","og_url":"https:\/\/horticom.ee\/e-pood\/toode\/toitelahus-kaktustele-agrecol-30ml\/","og_site_name":"Horticom.ee","article_publisher":"https:\/\/www.facebook.com\/horticom.ee\/e-pood","article_modified_time":"2026-04-20T00:13:57+00:00","og_image":[{"width":1000,"height":1977,"url":"https:\/\/horticom.ee\/e-pood\/wp-content\/uploads\/importedmedia\/product-155007_0-1072341.jpg","type":"image\/jpeg"}],"twitter_card":"summary_large_image","schema":{"@context":"https:\/\/schema.org","@graph":[{"@type":"WebPage","@id":"https:\/\/horticom.ee\/e-pood\/toode\/toitelahus-kaktustele-agrecol-30ml\/","url":"https:\/\/horticom.ee\/e-pood\/toode\/toitelahus-kaktustele-agrecol-30ml\/","name":"Toitelahus kaktustele Agrecol 30ml - Horticom","isPartOf":{"@id":"https:\/\/horticom.ee\/e-pood\/#website"},"primaryImageOfPage":{"@id":"https:\/\/horticom.ee\/e-pood\/toode\/toitelahus-kaktustele-agrecol-30ml\/#primaryimage"},"image":{"@id":"https:\/\/horticom.ee\/e-pood\/toode\/toitelahus-kaktustele-agrecol-30ml\/#primaryimage"},"thumbnailUrl":"https:\/\/horticom.ee\/e-pood\/wp-content\/uploads\/importedmedia\/product-155007_0-1072341.jpg","datePublished":"2022-01-17T22:10:37+00:00","dateModified":"2026-04-20T00:13:57+00:00","breadcrumb":{"@id":"https:\/\/horticom.ee\/e-pood\/toode\/toitelahus-kaktustele-agrecol-30ml\/#breadcrumb"},"inLanguage":"et","potentialAction":[{"@type":"ReadAction","target":["https:\/\/horticom.ee\/e-pood\/toode\/toitelahus-kaktustele-agrecol-30ml\/"]}]},{"@type":"ImageObject","inLanguage":"et","@id":"https:\/\/horticom.ee\/e-pood\/toode\/toitelahus-kaktustele-agrecol-30ml\/#primaryimage","url":"https:\/\/horticom.ee\/e-pood\/wp-content\/uploads\/importedmedia\/product-155007_0-1072341.jpg","contentUrl":"https:\/\/horticom.ee\/e-pood\/wp-content\/uploads\/importedmedia\/product-155007_0-1072341.jpg","width":1000,"height":1977},{"@type":"BreadcrumbList","@id":"https:\/\/horticom.ee\/e-pood\/toode\/toitelahus-kaktustele-agrecol-30ml\/#breadcrumb","itemListElement":[{"@type":"ListItem","position":1,"name":"Home","item":"https:\/\/horticom.ee\/e-pood\/"},{"@type":"ListItem","position":2,"name":"Pood","item":"https:\/\/horticom.ee\/e-pood\/pood\/"},{"@type":"ListItem","position":3,"name":"Toitelahus kaktustele Agrecol 30ml"}]},{"@type":"WebSite","@id":"https:\/\/horticom.ee\/e-pood\/#website","url":"https:\/\/horticom.ee\/e-pood\/","name":"Horticom.ee","description":"Aianduskaubad ja kodukaubad nii harrastajatele kui professionaalidele","potentialAction":[{"@type":"SearchAction","target":{"@type":"EntryPoint","urlTemplate":"https:\/\/horticom.ee\/e-pood\/?s={search_term_string}"},"query-input":{"@type":"PropertyValueSpecification","valueRequired":true,"valueName":"search_term_string"}}],"inLanguage":"et"}]}},"_links":{"self":[{"href":"https:\/\/horticom.ee\/e-pood\/wp-json\/wp\/v2\/product\/155007","targetHints":{"allow":["GET"]}}],"collection":[{"href":"https:\/\/horticom.ee\/e-pood\/wp-json\/wp\/v2\/product"}],"about":[{"href":"https:\/\/horticom.ee\/e-pood\/wp-json\/wp\/v2\/types\/product"}],"replies":[{"embeddable":true,"href":"https:\/\/horticom.ee\/e-pood\/wp-json\/wp\/v2\/comments?post=155007"}],"wp:featuredmedia":[{"embeddable":true,"href":"https:\/\/horticom.ee\/e-pood\/wp-json\/wp\/v2\/media\/363408"}],"wp:attachment":[{"href":"https:\/\/horticom.ee\/e-pood\/wp-json\/wp\/v2\/media?parent=155007"}],"wp:term":[{"taxonomy":"product_cat","embeddable":true,"href":"https:\/\/horticom.ee\/e-pood\/wp-json\/wp\/v2\/product_cat?post=155007"},{"taxonomy":"product_tag","embeddable":true,"href":"https:\/\/horticom.ee\/e-pood\/wp-json\/wp\/v2\/product_tag?post=155007"}],"curies":[{"name":"wp","href":"https:\/\/api.w.org\/{rel}","templated":true}]}}