{"id":155137,"date":"2022-01-18T00:11:47","date_gmt":"2022-01-17T22:11:47","guid":{"rendered":"https:\/\/aednik24.ee\/toode\/putukapuudja-laetava-akuga-4w-15m2-le-sp\/"},"modified":"2026-04-09T03:11:30","modified_gmt":"2026-04-09T00:11:30","slug":"putukapuudja-laetava-akuga-4w-15m2-le-sp","status":"publish","type":"product","link":"https:\/\/horticom.ee\/e-pood\/toode\/putukapuudja-laetava-akuga-4w-15m2-le-sp\/","title":{"rendered":"Putukap\u00fc\u00fcdja 4W 15m2-le"},"content":{"rendered":"<p>T\u00f6\u00f6tab \u00fcksnes vooluv\u00f5rgus. Putukap\u00fc\u00fcdja h\u00e4vitab putukad, kiirates ultraviolettvalgust, mis meelitab k\u00e4rbseid, koiliblikaid, moskiitosid, s\u00e4\u00e4ski jt lendavaid putukaid k\u00f5rgepingega metallv\u00f5re vastu, kus nad saavad elektril\u00f6\u00f6gi ja surevad hetkega. See elektriline putukah\u00e4vitaja meelitab ligi ja h\u00e4vitab lendavaid putukaid erakordselt t\u00f5husalt. Putukate p\u00fc\u00fcdmiseks ei kasutata kemikaale ega m\u00fcrke, ei tekitata suitsu ega p\u00f5hjustata reostust. Tootel on \u00f5huke, kompaktne ja kaasaegne v\u00e4limus ja sobib ideaalselt kasutamiseks igas ruumis, sobides \u00fchtviisi h\u00e4sti kasutamiseks nii telgis, haagissuvilas, talveaias, kajutis. Putukap\u00fc\u00fcdja sobib suurep\u00e4raselt ka t\u00f6\u00f6stus- ja \u00e4ripinnale: tehased, kontorid, restoranid, toidupoed, liha- ja kalapoed ning haiglad. V\u00e4line kaitsev\u00f5re takistab kokkupuudet elektriv\u00f5rguga. Ultraviolettvalgus ei kahjusta inimesi ega lemmikloomi. V\u00f5re on mitteummistuv ja roostekindel.<\/p>\n","protected":false},"excerpt":{"rendered":"<p>T\u00f6\u00f6tab \u00fcksnes vooluv\u00f5rgus. Putukap\u00fc\u00fcdja h\u00e4vitab putukad, kiirates ultraviolettvalgust, mis meelitab k\u00e4rbseid, koiliblikaid, moskiitosid, s\u00e4\u00e4ski jt lendavaid putukaid k\u00f5rgepingega metallv\u00f5re vastu, kus nad saavad elektril\u00f6\u00f6gi ja surevad hetkega. See elektriline putukah\u00e4vitaja meelitab ligi ja h\u00e4vitab lendavaid putukaid erakordselt t\u00f5husalt. Putukate p\u00fc\u00fcdmiseks ei kasutata kemikaale ega m\u00fcrke, ei tekitata suitsu ega p\u00f5hjustata reostust. Tootel on \u00f5huke, kompaktne [&hellip;]<\/p>\n","protected":false},"featured_media":2381720,"comment_status":"closed","ping_status":"closed","template":"","meta":{"_themeisle_gutenberg_block_has_review":false},"product_cat":[18563,13597,13598],"product_tag":[],"class_list":{"0":"post-155137","1":"product","2":"type-product","3":"status-publish","4":"has-post-thumbnail","6":"product_cat-lopumuugitooted","7":"product_cat-karbsed","8":"product_cat-saased-puugid-ja-parmud","10":"first","11":"instock","12":"sale","13":"shipping-taxable","14":"purchasable","15":"product-type-simple"},"yoast_head":"<!-- This site is optimized with the Yoast SEO plugin v24.0 - https:\/\/yoast.com\/wordpress\/plugins\/seo\/ -->\n<title>Putukap\u00fc\u00fcdja 4W 15m2-le - Horticom<\/title>\n<meta name=\"robots\" content=\"index, follow, max-snippet:-1, max-image-preview:large, max-video-preview:-1\" \/>\n<link rel=\"canonical\" href=\"https:\/\/horticom.ee\/e-pood\/toode\/putukapuudja-laetava-akuga-4w-15m2-le-sp\/\" \/>\n<meta property=\"og:locale\" content=\"et_EE\" \/>\n<meta property=\"og:type\" content=\"article\" \/>\n<meta property=\"og:title\" content=\"Putukap\u00fc\u00fcdja 4W 15m2-le - Horticom\" \/>\n<meta property=\"og:description\" content=\"T\u00f6\u00f6tab \u00fcksnes vooluv\u00f5rgus. Putukap\u00fc\u00fcdja h\u00e4vitab putukad, kiirates ultraviolettvalgust, mis meelitab k\u00e4rbseid, koiliblikaid, moskiitosid, s\u00e4\u00e4ski jt lendavaid putukaid k\u00f5rgepingega metallv\u00f5re vastu, kus nad saavad elektril\u00f6\u00f6gi ja surevad hetkega. See elektriline putukah\u00e4vitaja meelitab ligi ja h\u00e4vitab lendavaid putukaid erakordselt t\u00f5husalt. Putukate p\u00fc\u00fcdmiseks ei kasutata kemikaale ega m\u00fcrke, ei tekitata suitsu ega p\u00f5hjustata reostust. Tootel on \u00f5huke, kompaktne [&hellip;]\" \/>\n<meta property=\"og:url\" content=\"https:\/\/horticom.ee\/e-pood\/toode\/putukapuudja-laetava-akuga-4w-15m2-le-sp\/\" \/>\n<meta property=\"og:site_name\" content=\"Horticom.ee\" \/>\n<meta property=\"article:publisher\" content=\"https:\/\/www.facebook.com\/horticom.ee\/e-pood\" \/>\n<meta property=\"article:modified_time\" content=\"2026-04-09T00:11:30+00:00\" \/>\n<meta property=\"og:image\" content=\"https:\/\/horticom.ee\/e-pood\/wp-content\/uploads\/importedmedia\/product-155137_0-411931.jpg\" \/>\n\t<meta property=\"og:image:width\" content=\"1000\" \/>\n\t<meta property=\"og:image:height\" content=\"1500\" \/>\n\t<meta property=\"og:image:type\" content=\"image\/jpeg\" \/>\n<meta name=\"twitter:card\" content=\"summary_large_image\" \/>\n<meta name=\"twitter:label1\" content=\"Est. reading time\" \/>\n\t<meta name=\"twitter:data1\" content=\"1 minut\" \/>\n<script type=\"application\/ld+json\" class=\"yoast-schema-graph\">{\"@context\":\"https:\/\/schema.org\",\"@graph\":[{\"@type\":\"WebPage\",\"@id\":\"https:\/\/horticom.ee\/e-pood\/toode\/putukapuudja-laetava-akuga-4w-15m2-le-sp\/\",\"url\":\"https:\/\/horticom.ee\/e-pood\/toode\/putukapuudja-laetava-akuga-4w-15m2-le-sp\/\",\"name\":\"Putukap\u00fc\u00fcdja 4W 15m2-le - Horticom\",\"isPartOf\":{\"@id\":\"https:\/\/horticom.ee\/e-pood\/#website\"},\"primaryImageOfPage\":{\"@id\":\"https:\/\/horticom.ee\/e-pood\/toode\/putukapuudja-laetava-akuga-4w-15m2-le-sp\/#primaryimage\"},\"image\":{\"@id\":\"https:\/\/horticom.ee\/e-pood\/toode\/putukapuudja-laetava-akuga-4w-15m2-le-sp\/#primaryimage\"},\"thumbnailUrl\":\"https:\/\/horticom.ee\/e-pood\/wp-content\/uploads\/importedmedia\/product-155137_0-411931.jpg\",\"datePublished\":\"2022-01-17T22:11:47+00:00\",\"dateModified\":\"2026-04-09T00:11:30+00:00\",\"breadcrumb\":{\"@id\":\"https:\/\/horticom.ee\/e-pood\/toode\/putukapuudja-laetava-akuga-4w-15m2-le-sp\/#breadcrumb\"},\"inLanguage\":\"et\",\"potentialAction\":[{\"@type\":\"ReadAction\",\"target\":[\"https:\/\/horticom.ee\/e-pood\/toode\/putukapuudja-laetava-akuga-4w-15m2-le-sp\/\"]}]},{\"@type\":\"ImageObject\",\"inLanguage\":\"et\",\"@id\":\"https:\/\/horticom.ee\/e-pood\/toode\/putukapuudja-laetava-akuga-4w-15m2-le-sp\/#primaryimage\",\"url\":\"https:\/\/horticom.ee\/e-pood\/wp-content\/uploads\/importedmedia\/product-155137_0-411931.jpg\",\"contentUrl\":\"https:\/\/horticom.ee\/e-pood\/wp-content\/uploads\/importedmedia\/product-155137_0-411931.jpg\",\"width\":1000,\"height\":1500},{\"@type\":\"BreadcrumbList\",\"@id\":\"https:\/\/horticom.ee\/e-pood\/toode\/putukapuudja-laetava-akuga-4w-15m2-le-sp\/#breadcrumb\",\"itemListElement\":[{\"@type\":\"ListItem\",\"position\":1,\"name\":\"Home\",\"item\":\"https:\/\/horticom.ee\/e-pood\/\"},{\"@type\":\"ListItem\",\"position\":2,\"name\":\"Pood\",\"item\":\"https:\/\/horticom.ee\/e-pood\/pood\/\"},{\"@type\":\"ListItem\",\"position\":3,\"name\":\"Putukap\u00fc\u00fcdja 4W 15m2-le\"}]},{\"@type\":\"WebSite\",\"@id\":\"https:\/\/horticom.ee\/e-pood\/#website\",\"url\":\"https:\/\/horticom.ee\/e-pood\/\",\"name\":\"Horticom.ee\",\"description\":\"Aianduskaubad ja kodukaubad nii harrastajatele kui professionaalidele\",\"potentialAction\":[{\"@type\":\"SearchAction\",\"target\":{\"@type\":\"EntryPoint\",\"urlTemplate\":\"https:\/\/horticom.ee\/e-pood\/?s={search_term_string}\"},\"query-input\":{\"@type\":\"PropertyValueSpecification\",\"valueRequired\":true,\"valueName\":\"search_term_string\"}}],\"inLanguage\":\"et\"}]}<\/script>\n<!-- \/ Yoast SEO plugin. -->","yoast_head_json":{"title":"Putukap\u00fc\u00fcdja 4W 15m2-le - Horticom","robots":{"index":"index","follow":"follow","max-snippet":"max-snippet:-1","max-image-preview":"max-image-preview:large","max-video-preview":"max-video-preview:-1"},"canonical":"https:\/\/horticom.ee\/e-pood\/toode\/putukapuudja-laetava-akuga-4w-15m2-le-sp\/","og_locale":"et_EE","og_type":"article","og_title":"Putukap\u00fc\u00fcdja 4W 15m2-le - Horticom","og_description":"T\u00f6\u00f6tab \u00fcksnes vooluv\u00f5rgus. Putukap\u00fc\u00fcdja h\u00e4vitab putukad, kiirates ultraviolettvalgust, mis meelitab k\u00e4rbseid, koiliblikaid, moskiitosid, s\u00e4\u00e4ski jt lendavaid putukaid k\u00f5rgepingega metallv\u00f5re vastu, kus nad saavad elektril\u00f6\u00f6gi ja surevad hetkega. See elektriline putukah\u00e4vitaja meelitab ligi ja h\u00e4vitab lendavaid putukaid erakordselt t\u00f5husalt. Putukate p\u00fc\u00fcdmiseks ei kasutata kemikaale ega m\u00fcrke, ei tekitata suitsu ega p\u00f5hjustata reostust. Tootel on \u00f5huke, kompaktne [&hellip;]","og_url":"https:\/\/horticom.ee\/e-pood\/toode\/putukapuudja-laetava-akuga-4w-15m2-le-sp\/","og_site_name":"Horticom.ee","article_publisher":"https:\/\/www.facebook.com\/horticom.ee\/e-pood","article_modified_time":"2026-04-09T00:11:30+00:00","og_image":[{"width":1000,"height":1500,"url":"https:\/\/horticom.ee\/e-pood\/wp-content\/uploads\/importedmedia\/product-155137_0-411931.jpg","type":"image\/jpeg"}],"twitter_card":"summary_large_image","twitter_misc":{"Est. reading time":"1 minut"},"schema":{"@context":"https:\/\/schema.org","@graph":[{"@type":"WebPage","@id":"https:\/\/horticom.ee\/e-pood\/toode\/putukapuudja-laetava-akuga-4w-15m2-le-sp\/","url":"https:\/\/horticom.ee\/e-pood\/toode\/putukapuudja-laetava-akuga-4w-15m2-le-sp\/","name":"Putukap\u00fc\u00fcdja 4W 15m2-le - Horticom","isPartOf":{"@id":"https:\/\/horticom.ee\/e-pood\/#website"},"primaryImageOfPage":{"@id":"https:\/\/horticom.ee\/e-pood\/toode\/putukapuudja-laetava-akuga-4w-15m2-le-sp\/#primaryimage"},"image":{"@id":"https:\/\/horticom.ee\/e-pood\/toode\/putukapuudja-laetava-akuga-4w-15m2-le-sp\/#primaryimage"},"thumbnailUrl":"https:\/\/horticom.ee\/e-pood\/wp-content\/uploads\/importedmedia\/product-155137_0-411931.jpg","datePublished":"2022-01-17T22:11:47+00:00","dateModified":"2026-04-09T00:11:30+00:00","breadcrumb":{"@id":"https:\/\/horticom.ee\/e-pood\/toode\/putukapuudja-laetava-akuga-4w-15m2-le-sp\/#breadcrumb"},"inLanguage":"et","potentialAction":[{"@type":"ReadAction","target":["https:\/\/horticom.ee\/e-pood\/toode\/putukapuudja-laetava-akuga-4w-15m2-le-sp\/"]}]},{"@type":"ImageObject","inLanguage":"et","@id":"https:\/\/horticom.ee\/e-pood\/toode\/putukapuudja-laetava-akuga-4w-15m2-le-sp\/#primaryimage","url":"https:\/\/horticom.ee\/e-pood\/wp-content\/uploads\/importedmedia\/product-155137_0-411931.jpg","contentUrl":"https:\/\/horticom.ee\/e-pood\/wp-content\/uploads\/importedmedia\/product-155137_0-411931.jpg","width":1000,"height":1500},{"@type":"BreadcrumbList","@id":"https:\/\/horticom.ee\/e-pood\/toode\/putukapuudja-laetava-akuga-4w-15m2-le-sp\/#breadcrumb","itemListElement":[{"@type":"ListItem","position":1,"name":"Home","item":"https:\/\/horticom.ee\/e-pood\/"},{"@type":"ListItem","position":2,"name":"Pood","item":"https:\/\/horticom.ee\/e-pood\/pood\/"},{"@type":"ListItem","position":3,"name":"Putukap\u00fc\u00fcdja 4W 15m2-le"}]},{"@type":"WebSite","@id":"https:\/\/horticom.ee\/e-pood\/#website","url":"https:\/\/horticom.ee\/e-pood\/","name":"Horticom.ee","description":"Aianduskaubad ja kodukaubad nii harrastajatele kui professionaalidele","potentialAction":[{"@type":"SearchAction","target":{"@type":"EntryPoint","urlTemplate":"https:\/\/horticom.ee\/e-pood\/?s={search_term_string}"},"query-input":{"@type":"PropertyValueSpecification","valueRequired":true,"valueName":"search_term_string"}}],"inLanguage":"et"}]}},"_links":{"self":[{"href":"https:\/\/horticom.ee\/e-pood\/wp-json\/wp\/v2\/product\/155137","targetHints":{"allow":["GET"]}}],"collection":[{"href":"https:\/\/horticom.ee\/e-pood\/wp-json\/wp\/v2\/product"}],"about":[{"href":"https:\/\/horticom.ee\/e-pood\/wp-json\/wp\/v2\/types\/product"}],"replies":[{"embeddable":true,"href":"https:\/\/horticom.ee\/e-pood\/wp-json\/wp\/v2\/comments?post=155137"}],"wp:featuredmedia":[{"embeddable":true,"href":"https:\/\/horticom.ee\/e-pood\/wp-json\/wp\/v2\/media\/2381720"}],"wp:attachment":[{"href":"https:\/\/horticom.ee\/e-pood\/wp-json\/wp\/v2\/media?parent=155137"}],"wp:term":[{"taxonomy":"product_cat","embeddable":true,"href":"https:\/\/horticom.ee\/e-pood\/wp-json\/wp\/v2\/product_cat?post=155137"},{"taxonomy":"product_tag","embeddable":true,"href":"https:\/\/horticom.ee\/e-pood\/wp-json\/wp\/v2\/product_tag?post=155137"}],"curies":[{"name":"wp","href":"https:\/\/api.w.org\/{rel}","templated":true}]}}