{"id":155176,"date":"2022-01-18T00:12:09","date_gmt":"2022-01-17T22:12:09","guid":{"rendered":"https:\/\/aednik24.ee\/toode\/putukate-liimpuunis-agrecol-potitaimedele-5tk-pakis\/"},"modified":"2026-05-12T21:00:53","modified_gmt":"2026-05-12T18:00:53","slug":"putukate-liimpuunis-agrecol-potitaimedele-5tk-pakis","status":"publish","type":"product","link":"https:\/\/horticom.ee\/e-pood\/toode\/putukate-liimpuunis-agrecol-potitaimedele-5tk-pakis\/","title":{"rendered":"Putukate liimp\u00fc\u00fcnis Agrecol potitaimedele 5tk\/pakis"},"content":{"rendered":"<p>Leinas\u00e4\u00e4sklaste, kariliste, kaevandik\u00e4rblaste, lehet\u00e4iliste vastu. T\u00f5mbab ligi putukaid, v\u00e4hendab kahjurite arvukust. M\u00f5lemalt poolt liimiga kaetud kahepoolne liimp\u00fc\u00fcnis on m\u00f5eldud kahjulike putukate arvukuse seireks ja nende p\u00fc\u00fcdmiseks. P\u00fc\u00fcnise kollane v\u00e4rv t\u00f5mbab ligi selliseid taimekahjureid nagu leinas\u00e4\u00e4sklased, karilised, kaevandik\u00e4rblased ja lehet\u00e4ilised. Putukad kleepuvad p\u00fc\u00fcnisele, mis takistab paljunemist. Kasutamiseks potitaimede ja kasvuhoonetaimede kasvatatamisel.<\/p>\n","protected":false},"excerpt":{"rendered":"<p>Leinas\u00e4\u00e4sklaste, kariliste, kaevandik\u00e4rblaste, lehet\u00e4iliste vastu. T\u00f5mbab ligi putukaid, v\u00e4hendab kahjurite arvukust. M\u00f5lemalt poolt liimiga kaetud kahepoolne liimp\u00fc\u00fcnis on m\u00f5eldud kahjulike putukate arvukuse seireks ja nende p\u00fc\u00fcdmiseks. P\u00fc\u00fcnise kollane v\u00e4rv t\u00f5mbab ligi selliseid taimekahjureid nagu leinas\u00e4\u00e4sklased, karilised, kaevandik\u00e4rblased ja lehet\u00e4ilised. Putukad kleepuvad p\u00fc\u00fcnisele, mis takistab paljunemist. Kasutamiseks potitaimede ja kasvuhoonetaimede kasvatatamisel.<\/p>\n","protected":false},"featured_media":159470,"comment_status":"closed","ping_status":"closed","template":"","meta":{"_themeisle_gutenberg_block_has_review":false},"product_cat":[18339],"product_tag":[],"class_list":{"0":"post-155176","1":"product","2":"type-product","3":"status-publish","4":"has-post-thumbnail","6":"product_cat-leinasaasklased","8":"first","9":"instock","10":"shipping-taxable","11":"purchasable","12":"product-type-simple"},"yoast_head":"<!-- This site is optimized with the Yoast SEO plugin v24.0 - https:\/\/yoast.com\/wordpress\/plugins\/seo\/ -->\n<title>Putukate liimp\u00fc\u00fcnis Agrecol potitaimedele 5tk\/pakis<\/title>\n<meta name=\"description\" content=\"Liimp\u00fc\u00fcnis kahjuritele \u2013 Kahepoolne liimp\u00fc\u00fcnis taimedele. T\u00f5mbab ligi lehet\u00e4isid, leinas\u00e4\u00e4sklasi ja teisi kahjureid. Sobib kasvuhoonetaimedele.\" \/>\n<meta name=\"robots\" content=\"index, follow, max-snippet:-1, max-image-preview:large, max-video-preview:-1\" \/>\n<link rel=\"canonical\" href=\"https:\/\/horticom.ee\/e-pood\/toode\/putukate-liimpuunis-agrecol-potitaimedele-5tk-pakis\/\" \/>\n<meta property=\"og:locale\" content=\"et_EE\" \/>\n<meta property=\"og:type\" content=\"article\" \/>\n<meta property=\"og:title\" content=\"Putukate liimp\u00fc\u00fcnis Agrecol potitaimedele 5tk\/pakis\" \/>\n<meta property=\"og:description\" content=\"Liimp\u00fc\u00fcnis kahjuritele \u2013 Kahepoolne liimp\u00fc\u00fcnis taimedele. T\u00f5mbab ligi lehet\u00e4isid, leinas\u00e4\u00e4sklasi ja teisi kahjureid. Sobib kasvuhoonetaimedele.\" \/>\n<meta property=\"og:url\" content=\"https:\/\/horticom.ee\/e-pood\/toode\/putukate-liimpuunis-agrecol-potitaimedele-5tk-pakis\/\" \/>\n<meta property=\"og:site_name\" content=\"Horticom.ee\" \/>\n<meta property=\"article:publisher\" content=\"https:\/\/www.facebook.com\/horticom.ee\/e-pood\" \/>\n<meta property=\"article:modified_time\" content=\"2026-05-12T18:00:53+00:00\" \/>\n<meta property=\"og:image\" content=\"https:\/\/horticom.ee\/e-pood\/wp-content\/uploads\/importedmedia\/product-155176_0-P02280.jpg\" \/>\n\t<meta property=\"og:image:width\" content=\"999\" \/>\n\t<meta property=\"og:image:height\" content=\"1207\" \/>\n\t<meta property=\"og:image:type\" content=\"image\/jpeg\" \/>\n<meta name=\"twitter:card\" content=\"summary_large_image\" \/>\n<script type=\"application\/ld+json\" class=\"yoast-schema-graph\">{\"@context\":\"https:\/\/schema.org\",\"@graph\":[{\"@type\":\"WebPage\",\"@id\":\"https:\/\/horticom.ee\/e-pood\/toode\/putukate-liimpuunis-agrecol-potitaimedele-5tk-pakis\/\",\"url\":\"https:\/\/horticom.ee\/e-pood\/toode\/putukate-liimpuunis-agrecol-potitaimedele-5tk-pakis\/\",\"name\":\"Putukate liimp\u00fc\u00fcnis Agrecol potitaimedele 5tk\/pakis\",\"isPartOf\":{\"@id\":\"https:\/\/horticom.ee\/e-pood\/#website\"},\"primaryImageOfPage\":{\"@id\":\"https:\/\/horticom.ee\/e-pood\/toode\/putukate-liimpuunis-agrecol-potitaimedele-5tk-pakis\/#primaryimage\"},\"image\":{\"@id\":\"https:\/\/horticom.ee\/e-pood\/toode\/putukate-liimpuunis-agrecol-potitaimedele-5tk-pakis\/#primaryimage\"},\"thumbnailUrl\":\"https:\/\/horticom.ee\/e-pood\/wp-content\/uploads\/importedmedia\/product-155176_0-P02280.jpg\",\"datePublished\":\"2022-01-17T22:12:09+00:00\",\"dateModified\":\"2026-05-12T18:00:53+00:00\",\"description\":\"Liimp\u00fc\u00fcnis kahjuritele \u2013 Kahepoolne liimp\u00fc\u00fcnis taimedele. T\u00f5mbab ligi lehet\u00e4isid, leinas\u00e4\u00e4sklasi ja teisi kahjureid. Sobib kasvuhoonetaimedele.\",\"breadcrumb\":{\"@id\":\"https:\/\/horticom.ee\/e-pood\/toode\/putukate-liimpuunis-agrecol-potitaimedele-5tk-pakis\/#breadcrumb\"},\"inLanguage\":\"et\",\"potentialAction\":[{\"@type\":\"ReadAction\",\"target\":[\"https:\/\/horticom.ee\/e-pood\/toode\/putukate-liimpuunis-agrecol-potitaimedele-5tk-pakis\/\"]}]},{\"@type\":\"ImageObject\",\"inLanguage\":\"et\",\"@id\":\"https:\/\/horticom.ee\/e-pood\/toode\/putukate-liimpuunis-agrecol-potitaimedele-5tk-pakis\/#primaryimage\",\"url\":\"https:\/\/horticom.ee\/e-pood\/wp-content\/uploads\/importedmedia\/product-155176_0-P02280.jpg\",\"contentUrl\":\"https:\/\/horticom.ee\/e-pood\/wp-content\/uploads\/importedmedia\/product-155176_0-P02280.jpg\",\"width\":999,\"height\":1207,\"caption\":\"Putukate liimp\u00fc\u00fcnis Agrecol potitaimedele 5tk\/pakis\"},{\"@type\":\"BreadcrumbList\",\"@id\":\"https:\/\/horticom.ee\/e-pood\/toode\/putukate-liimpuunis-agrecol-potitaimedele-5tk-pakis\/#breadcrumb\",\"itemListElement\":[{\"@type\":\"ListItem\",\"position\":1,\"name\":\"Home\",\"item\":\"https:\/\/horticom.ee\/e-pood\/\"},{\"@type\":\"ListItem\",\"position\":2,\"name\":\"Pood\",\"item\":\"https:\/\/horticom.ee\/e-pood\/pood\/\"},{\"@type\":\"ListItem\",\"position\":3,\"name\":\"Putukate liimp\u00fc\u00fcnis Agrecol potitaimedele 5tk\/pakis\"}]},{\"@type\":\"WebSite\",\"@id\":\"https:\/\/horticom.ee\/e-pood\/#website\",\"url\":\"https:\/\/horticom.ee\/e-pood\/\",\"name\":\"Horticom.ee\",\"description\":\"Aianduskaubad ja kodukaubad nii harrastajatele kui professionaalidele\",\"potentialAction\":[{\"@type\":\"SearchAction\",\"target\":{\"@type\":\"EntryPoint\",\"urlTemplate\":\"https:\/\/horticom.ee\/e-pood\/?s={search_term_string}\"},\"query-input\":{\"@type\":\"PropertyValueSpecification\",\"valueRequired\":true,\"valueName\":\"search_term_string\"}}],\"inLanguage\":\"et\"}]}<\/script>\n<!-- \/ Yoast SEO plugin. -->","yoast_head_json":{"title":"Putukate liimp\u00fc\u00fcnis Agrecol potitaimedele 5tk\/pakis","description":"Liimp\u00fc\u00fcnis kahjuritele \u2013 Kahepoolne liimp\u00fc\u00fcnis taimedele. T\u00f5mbab ligi lehet\u00e4isid, leinas\u00e4\u00e4sklasi ja teisi kahjureid. Sobib kasvuhoonetaimedele.","robots":{"index":"index","follow":"follow","max-snippet":"max-snippet:-1","max-image-preview":"max-image-preview:large","max-video-preview":"max-video-preview:-1"},"canonical":"https:\/\/horticom.ee\/e-pood\/toode\/putukate-liimpuunis-agrecol-potitaimedele-5tk-pakis\/","og_locale":"et_EE","og_type":"article","og_title":"Putukate liimp\u00fc\u00fcnis Agrecol potitaimedele 5tk\/pakis","og_description":"Liimp\u00fc\u00fcnis kahjuritele \u2013 Kahepoolne liimp\u00fc\u00fcnis taimedele. T\u00f5mbab ligi lehet\u00e4isid, leinas\u00e4\u00e4sklasi ja teisi kahjureid. Sobib kasvuhoonetaimedele.","og_url":"https:\/\/horticom.ee\/e-pood\/toode\/putukate-liimpuunis-agrecol-potitaimedele-5tk-pakis\/","og_site_name":"Horticom.ee","article_publisher":"https:\/\/www.facebook.com\/horticom.ee\/e-pood","article_modified_time":"2026-05-12T18:00:53+00:00","og_image":[{"width":999,"height":1207,"url":"https:\/\/horticom.ee\/e-pood\/wp-content\/uploads\/importedmedia\/product-155176_0-P02280.jpg","type":"image\/jpeg"}],"twitter_card":"summary_large_image","schema":{"@context":"https:\/\/schema.org","@graph":[{"@type":"WebPage","@id":"https:\/\/horticom.ee\/e-pood\/toode\/putukate-liimpuunis-agrecol-potitaimedele-5tk-pakis\/","url":"https:\/\/horticom.ee\/e-pood\/toode\/putukate-liimpuunis-agrecol-potitaimedele-5tk-pakis\/","name":"Putukate liimp\u00fc\u00fcnis Agrecol potitaimedele 5tk\/pakis","isPartOf":{"@id":"https:\/\/horticom.ee\/e-pood\/#website"},"primaryImageOfPage":{"@id":"https:\/\/horticom.ee\/e-pood\/toode\/putukate-liimpuunis-agrecol-potitaimedele-5tk-pakis\/#primaryimage"},"image":{"@id":"https:\/\/horticom.ee\/e-pood\/toode\/putukate-liimpuunis-agrecol-potitaimedele-5tk-pakis\/#primaryimage"},"thumbnailUrl":"https:\/\/horticom.ee\/e-pood\/wp-content\/uploads\/importedmedia\/product-155176_0-P02280.jpg","datePublished":"2022-01-17T22:12:09+00:00","dateModified":"2026-05-12T18:00:53+00:00","description":"Liimp\u00fc\u00fcnis kahjuritele \u2013 Kahepoolne liimp\u00fc\u00fcnis taimedele. T\u00f5mbab ligi lehet\u00e4isid, leinas\u00e4\u00e4sklasi ja teisi kahjureid. Sobib kasvuhoonetaimedele.","breadcrumb":{"@id":"https:\/\/horticom.ee\/e-pood\/toode\/putukate-liimpuunis-agrecol-potitaimedele-5tk-pakis\/#breadcrumb"},"inLanguage":"et","potentialAction":[{"@type":"ReadAction","target":["https:\/\/horticom.ee\/e-pood\/toode\/putukate-liimpuunis-agrecol-potitaimedele-5tk-pakis\/"]}]},{"@type":"ImageObject","inLanguage":"et","@id":"https:\/\/horticom.ee\/e-pood\/toode\/putukate-liimpuunis-agrecol-potitaimedele-5tk-pakis\/#primaryimage","url":"https:\/\/horticom.ee\/e-pood\/wp-content\/uploads\/importedmedia\/product-155176_0-P02280.jpg","contentUrl":"https:\/\/horticom.ee\/e-pood\/wp-content\/uploads\/importedmedia\/product-155176_0-P02280.jpg","width":999,"height":1207,"caption":"Putukate liimp\u00fc\u00fcnis Agrecol potitaimedele 5tk\/pakis"},{"@type":"BreadcrumbList","@id":"https:\/\/horticom.ee\/e-pood\/toode\/putukate-liimpuunis-agrecol-potitaimedele-5tk-pakis\/#breadcrumb","itemListElement":[{"@type":"ListItem","position":1,"name":"Home","item":"https:\/\/horticom.ee\/e-pood\/"},{"@type":"ListItem","position":2,"name":"Pood","item":"https:\/\/horticom.ee\/e-pood\/pood\/"},{"@type":"ListItem","position":3,"name":"Putukate liimp\u00fc\u00fcnis Agrecol potitaimedele 5tk\/pakis"}]},{"@type":"WebSite","@id":"https:\/\/horticom.ee\/e-pood\/#website","url":"https:\/\/horticom.ee\/e-pood\/","name":"Horticom.ee","description":"Aianduskaubad ja kodukaubad nii harrastajatele kui professionaalidele","potentialAction":[{"@type":"SearchAction","target":{"@type":"EntryPoint","urlTemplate":"https:\/\/horticom.ee\/e-pood\/?s={search_term_string}"},"query-input":{"@type":"PropertyValueSpecification","valueRequired":true,"valueName":"search_term_string"}}],"inLanguage":"et"}]}},"_links":{"self":[{"href":"https:\/\/horticom.ee\/e-pood\/wp-json\/wp\/v2\/product\/155176","targetHints":{"allow":["GET"]}}],"collection":[{"href":"https:\/\/horticom.ee\/e-pood\/wp-json\/wp\/v2\/product"}],"about":[{"href":"https:\/\/horticom.ee\/e-pood\/wp-json\/wp\/v2\/types\/product"}],"replies":[{"embeddable":true,"href":"https:\/\/horticom.ee\/e-pood\/wp-json\/wp\/v2\/comments?post=155176"}],"wp:featuredmedia":[{"embeddable":true,"href":"https:\/\/horticom.ee\/e-pood\/wp-json\/wp\/v2\/media\/159470"}],"wp:attachment":[{"href":"https:\/\/horticom.ee\/e-pood\/wp-json\/wp\/v2\/media?parent=155176"}],"wp:term":[{"taxonomy":"product_cat","embeddable":true,"href":"https:\/\/horticom.ee\/e-pood\/wp-json\/wp\/v2\/product_cat?post=155176"},{"taxonomy":"product_tag","embeddable":true,"href":"https:\/\/horticom.ee\/e-pood\/wp-json\/wp\/v2\/product_tag?post=155176"}],"curies":[{"name":"wp","href":"https:\/\/api.w.org\/{rel}","templated":true}]}}