{"id":155188,"date":"2022-01-18T00:12:15","date_gmt":"2022-01-17T22:12:15","guid":{"rendered":"https:\/\/aednik24.ee\/toode\/talveloor-horticom-50g-m2-16-x-10m-16m2\/"},"modified":"2026-05-03T03:11:09","modified_gmt":"2026-05-03T00:11:09","slug":"talveloor-horticom-50g-m2-16-x-10m-16m2","status":"publish","type":"product","link":"https:\/\/horticom.ee\/e-pood\/toode\/talveloor-horticom-50g-m2-16-x-10m-16m2\/","title":{"rendered":"Talveloor Horticom 50g\/m2 1,6 x 10m 16m2"},"content":{"rendered":"<p>Tugevam ja tihedam kui katteloor ning kaitseb k\u00fclma eest paremini. Laseb h\u00e4sti l\u00e4bi valgust, \u00f5hku ning pinnale langenud vett. Kuna loorile ei teki seisvat vett, siis see ei j\u00e4\u00e4tu ning taimed ei j\u00e4\u00e4 \u00f5hupuudusesse. Kaitseb ka k\u00fclma tuule eest. Sobib k\u00fclmakartlike p\u00f5\u00f5saste ja ronitaimede kaitsmiseks, ka maasikate katmiseks, kui lund ei ole ja temperatuur langeb alla \u201310\u00b0C. Kevadel on v\u00f5imalik talveloori all hakata varakult kasvatama salatit, maitserohelist, varajast kartulit jms. Tomatitaimed v\u00f5ib juba mai esimesel poolel kasvuhoonesse istutada ja \u00fcmbritseda talvelooriga.<\/p>\n","protected":false},"excerpt":{"rendered":"<p>Tugevam ja tihedam kui katteloor ning kaitseb k\u00fclma eest paremini. Laseb h\u00e4sti l\u00e4bi valgust, \u00f5hku ning pinnale langenud vett. Kuna loorile ei teki seisvat vett, siis see ei j\u00e4\u00e4tu ning taimed ei j\u00e4\u00e4 \u00f5hupuudusesse. Kaitseb ka k\u00fclma tuule eest. Sobib k\u00fclmakartlike p\u00f5\u00f5saste ja ronitaimede kaitsmiseks, ka maasikate katmiseks, kui lund ei ole ja temperatuur langeb [&hellip;]<\/p>\n","protected":false},"featured_media":159448,"comment_status":"closed","ping_status":"closed","template":"","meta":{"_themeisle_gutenberg_block_has_review":false},"product_cat":[13381,13639],"product_tag":[],"class_list":{"0":"post-155188","1":"product","2":"type-product","3":"status-publish","4":"has-post-thumbnail","6":"product_cat-talvekangad","7":"product_cat-talvekangad-tootjale","9":"first","10":"instock","11":"shipping-taxable","12":"purchasable","13":"product-type-simple"},"yoast_head":"<!-- This site is optimized with the Yoast SEO plugin v24.0 - https:\/\/yoast.com\/wordpress\/plugins\/seo\/ -->\n<title>Talveloor Horticom 50g\/m2 1,6 x 10m 16m2 - Horticom.ee<\/title>\n<meta name=\"description\" content=\"Talveloor kaitseb k\u00fclmakartlikke taimi. L\u00e4bib valgust ja \u00f5hku, hoiab taimi k\u00fclma tuule ja j\u00e4\u00e4tumise eest. Tihedam kui katteloor.\" \/>\n<meta name=\"robots\" content=\"index, follow, max-snippet:-1, max-image-preview:large, max-video-preview:-1\" \/>\n<link rel=\"canonical\" href=\"https:\/\/horticom.ee\/e-pood\/toode\/talveloor-horticom-50g-m2-16-x-10m-16m2\/\" \/>\n<meta property=\"og:locale\" content=\"et_EE\" \/>\n<meta property=\"og:type\" content=\"article\" \/>\n<meta property=\"og:title\" content=\"Talveloor Horticom 50g\/m2 1,6 x 10m 16m2 - Horticom.ee\" \/>\n<meta property=\"og:description\" content=\"Talveloor kaitseb k\u00fclmakartlikke taimi. L\u00e4bib valgust ja \u00f5hku, hoiab taimi k\u00fclma tuule ja j\u00e4\u00e4tumise eest. Tihedam kui katteloor.\" \/>\n<meta property=\"og:url\" content=\"https:\/\/horticom.ee\/e-pood\/toode\/talveloor-horticom-50g-m2-16-x-10m-16m2\/\" \/>\n<meta property=\"og:site_name\" content=\"Horticom.ee\" \/>\n<meta property=\"article:publisher\" content=\"https:\/\/www.facebook.com\/horticom.ee\/e-pood\" \/>\n<meta property=\"article:modified_time\" content=\"2026-05-03T00:11:09+00:00\" \/>\n<meta property=\"og:image\" content=\"https:\/\/horticom.ee\/e-pood\/wp-content\/uploads\/importedmedia\/product-155188_0-86AL82.jpg\" \/>\n\t<meta property=\"og:image:width\" content=\"1000\" \/>\n\t<meta property=\"og:image:height\" content=\"1498\" \/>\n\t<meta property=\"og:image:type\" content=\"image\/jpeg\" \/>\n<meta name=\"twitter:card\" content=\"summary_large_image\" \/>\n<script type=\"application\/ld+json\" class=\"yoast-schema-graph\">{\"@context\":\"https:\/\/schema.org\",\"@graph\":[{\"@type\":\"WebPage\",\"@id\":\"https:\/\/horticom.ee\/e-pood\/toode\/talveloor-horticom-50g-m2-16-x-10m-16m2\/\",\"url\":\"https:\/\/horticom.ee\/e-pood\/toode\/talveloor-horticom-50g-m2-16-x-10m-16m2\/\",\"name\":\"Talveloor Horticom 50g\/m2 1,6 x 10m 16m2 - Horticom.ee\",\"isPartOf\":{\"@id\":\"https:\/\/horticom.ee\/e-pood\/#website\"},\"primaryImageOfPage\":{\"@id\":\"https:\/\/horticom.ee\/e-pood\/toode\/talveloor-horticom-50g-m2-16-x-10m-16m2\/#primaryimage\"},\"image\":{\"@id\":\"https:\/\/horticom.ee\/e-pood\/toode\/talveloor-horticom-50g-m2-16-x-10m-16m2\/#primaryimage\"},\"thumbnailUrl\":\"https:\/\/horticom.ee\/e-pood\/wp-content\/uploads\/importedmedia\/product-155188_0-86AL82.jpg\",\"datePublished\":\"2022-01-17T22:12:15+00:00\",\"dateModified\":\"2026-05-03T00:11:09+00:00\",\"description\":\"Talveloor kaitseb k\u00fclmakartlikke taimi. L\u00e4bib valgust ja \u00f5hku, hoiab taimi k\u00fclma tuule ja j\u00e4\u00e4tumise eest. Tihedam kui katteloor.\",\"breadcrumb\":{\"@id\":\"https:\/\/horticom.ee\/e-pood\/toode\/talveloor-horticom-50g-m2-16-x-10m-16m2\/#breadcrumb\"},\"inLanguage\":\"et\",\"potentialAction\":[{\"@type\":\"ReadAction\",\"target\":[\"https:\/\/horticom.ee\/e-pood\/toode\/talveloor-horticom-50g-m2-16-x-10m-16m2\/\"]}]},{\"@type\":\"ImageObject\",\"inLanguage\":\"et\",\"@id\":\"https:\/\/horticom.ee\/e-pood\/toode\/talveloor-horticom-50g-m2-16-x-10m-16m2\/#primaryimage\",\"url\":\"https:\/\/horticom.ee\/e-pood\/wp-content\/uploads\/importedmedia\/product-155188_0-86AL82.jpg\",\"contentUrl\":\"https:\/\/horticom.ee\/e-pood\/wp-content\/uploads\/importedmedia\/product-155188_0-86AL82.jpg\",\"width\":1000,\"height\":1498,\"caption\":\"Talveloor Horticom 50g\/m2 1,6 x 10m 16m2\"},{\"@type\":\"BreadcrumbList\",\"@id\":\"https:\/\/horticom.ee\/e-pood\/toode\/talveloor-horticom-50g-m2-16-x-10m-16m2\/#breadcrumb\",\"itemListElement\":[{\"@type\":\"ListItem\",\"position\":1,\"name\":\"Home\",\"item\":\"https:\/\/horticom.ee\/e-pood\/\"},{\"@type\":\"ListItem\",\"position\":2,\"name\":\"Pood\",\"item\":\"https:\/\/horticom.ee\/e-pood\/pood\/\"},{\"@type\":\"ListItem\",\"position\":3,\"name\":\"Talveloor Horticom 50g\/m2 1,6 x 10m 16m2\"}]},{\"@type\":\"WebSite\",\"@id\":\"https:\/\/horticom.ee\/e-pood\/#website\",\"url\":\"https:\/\/horticom.ee\/e-pood\/\",\"name\":\"Horticom.ee\",\"description\":\"Aianduskaubad ja kodukaubad nii harrastajatele kui professionaalidele\",\"potentialAction\":[{\"@type\":\"SearchAction\",\"target\":{\"@type\":\"EntryPoint\",\"urlTemplate\":\"https:\/\/horticom.ee\/e-pood\/?s={search_term_string}\"},\"query-input\":{\"@type\":\"PropertyValueSpecification\",\"valueRequired\":true,\"valueName\":\"search_term_string\"}}],\"inLanguage\":\"et\"}]}<\/script>\n<!-- \/ Yoast SEO plugin. -->","yoast_head_json":{"title":"Talveloor Horticom 50g\/m2 1,6 x 10m 16m2 - Horticom.ee","description":"Talveloor kaitseb k\u00fclmakartlikke taimi. L\u00e4bib valgust ja \u00f5hku, hoiab taimi k\u00fclma tuule ja j\u00e4\u00e4tumise eest. Tihedam kui katteloor.","robots":{"index":"index","follow":"follow","max-snippet":"max-snippet:-1","max-image-preview":"max-image-preview:large","max-video-preview":"max-video-preview:-1"},"canonical":"https:\/\/horticom.ee\/e-pood\/toode\/talveloor-horticom-50g-m2-16-x-10m-16m2\/","og_locale":"et_EE","og_type":"article","og_title":"Talveloor Horticom 50g\/m2 1,6 x 10m 16m2 - Horticom.ee","og_description":"Talveloor kaitseb k\u00fclmakartlikke taimi. L\u00e4bib valgust ja \u00f5hku, hoiab taimi k\u00fclma tuule ja j\u00e4\u00e4tumise eest. Tihedam kui katteloor.","og_url":"https:\/\/horticom.ee\/e-pood\/toode\/talveloor-horticom-50g-m2-16-x-10m-16m2\/","og_site_name":"Horticom.ee","article_publisher":"https:\/\/www.facebook.com\/horticom.ee\/e-pood","article_modified_time":"2026-05-03T00:11:09+00:00","og_image":[{"width":1000,"height":1498,"url":"https:\/\/horticom.ee\/e-pood\/wp-content\/uploads\/importedmedia\/product-155188_0-86AL82.jpg","type":"image\/jpeg"}],"twitter_card":"summary_large_image","schema":{"@context":"https:\/\/schema.org","@graph":[{"@type":"WebPage","@id":"https:\/\/horticom.ee\/e-pood\/toode\/talveloor-horticom-50g-m2-16-x-10m-16m2\/","url":"https:\/\/horticom.ee\/e-pood\/toode\/talveloor-horticom-50g-m2-16-x-10m-16m2\/","name":"Talveloor Horticom 50g\/m2 1,6 x 10m 16m2 - Horticom.ee","isPartOf":{"@id":"https:\/\/horticom.ee\/e-pood\/#website"},"primaryImageOfPage":{"@id":"https:\/\/horticom.ee\/e-pood\/toode\/talveloor-horticom-50g-m2-16-x-10m-16m2\/#primaryimage"},"image":{"@id":"https:\/\/horticom.ee\/e-pood\/toode\/talveloor-horticom-50g-m2-16-x-10m-16m2\/#primaryimage"},"thumbnailUrl":"https:\/\/horticom.ee\/e-pood\/wp-content\/uploads\/importedmedia\/product-155188_0-86AL82.jpg","datePublished":"2022-01-17T22:12:15+00:00","dateModified":"2026-05-03T00:11:09+00:00","description":"Talveloor kaitseb k\u00fclmakartlikke taimi. L\u00e4bib valgust ja \u00f5hku, hoiab taimi k\u00fclma tuule ja j\u00e4\u00e4tumise eest. Tihedam kui katteloor.","breadcrumb":{"@id":"https:\/\/horticom.ee\/e-pood\/toode\/talveloor-horticom-50g-m2-16-x-10m-16m2\/#breadcrumb"},"inLanguage":"et","potentialAction":[{"@type":"ReadAction","target":["https:\/\/horticom.ee\/e-pood\/toode\/talveloor-horticom-50g-m2-16-x-10m-16m2\/"]}]},{"@type":"ImageObject","inLanguage":"et","@id":"https:\/\/horticom.ee\/e-pood\/toode\/talveloor-horticom-50g-m2-16-x-10m-16m2\/#primaryimage","url":"https:\/\/horticom.ee\/e-pood\/wp-content\/uploads\/importedmedia\/product-155188_0-86AL82.jpg","contentUrl":"https:\/\/horticom.ee\/e-pood\/wp-content\/uploads\/importedmedia\/product-155188_0-86AL82.jpg","width":1000,"height":1498,"caption":"Talveloor Horticom 50g\/m2 1,6 x 10m 16m2"},{"@type":"BreadcrumbList","@id":"https:\/\/horticom.ee\/e-pood\/toode\/talveloor-horticom-50g-m2-16-x-10m-16m2\/#breadcrumb","itemListElement":[{"@type":"ListItem","position":1,"name":"Home","item":"https:\/\/horticom.ee\/e-pood\/"},{"@type":"ListItem","position":2,"name":"Pood","item":"https:\/\/horticom.ee\/e-pood\/pood\/"},{"@type":"ListItem","position":3,"name":"Talveloor Horticom 50g\/m2 1,6 x 10m 16m2"}]},{"@type":"WebSite","@id":"https:\/\/horticom.ee\/e-pood\/#website","url":"https:\/\/horticom.ee\/e-pood\/","name":"Horticom.ee","description":"Aianduskaubad ja kodukaubad nii harrastajatele kui professionaalidele","potentialAction":[{"@type":"SearchAction","target":{"@type":"EntryPoint","urlTemplate":"https:\/\/horticom.ee\/e-pood\/?s={search_term_string}"},"query-input":{"@type":"PropertyValueSpecification","valueRequired":true,"valueName":"search_term_string"}}],"inLanguage":"et"}]}},"_links":{"self":[{"href":"https:\/\/horticom.ee\/e-pood\/wp-json\/wp\/v2\/product\/155188","targetHints":{"allow":["GET"]}}],"collection":[{"href":"https:\/\/horticom.ee\/e-pood\/wp-json\/wp\/v2\/product"}],"about":[{"href":"https:\/\/horticom.ee\/e-pood\/wp-json\/wp\/v2\/types\/product"}],"replies":[{"embeddable":true,"href":"https:\/\/horticom.ee\/e-pood\/wp-json\/wp\/v2\/comments?post=155188"}],"wp:featuredmedia":[{"embeddable":true,"href":"https:\/\/horticom.ee\/e-pood\/wp-json\/wp\/v2\/media\/159448"}],"wp:attachment":[{"href":"https:\/\/horticom.ee\/e-pood\/wp-json\/wp\/v2\/media?parent=155188"}],"wp:term":[{"taxonomy":"product_cat","embeddable":true,"href":"https:\/\/horticom.ee\/e-pood\/wp-json\/wp\/v2\/product_cat?post=155188"},{"taxonomy":"product_tag","embeddable":true,"href":"https:\/\/horticom.ee\/e-pood\/wp-json\/wp\/v2\/product_tag?post=155188"}],"curies":[{"name":"wp","href":"https:\/\/api.w.org\/{rel}","templated":true}]}}