{"id":155191,"date":"2022-01-18T00:12:17","date_gmt":"2022-01-17T22:12:17","guid":{"rendered":"https:\/\/aednik24.ee\/toode\/pakasekaitsekangas-horticom-200g-m2-2-x-2m-4m2\/"},"modified":"2026-04-19T03:12:17","modified_gmt":"2026-04-19T00:12:17","slug":"pakasekaitsekangas-horticom-200g-m2-2-x-2m-4m2","status":"publish","type":"product","link":"https:\/\/horticom.ee\/e-pood\/toode\/pakasekaitsekangas-horticom-200g-m2-2-x-2m-4m2\/","title":{"rendered":"Pakasekaitsekangas Horticom 200g\/m2 2 x 2m 4m2"},"content":{"rendered":"<p>Kaitseb k\u00fclmakartlike p\u00f5\u00f5said, ilu- ja okaspuid, rododendroneid, p\u00fcsililli ja ronitaimi k\u00fclma- ja kevadp\u00e4ikese kahjustuse eest. Kangas asetatakse taimedele alles peale p\u00fcsik\u00fclmade saabumist, kui maa on j\u00e4\u00e4tunud ja eemaldatakse p\u00e4rast mullapinna sulamist. Peale kanga eemaldamist ja kuivatamist asetada see kuiva kohta ja s\u00e4ilitada j\u00e4rgmise talveni. Kangas laseb l\u00e4bi \u00f5hku, on vastupidav mehhaanilistele m\u00f5jutustele ning UV-kiirtele. Kangas paigaldatakse taime \u00fcmber tehtud raamile, et katte ja taime vahel saaks \u00f5hk liikuda.<\/p>\n","protected":false},"excerpt":{"rendered":"<p>Kaitseb k\u00fclmakartlike p\u00f5\u00f5said, ilu- ja okaspuid, rododendroneid, p\u00fcsililli ja ronitaimi k\u00fclma- ja kevadp\u00e4ikese kahjustuse eest. Kangas asetatakse taimedele alles peale p\u00fcsik\u00fclmade saabumist, kui maa on j\u00e4\u00e4tunud ja eemaldatakse p\u00e4rast mullapinna sulamist. Peale kanga eemaldamist ja kuivatamist asetada see kuiva kohta ja s\u00e4ilitada j\u00e4rgmise talveni. Kangas laseb l\u00e4bi \u00f5hku, on vastupidav mehhaanilistele m\u00f5jutustele ning UV-kiirtele. Kangas [&hellip;]<\/p>\n","protected":false},"featured_media":159440,"comment_status":"closed","ping_status":"closed","template":"","meta":{"_themeisle_gutenberg_block_has_review":false},"product_cat":[13381,13639],"product_tag":[],"class_list":{"0":"post-155191","1":"product","2":"type-product","3":"status-publish","4":"has-post-thumbnail","6":"product_cat-talvekangad","7":"product_cat-talvekangad-tootjale","9":"first","10":"instock","11":"shipping-taxable","12":"purchasable","13":"product-type-simple"},"yoast_head":"<!-- This site is optimized with the Yoast SEO plugin v24.0 - https:\/\/yoast.com\/wordpress\/plugins\/seo\/ -->\n<title>Pakasekaitsekangas Horticom 200g\/m2 2 x 2m 4m2 - Horticom<\/title>\n<meta name=\"description\" content=\"Kaitseb p\u00f5\u00f5said ja taimi k\u00fclma eest. Vastupidav UV-kiirtele ja mehhaanilistele m\u00f5judele. Paigaldatakse raamile, et \u00f5hk saaks liikuda.\" \/>\n<meta name=\"robots\" content=\"index, follow, max-snippet:-1, max-image-preview:large, max-video-preview:-1\" \/>\n<link rel=\"canonical\" href=\"https:\/\/horticom.ee\/e-pood\/toode\/pakasekaitsekangas-horticom-200g-m2-2-x-2m-4m2\/\" \/>\n<meta property=\"og:locale\" content=\"et_EE\" \/>\n<meta property=\"og:type\" content=\"article\" \/>\n<meta property=\"og:title\" content=\"Pakasekaitsekangas Horticom 200g\/m2 2 x 2m 4m2 - Horticom\" \/>\n<meta property=\"og:description\" content=\"Kaitseb p\u00f5\u00f5said ja taimi k\u00fclma eest. Vastupidav UV-kiirtele ja mehhaanilistele m\u00f5judele. Paigaldatakse raamile, et \u00f5hk saaks liikuda.\" \/>\n<meta property=\"og:url\" content=\"https:\/\/horticom.ee\/e-pood\/toode\/pakasekaitsekangas-horticom-200g-m2-2-x-2m-4m2\/\" \/>\n<meta property=\"og:site_name\" content=\"Horticom.ee\" \/>\n<meta property=\"article:publisher\" content=\"https:\/\/www.facebook.com\/horticom.ee\/e-pood\" \/>\n<meta property=\"article:modified_time\" content=\"2026-04-19T00:12:17+00:00\" \/>\n<meta property=\"og:image\" content=\"https:\/\/horticom.ee\/e-pood\/wp-content\/uploads\/importedmedia\/product-155191_0-86AL85.jpg\" \/>\n\t<meta property=\"og:image:width\" content=\"1000\" \/>\n\t<meta property=\"og:image:height\" content=\"896\" \/>\n\t<meta property=\"og:image:type\" content=\"image\/jpeg\" \/>\n<meta name=\"twitter:card\" content=\"summary_large_image\" \/>\n<script type=\"application\/ld+json\" class=\"yoast-schema-graph\">{\"@context\":\"https:\/\/schema.org\",\"@graph\":[{\"@type\":\"WebPage\",\"@id\":\"https:\/\/horticom.ee\/e-pood\/toode\/pakasekaitsekangas-horticom-200g-m2-2-x-2m-4m2\/\",\"url\":\"https:\/\/horticom.ee\/e-pood\/toode\/pakasekaitsekangas-horticom-200g-m2-2-x-2m-4m2\/\",\"name\":\"Pakasekaitsekangas Horticom 200g\/m2 2 x 2m 4m2 - Horticom\",\"isPartOf\":{\"@id\":\"https:\/\/horticom.ee\/e-pood\/#website\"},\"primaryImageOfPage\":{\"@id\":\"https:\/\/horticom.ee\/e-pood\/toode\/pakasekaitsekangas-horticom-200g-m2-2-x-2m-4m2\/#primaryimage\"},\"image\":{\"@id\":\"https:\/\/horticom.ee\/e-pood\/toode\/pakasekaitsekangas-horticom-200g-m2-2-x-2m-4m2\/#primaryimage\"},\"thumbnailUrl\":\"https:\/\/horticom.ee\/e-pood\/wp-content\/uploads\/importedmedia\/product-155191_0-86AL85.jpg\",\"datePublished\":\"2022-01-17T22:12:17+00:00\",\"dateModified\":\"2026-04-19T00:12:17+00:00\",\"description\":\"Kaitseb p\u00f5\u00f5said ja taimi k\u00fclma eest. Vastupidav UV-kiirtele ja mehhaanilistele m\u00f5judele. Paigaldatakse raamile, et \u00f5hk saaks liikuda.\",\"breadcrumb\":{\"@id\":\"https:\/\/horticom.ee\/e-pood\/toode\/pakasekaitsekangas-horticom-200g-m2-2-x-2m-4m2\/#breadcrumb\"},\"inLanguage\":\"et\",\"potentialAction\":[{\"@type\":\"ReadAction\",\"target\":[\"https:\/\/horticom.ee\/e-pood\/toode\/pakasekaitsekangas-horticom-200g-m2-2-x-2m-4m2\/\"]}]},{\"@type\":\"ImageObject\",\"inLanguage\":\"et\",\"@id\":\"https:\/\/horticom.ee\/e-pood\/toode\/pakasekaitsekangas-horticom-200g-m2-2-x-2m-4m2\/#primaryimage\",\"url\":\"https:\/\/horticom.ee\/e-pood\/wp-content\/uploads\/importedmedia\/product-155191_0-86AL85.jpg\",\"contentUrl\":\"https:\/\/horticom.ee\/e-pood\/wp-content\/uploads\/importedmedia\/product-155191_0-86AL85.jpg\",\"width\":1000,\"height\":896,\"caption\":\"Pakasekaitsekangas Horticom 200g\/m2 2 x 2m 4m2\"},{\"@type\":\"BreadcrumbList\",\"@id\":\"https:\/\/horticom.ee\/e-pood\/toode\/pakasekaitsekangas-horticom-200g-m2-2-x-2m-4m2\/#breadcrumb\",\"itemListElement\":[{\"@type\":\"ListItem\",\"position\":1,\"name\":\"Home\",\"item\":\"https:\/\/horticom.ee\/e-pood\/\"},{\"@type\":\"ListItem\",\"position\":2,\"name\":\"Pood\",\"item\":\"https:\/\/horticom.ee\/e-pood\/pood\/\"},{\"@type\":\"ListItem\",\"position\":3,\"name\":\"Pakasekaitsekangas Horticom 200g\/m2 2 x 2m 4m2\"}]},{\"@type\":\"WebSite\",\"@id\":\"https:\/\/horticom.ee\/e-pood\/#website\",\"url\":\"https:\/\/horticom.ee\/e-pood\/\",\"name\":\"Horticom.ee\",\"description\":\"Aianduskaubad ja kodukaubad nii harrastajatele kui professionaalidele\",\"potentialAction\":[{\"@type\":\"SearchAction\",\"target\":{\"@type\":\"EntryPoint\",\"urlTemplate\":\"https:\/\/horticom.ee\/e-pood\/?s={search_term_string}\"},\"query-input\":{\"@type\":\"PropertyValueSpecification\",\"valueRequired\":true,\"valueName\":\"search_term_string\"}}],\"inLanguage\":\"et\"}]}<\/script>\n<!-- \/ Yoast SEO plugin. -->","yoast_head_json":{"title":"Pakasekaitsekangas Horticom 200g\/m2 2 x 2m 4m2 - Horticom","description":"Kaitseb p\u00f5\u00f5said ja taimi k\u00fclma eest. Vastupidav UV-kiirtele ja mehhaanilistele m\u00f5judele. Paigaldatakse raamile, et \u00f5hk saaks liikuda.","robots":{"index":"index","follow":"follow","max-snippet":"max-snippet:-1","max-image-preview":"max-image-preview:large","max-video-preview":"max-video-preview:-1"},"canonical":"https:\/\/horticom.ee\/e-pood\/toode\/pakasekaitsekangas-horticom-200g-m2-2-x-2m-4m2\/","og_locale":"et_EE","og_type":"article","og_title":"Pakasekaitsekangas Horticom 200g\/m2 2 x 2m 4m2 - Horticom","og_description":"Kaitseb p\u00f5\u00f5said ja taimi k\u00fclma eest. Vastupidav UV-kiirtele ja mehhaanilistele m\u00f5judele. Paigaldatakse raamile, et \u00f5hk saaks liikuda.","og_url":"https:\/\/horticom.ee\/e-pood\/toode\/pakasekaitsekangas-horticom-200g-m2-2-x-2m-4m2\/","og_site_name":"Horticom.ee","article_publisher":"https:\/\/www.facebook.com\/horticom.ee\/e-pood","article_modified_time":"2026-04-19T00:12:17+00:00","og_image":[{"width":1000,"height":896,"url":"https:\/\/horticom.ee\/e-pood\/wp-content\/uploads\/importedmedia\/product-155191_0-86AL85.jpg","type":"image\/jpeg"}],"twitter_card":"summary_large_image","schema":{"@context":"https:\/\/schema.org","@graph":[{"@type":"WebPage","@id":"https:\/\/horticom.ee\/e-pood\/toode\/pakasekaitsekangas-horticom-200g-m2-2-x-2m-4m2\/","url":"https:\/\/horticom.ee\/e-pood\/toode\/pakasekaitsekangas-horticom-200g-m2-2-x-2m-4m2\/","name":"Pakasekaitsekangas Horticom 200g\/m2 2 x 2m 4m2 - Horticom","isPartOf":{"@id":"https:\/\/horticom.ee\/e-pood\/#website"},"primaryImageOfPage":{"@id":"https:\/\/horticom.ee\/e-pood\/toode\/pakasekaitsekangas-horticom-200g-m2-2-x-2m-4m2\/#primaryimage"},"image":{"@id":"https:\/\/horticom.ee\/e-pood\/toode\/pakasekaitsekangas-horticom-200g-m2-2-x-2m-4m2\/#primaryimage"},"thumbnailUrl":"https:\/\/horticom.ee\/e-pood\/wp-content\/uploads\/importedmedia\/product-155191_0-86AL85.jpg","datePublished":"2022-01-17T22:12:17+00:00","dateModified":"2026-04-19T00:12:17+00:00","description":"Kaitseb p\u00f5\u00f5said ja taimi k\u00fclma eest. Vastupidav UV-kiirtele ja mehhaanilistele m\u00f5judele. Paigaldatakse raamile, et \u00f5hk saaks liikuda.","breadcrumb":{"@id":"https:\/\/horticom.ee\/e-pood\/toode\/pakasekaitsekangas-horticom-200g-m2-2-x-2m-4m2\/#breadcrumb"},"inLanguage":"et","potentialAction":[{"@type":"ReadAction","target":["https:\/\/horticom.ee\/e-pood\/toode\/pakasekaitsekangas-horticom-200g-m2-2-x-2m-4m2\/"]}]},{"@type":"ImageObject","inLanguage":"et","@id":"https:\/\/horticom.ee\/e-pood\/toode\/pakasekaitsekangas-horticom-200g-m2-2-x-2m-4m2\/#primaryimage","url":"https:\/\/horticom.ee\/e-pood\/wp-content\/uploads\/importedmedia\/product-155191_0-86AL85.jpg","contentUrl":"https:\/\/horticom.ee\/e-pood\/wp-content\/uploads\/importedmedia\/product-155191_0-86AL85.jpg","width":1000,"height":896,"caption":"Pakasekaitsekangas Horticom 200g\/m2 2 x 2m 4m2"},{"@type":"BreadcrumbList","@id":"https:\/\/horticom.ee\/e-pood\/toode\/pakasekaitsekangas-horticom-200g-m2-2-x-2m-4m2\/#breadcrumb","itemListElement":[{"@type":"ListItem","position":1,"name":"Home","item":"https:\/\/horticom.ee\/e-pood\/"},{"@type":"ListItem","position":2,"name":"Pood","item":"https:\/\/horticom.ee\/e-pood\/pood\/"},{"@type":"ListItem","position":3,"name":"Pakasekaitsekangas Horticom 200g\/m2 2 x 2m 4m2"}]},{"@type":"WebSite","@id":"https:\/\/horticom.ee\/e-pood\/#website","url":"https:\/\/horticom.ee\/e-pood\/","name":"Horticom.ee","description":"Aianduskaubad ja kodukaubad nii harrastajatele kui professionaalidele","potentialAction":[{"@type":"SearchAction","target":{"@type":"EntryPoint","urlTemplate":"https:\/\/horticom.ee\/e-pood\/?s={search_term_string}"},"query-input":{"@type":"PropertyValueSpecification","valueRequired":true,"valueName":"search_term_string"}}],"inLanguage":"et"}]}},"_links":{"self":[{"href":"https:\/\/horticom.ee\/e-pood\/wp-json\/wp\/v2\/product\/155191","targetHints":{"allow":["GET"]}}],"collection":[{"href":"https:\/\/horticom.ee\/e-pood\/wp-json\/wp\/v2\/product"}],"about":[{"href":"https:\/\/horticom.ee\/e-pood\/wp-json\/wp\/v2\/types\/product"}],"replies":[{"embeddable":true,"href":"https:\/\/horticom.ee\/e-pood\/wp-json\/wp\/v2\/comments?post=155191"}],"wp:featuredmedia":[{"embeddable":true,"href":"https:\/\/horticom.ee\/e-pood\/wp-json\/wp\/v2\/media\/159440"}],"wp:attachment":[{"href":"https:\/\/horticom.ee\/e-pood\/wp-json\/wp\/v2\/media?parent=155191"}],"wp:term":[{"taxonomy":"product_cat","embeddable":true,"href":"https:\/\/horticom.ee\/e-pood\/wp-json\/wp\/v2\/product_cat?post=155191"},{"taxonomy":"product_tag","embeddable":true,"href":"https:\/\/horticom.ee\/e-pood\/wp-json\/wp\/v2\/product_tag?post=155191"}],"curies":[{"name":"wp","href":"https:\/\/api.w.org\/{rel}","templated":true}]}}