{"id":155260,"date":"2022-01-18T00:12:56","date_gmt":"2022-01-17T22:12:56","guid":{"rendered":"https:\/\/aednik24.ee\/toode\/pikaajaliselt-toimiv-marjavaetis-horticom-1kg\/"},"modified":"2026-04-19T09:17:59","modified_gmt":"2026-04-19T06:17:59","slug":"pikaajaliselt-toimiv-marjavaetis-horticom-1kg","status":"publish","type":"product","link":"https:\/\/horticom.ee\/e-pood\/toode\/pikaajaliselt-toimiv-marjavaetis-horticom-1kg\/","title":{"rendered":"Pikaajaliselt toimiv marjav\u00e4etis Horticom 1kg"},"content":{"rendered":"<p>Keskkonnas\u00f5bralik kompleksv\u00e4etis, mis toimib pikaajaliselt maasika, vaarika ja teiste marjap\u00f5\u00f5saste tasakaalustatud v\u00e4etamiseks. Soodustab taimede \u00f5itsemist ja viljumist, suurendab saaki, kiirendab viljade k\u00fcpsemist, muudab aroomi intensiivsemaks ja pikendab viljakandmisperioodi. V\u00e4etis on looduskeskkonda s\u00e4\u00e4stev ja nitraadid ei satu p\u00f5hjavette.<\/p>\n","protected":false},"excerpt":{"rendered":"<p>Keskkonnas\u00f5bralik kompleksv\u00e4etis, mis toimib pikaajaliselt maasika, vaarika ja teiste marjap\u00f5\u00f5saste tasakaalustatud v\u00e4etamiseks. Soodustab taimede \u00f5itsemist ja viljumist, suurendab saaki, kiirendab viljade k\u00fcpsemist, muudab aroomi intensiivsemaks ja pikendab viljakandmisperioodi. V\u00e4etis on looduskeskkonda s\u00e4\u00e4stev ja nitraadid ei satu p\u00f5hjavette.<\/p>\n","protected":false},"featured_media":2378440,"comment_status":"closed","ping_status":"closed","template":"","meta":{"_themeisle_gutenberg_block_has_review":false},"product_cat":[16966],"product_tag":[],"class_list":{"0":"post-155260","1":"product","2":"type-product","3":"status-publish","4":"has-post-thumbnail","6":"product_cat-marjadele-ja-puuviljadele","8":"first","9":"instock","10":"shipping-taxable","11":"purchasable","12":"product-type-simple"},"yoast_head":"<!-- This site is optimized with the Yoast SEO plugin v24.0 - https:\/\/yoast.com\/wordpress\/plugins\/seo\/ -->\n<title>Pikaajaliselt toimiv marjav\u00e4etis Horticom 1kg - Horticom<\/title>\n<meta name=\"robots\" content=\"index, follow, max-snippet:-1, max-image-preview:large, max-video-preview:-1\" \/>\n<link rel=\"canonical\" href=\"https:\/\/horticom.ee\/e-pood\/toode\/pikaajaliselt-toimiv-marjavaetis-horticom-1kg\/\" \/>\n<meta property=\"og:locale\" content=\"et_EE\" \/>\n<meta property=\"og:type\" content=\"article\" \/>\n<meta property=\"og:title\" content=\"Pikaajaliselt toimiv marjav\u00e4etis Horticom 1kg - Horticom\" \/>\n<meta property=\"og:description\" content=\"Keskkonnas\u00f5bralik kompleksv\u00e4etis, mis toimib pikaajaliselt maasika, vaarika ja teiste marjap\u00f5\u00f5saste tasakaalustatud v\u00e4etamiseks. Soodustab taimede \u00f5itsemist ja viljumist, suurendab saaki, kiirendab viljade k\u00fcpsemist, muudab aroomi intensiivsemaks ja pikendab viljakandmisperioodi. V\u00e4etis on looduskeskkonda s\u00e4\u00e4stev ja nitraadid ei satu p\u00f5hjavette.\" \/>\n<meta property=\"og:url\" content=\"https:\/\/horticom.ee\/e-pood\/toode\/pikaajaliselt-toimiv-marjavaetis-horticom-1kg\/\" \/>\n<meta property=\"og:site_name\" content=\"Horticom.ee\" \/>\n<meta property=\"article:publisher\" content=\"https:\/\/www.facebook.com\/horticom.ee\/e-pood\" \/>\n<meta property=\"article:modified_time\" content=\"2026-04-19T06:17:59+00:00\" \/>\n<meta property=\"og:image\" content=\"https:\/\/horticom.ee\/e-pood\/wp-content\/uploads\/importedmedia\/product-155260_0-6700038.jpg\" \/>\n\t<meta property=\"og:image:width\" content=\"1000\" \/>\n\t<meta property=\"og:image:height\" content=\"1000\" \/>\n\t<meta property=\"og:image:type\" content=\"image\/jpeg\" \/>\n<meta name=\"twitter:card\" content=\"summary_large_image\" \/>\n<script type=\"application\/ld+json\" class=\"yoast-schema-graph\">{\"@context\":\"https:\/\/schema.org\",\"@graph\":[{\"@type\":\"WebPage\",\"@id\":\"https:\/\/horticom.ee\/e-pood\/toode\/pikaajaliselt-toimiv-marjavaetis-horticom-1kg\/\",\"url\":\"https:\/\/horticom.ee\/e-pood\/toode\/pikaajaliselt-toimiv-marjavaetis-horticom-1kg\/\",\"name\":\"Pikaajaliselt toimiv marjav\u00e4etis Horticom 1kg - Horticom\",\"isPartOf\":{\"@id\":\"https:\/\/horticom.ee\/e-pood\/#website\"},\"primaryImageOfPage\":{\"@id\":\"https:\/\/horticom.ee\/e-pood\/toode\/pikaajaliselt-toimiv-marjavaetis-horticom-1kg\/#primaryimage\"},\"image\":{\"@id\":\"https:\/\/horticom.ee\/e-pood\/toode\/pikaajaliselt-toimiv-marjavaetis-horticom-1kg\/#primaryimage\"},\"thumbnailUrl\":\"https:\/\/horticom.ee\/e-pood\/wp-content\/uploads\/importedmedia\/product-155260_0-6700038.jpg\",\"datePublished\":\"2022-01-17T22:12:56+00:00\",\"dateModified\":\"2026-04-19T06:17:59+00:00\",\"breadcrumb\":{\"@id\":\"https:\/\/horticom.ee\/e-pood\/toode\/pikaajaliselt-toimiv-marjavaetis-horticom-1kg\/#breadcrumb\"},\"inLanguage\":\"et\",\"potentialAction\":[{\"@type\":\"ReadAction\",\"target\":[\"https:\/\/horticom.ee\/e-pood\/toode\/pikaajaliselt-toimiv-marjavaetis-horticom-1kg\/\"]}]},{\"@type\":\"ImageObject\",\"inLanguage\":\"et\",\"@id\":\"https:\/\/horticom.ee\/e-pood\/toode\/pikaajaliselt-toimiv-marjavaetis-horticom-1kg\/#primaryimage\",\"url\":\"https:\/\/horticom.ee\/e-pood\/wp-content\/uploads\/importedmedia\/product-155260_0-6700038.jpg\",\"contentUrl\":\"https:\/\/horticom.ee\/e-pood\/wp-content\/uploads\/importedmedia\/product-155260_0-6700038.jpg\",\"width\":1000,\"height\":1000},{\"@type\":\"BreadcrumbList\",\"@id\":\"https:\/\/horticom.ee\/e-pood\/toode\/pikaajaliselt-toimiv-marjavaetis-horticom-1kg\/#breadcrumb\",\"itemListElement\":[{\"@type\":\"ListItem\",\"position\":1,\"name\":\"Home\",\"item\":\"https:\/\/horticom.ee\/e-pood\/\"},{\"@type\":\"ListItem\",\"position\":2,\"name\":\"Pood\",\"item\":\"https:\/\/horticom.ee\/e-pood\/pood\/\"},{\"@type\":\"ListItem\",\"position\":3,\"name\":\"Pikaajaliselt toimiv marjav\u00e4etis Horticom 1kg\"}]},{\"@type\":\"WebSite\",\"@id\":\"https:\/\/horticom.ee\/e-pood\/#website\",\"url\":\"https:\/\/horticom.ee\/e-pood\/\",\"name\":\"Horticom.ee\",\"description\":\"Aianduskaubad ja kodukaubad nii harrastajatele kui professionaalidele\",\"potentialAction\":[{\"@type\":\"SearchAction\",\"target\":{\"@type\":\"EntryPoint\",\"urlTemplate\":\"https:\/\/horticom.ee\/e-pood\/?s={search_term_string}\"},\"query-input\":{\"@type\":\"PropertyValueSpecification\",\"valueRequired\":true,\"valueName\":\"search_term_string\"}}],\"inLanguage\":\"et\"}]}<\/script>\n<!-- \/ Yoast SEO plugin. -->","yoast_head_json":{"title":"Pikaajaliselt toimiv marjav\u00e4etis Horticom 1kg - Horticom","robots":{"index":"index","follow":"follow","max-snippet":"max-snippet:-1","max-image-preview":"max-image-preview:large","max-video-preview":"max-video-preview:-1"},"canonical":"https:\/\/horticom.ee\/e-pood\/toode\/pikaajaliselt-toimiv-marjavaetis-horticom-1kg\/","og_locale":"et_EE","og_type":"article","og_title":"Pikaajaliselt toimiv marjav\u00e4etis Horticom 1kg - Horticom","og_description":"Keskkonnas\u00f5bralik kompleksv\u00e4etis, mis toimib pikaajaliselt maasika, vaarika ja teiste marjap\u00f5\u00f5saste tasakaalustatud v\u00e4etamiseks. Soodustab taimede \u00f5itsemist ja viljumist, suurendab saaki, kiirendab viljade k\u00fcpsemist, muudab aroomi intensiivsemaks ja pikendab viljakandmisperioodi. V\u00e4etis on looduskeskkonda s\u00e4\u00e4stev ja nitraadid ei satu p\u00f5hjavette.","og_url":"https:\/\/horticom.ee\/e-pood\/toode\/pikaajaliselt-toimiv-marjavaetis-horticom-1kg\/","og_site_name":"Horticom.ee","article_publisher":"https:\/\/www.facebook.com\/horticom.ee\/e-pood","article_modified_time":"2026-04-19T06:17:59+00:00","og_image":[{"width":1000,"height":1000,"url":"https:\/\/horticom.ee\/e-pood\/wp-content\/uploads\/importedmedia\/product-155260_0-6700038.jpg","type":"image\/jpeg"}],"twitter_card":"summary_large_image","schema":{"@context":"https:\/\/schema.org","@graph":[{"@type":"WebPage","@id":"https:\/\/horticom.ee\/e-pood\/toode\/pikaajaliselt-toimiv-marjavaetis-horticom-1kg\/","url":"https:\/\/horticom.ee\/e-pood\/toode\/pikaajaliselt-toimiv-marjavaetis-horticom-1kg\/","name":"Pikaajaliselt toimiv marjav\u00e4etis Horticom 1kg - Horticom","isPartOf":{"@id":"https:\/\/horticom.ee\/e-pood\/#website"},"primaryImageOfPage":{"@id":"https:\/\/horticom.ee\/e-pood\/toode\/pikaajaliselt-toimiv-marjavaetis-horticom-1kg\/#primaryimage"},"image":{"@id":"https:\/\/horticom.ee\/e-pood\/toode\/pikaajaliselt-toimiv-marjavaetis-horticom-1kg\/#primaryimage"},"thumbnailUrl":"https:\/\/horticom.ee\/e-pood\/wp-content\/uploads\/importedmedia\/product-155260_0-6700038.jpg","datePublished":"2022-01-17T22:12:56+00:00","dateModified":"2026-04-19T06:17:59+00:00","breadcrumb":{"@id":"https:\/\/horticom.ee\/e-pood\/toode\/pikaajaliselt-toimiv-marjavaetis-horticom-1kg\/#breadcrumb"},"inLanguage":"et","potentialAction":[{"@type":"ReadAction","target":["https:\/\/horticom.ee\/e-pood\/toode\/pikaajaliselt-toimiv-marjavaetis-horticom-1kg\/"]}]},{"@type":"ImageObject","inLanguage":"et","@id":"https:\/\/horticom.ee\/e-pood\/toode\/pikaajaliselt-toimiv-marjavaetis-horticom-1kg\/#primaryimage","url":"https:\/\/horticom.ee\/e-pood\/wp-content\/uploads\/importedmedia\/product-155260_0-6700038.jpg","contentUrl":"https:\/\/horticom.ee\/e-pood\/wp-content\/uploads\/importedmedia\/product-155260_0-6700038.jpg","width":1000,"height":1000},{"@type":"BreadcrumbList","@id":"https:\/\/horticom.ee\/e-pood\/toode\/pikaajaliselt-toimiv-marjavaetis-horticom-1kg\/#breadcrumb","itemListElement":[{"@type":"ListItem","position":1,"name":"Home","item":"https:\/\/horticom.ee\/e-pood\/"},{"@type":"ListItem","position":2,"name":"Pood","item":"https:\/\/horticom.ee\/e-pood\/pood\/"},{"@type":"ListItem","position":3,"name":"Pikaajaliselt toimiv marjav\u00e4etis Horticom 1kg"}]},{"@type":"WebSite","@id":"https:\/\/horticom.ee\/e-pood\/#website","url":"https:\/\/horticom.ee\/e-pood\/","name":"Horticom.ee","description":"Aianduskaubad ja kodukaubad nii harrastajatele kui professionaalidele","potentialAction":[{"@type":"SearchAction","target":{"@type":"EntryPoint","urlTemplate":"https:\/\/horticom.ee\/e-pood\/?s={search_term_string}"},"query-input":{"@type":"PropertyValueSpecification","valueRequired":true,"valueName":"search_term_string"}}],"inLanguage":"et"}]}},"_links":{"self":[{"href":"https:\/\/horticom.ee\/e-pood\/wp-json\/wp\/v2\/product\/155260","targetHints":{"allow":["GET"]}}],"collection":[{"href":"https:\/\/horticom.ee\/e-pood\/wp-json\/wp\/v2\/product"}],"about":[{"href":"https:\/\/horticom.ee\/e-pood\/wp-json\/wp\/v2\/types\/product"}],"replies":[{"embeddable":true,"href":"https:\/\/horticom.ee\/e-pood\/wp-json\/wp\/v2\/comments?post=155260"}],"wp:featuredmedia":[{"embeddable":true,"href":"https:\/\/horticom.ee\/e-pood\/wp-json\/wp\/v2\/media\/2378440"}],"wp:attachment":[{"href":"https:\/\/horticom.ee\/e-pood\/wp-json\/wp\/v2\/media?parent=155260"}],"wp:term":[{"taxonomy":"product_cat","embeddable":true,"href":"https:\/\/horticom.ee\/e-pood\/wp-json\/wp\/v2\/product_cat?post=155260"},{"taxonomy":"product_tag","embeddable":true,"href":"https:\/\/horticom.ee\/e-pood\/wp-json\/wp\/v2\/product_tag?post=155260"}],"curies":[{"name":"wp","href":"https:\/\/api.w.org\/{rel}","templated":true}]}}