{"id":155304,"date":"2022-01-18T00:13:20","date_gmt":"2022-01-17T22:13:20","guid":{"rendered":"https:\/\/aednik24.ee\/toode\/teekuunal-sini-must-valge-pildiga-horticom-45h-6tk-pakis\/"},"modified":"2026-04-08T03:11:09","modified_gmt":"2026-04-08T00:11:09","slug":"teekuunal-sini-must-valge-pildiga-horticom-45h-6tk-pakis","status":"publish","type":"product","link":"https:\/\/horticom.ee\/e-pood\/toode\/teekuunal-sini-must-valge-pildiga-horticom-45h-6tk-pakis\/","title":{"rendered":"Teek\u00fc\u00fcnal Horticom sini-must-valge pildiga  4,5h 6tk\/pakis"},"content":{"rendered":"<p>Teek\u00fc\u00fcnal sini-must-valge on innovatiivne ja unikaalne mittep\u00f5leva pildiga teek\u00fc\u00fcnal Eesti lipu v\u00e4rvides! Pilt on valmistatud mitte-p\u00f5levast fooliumist. Kui k\u00fc\u00fcnal p\u00f5leb ja vaha sulab, siis vajub pilt j\u00e4rjest allapoole ning pilt j\u00e4\u00e4b k\u00fc\u00fcnla pinda kaunistama. Valgusta oma kodu originaalselt ja trendikalt eriliste k\u00fc\u00fcnaldega. Kvaliteetsed k\u00fc\u00fcnlad firmalt, kellel on 150+ aastat kogemust valmistamaks parimatest saadaolevatest koostisosadest h\u00e4sti p\u00f5levaid k\u00fc\u00fcnlaid, mis ei saasta \u00f5hku ega ole tervisele ohtlikud.<\/p>\n","protected":false},"excerpt":{"rendered":"<p>Teek\u00fc\u00fcnal sini-must-valge on innovatiivne ja unikaalne mittep\u00f5leva pildiga teek\u00fc\u00fcnal Eesti lipu v\u00e4rvides! Pilt on valmistatud mitte-p\u00f5levast fooliumist. Kui k\u00fc\u00fcnal p\u00f5leb ja vaha sulab, siis vajub pilt j\u00e4rjest allapoole ning pilt j\u00e4\u00e4b k\u00fc\u00fcnla pinda kaunistama. Valgusta oma kodu originaalselt ja trendikalt eriliste k\u00fc\u00fcnaldega. Kvaliteetsed k\u00fc\u00fcnlad firmalt, kellel on 150+ aastat kogemust valmistamaks parimatest saadaolevatest koostisosadest h\u00e4sti [&hellip;]<\/p>\n","protected":false},"featured_media":158534,"comment_status":"closed","ping_status":"closed","template":"","meta":{"_themeisle_gutenberg_block_has_review":false},"product_cat":[13450],"product_tag":[],"class_list":{"0":"post-155304","1":"product","2":"type-product","3":"status-publish","4":"has-post-thumbnail","6":"product_cat-teekuunlad","8":"first","9":"outofstock","10":"shipping-taxable","11":"purchasable","12":"product-type-simple"},"yoast_head":"<!-- This site is optimized with the Yoast SEO plugin v24.0 - https:\/\/yoast.com\/wordpress\/plugins\/seo\/ -->\n<title>Teek\u00fc\u00fcnal Horticom sini-must-valge pildiga 4,5h 6tk\/pk<\/title>\n<meta name=\"description\" content=\"Teek\u00fc\u00fcnal sini-must-valge on innovatiivne ja unikaalne mittep\u00f5leva pildiga teek\u00fc\u00fcnal Eesti lipu v\u00e4rvides! Pilt on valmistatud mitte-p\u00f5levast fooliumist.\" \/>\n<meta name=\"robots\" content=\"index, follow, max-snippet:-1, max-image-preview:large, max-video-preview:-1\" \/>\n<link rel=\"canonical\" href=\"https:\/\/horticom.ee\/e-pood\/toode\/teekuunal-sini-must-valge-pildiga-horticom-45h-6tk-pakis\/\" \/>\n<meta property=\"og:locale\" content=\"et_EE\" \/>\n<meta property=\"og:type\" content=\"article\" \/>\n<meta property=\"og:title\" content=\"Teek\u00fc\u00fcnal Horticom sini-must-valge pildiga 4,5h 6tk\/pk\" \/>\n<meta property=\"og:description\" content=\"Teek\u00fc\u00fcnal sini-must-valge on innovatiivne ja unikaalne mittep\u00f5leva pildiga teek\u00fc\u00fcnal Eesti lipu v\u00e4rvides! Pilt on valmistatud mitte-p\u00f5levast fooliumist.\" \/>\n<meta property=\"og:url\" content=\"https:\/\/horticom.ee\/e-pood\/toode\/teekuunal-sini-must-valge-pildiga-horticom-45h-6tk-pakis\/\" \/>\n<meta property=\"og:site_name\" content=\"Horticom.ee\" \/>\n<meta property=\"article:publisher\" content=\"https:\/\/www.facebook.com\/horticom.ee\/e-pood\" \/>\n<meta property=\"article:modified_time\" content=\"2026-04-08T00:11:09+00:00\" \/>\n<meta property=\"og:image\" content=\"https:\/\/horticom.ee\/e-pood\/wp-content\/uploads\/importedmedia\/product-155304_0-690101_EV.jpg\" \/>\n\t<meta property=\"og:image:width\" content=\"1000\" \/>\n\t<meta property=\"og:image:height\" content=\"1208\" \/>\n\t<meta property=\"og:image:type\" content=\"image\/jpeg\" \/>\n<meta name=\"twitter:card\" content=\"summary_large_image\" \/>\n<script type=\"application\/ld+json\" class=\"yoast-schema-graph\">{\"@context\":\"https:\/\/schema.org\",\"@graph\":[{\"@type\":\"WebPage\",\"@id\":\"https:\/\/horticom.ee\/e-pood\/toode\/teekuunal-sini-must-valge-pildiga-horticom-45h-6tk-pakis\/\",\"url\":\"https:\/\/horticom.ee\/e-pood\/toode\/teekuunal-sini-must-valge-pildiga-horticom-45h-6tk-pakis\/\",\"name\":\"Teek\u00fc\u00fcnal Horticom sini-must-valge pildiga 4,5h 6tk\/pk\",\"isPartOf\":{\"@id\":\"https:\/\/horticom.ee\/e-pood\/#website\"},\"primaryImageOfPage\":{\"@id\":\"https:\/\/horticom.ee\/e-pood\/toode\/teekuunal-sini-must-valge-pildiga-horticom-45h-6tk-pakis\/#primaryimage\"},\"image\":{\"@id\":\"https:\/\/horticom.ee\/e-pood\/toode\/teekuunal-sini-must-valge-pildiga-horticom-45h-6tk-pakis\/#primaryimage\"},\"thumbnailUrl\":\"https:\/\/horticom.ee\/e-pood\/wp-content\/uploads\/importedmedia\/product-155304_0-690101_EV.jpg\",\"datePublished\":\"2022-01-17T22:13:20+00:00\",\"dateModified\":\"2026-04-08T00:11:09+00:00\",\"description\":\"Teek\u00fc\u00fcnal sini-must-valge on innovatiivne ja unikaalne mittep\u00f5leva pildiga teek\u00fc\u00fcnal Eesti lipu v\u00e4rvides! Pilt on valmistatud mitte-p\u00f5levast fooliumist.\",\"breadcrumb\":{\"@id\":\"https:\/\/horticom.ee\/e-pood\/toode\/teekuunal-sini-must-valge-pildiga-horticom-45h-6tk-pakis\/#breadcrumb\"},\"inLanguage\":\"et\",\"potentialAction\":[{\"@type\":\"ReadAction\",\"target\":[\"https:\/\/horticom.ee\/e-pood\/toode\/teekuunal-sini-must-valge-pildiga-horticom-45h-6tk-pakis\/\"]}]},{\"@type\":\"ImageObject\",\"inLanguage\":\"et\",\"@id\":\"https:\/\/horticom.ee\/e-pood\/toode\/teekuunal-sini-must-valge-pildiga-horticom-45h-6tk-pakis\/#primaryimage\",\"url\":\"https:\/\/horticom.ee\/e-pood\/wp-content\/uploads\/importedmedia\/product-155304_0-690101_EV.jpg\",\"contentUrl\":\"https:\/\/horticom.ee\/e-pood\/wp-content\/uploads\/importedmedia\/product-155304_0-690101_EV.jpg\",\"width\":1000,\"height\":1208,\"caption\":\"Teek\u00fc\u00fcnal Horticom sini-must-valge pildiga 4,5h 6tk\/pakis\"},{\"@type\":\"BreadcrumbList\",\"@id\":\"https:\/\/horticom.ee\/e-pood\/toode\/teekuunal-sini-must-valge-pildiga-horticom-45h-6tk-pakis\/#breadcrumb\",\"itemListElement\":[{\"@type\":\"ListItem\",\"position\":1,\"name\":\"Home\",\"item\":\"https:\/\/horticom.ee\/e-pood\/\"},{\"@type\":\"ListItem\",\"position\":2,\"name\":\"Pood\",\"item\":\"https:\/\/horticom.ee\/e-pood\/pood\/\"},{\"@type\":\"ListItem\",\"position\":3,\"name\":\"Teek\u00fc\u00fcnal Horticom sini-must-valge pildiga 4,5h 6tk\/pakis\"}]},{\"@type\":\"WebSite\",\"@id\":\"https:\/\/horticom.ee\/e-pood\/#website\",\"url\":\"https:\/\/horticom.ee\/e-pood\/\",\"name\":\"Horticom.ee\",\"description\":\"Aianduskaubad ja kodukaubad nii harrastajatele kui professionaalidele\",\"potentialAction\":[{\"@type\":\"SearchAction\",\"target\":{\"@type\":\"EntryPoint\",\"urlTemplate\":\"https:\/\/horticom.ee\/e-pood\/?s={search_term_string}\"},\"query-input\":{\"@type\":\"PropertyValueSpecification\",\"valueRequired\":true,\"valueName\":\"search_term_string\"}}],\"inLanguage\":\"et\"}]}<\/script>\n<!-- \/ Yoast SEO plugin. -->","yoast_head_json":{"title":"Teek\u00fc\u00fcnal Horticom sini-must-valge pildiga 4,5h 6tk\/pk","description":"Teek\u00fc\u00fcnal sini-must-valge on innovatiivne ja unikaalne mittep\u00f5leva pildiga teek\u00fc\u00fcnal Eesti lipu v\u00e4rvides! Pilt on valmistatud mitte-p\u00f5levast fooliumist.","robots":{"index":"index","follow":"follow","max-snippet":"max-snippet:-1","max-image-preview":"max-image-preview:large","max-video-preview":"max-video-preview:-1"},"canonical":"https:\/\/horticom.ee\/e-pood\/toode\/teekuunal-sini-must-valge-pildiga-horticom-45h-6tk-pakis\/","og_locale":"et_EE","og_type":"article","og_title":"Teek\u00fc\u00fcnal Horticom sini-must-valge pildiga 4,5h 6tk\/pk","og_description":"Teek\u00fc\u00fcnal sini-must-valge on innovatiivne ja unikaalne mittep\u00f5leva pildiga teek\u00fc\u00fcnal Eesti lipu v\u00e4rvides! Pilt on valmistatud mitte-p\u00f5levast fooliumist.","og_url":"https:\/\/horticom.ee\/e-pood\/toode\/teekuunal-sini-must-valge-pildiga-horticom-45h-6tk-pakis\/","og_site_name":"Horticom.ee","article_publisher":"https:\/\/www.facebook.com\/horticom.ee\/e-pood","article_modified_time":"2026-04-08T00:11:09+00:00","og_image":[{"width":1000,"height":1208,"url":"https:\/\/horticom.ee\/e-pood\/wp-content\/uploads\/importedmedia\/product-155304_0-690101_EV.jpg","type":"image\/jpeg"}],"twitter_card":"summary_large_image","schema":{"@context":"https:\/\/schema.org","@graph":[{"@type":"WebPage","@id":"https:\/\/horticom.ee\/e-pood\/toode\/teekuunal-sini-must-valge-pildiga-horticom-45h-6tk-pakis\/","url":"https:\/\/horticom.ee\/e-pood\/toode\/teekuunal-sini-must-valge-pildiga-horticom-45h-6tk-pakis\/","name":"Teek\u00fc\u00fcnal Horticom sini-must-valge pildiga 4,5h 6tk\/pk","isPartOf":{"@id":"https:\/\/horticom.ee\/e-pood\/#website"},"primaryImageOfPage":{"@id":"https:\/\/horticom.ee\/e-pood\/toode\/teekuunal-sini-must-valge-pildiga-horticom-45h-6tk-pakis\/#primaryimage"},"image":{"@id":"https:\/\/horticom.ee\/e-pood\/toode\/teekuunal-sini-must-valge-pildiga-horticom-45h-6tk-pakis\/#primaryimage"},"thumbnailUrl":"https:\/\/horticom.ee\/e-pood\/wp-content\/uploads\/importedmedia\/product-155304_0-690101_EV.jpg","datePublished":"2022-01-17T22:13:20+00:00","dateModified":"2026-04-08T00:11:09+00:00","description":"Teek\u00fc\u00fcnal sini-must-valge on innovatiivne ja unikaalne mittep\u00f5leva pildiga teek\u00fc\u00fcnal Eesti lipu v\u00e4rvides! Pilt on valmistatud mitte-p\u00f5levast fooliumist.","breadcrumb":{"@id":"https:\/\/horticom.ee\/e-pood\/toode\/teekuunal-sini-must-valge-pildiga-horticom-45h-6tk-pakis\/#breadcrumb"},"inLanguage":"et","potentialAction":[{"@type":"ReadAction","target":["https:\/\/horticom.ee\/e-pood\/toode\/teekuunal-sini-must-valge-pildiga-horticom-45h-6tk-pakis\/"]}]},{"@type":"ImageObject","inLanguage":"et","@id":"https:\/\/horticom.ee\/e-pood\/toode\/teekuunal-sini-must-valge-pildiga-horticom-45h-6tk-pakis\/#primaryimage","url":"https:\/\/horticom.ee\/e-pood\/wp-content\/uploads\/importedmedia\/product-155304_0-690101_EV.jpg","contentUrl":"https:\/\/horticom.ee\/e-pood\/wp-content\/uploads\/importedmedia\/product-155304_0-690101_EV.jpg","width":1000,"height":1208,"caption":"Teek\u00fc\u00fcnal Horticom sini-must-valge pildiga 4,5h 6tk\/pakis"},{"@type":"BreadcrumbList","@id":"https:\/\/horticom.ee\/e-pood\/toode\/teekuunal-sini-must-valge-pildiga-horticom-45h-6tk-pakis\/#breadcrumb","itemListElement":[{"@type":"ListItem","position":1,"name":"Home","item":"https:\/\/horticom.ee\/e-pood\/"},{"@type":"ListItem","position":2,"name":"Pood","item":"https:\/\/horticom.ee\/e-pood\/pood\/"},{"@type":"ListItem","position":3,"name":"Teek\u00fc\u00fcnal Horticom sini-must-valge pildiga 4,5h 6tk\/pakis"}]},{"@type":"WebSite","@id":"https:\/\/horticom.ee\/e-pood\/#website","url":"https:\/\/horticom.ee\/e-pood\/","name":"Horticom.ee","description":"Aianduskaubad ja kodukaubad nii harrastajatele kui professionaalidele","potentialAction":[{"@type":"SearchAction","target":{"@type":"EntryPoint","urlTemplate":"https:\/\/horticom.ee\/e-pood\/?s={search_term_string}"},"query-input":{"@type":"PropertyValueSpecification","valueRequired":true,"valueName":"search_term_string"}}],"inLanguage":"et"}]}},"_links":{"self":[{"href":"https:\/\/horticom.ee\/e-pood\/wp-json\/wp\/v2\/product\/155304","targetHints":{"allow":["GET"]}}],"collection":[{"href":"https:\/\/horticom.ee\/e-pood\/wp-json\/wp\/v2\/product"}],"about":[{"href":"https:\/\/horticom.ee\/e-pood\/wp-json\/wp\/v2\/types\/product"}],"replies":[{"embeddable":true,"href":"https:\/\/horticom.ee\/e-pood\/wp-json\/wp\/v2\/comments?post=155304"}],"wp:featuredmedia":[{"embeddable":true,"href":"https:\/\/horticom.ee\/e-pood\/wp-json\/wp\/v2\/media\/158534"}],"wp:attachment":[{"href":"https:\/\/horticom.ee\/e-pood\/wp-json\/wp\/v2\/media?parent=155304"}],"wp:term":[{"taxonomy":"product_cat","embeddable":true,"href":"https:\/\/horticom.ee\/e-pood\/wp-json\/wp\/v2\/product_cat?post=155304"},{"taxonomy":"product_tag","embeddable":true,"href":"https:\/\/horticom.ee\/e-pood\/wp-json\/wp\/v2\/product_tag?post=155304"}],"curies":[{"name":"wp","href":"https:\/\/api.w.org\/{rel}","templated":true}]}}