{"id":155317,"date":"2022-01-18T00:13:27","date_gmt":"2022-01-17T22:13:27","guid":{"rendered":"https:\/\/aednik24.ee\/toode\/prussaka-geelsoot-ecogel-5g\/"},"modified":"2026-04-21T16:02:20","modified_gmt":"2026-04-21T13:02:20","slug":"prussaka-geelsoot-ecogel-5g","status":"publish","type":"product","link":"https:\/\/horticom.ee\/e-pood\/toode\/prussaka-geelsoot-ecogel-5g\/","title":{"rendered":"Prussaka geels\u00f6\u00f6t Ecogel 5g"},"content":{"rendered":"<p>Hea abivahend prussakate t\u00f5rjeks. Tilgad j\u00e4\u00e4vad k\u00f5ikide pindade k\u00fclge sh. vertikaalsetele, ega kaota oma m\u00f5ju ka k\u00f5rgematel temperatuuridel. N\u00e4iteks soojad kohad nagu mootorite, k\u00fclmkappide, pesumasinate tagused. T\u00f5rjevahendi m\u00f5juaeg on \u00fcks n\u00e4dal. P\u00e4rast seda on prussakad h\u00e4vinenud. Vajadusel korrata t\u00f6\u00f6tlust kolme kuu p\u00e4rast. NB! KASUTAGE  BIOTSIIDI  OHUTULT. ENNE KASUTAMIST LUGEGE ALATI L\u00c4BI M\u00c4RGISTUS JA TEAVE TOOTE KOHTA.<\/p>\n","protected":false},"excerpt":{"rendered":"<p>Hea abivahend prussakate t\u00f5rjeks. Tilgad j\u00e4\u00e4vad k\u00f5ikide pindade k\u00fclge sh. vertikaalsetele, ega kaota oma m\u00f5ju ka k\u00f5rgematel temperatuuridel. N\u00e4iteks soojad kohad nagu mootorite, k\u00fclmkappide, pesumasinate tagused. T\u00f5rjevahendi m\u00f5juaeg on \u00fcks n\u00e4dal. P\u00e4rast seda on prussakad h\u00e4vinenud. Vajadusel korrata t\u00f6\u00f6tlust kolme kuu p\u00e4rast. NB! KASUTAGE BIOTSIIDI OHUTULT. ENNE KASUTAMIST LUGEGE ALATI L\u00c4BI M\u00c4RGISTUS JA TEAVE TOOTE [&hellip;]<\/p>\n","protected":false},"featured_media":393547,"comment_status":"closed","ping_status":"closed","template":"","meta":{"_themeisle_gutenberg_block_has_review":false},"product_cat":[13596],"product_tag":[],"class_list":{"0":"post-155317","1":"product","2":"type-product","3":"status-publish","4":"has-post-thumbnail","6":"product_cat-prussakad","8":"first","9":"instock","10":"shipping-taxable","11":"purchasable","12":"product-type-simple"},"yoast_head":"<!-- This site is optimized with the Yoast SEO plugin v24.0 - https:\/\/yoast.com\/wordpress\/plugins\/seo\/ -->\n<title>Prussaka geels\u00f6\u00f6t Ecogel 5g - Horticom.ee\/e-pood<\/title>\n<meta name=\"description\" content=\"Hea abivahend prussakate t\u00f5rjeks. Tilgad j\u00e4\u00e4vad k\u00f5ikide pindade k\u00fclge sh. vertikaalsetele, ega kaota oma m\u00f5ju ka k\u00f5rgematel temperatuuridel.\" \/>\n<meta name=\"robots\" content=\"index, follow, max-snippet:-1, max-image-preview:large, max-video-preview:-1\" \/>\n<link rel=\"canonical\" href=\"https:\/\/horticom.ee\/e-pood\/toode\/prussaka-geelsoot-ecogel-5g\/\" \/>\n<meta property=\"og:locale\" content=\"et_EE\" \/>\n<meta property=\"og:type\" content=\"article\" \/>\n<meta property=\"og:title\" content=\"Prussaka geels\u00f6\u00f6t Ecogel 5g - Horticom.ee\/e-pood\" \/>\n<meta property=\"og:description\" content=\"Hea abivahend prussakate t\u00f5rjeks. Tilgad j\u00e4\u00e4vad k\u00f5ikide pindade k\u00fclge sh. vertikaalsetele, ega kaota oma m\u00f5ju ka k\u00f5rgematel temperatuuridel.\" \/>\n<meta property=\"og:url\" content=\"https:\/\/horticom.ee\/e-pood\/toode\/prussaka-geelsoot-ecogel-5g\/\" \/>\n<meta property=\"og:site_name\" content=\"Horticom.ee\" \/>\n<meta property=\"article:publisher\" content=\"https:\/\/www.facebook.com\/horticom.ee\/e-pood\" \/>\n<meta property=\"article:modified_time\" content=\"2026-04-21T13:02:20+00:00\" \/>\n<meta property=\"og:image\" content=\"https:\/\/horticom.ee\/e-pood\/wp-content\/uploads\/importedmedia\/product-155317_0-P1000.jpg\" \/>\n\t<meta property=\"og:image:width\" content=\"999\" \/>\n\t<meta property=\"og:image:height\" content=\"1499\" \/>\n\t<meta property=\"og:image:type\" content=\"image\/jpeg\" \/>\n<meta name=\"twitter:card\" content=\"summary_large_image\" \/>\n<script type=\"application\/ld+json\" class=\"yoast-schema-graph\">{\"@context\":\"https:\/\/schema.org\",\"@graph\":[{\"@type\":\"WebPage\",\"@id\":\"https:\/\/horticom.ee\/e-pood\/toode\/prussaka-geelsoot-ecogel-5g\/\",\"url\":\"https:\/\/horticom.ee\/e-pood\/toode\/prussaka-geelsoot-ecogel-5g\/\",\"name\":\"Prussaka geels\u00f6\u00f6t Ecogel 5g - Horticom.ee\/e-pood\",\"isPartOf\":{\"@id\":\"https:\/\/horticom.ee\/e-pood\/#website\"},\"primaryImageOfPage\":{\"@id\":\"https:\/\/horticom.ee\/e-pood\/toode\/prussaka-geelsoot-ecogel-5g\/#primaryimage\"},\"image\":{\"@id\":\"https:\/\/horticom.ee\/e-pood\/toode\/prussaka-geelsoot-ecogel-5g\/#primaryimage\"},\"thumbnailUrl\":\"https:\/\/horticom.ee\/e-pood\/wp-content\/uploads\/importedmedia\/product-155317_0-P1000.jpg\",\"datePublished\":\"2022-01-17T22:13:27+00:00\",\"dateModified\":\"2026-04-21T13:02:20+00:00\",\"description\":\"Hea abivahend prussakate t\u00f5rjeks. Tilgad j\u00e4\u00e4vad k\u00f5ikide pindade k\u00fclge sh. vertikaalsetele, ega kaota oma m\u00f5ju ka k\u00f5rgematel temperatuuridel.\",\"breadcrumb\":{\"@id\":\"https:\/\/horticom.ee\/e-pood\/toode\/prussaka-geelsoot-ecogel-5g\/#breadcrumb\"},\"inLanguage\":\"et\",\"potentialAction\":[{\"@type\":\"ReadAction\",\"target\":[\"https:\/\/horticom.ee\/e-pood\/toode\/prussaka-geelsoot-ecogel-5g\/\"]}]},{\"@type\":\"ImageObject\",\"inLanguage\":\"et\",\"@id\":\"https:\/\/horticom.ee\/e-pood\/toode\/prussaka-geelsoot-ecogel-5g\/#primaryimage\",\"url\":\"https:\/\/horticom.ee\/e-pood\/wp-content\/uploads\/importedmedia\/product-155317_0-P1000.jpg\",\"contentUrl\":\"https:\/\/horticom.ee\/e-pood\/wp-content\/uploads\/importedmedia\/product-155317_0-P1000.jpg\",\"width\":999,\"height\":1499,\"caption\":\"Prussaka geels\u00f6\u00f6t Ecogel 5g\"},{\"@type\":\"BreadcrumbList\",\"@id\":\"https:\/\/horticom.ee\/e-pood\/toode\/prussaka-geelsoot-ecogel-5g\/#breadcrumb\",\"itemListElement\":[{\"@type\":\"ListItem\",\"position\":1,\"name\":\"Home\",\"item\":\"https:\/\/horticom.ee\/e-pood\/\"},{\"@type\":\"ListItem\",\"position\":2,\"name\":\"Pood\",\"item\":\"https:\/\/horticom.ee\/e-pood\/pood\/\"},{\"@type\":\"ListItem\",\"position\":3,\"name\":\"Prussaka geels\u00f6\u00f6t Ecogel 5g\"}]},{\"@type\":\"WebSite\",\"@id\":\"https:\/\/horticom.ee\/e-pood\/#website\",\"url\":\"https:\/\/horticom.ee\/e-pood\/\",\"name\":\"Horticom.ee\",\"description\":\"Aianduskaubad ja kodukaubad nii harrastajatele kui professionaalidele\",\"potentialAction\":[{\"@type\":\"SearchAction\",\"target\":{\"@type\":\"EntryPoint\",\"urlTemplate\":\"https:\/\/horticom.ee\/e-pood\/?s={search_term_string}\"},\"query-input\":{\"@type\":\"PropertyValueSpecification\",\"valueRequired\":true,\"valueName\":\"search_term_string\"}}],\"inLanguage\":\"et\"}]}<\/script>\n<!-- \/ Yoast SEO plugin. -->","yoast_head_json":{"title":"Prussaka geels\u00f6\u00f6t Ecogel 5g - Horticom.ee\/e-pood","description":"Hea abivahend prussakate t\u00f5rjeks. Tilgad j\u00e4\u00e4vad k\u00f5ikide pindade k\u00fclge sh. vertikaalsetele, ega kaota oma m\u00f5ju ka k\u00f5rgematel temperatuuridel.","robots":{"index":"index","follow":"follow","max-snippet":"max-snippet:-1","max-image-preview":"max-image-preview:large","max-video-preview":"max-video-preview:-1"},"canonical":"https:\/\/horticom.ee\/e-pood\/toode\/prussaka-geelsoot-ecogel-5g\/","og_locale":"et_EE","og_type":"article","og_title":"Prussaka geels\u00f6\u00f6t Ecogel 5g - Horticom.ee\/e-pood","og_description":"Hea abivahend prussakate t\u00f5rjeks. Tilgad j\u00e4\u00e4vad k\u00f5ikide pindade k\u00fclge sh. vertikaalsetele, ega kaota oma m\u00f5ju ka k\u00f5rgematel temperatuuridel.","og_url":"https:\/\/horticom.ee\/e-pood\/toode\/prussaka-geelsoot-ecogel-5g\/","og_site_name":"Horticom.ee","article_publisher":"https:\/\/www.facebook.com\/horticom.ee\/e-pood","article_modified_time":"2026-04-21T13:02:20+00:00","og_image":[{"width":999,"height":1499,"url":"https:\/\/horticom.ee\/e-pood\/wp-content\/uploads\/importedmedia\/product-155317_0-P1000.jpg","type":"image\/jpeg"}],"twitter_card":"summary_large_image","schema":{"@context":"https:\/\/schema.org","@graph":[{"@type":"WebPage","@id":"https:\/\/horticom.ee\/e-pood\/toode\/prussaka-geelsoot-ecogel-5g\/","url":"https:\/\/horticom.ee\/e-pood\/toode\/prussaka-geelsoot-ecogel-5g\/","name":"Prussaka geels\u00f6\u00f6t Ecogel 5g - Horticom.ee\/e-pood","isPartOf":{"@id":"https:\/\/horticom.ee\/e-pood\/#website"},"primaryImageOfPage":{"@id":"https:\/\/horticom.ee\/e-pood\/toode\/prussaka-geelsoot-ecogel-5g\/#primaryimage"},"image":{"@id":"https:\/\/horticom.ee\/e-pood\/toode\/prussaka-geelsoot-ecogel-5g\/#primaryimage"},"thumbnailUrl":"https:\/\/horticom.ee\/e-pood\/wp-content\/uploads\/importedmedia\/product-155317_0-P1000.jpg","datePublished":"2022-01-17T22:13:27+00:00","dateModified":"2026-04-21T13:02:20+00:00","description":"Hea abivahend prussakate t\u00f5rjeks. Tilgad j\u00e4\u00e4vad k\u00f5ikide pindade k\u00fclge sh. vertikaalsetele, ega kaota oma m\u00f5ju ka k\u00f5rgematel temperatuuridel.","breadcrumb":{"@id":"https:\/\/horticom.ee\/e-pood\/toode\/prussaka-geelsoot-ecogel-5g\/#breadcrumb"},"inLanguage":"et","potentialAction":[{"@type":"ReadAction","target":["https:\/\/horticom.ee\/e-pood\/toode\/prussaka-geelsoot-ecogel-5g\/"]}]},{"@type":"ImageObject","inLanguage":"et","@id":"https:\/\/horticom.ee\/e-pood\/toode\/prussaka-geelsoot-ecogel-5g\/#primaryimage","url":"https:\/\/horticom.ee\/e-pood\/wp-content\/uploads\/importedmedia\/product-155317_0-P1000.jpg","contentUrl":"https:\/\/horticom.ee\/e-pood\/wp-content\/uploads\/importedmedia\/product-155317_0-P1000.jpg","width":999,"height":1499,"caption":"Prussaka geels\u00f6\u00f6t Ecogel 5g"},{"@type":"BreadcrumbList","@id":"https:\/\/horticom.ee\/e-pood\/toode\/prussaka-geelsoot-ecogel-5g\/#breadcrumb","itemListElement":[{"@type":"ListItem","position":1,"name":"Home","item":"https:\/\/horticom.ee\/e-pood\/"},{"@type":"ListItem","position":2,"name":"Pood","item":"https:\/\/horticom.ee\/e-pood\/pood\/"},{"@type":"ListItem","position":3,"name":"Prussaka geels\u00f6\u00f6t Ecogel 5g"}]},{"@type":"WebSite","@id":"https:\/\/horticom.ee\/e-pood\/#website","url":"https:\/\/horticom.ee\/e-pood\/","name":"Horticom.ee","description":"Aianduskaubad ja kodukaubad nii harrastajatele kui professionaalidele","potentialAction":[{"@type":"SearchAction","target":{"@type":"EntryPoint","urlTemplate":"https:\/\/horticom.ee\/e-pood\/?s={search_term_string}"},"query-input":{"@type":"PropertyValueSpecification","valueRequired":true,"valueName":"search_term_string"}}],"inLanguage":"et"}]}},"_links":{"self":[{"href":"https:\/\/horticom.ee\/e-pood\/wp-json\/wp\/v2\/product\/155317","targetHints":{"allow":["GET"]}}],"collection":[{"href":"https:\/\/horticom.ee\/e-pood\/wp-json\/wp\/v2\/product"}],"about":[{"href":"https:\/\/horticom.ee\/e-pood\/wp-json\/wp\/v2\/types\/product"}],"replies":[{"embeddable":true,"href":"https:\/\/horticom.ee\/e-pood\/wp-json\/wp\/v2\/comments?post=155317"}],"wp:featuredmedia":[{"embeddable":true,"href":"https:\/\/horticom.ee\/e-pood\/wp-json\/wp\/v2\/media\/393547"}],"wp:attachment":[{"href":"https:\/\/horticom.ee\/e-pood\/wp-json\/wp\/v2\/media?parent=155317"}],"wp:term":[{"taxonomy":"product_cat","embeddable":true,"href":"https:\/\/horticom.ee\/e-pood\/wp-json\/wp\/v2\/product_cat?post=155317"},{"taxonomy":"product_tag","embeddable":true,"href":"https:\/\/horticom.ee\/e-pood\/wp-json\/wp\/v2\/product_tag?post=155317"}],"curies":[{"name":"wp","href":"https:\/\/api.w.org\/{rel}","templated":true}]}}