{"id":155321,"date":"2022-01-18T00:13:29","date_gmt":"2022-01-17T22:13:29","guid":{"rendered":"https:\/\/aednik24.ee\/toode\/prussaka-geelsoot-ecogel-10g\/"},"modified":"2026-05-08T14:01:05","modified_gmt":"2026-05-08T11:01:05","slug":"prussaka-geelsoot-ecogel-10g","status":"publish","type":"product","link":"https:\/\/horticom.ee\/e-pood\/toode\/prussaka-geelsoot-ecogel-10g\/","title":{"rendered":"Prussaka geels\u00f6\u00f6t Ecogel 10g"},"content":{"rendered":"<p>Hea abivahend prussakate t\u00f5rjeks. Tilgad j\u00e4\u00e4vad  k\u00f5ikide pindade k\u00fclge sh. vertikaalsetele. Ei kaota oma m\u00f5ju ka k\u00f5rgematel temperatuuridel. T\u00f5rjevahendi m\u00f5juaeg on \u00fcks n\u00e4dal &#8211; p\u00e4rast seda on prussakad h\u00e4vinud. Vajadusel korrata t\u00f6\u00f6tlust kolme kuu p\u00e4rast.<\/p>\n","protected":false},"excerpt":{"rendered":"<p>Hea abivahend prussakate t\u00f5rjeks. Tilgad j\u00e4\u00e4vad k\u00f5ikide pindade k\u00fclge sh. vertikaalsetele. Ei kaota oma m\u00f5ju ka k\u00f5rgematel temperatuuridel. T\u00f5rjevahendi m\u00f5juaeg on \u00fcks n\u00e4dal &#8211; p\u00e4rast seda on prussakad h\u00e4vinud. Vajadusel korrata t\u00f6\u00f6tlust kolme kuu p\u00e4rast.<\/p>\n","protected":false},"featured_media":158508,"comment_status":"closed","ping_status":"closed","template":"","meta":{"_themeisle_gutenberg_block_has_review":false},"product_cat":[13596],"product_tag":[],"class_list":{"0":"post-155321","1":"product","2":"type-product","3":"status-publish","4":"has-post-thumbnail","6":"product_cat-prussakad","8":"first","9":"instock","10":"shipping-taxable","11":"purchasable","12":"product-type-simple"},"yoast_head":"<!-- This site is optimized with the Yoast SEO plugin v24.0 - https:\/\/yoast.com\/wordpress\/plugins\/seo\/ -->\n<title>Prussaka geels\u00f6\u00f6t Ecogel 10g - Horticom.ee\/e-pood<\/title>\n<meta name=\"description\" content=\"L\u00f5hnateek\u00fc\u00fcnal tekitab positiivseid emotsioone. Kauakestev, hea p\u00f5lemise kvaliteediga ning rahuliku leegiga. P\u00f5lemisaeg ca 4,5h.\" \/>\n<meta name=\"robots\" content=\"index, follow, max-snippet:-1, max-image-preview:large, max-video-preview:-1\" \/>\n<link rel=\"canonical\" href=\"https:\/\/horticom.ee\/e-pood\/toode\/prussaka-geelsoot-ecogel-10g\/\" \/>\n<meta property=\"og:locale\" content=\"et_EE\" \/>\n<meta property=\"og:type\" content=\"article\" \/>\n<meta property=\"og:title\" content=\"Prussaka geels\u00f6\u00f6t Ecogel 10g - Horticom.ee\/e-pood\" \/>\n<meta property=\"og:description\" content=\"L\u00f5hnateek\u00fc\u00fcnal tekitab positiivseid emotsioone. Kauakestev, hea p\u00f5lemise kvaliteediga ning rahuliku leegiga. P\u00f5lemisaeg ca 4,5h.\" \/>\n<meta property=\"og:url\" content=\"https:\/\/horticom.ee\/e-pood\/toode\/prussaka-geelsoot-ecogel-10g\/\" \/>\n<meta property=\"og:site_name\" content=\"Horticom.ee\" \/>\n<meta property=\"article:publisher\" content=\"https:\/\/www.facebook.com\/horticom.ee\/e-pood\" \/>\n<meta property=\"article:modified_time\" content=\"2026-05-08T11:01:05+00:00\" \/>\n<meta property=\"og:image\" content=\"https:\/\/horticom.ee\/e-pood\/wp-content\/uploads\/importedmedia\/product-155321_0-P1001.jpg\" \/>\n\t<meta property=\"og:image:width\" content=\"1000\" \/>\n\t<meta property=\"og:image:height\" content=\"1333\" \/>\n\t<meta property=\"og:image:type\" content=\"image\/jpeg\" \/>\n<meta name=\"twitter:card\" content=\"summary_large_image\" \/>\n<script type=\"application\/ld+json\" class=\"yoast-schema-graph\">{\"@context\":\"https:\/\/schema.org\",\"@graph\":[{\"@type\":\"WebPage\",\"@id\":\"https:\/\/horticom.ee\/e-pood\/toode\/prussaka-geelsoot-ecogel-10g\/\",\"url\":\"https:\/\/horticom.ee\/e-pood\/toode\/prussaka-geelsoot-ecogel-10g\/\",\"name\":\"Prussaka geels\u00f6\u00f6t Ecogel 10g - Horticom.ee\/e-pood\",\"isPartOf\":{\"@id\":\"https:\/\/horticom.ee\/e-pood\/#website\"},\"primaryImageOfPage\":{\"@id\":\"https:\/\/horticom.ee\/e-pood\/toode\/prussaka-geelsoot-ecogel-10g\/#primaryimage\"},\"image\":{\"@id\":\"https:\/\/horticom.ee\/e-pood\/toode\/prussaka-geelsoot-ecogel-10g\/#primaryimage\"},\"thumbnailUrl\":\"https:\/\/horticom.ee\/e-pood\/wp-content\/uploads\/importedmedia\/product-155321_0-P1001.jpg\",\"datePublished\":\"2022-01-17T22:13:29+00:00\",\"dateModified\":\"2026-05-08T11:01:05+00:00\",\"description\":\"L\u00f5hnateek\u00fc\u00fcnal tekitab positiivseid emotsioone. Kauakestev, hea p\u00f5lemise kvaliteediga ning rahuliku leegiga. P\u00f5lemisaeg ca 4,5h.\",\"breadcrumb\":{\"@id\":\"https:\/\/horticom.ee\/e-pood\/toode\/prussaka-geelsoot-ecogel-10g\/#breadcrumb\"},\"inLanguage\":\"et\",\"potentialAction\":[{\"@type\":\"ReadAction\",\"target\":[\"https:\/\/horticom.ee\/e-pood\/toode\/prussaka-geelsoot-ecogel-10g\/\"]}]},{\"@type\":\"ImageObject\",\"inLanguage\":\"et\",\"@id\":\"https:\/\/horticom.ee\/e-pood\/toode\/prussaka-geelsoot-ecogel-10g\/#primaryimage\",\"url\":\"https:\/\/horticom.ee\/e-pood\/wp-content\/uploads\/importedmedia\/product-155321_0-P1001.jpg\",\"contentUrl\":\"https:\/\/horticom.ee\/e-pood\/wp-content\/uploads\/importedmedia\/product-155321_0-P1001.jpg\",\"width\":1000,\"height\":1333,\"caption\":\"Prussaka geels\u00f6\u00f6t Ecogel 10g\"},{\"@type\":\"BreadcrumbList\",\"@id\":\"https:\/\/horticom.ee\/e-pood\/toode\/prussaka-geelsoot-ecogel-10g\/#breadcrumb\",\"itemListElement\":[{\"@type\":\"ListItem\",\"position\":1,\"name\":\"Home\",\"item\":\"https:\/\/horticom.ee\/e-pood\/\"},{\"@type\":\"ListItem\",\"position\":2,\"name\":\"Pood\",\"item\":\"https:\/\/horticom.ee\/e-pood\/pood\/\"},{\"@type\":\"ListItem\",\"position\":3,\"name\":\"Prussaka geels\u00f6\u00f6t Ecogel 10g\"}]},{\"@type\":\"WebSite\",\"@id\":\"https:\/\/horticom.ee\/e-pood\/#website\",\"url\":\"https:\/\/horticom.ee\/e-pood\/\",\"name\":\"Horticom.ee\",\"description\":\"Aianduskaubad ja kodukaubad nii harrastajatele kui professionaalidele\",\"potentialAction\":[{\"@type\":\"SearchAction\",\"target\":{\"@type\":\"EntryPoint\",\"urlTemplate\":\"https:\/\/horticom.ee\/e-pood\/?s={search_term_string}\"},\"query-input\":{\"@type\":\"PropertyValueSpecification\",\"valueRequired\":true,\"valueName\":\"search_term_string\"}}],\"inLanguage\":\"et\"}]}<\/script>\n<!-- \/ Yoast SEO plugin. -->","yoast_head_json":{"title":"Prussaka geels\u00f6\u00f6t Ecogel 10g - Horticom.ee\/e-pood","description":"L\u00f5hnateek\u00fc\u00fcnal tekitab positiivseid emotsioone. Kauakestev, hea p\u00f5lemise kvaliteediga ning rahuliku leegiga. P\u00f5lemisaeg ca 4,5h.","robots":{"index":"index","follow":"follow","max-snippet":"max-snippet:-1","max-image-preview":"max-image-preview:large","max-video-preview":"max-video-preview:-1"},"canonical":"https:\/\/horticom.ee\/e-pood\/toode\/prussaka-geelsoot-ecogel-10g\/","og_locale":"et_EE","og_type":"article","og_title":"Prussaka geels\u00f6\u00f6t Ecogel 10g - Horticom.ee\/e-pood","og_description":"L\u00f5hnateek\u00fc\u00fcnal tekitab positiivseid emotsioone. Kauakestev, hea p\u00f5lemise kvaliteediga ning rahuliku leegiga. P\u00f5lemisaeg ca 4,5h.","og_url":"https:\/\/horticom.ee\/e-pood\/toode\/prussaka-geelsoot-ecogel-10g\/","og_site_name":"Horticom.ee","article_publisher":"https:\/\/www.facebook.com\/horticom.ee\/e-pood","article_modified_time":"2026-05-08T11:01:05+00:00","og_image":[{"width":1000,"height":1333,"url":"https:\/\/horticom.ee\/e-pood\/wp-content\/uploads\/importedmedia\/product-155321_0-P1001.jpg","type":"image\/jpeg"}],"twitter_card":"summary_large_image","schema":{"@context":"https:\/\/schema.org","@graph":[{"@type":"WebPage","@id":"https:\/\/horticom.ee\/e-pood\/toode\/prussaka-geelsoot-ecogel-10g\/","url":"https:\/\/horticom.ee\/e-pood\/toode\/prussaka-geelsoot-ecogel-10g\/","name":"Prussaka geels\u00f6\u00f6t Ecogel 10g - Horticom.ee\/e-pood","isPartOf":{"@id":"https:\/\/horticom.ee\/e-pood\/#website"},"primaryImageOfPage":{"@id":"https:\/\/horticom.ee\/e-pood\/toode\/prussaka-geelsoot-ecogel-10g\/#primaryimage"},"image":{"@id":"https:\/\/horticom.ee\/e-pood\/toode\/prussaka-geelsoot-ecogel-10g\/#primaryimage"},"thumbnailUrl":"https:\/\/horticom.ee\/e-pood\/wp-content\/uploads\/importedmedia\/product-155321_0-P1001.jpg","datePublished":"2022-01-17T22:13:29+00:00","dateModified":"2026-05-08T11:01:05+00:00","description":"L\u00f5hnateek\u00fc\u00fcnal tekitab positiivseid emotsioone. Kauakestev, hea p\u00f5lemise kvaliteediga ning rahuliku leegiga. P\u00f5lemisaeg ca 4,5h.","breadcrumb":{"@id":"https:\/\/horticom.ee\/e-pood\/toode\/prussaka-geelsoot-ecogel-10g\/#breadcrumb"},"inLanguage":"et","potentialAction":[{"@type":"ReadAction","target":["https:\/\/horticom.ee\/e-pood\/toode\/prussaka-geelsoot-ecogel-10g\/"]}]},{"@type":"ImageObject","inLanguage":"et","@id":"https:\/\/horticom.ee\/e-pood\/toode\/prussaka-geelsoot-ecogel-10g\/#primaryimage","url":"https:\/\/horticom.ee\/e-pood\/wp-content\/uploads\/importedmedia\/product-155321_0-P1001.jpg","contentUrl":"https:\/\/horticom.ee\/e-pood\/wp-content\/uploads\/importedmedia\/product-155321_0-P1001.jpg","width":1000,"height":1333,"caption":"Prussaka geels\u00f6\u00f6t Ecogel 10g"},{"@type":"BreadcrumbList","@id":"https:\/\/horticom.ee\/e-pood\/toode\/prussaka-geelsoot-ecogel-10g\/#breadcrumb","itemListElement":[{"@type":"ListItem","position":1,"name":"Home","item":"https:\/\/horticom.ee\/e-pood\/"},{"@type":"ListItem","position":2,"name":"Pood","item":"https:\/\/horticom.ee\/e-pood\/pood\/"},{"@type":"ListItem","position":3,"name":"Prussaka geels\u00f6\u00f6t Ecogel 10g"}]},{"@type":"WebSite","@id":"https:\/\/horticom.ee\/e-pood\/#website","url":"https:\/\/horticom.ee\/e-pood\/","name":"Horticom.ee","description":"Aianduskaubad ja kodukaubad nii harrastajatele kui professionaalidele","potentialAction":[{"@type":"SearchAction","target":{"@type":"EntryPoint","urlTemplate":"https:\/\/horticom.ee\/e-pood\/?s={search_term_string}"},"query-input":{"@type":"PropertyValueSpecification","valueRequired":true,"valueName":"search_term_string"}}],"inLanguage":"et"}]}},"_links":{"self":[{"href":"https:\/\/horticom.ee\/e-pood\/wp-json\/wp\/v2\/product\/155321","targetHints":{"allow":["GET"]}}],"collection":[{"href":"https:\/\/horticom.ee\/e-pood\/wp-json\/wp\/v2\/product"}],"about":[{"href":"https:\/\/horticom.ee\/e-pood\/wp-json\/wp\/v2\/types\/product"}],"replies":[{"embeddable":true,"href":"https:\/\/horticom.ee\/e-pood\/wp-json\/wp\/v2\/comments?post=155321"}],"wp:featuredmedia":[{"embeddable":true,"href":"https:\/\/horticom.ee\/e-pood\/wp-json\/wp\/v2\/media\/158508"}],"wp:attachment":[{"href":"https:\/\/horticom.ee\/e-pood\/wp-json\/wp\/v2\/media?parent=155321"}],"wp:term":[{"taxonomy":"product_cat","embeddable":true,"href":"https:\/\/horticom.ee\/e-pood\/wp-json\/wp\/v2\/product_cat?post=155321"},{"taxonomy":"product_tag","embeddable":true,"href":"https:\/\/horticom.ee\/e-pood\/wp-json\/wp\/v2\/product_tag?post=155321"}],"curies":[{"name":"wp","href":"https:\/\/api.w.org\/{rel}","templated":true}]}}