{"id":155352,"date":"2022-01-18T00:13:45","date_gmt":"2022-01-17T22:13:45","guid":{"rendered":"https:\/\/aednik24.ee\/toode\/pikaajaline-roosivaetis-koikidele-roosidele-ja-oitsvatele-poosastaimedele-compo-6-kuud-850g\/"},"modified":"2026-04-20T12:01:25","modified_gmt":"2026-04-20T09:01:25","slug":"pikaajaline-roosivaetis-koikidele-roosidele-ja-oitsvatele-poosastaimedele-compo-6-kuud-850g","status":"publish","type":"product","link":"https:\/\/horticom.ee\/e-pood\/toode\/pikaajaline-roosivaetis-koikidele-roosidele-ja-oitsvatele-poosastaimedele-compo-6-kuud-850g\/","title":{"rendered":"Pikaajaline roosiv\u00e4etis k\u00f5ikidele roosidele ja \u00f5itsvatele p\u00f5\u00f5sastaimedele 6-kuud Compo 850g"},"content":{"rendered":"<p>Pikaajaline v\u00e4etis, kus toitainete vabastamine toimub kahes faasis. Esmane m\u00f5ju: helehallid v\u00e4etisegraanulid vabastavad toiteained kohe, nii et taimed on esimesest p\u00e4evast alates k\u00f5ikide olulisemate p\u00f5hi- ja mikrotoitainetega varustatud. K\u00f5rge algvajadus kaetakse seel\u00e4bi optimaalselt. Pikaajaline m\u00f5ju: vaigukihiga kaetud rohelised v\u00e4etisegraanulid katavad hilisema toitainete vajaduse. Nende pikaajaline toime 6 kuud hakkab aeglaselt m\u00f5juma. Soojuse ja vee m\u00f5jul tungivad toitained v\u00e4hehaaval l\u00e4bi \u00fcmbriskihi. V\u00e4etise m\u00f5ju: Kingib kauneid ja kauap\u00fcsivaid \u00f5isi. \u00dchekordsest v\u00e4etamisest piisab terveks \u00f5itsemishooajaks. Optimaalne varustamine t\u00e4nu esmasele ja pikaajalisele m\u00f5jule 6 kuud. Pole \u00fcle- ega alav\u00e4etamist: vajadusekohane doseerimine vastavalt niiskusele ja soojusele. K\u00f5ik olulisemad p\u00f5hi- ja mikrotoitained igas teras hoolitsevad tugeva \u00f5ie ja terve kasvu eest. Vastupidavus haiguste ja kahjustuste vastu suureneb. COMPO pikaajalise toimega roosiv\u00e4etis on koosk\u00f5las rooside ja \u00f5itsvate p\u00f5\u00f5saste spetsiaalsete vajadustega.<\/p>\n","protected":false},"excerpt":{"rendered":"<p>Pikaajaline v\u00e4etis, kus toitainete vabastamine toimub kahes faasis. Esmane m\u00f5ju: helehallid v\u00e4etisegraanulid vabastavad toiteained kohe, nii et taimed on esimesest p\u00e4evast alates k\u00f5ikide olulisemate p\u00f5hi- ja mikrotoitainetega varustatud. K\u00f5rge algvajadus kaetakse seel\u00e4bi optimaalselt. Pikaajaline m\u00f5ju: vaigukihiga kaetud rohelised v\u00e4etisegraanulid katavad hilisema toitainete vajaduse. Nende pikaajaline toime 6 kuud hakkab aeglaselt m\u00f5juma. Soojuse ja vee m\u00f5jul [&hellip;]<\/p>\n","protected":false},"featured_media":158446,"comment_status":"closed","ping_status":"closed","template":"","meta":{"_themeisle_gutenberg_block_has_review":false},"product_cat":[16962,16963,13572],"product_tag":[],"class_list":{"0":"post-155352","1":"product","2":"type-product","3":"status-publish","4":"has-post-thumbnail","6":"product_cat-ilupoosastele-ja-pusikutele","7":"product_cat-roosidele","8":"product_cat-vaetised-lilledele","10":"first","11":"instock","12":"shipping-taxable","13":"purchasable","14":"product-type-simple"},"yoast_head":"<!-- This site is optimized with the Yoast SEO plugin v24.0 - https:\/\/yoast.com\/wordpress\/plugins\/seo\/ -->\n<title>Pikaajaline roosiv\u00e4etis k\u00f5ikidele roosidele ja \u00f5itsvatele p\u00f5\u00f5sastaimedele 6-kuud Compo 850g - Horticom<\/title>\n<meta name=\"robots\" content=\"index, follow, max-snippet:-1, max-image-preview:large, max-video-preview:-1\" \/>\n<link rel=\"canonical\" href=\"https:\/\/horticom.ee\/e-pood\/toode\/pikaajaline-roosivaetis-koikidele-roosidele-ja-oitsvatele-poosastaimedele-compo-6-kuud-850g\/\" \/>\n<meta property=\"og:locale\" content=\"et_EE\" \/>\n<meta property=\"og:type\" content=\"article\" \/>\n<meta property=\"og:title\" content=\"Pikaajaline roosiv\u00e4etis k\u00f5ikidele roosidele ja \u00f5itsvatele p\u00f5\u00f5sastaimedele 6-kuud Compo 850g - Horticom\" \/>\n<meta property=\"og:description\" content=\"Pikaajaline v\u00e4etis, kus toitainete vabastamine toimub kahes faasis. Esmane m\u00f5ju: helehallid v\u00e4etisegraanulid vabastavad toiteained kohe, nii et taimed on esimesest p\u00e4evast alates k\u00f5ikide olulisemate p\u00f5hi- ja mikrotoitainetega varustatud. K\u00f5rge algvajadus kaetakse seel\u00e4bi optimaalselt. Pikaajaline m\u00f5ju: vaigukihiga kaetud rohelised v\u00e4etisegraanulid katavad hilisema toitainete vajaduse. Nende pikaajaline toime 6 kuud hakkab aeglaselt m\u00f5juma. Soojuse ja vee m\u00f5jul [&hellip;]\" \/>\n<meta property=\"og:url\" content=\"https:\/\/horticom.ee\/e-pood\/toode\/pikaajaline-roosivaetis-koikidele-roosidele-ja-oitsvatele-poosastaimedele-compo-6-kuud-850g\/\" \/>\n<meta property=\"og:site_name\" content=\"Horticom.ee\" \/>\n<meta property=\"article:publisher\" content=\"https:\/\/www.facebook.com\/horticom.ee\/e-pood\" \/>\n<meta property=\"article:modified_time\" content=\"2026-04-20T09:01:25+00:00\" \/>\n<meta property=\"og:image\" content=\"https:\/\/horticom.ee\/e-pood\/wp-content\/uploads\/importedmedia\/product-155352_0-6701238.jpg\" \/>\n\t<meta property=\"og:image:width\" content=\"1000\" \/>\n\t<meta property=\"og:image:height\" content=\"1414\" \/>\n\t<meta property=\"og:image:type\" content=\"image\/jpeg\" \/>\n<meta name=\"twitter:card\" content=\"summary_large_image\" \/>\n<meta name=\"twitter:label1\" content=\"Est. reading time\" \/>\n\t<meta name=\"twitter:data1\" content=\"1 minut\" \/>\n<script type=\"application\/ld+json\" class=\"yoast-schema-graph\">{\"@context\":\"https:\/\/schema.org\",\"@graph\":[{\"@type\":\"WebPage\",\"@id\":\"https:\/\/horticom.ee\/e-pood\/toode\/pikaajaline-roosivaetis-koikidele-roosidele-ja-oitsvatele-poosastaimedele-compo-6-kuud-850g\/\",\"url\":\"https:\/\/horticom.ee\/e-pood\/toode\/pikaajaline-roosivaetis-koikidele-roosidele-ja-oitsvatele-poosastaimedele-compo-6-kuud-850g\/\",\"name\":\"Pikaajaline roosiv\u00e4etis k\u00f5ikidele roosidele ja \u00f5itsvatele p\u00f5\u00f5sastaimedele 6-kuud Compo 850g - Horticom\",\"isPartOf\":{\"@id\":\"https:\/\/horticom.ee\/e-pood\/#website\"},\"primaryImageOfPage\":{\"@id\":\"https:\/\/horticom.ee\/e-pood\/toode\/pikaajaline-roosivaetis-koikidele-roosidele-ja-oitsvatele-poosastaimedele-compo-6-kuud-850g\/#primaryimage\"},\"image\":{\"@id\":\"https:\/\/horticom.ee\/e-pood\/toode\/pikaajaline-roosivaetis-koikidele-roosidele-ja-oitsvatele-poosastaimedele-compo-6-kuud-850g\/#primaryimage\"},\"thumbnailUrl\":\"https:\/\/horticom.ee\/e-pood\/wp-content\/uploads\/importedmedia\/product-155352_0-6701238.jpg\",\"datePublished\":\"2022-01-17T22:13:45+00:00\",\"dateModified\":\"2026-04-20T09:01:25+00:00\",\"breadcrumb\":{\"@id\":\"https:\/\/horticom.ee\/e-pood\/toode\/pikaajaline-roosivaetis-koikidele-roosidele-ja-oitsvatele-poosastaimedele-compo-6-kuud-850g\/#breadcrumb\"},\"inLanguage\":\"et\",\"potentialAction\":[{\"@type\":\"ReadAction\",\"target\":[\"https:\/\/horticom.ee\/e-pood\/toode\/pikaajaline-roosivaetis-koikidele-roosidele-ja-oitsvatele-poosastaimedele-compo-6-kuud-850g\/\"]}]},{\"@type\":\"ImageObject\",\"inLanguage\":\"et\",\"@id\":\"https:\/\/horticom.ee\/e-pood\/toode\/pikaajaline-roosivaetis-koikidele-roosidele-ja-oitsvatele-poosastaimedele-compo-6-kuud-850g\/#primaryimage\",\"url\":\"https:\/\/horticom.ee\/e-pood\/wp-content\/uploads\/importedmedia\/product-155352_0-6701238.jpg\",\"contentUrl\":\"https:\/\/horticom.ee\/e-pood\/wp-content\/uploads\/importedmedia\/product-155352_0-6701238.jpg\",\"width\":1000,\"height\":1414},{\"@type\":\"BreadcrumbList\",\"@id\":\"https:\/\/horticom.ee\/e-pood\/toode\/pikaajaline-roosivaetis-koikidele-roosidele-ja-oitsvatele-poosastaimedele-compo-6-kuud-850g\/#breadcrumb\",\"itemListElement\":[{\"@type\":\"ListItem\",\"position\":1,\"name\":\"Home\",\"item\":\"https:\/\/horticom.ee\/e-pood\/\"},{\"@type\":\"ListItem\",\"position\":2,\"name\":\"Pood\",\"item\":\"https:\/\/horticom.ee\/e-pood\/pood\/\"},{\"@type\":\"ListItem\",\"position\":3,\"name\":\"Pikaajaline roosiv\u00e4etis k\u00f5ikidele roosidele ja \u00f5itsvatele p\u00f5\u00f5sastaimedele 6-kuud Compo 850g\"}]},{\"@type\":\"WebSite\",\"@id\":\"https:\/\/horticom.ee\/e-pood\/#website\",\"url\":\"https:\/\/horticom.ee\/e-pood\/\",\"name\":\"Horticom.ee\",\"description\":\"Aianduskaubad ja kodukaubad nii harrastajatele kui professionaalidele\",\"potentialAction\":[{\"@type\":\"SearchAction\",\"target\":{\"@type\":\"EntryPoint\",\"urlTemplate\":\"https:\/\/horticom.ee\/e-pood\/?s={search_term_string}\"},\"query-input\":{\"@type\":\"PropertyValueSpecification\",\"valueRequired\":true,\"valueName\":\"search_term_string\"}}],\"inLanguage\":\"et\"}]}<\/script>\n<!-- \/ Yoast SEO plugin. -->","yoast_head_json":{"title":"Pikaajaline roosiv\u00e4etis k\u00f5ikidele roosidele ja \u00f5itsvatele p\u00f5\u00f5sastaimedele 6-kuud Compo 850g - Horticom","robots":{"index":"index","follow":"follow","max-snippet":"max-snippet:-1","max-image-preview":"max-image-preview:large","max-video-preview":"max-video-preview:-1"},"canonical":"https:\/\/horticom.ee\/e-pood\/toode\/pikaajaline-roosivaetis-koikidele-roosidele-ja-oitsvatele-poosastaimedele-compo-6-kuud-850g\/","og_locale":"et_EE","og_type":"article","og_title":"Pikaajaline roosiv\u00e4etis k\u00f5ikidele roosidele ja \u00f5itsvatele p\u00f5\u00f5sastaimedele 6-kuud Compo 850g - Horticom","og_description":"Pikaajaline v\u00e4etis, kus toitainete vabastamine toimub kahes faasis. Esmane m\u00f5ju: helehallid v\u00e4etisegraanulid vabastavad toiteained kohe, nii et taimed on esimesest p\u00e4evast alates k\u00f5ikide olulisemate p\u00f5hi- ja mikrotoitainetega varustatud. K\u00f5rge algvajadus kaetakse seel\u00e4bi optimaalselt. Pikaajaline m\u00f5ju: vaigukihiga kaetud rohelised v\u00e4etisegraanulid katavad hilisema toitainete vajaduse. Nende pikaajaline toime 6 kuud hakkab aeglaselt m\u00f5juma. Soojuse ja vee m\u00f5jul [&hellip;]","og_url":"https:\/\/horticom.ee\/e-pood\/toode\/pikaajaline-roosivaetis-koikidele-roosidele-ja-oitsvatele-poosastaimedele-compo-6-kuud-850g\/","og_site_name":"Horticom.ee","article_publisher":"https:\/\/www.facebook.com\/horticom.ee\/e-pood","article_modified_time":"2026-04-20T09:01:25+00:00","og_image":[{"width":1000,"height":1414,"url":"https:\/\/horticom.ee\/e-pood\/wp-content\/uploads\/importedmedia\/product-155352_0-6701238.jpg","type":"image\/jpeg"}],"twitter_card":"summary_large_image","twitter_misc":{"Est. reading time":"1 minut"},"schema":{"@context":"https:\/\/schema.org","@graph":[{"@type":"WebPage","@id":"https:\/\/horticom.ee\/e-pood\/toode\/pikaajaline-roosivaetis-koikidele-roosidele-ja-oitsvatele-poosastaimedele-compo-6-kuud-850g\/","url":"https:\/\/horticom.ee\/e-pood\/toode\/pikaajaline-roosivaetis-koikidele-roosidele-ja-oitsvatele-poosastaimedele-compo-6-kuud-850g\/","name":"Pikaajaline roosiv\u00e4etis k\u00f5ikidele roosidele ja \u00f5itsvatele p\u00f5\u00f5sastaimedele 6-kuud Compo 850g - Horticom","isPartOf":{"@id":"https:\/\/horticom.ee\/e-pood\/#website"},"primaryImageOfPage":{"@id":"https:\/\/horticom.ee\/e-pood\/toode\/pikaajaline-roosivaetis-koikidele-roosidele-ja-oitsvatele-poosastaimedele-compo-6-kuud-850g\/#primaryimage"},"image":{"@id":"https:\/\/horticom.ee\/e-pood\/toode\/pikaajaline-roosivaetis-koikidele-roosidele-ja-oitsvatele-poosastaimedele-compo-6-kuud-850g\/#primaryimage"},"thumbnailUrl":"https:\/\/horticom.ee\/e-pood\/wp-content\/uploads\/importedmedia\/product-155352_0-6701238.jpg","datePublished":"2022-01-17T22:13:45+00:00","dateModified":"2026-04-20T09:01:25+00:00","breadcrumb":{"@id":"https:\/\/horticom.ee\/e-pood\/toode\/pikaajaline-roosivaetis-koikidele-roosidele-ja-oitsvatele-poosastaimedele-compo-6-kuud-850g\/#breadcrumb"},"inLanguage":"et","potentialAction":[{"@type":"ReadAction","target":["https:\/\/horticom.ee\/e-pood\/toode\/pikaajaline-roosivaetis-koikidele-roosidele-ja-oitsvatele-poosastaimedele-compo-6-kuud-850g\/"]}]},{"@type":"ImageObject","inLanguage":"et","@id":"https:\/\/horticom.ee\/e-pood\/toode\/pikaajaline-roosivaetis-koikidele-roosidele-ja-oitsvatele-poosastaimedele-compo-6-kuud-850g\/#primaryimage","url":"https:\/\/horticom.ee\/e-pood\/wp-content\/uploads\/importedmedia\/product-155352_0-6701238.jpg","contentUrl":"https:\/\/horticom.ee\/e-pood\/wp-content\/uploads\/importedmedia\/product-155352_0-6701238.jpg","width":1000,"height":1414},{"@type":"BreadcrumbList","@id":"https:\/\/horticom.ee\/e-pood\/toode\/pikaajaline-roosivaetis-koikidele-roosidele-ja-oitsvatele-poosastaimedele-compo-6-kuud-850g\/#breadcrumb","itemListElement":[{"@type":"ListItem","position":1,"name":"Home","item":"https:\/\/horticom.ee\/e-pood\/"},{"@type":"ListItem","position":2,"name":"Pood","item":"https:\/\/horticom.ee\/e-pood\/pood\/"},{"@type":"ListItem","position":3,"name":"Pikaajaline roosiv\u00e4etis k\u00f5ikidele roosidele ja \u00f5itsvatele p\u00f5\u00f5sastaimedele 6-kuud Compo 850g"}]},{"@type":"WebSite","@id":"https:\/\/horticom.ee\/e-pood\/#website","url":"https:\/\/horticom.ee\/e-pood\/","name":"Horticom.ee","description":"Aianduskaubad ja kodukaubad nii harrastajatele kui professionaalidele","potentialAction":[{"@type":"SearchAction","target":{"@type":"EntryPoint","urlTemplate":"https:\/\/horticom.ee\/e-pood\/?s={search_term_string}"},"query-input":{"@type":"PropertyValueSpecification","valueRequired":true,"valueName":"search_term_string"}}],"inLanguage":"et"}]}},"_links":{"self":[{"href":"https:\/\/horticom.ee\/e-pood\/wp-json\/wp\/v2\/product\/155352","targetHints":{"allow":["GET"]}}],"collection":[{"href":"https:\/\/horticom.ee\/e-pood\/wp-json\/wp\/v2\/product"}],"about":[{"href":"https:\/\/horticom.ee\/e-pood\/wp-json\/wp\/v2\/types\/product"}],"replies":[{"embeddable":true,"href":"https:\/\/horticom.ee\/e-pood\/wp-json\/wp\/v2\/comments?post=155352"}],"wp:featuredmedia":[{"embeddable":true,"href":"https:\/\/horticom.ee\/e-pood\/wp-json\/wp\/v2\/media\/158446"}],"wp:attachment":[{"href":"https:\/\/horticom.ee\/e-pood\/wp-json\/wp\/v2\/media?parent=155352"}],"wp:term":[{"taxonomy":"product_cat","embeddable":true,"href":"https:\/\/horticom.ee\/e-pood\/wp-json\/wp\/v2\/product_cat?post=155352"},{"taxonomy":"product_tag","embeddable":true,"href":"https:\/\/horticom.ee\/e-pood\/wp-json\/wp\/v2\/product_tag?post=155352"}],"curies":[{"name":"wp","href":"https:\/\/api.w.org\/{rel}","templated":true}]}}