{"id":155376,"date":"2022-01-18T00:13:57","date_gmt":"2022-01-17T22:13:57","guid":{"rendered":"https:\/\/aednik24.ee\/toode\/saasefumigaatori-taitevedelik-arox-45ml-60-ood\/"},"modified":"2026-04-22T03:11:54","modified_gmt":"2026-04-22T00:11:54","slug":"saasefumigaatori-taitevedelik-arox-45ml-60-ood","status":"publish","type":"product","link":"https:\/\/horticom.ee\/e-pood\/toode\/saasefumigaatori-taitevedelik-arox-45ml-60-ood\/","title":{"rendered":"S\u00e4\u00e4sefumigaatori t\u00e4itevedelik Arox 45ml 460h"},"content":{"rendered":"<p>Tagab mitmetunnise kaitse putukate eest, kokku kuni 460h, umbes 8 n\u00e4dalat. Tulemus saavutatakse p\u00e4rast 45-75 minuti m\u00f6\u00f6dumist alates vedelikuga seadme sissel\u00fclitamisest. Toode on m\u00f5eldud \u00fcldotstarbeliseks kasutamiseks. Kasutamiseks kuni 30m3 ruumalaga ruumides. Kaitseb ka Culex quinquefasciatus ja Aedes albopictuse liigi s\u00e4\u00e4skede vastu. Need v\u00f5ivad olla ohtlike viirushaiguste vektoriteks &#8211; zika viiruse, malaaria, kollapalaviku ja teiste troopiliste s\u00e4\u00e4skede poolt levitatud haiguste kandjateks. Toode sisaldab ainult t\u00e4itevedelikku. NB! KASUTAGE  BIOTSIIDI  OHUTULT. ENNE KASUTAMIST LUGEGE ALATI L\u00c4BI M\u00c4RGISTUS JA TEAVE TOOTE KOHTA.<\/p>\n","protected":false},"excerpt":{"rendered":"<p>Tagab mitmetunnise kaitse putukate eest, kokku kuni 460h, umbes 8 n\u00e4dalat. Tulemus saavutatakse p\u00e4rast 45-75 minuti m\u00f6\u00f6dumist alates vedelikuga seadme sissel\u00fclitamisest. Toode on m\u00f5eldud \u00fcldotstarbeliseks kasutamiseks. Kasutamiseks kuni 30m3 ruumalaga ruumides. Kaitseb ka Culex quinquefasciatus ja Aedes albopictuse liigi s\u00e4\u00e4skede vastu. Need v\u00f5ivad olla ohtlike viirushaiguste vektoriteks &#8211; zika viiruse, malaaria, kollapalaviku ja teiste troopiliste [&hellip;]<\/p>\n","protected":false},"featured_media":158386,"comment_status":"closed","ping_status":"closed","template":"","meta":{"_themeisle_gutenberg_block_has_review":false},"product_cat":[13598],"product_tag":[],"class_list":{"0":"post-155376","1":"product","2":"type-product","3":"status-publish","4":"has-post-thumbnail","6":"product_cat-saased-puugid-ja-parmud","8":"first","9":"outofstock","10":"shipping-taxable","11":"purchasable","12":"product-type-simple"},"yoast_head":"<!-- This site is optimized with the Yoast SEO plugin v24.0 - https:\/\/yoast.com\/wordpress\/plugins\/seo\/ -->\n<title>S\u00e4\u00e4sefumigaatori t\u00e4itevedelik Arox 45ml 460h - Horticom<\/title>\n<meta name=\"description\" content=\"Putukat\u00f5rjevedelik: Tagab kuni 460h kaitse s\u00e4\u00e4skede vastu, efektiivne ka viirushaiguste vektorite vastu. Sobib ruumidele kuni 30m3.\" \/>\n<meta name=\"robots\" content=\"index, follow, max-snippet:-1, max-image-preview:large, max-video-preview:-1\" \/>\n<link rel=\"canonical\" href=\"https:\/\/horticom.ee\/e-pood\/toode\/saasefumigaatori-taitevedelik-arox-45ml-60-ood\/\" \/>\n<meta property=\"og:locale\" content=\"et_EE\" \/>\n<meta property=\"og:type\" content=\"article\" \/>\n<meta property=\"og:title\" content=\"S\u00e4\u00e4sefumigaatori t\u00e4itevedelik Arox 45ml 460h - Horticom\" \/>\n<meta property=\"og:description\" content=\"Putukat\u00f5rjevedelik: Tagab kuni 460h kaitse s\u00e4\u00e4skede vastu, efektiivne ka viirushaiguste vektorite vastu. Sobib ruumidele kuni 30m3.\" \/>\n<meta property=\"og:url\" content=\"https:\/\/horticom.ee\/e-pood\/toode\/saasefumigaatori-taitevedelik-arox-45ml-60-ood\/\" \/>\n<meta property=\"og:site_name\" content=\"Horticom.ee\" \/>\n<meta property=\"article:publisher\" content=\"https:\/\/www.facebook.com\/horticom.ee\/e-pood\" \/>\n<meta property=\"article:modified_time\" content=\"2026-04-22T00:11:54+00:00\" \/>\n<meta property=\"og:image\" content=\"https:\/\/horticom.ee\/e-pood\/wp-content\/uploads\/importedmedia\/product-155376_0-P0443.jpg\" \/>\n\t<meta property=\"og:image:width\" content=\"1000\" \/>\n\t<meta property=\"og:image:height\" content=\"1143\" \/>\n\t<meta property=\"og:image:type\" content=\"image\/jpeg\" \/>\n<meta name=\"twitter:card\" content=\"summary_large_image\" \/>\n<script type=\"application\/ld+json\" class=\"yoast-schema-graph\">{\"@context\":\"https:\/\/schema.org\",\"@graph\":[{\"@type\":\"WebPage\",\"@id\":\"https:\/\/horticom.ee\/e-pood\/toode\/saasefumigaatori-taitevedelik-arox-45ml-60-ood\/\",\"url\":\"https:\/\/horticom.ee\/e-pood\/toode\/saasefumigaatori-taitevedelik-arox-45ml-60-ood\/\",\"name\":\"S\u00e4\u00e4sefumigaatori t\u00e4itevedelik Arox 45ml 460h - Horticom\",\"isPartOf\":{\"@id\":\"https:\/\/horticom.ee\/e-pood\/#website\"},\"primaryImageOfPage\":{\"@id\":\"https:\/\/horticom.ee\/e-pood\/toode\/saasefumigaatori-taitevedelik-arox-45ml-60-ood\/#primaryimage\"},\"image\":{\"@id\":\"https:\/\/horticom.ee\/e-pood\/toode\/saasefumigaatori-taitevedelik-arox-45ml-60-ood\/#primaryimage\"},\"thumbnailUrl\":\"https:\/\/horticom.ee\/e-pood\/wp-content\/uploads\/importedmedia\/product-155376_0-P0443.jpg\",\"datePublished\":\"2022-01-17T22:13:57+00:00\",\"dateModified\":\"2026-04-22T00:11:54+00:00\",\"description\":\"Putukat\u00f5rjevedelik: Tagab kuni 460h kaitse s\u00e4\u00e4skede vastu, efektiivne ka viirushaiguste vektorite vastu. Sobib ruumidele kuni 30m3.\",\"breadcrumb\":{\"@id\":\"https:\/\/horticom.ee\/e-pood\/toode\/saasefumigaatori-taitevedelik-arox-45ml-60-ood\/#breadcrumb\"},\"inLanguage\":\"et\",\"potentialAction\":[{\"@type\":\"ReadAction\",\"target\":[\"https:\/\/horticom.ee\/e-pood\/toode\/saasefumigaatori-taitevedelik-arox-45ml-60-ood\/\"]}]},{\"@type\":\"ImageObject\",\"inLanguage\":\"et\",\"@id\":\"https:\/\/horticom.ee\/e-pood\/toode\/saasefumigaatori-taitevedelik-arox-45ml-60-ood\/#primaryimage\",\"url\":\"https:\/\/horticom.ee\/e-pood\/wp-content\/uploads\/importedmedia\/product-155376_0-P0443.jpg\",\"contentUrl\":\"https:\/\/horticom.ee\/e-pood\/wp-content\/uploads\/importedmedia\/product-155376_0-P0443.jpg\",\"width\":1000,\"height\":1143,\"caption\":\"S\u00e4\u00e4sefumigaatori t\u00e4itevedelik Arox 45ml 460h\"},{\"@type\":\"BreadcrumbList\",\"@id\":\"https:\/\/horticom.ee\/e-pood\/toode\/saasefumigaatori-taitevedelik-arox-45ml-60-ood\/#breadcrumb\",\"itemListElement\":[{\"@type\":\"ListItem\",\"position\":1,\"name\":\"Home\",\"item\":\"https:\/\/horticom.ee\/e-pood\/\"},{\"@type\":\"ListItem\",\"position\":2,\"name\":\"Pood\",\"item\":\"https:\/\/horticom.ee\/e-pood\/pood\/\"},{\"@type\":\"ListItem\",\"position\":3,\"name\":\"S\u00e4\u00e4sefumigaatori t\u00e4itevedelik Arox 45ml 460h\"}]},{\"@type\":\"WebSite\",\"@id\":\"https:\/\/horticom.ee\/e-pood\/#website\",\"url\":\"https:\/\/horticom.ee\/e-pood\/\",\"name\":\"Horticom.ee\",\"description\":\"Aianduskaubad ja kodukaubad nii harrastajatele kui professionaalidele\",\"potentialAction\":[{\"@type\":\"SearchAction\",\"target\":{\"@type\":\"EntryPoint\",\"urlTemplate\":\"https:\/\/horticom.ee\/e-pood\/?s={search_term_string}\"},\"query-input\":{\"@type\":\"PropertyValueSpecification\",\"valueRequired\":true,\"valueName\":\"search_term_string\"}}],\"inLanguage\":\"et\"}]}<\/script>\n<!-- \/ Yoast SEO plugin. -->","yoast_head_json":{"title":"S\u00e4\u00e4sefumigaatori t\u00e4itevedelik Arox 45ml 460h - Horticom","description":"Putukat\u00f5rjevedelik: Tagab kuni 460h kaitse s\u00e4\u00e4skede vastu, efektiivne ka viirushaiguste vektorite vastu. Sobib ruumidele kuni 30m3.","robots":{"index":"index","follow":"follow","max-snippet":"max-snippet:-1","max-image-preview":"max-image-preview:large","max-video-preview":"max-video-preview:-1"},"canonical":"https:\/\/horticom.ee\/e-pood\/toode\/saasefumigaatori-taitevedelik-arox-45ml-60-ood\/","og_locale":"et_EE","og_type":"article","og_title":"S\u00e4\u00e4sefumigaatori t\u00e4itevedelik Arox 45ml 460h - Horticom","og_description":"Putukat\u00f5rjevedelik: Tagab kuni 460h kaitse s\u00e4\u00e4skede vastu, efektiivne ka viirushaiguste vektorite vastu. Sobib ruumidele kuni 30m3.","og_url":"https:\/\/horticom.ee\/e-pood\/toode\/saasefumigaatori-taitevedelik-arox-45ml-60-ood\/","og_site_name":"Horticom.ee","article_publisher":"https:\/\/www.facebook.com\/horticom.ee\/e-pood","article_modified_time":"2026-04-22T00:11:54+00:00","og_image":[{"width":1000,"height":1143,"url":"https:\/\/horticom.ee\/e-pood\/wp-content\/uploads\/importedmedia\/product-155376_0-P0443.jpg","type":"image\/jpeg"}],"twitter_card":"summary_large_image","schema":{"@context":"https:\/\/schema.org","@graph":[{"@type":"WebPage","@id":"https:\/\/horticom.ee\/e-pood\/toode\/saasefumigaatori-taitevedelik-arox-45ml-60-ood\/","url":"https:\/\/horticom.ee\/e-pood\/toode\/saasefumigaatori-taitevedelik-arox-45ml-60-ood\/","name":"S\u00e4\u00e4sefumigaatori t\u00e4itevedelik Arox 45ml 460h - Horticom","isPartOf":{"@id":"https:\/\/horticom.ee\/e-pood\/#website"},"primaryImageOfPage":{"@id":"https:\/\/horticom.ee\/e-pood\/toode\/saasefumigaatori-taitevedelik-arox-45ml-60-ood\/#primaryimage"},"image":{"@id":"https:\/\/horticom.ee\/e-pood\/toode\/saasefumigaatori-taitevedelik-arox-45ml-60-ood\/#primaryimage"},"thumbnailUrl":"https:\/\/horticom.ee\/e-pood\/wp-content\/uploads\/importedmedia\/product-155376_0-P0443.jpg","datePublished":"2022-01-17T22:13:57+00:00","dateModified":"2026-04-22T00:11:54+00:00","description":"Putukat\u00f5rjevedelik: Tagab kuni 460h kaitse s\u00e4\u00e4skede vastu, efektiivne ka viirushaiguste vektorite vastu. Sobib ruumidele kuni 30m3.","breadcrumb":{"@id":"https:\/\/horticom.ee\/e-pood\/toode\/saasefumigaatori-taitevedelik-arox-45ml-60-ood\/#breadcrumb"},"inLanguage":"et","potentialAction":[{"@type":"ReadAction","target":["https:\/\/horticom.ee\/e-pood\/toode\/saasefumigaatori-taitevedelik-arox-45ml-60-ood\/"]}]},{"@type":"ImageObject","inLanguage":"et","@id":"https:\/\/horticom.ee\/e-pood\/toode\/saasefumigaatori-taitevedelik-arox-45ml-60-ood\/#primaryimage","url":"https:\/\/horticom.ee\/e-pood\/wp-content\/uploads\/importedmedia\/product-155376_0-P0443.jpg","contentUrl":"https:\/\/horticom.ee\/e-pood\/wp-content\/uploads\/importedmedia\/product-155376_0-P0443.jpg","width":1000,"height":1143,"caption":"S\u00e4\u00e4sefumigaatori t\u00e4itevedelik Arox 45ml 460h"},{"@type":"BreadcrumbList","@id":"https:\/\/horticom.ee\/e-pood\/toode\/saasefumigaatori-taitevedelik-arox-45ml-60-ood\/#breadcrumb","itemListElement":[{"@type":"ListItem","position":1,"name":"Home","item":"https:\/\/horticom.ee\/e-pood\/"},{"@type":"ListItem","position":2,"name":"Pood","item":"https:\/\/horticom.ee\/e-pood\/pood\/"},{"@type":"ListItem","position":3,"name":"S\u00e4\u00e4sefumigaatori t\u00e4itevedelik Arox 45ml 460h"}]},{"@type":"WebSite","@id":"https:\/\/horticom.ee\/e-pood\/#website","url":"https:\/\/horticom.ee\/e-pood\/","name":"Horticom.ee","description":"Aianduskaubad ja kodukaubad nii harrastajatele kui professionaalidele","potentialAction":[{"@type":"SearchAction","target":{"@type":"EntryPoint","urlTemplate":"https:\/\/horticom.ee\/e-pood\/?s={search_term_string}"},"query-input":{"@type":"PropertyValueSpecification","valueRequired":true,"valueName":"search_term_string"}}],"inLanguage":"et"}]}},"_links":{"self":[{"href":"https:\/\/horticom.ee\/e-pood\/wp-json\/wp\/v2\/product\/155376","targetHints":{"allow":["GET"]}}],"collection":[{"href":"https:\/\/horticom.ee\/e-pood\/wp-json\/wp\/v2\/product"}],"about":[{"href":"https:\/\/horticom.ee\/e-pood\/wp-json\/wp\/v2\/types\/product"}],"replies":[{"embeddable":true,"href":"https:\/\/horticom.ee\/e-pood\/wp-json\/wp\/v2\/comments?post=155376"}],"wp:featuredmedia":[{"embeddable":true,"href":"https:\/\/horticom.ee\/e-pood\/wp-json\/wp\/v2\/media\/158386"}],"wp:attachment":[{"href":"https:\/\/horticom.ee\/e-pood\/wp-json\/wp\/v2\/media?parent=155376"}],"wp:term":[{"taxonomy":"product_cat","embeddable":true,"href":"https:\/\/horticom.ee\/e-pood\/wp-json\/wp\/v2\/product_cat?post=155376"},{"taxonomy":"product_tag","embeddable":true,"href":"https:\/\/horticom.ee\/e-pood\/wp-json\/wp\/v2\/product_tag?post=155376"}],"curies":[{"name":"wp","href":"https:\/\/api.w.org\/{rel}","templated":true}]}}