{"id":155378,"date":"2022-01-18T00:13:58","date_gmt":"2022-01-17T22:13:58","guid":{"rendered":"https:\/\/aednik24.ee\/toode\/vaetis-sinise-oiega-hortensiatele-compo-800g\/"},"modified":"2026-05-02T03:10:26","modified_gmt":"2026-05-02T00:10:26","slug":"vaetis-sinise-oiega-hortensiatele-compo-800g","status":"publish","type":"product","link":"https:\/\/horticom.ee\/e-pood\/toode\/vaetis-sinise-oiega-hortensiatele-compo-800g\/","title":{"rendered":"V\u00e4etis sinise \u00f5iega hortensiatele Compo 800g"},"content":{"rendered":"<p>Sisaldab 58% kiiretoimelisi alumiiniumoksiide, mis aitavad kaasa sinise pigmendi s\u00fcnteesile taimes. Muudab \u00f5ie v\u00e4rvuse puhtaks siniseks. Et taim oleks tugev ja lopsakas tuleks regulaarselt kasutada lisaks ka NPK t\u00e4isv\u00e4etist &#8211; Compo vedelv\u00e4etis hortensiatele. Sinised hortensiad p\u00fcsivad sinisena happelises pinnases (pH 4-5). Neutraalsetes ja lubjarikastes mullades on peaaegu k\u00f5ik siniste \u00f5itega sordid roosa v\u00f5i lilla v\u00e4rvusega. COMPO sinise \u00f5iega hortensiav\u00e4etis on sobilik nii erinevate hortensialiikide v\u00e4rvimiseks kui ka sinise v\u00e4rvuse s\u00e4ilitamiseks, kuna sisaldab palju rauda ja alumiiniumoksiide. Valgeid hortensiaid  ei saa v\u00e4rvida. Toitained on koheselt vees lahustuvad ja seega taime jaoks kiiresti k\u00e4ttesaadavad. Sinise \u00f5ie saamiseks ja s\u00e4ilitamiseks tuleks hortensiat v\u00e4etada regulaarselt 4 n\u00e4dala tagant antud v\u00e4etisega.<\/p>\n","protected":false},"excerpt":{"rendered":"<p>Sisaldab 58% kiiretoimelisi alumiiniumoksiide, mis aitavad kaasa sinise pigmendi s\u00fcnteesile taimes. Muudab \u00f5ie v\u00e4rvuse puhtaks siniseks. Et taim oleks tugev ja lopsakas tuleks regulaarselt kasutada lisaks ka NPK t\u00e4isv\u00e4etist &#8211; Compo vedelv\u00e4etis hortensiatele. Sinised hortensiad p\u00fcsivad sinisena happelises pinnases (pH 4-5). Neutraalsetes ja lubjarikastes mullades on peaaegu k\u00f5ik siniste \u00f5itega sordid roosa v\u00f5i lilla v\u00e4rvusega. [&hellip;]<\/p>\n","protected":false},"featured_media":2377314,"comment_status":"closed","ping_status":"closed","template":"","meta":{"_themeisle_gutenberg_block_has_review":false},"product_cat":[16967],"product_tag":[],"class_list":{"0":"post-155378","1":"product","2":"type-product","3":"status-publish","4":"has-post-thumbnail","6":"product_cat-okaspuudele-rododele-ja-hortensiatele","8":"first","9":"instock","10":"shipping-taxable","11":"purchasable","12":"product-type-simple"},"yoast_head":"<!-- This site is optimized with the Yoast SEO plugin v24.0 - https:\/\/yoast.com\/wordpress\/plugins\/seo\/ -->\n<title>V\u00e4etis sinise \u00f5iega hortensiatele Compo 800g - Horticom<\/title>\n<meta name=\"robots\" content=\"index, follow, max-snippet:-1, max-image-preview:large, max-video-preview:-1\" \/>\n<link rel=\"canonical\" href=\"https:\/\/horticom.ee\/e-pood\/toode\/vaetis-sinise-oiega-hortensiatele-compo-800g\/\" \/>\n<meta property=\"og:locale\" content=\"et_EE\" \/>\n<meta property=\"og:type\" content=\"article\" \/>\n<meta property=\"og:title\" content=\"V\u00e4etis sinise \u00f5iega hortensiatele Compo 800g - Horticom\" \/>\n<meta property=\"og:description\" content=\"Sisaldab 58% kiiretoimelisi alumiiniumoksiide, mis aitavad kaasa sinise pigmendi s\u00fcnteesile taimes. Muudab \u00f5ie v\u00e4rvuse puhtaks siniseks. Et taim oleks tugev ja lopsakas tuleks regulaarselt kasutada lisaks ka NPK t\u00e4isv\u00e4etist &#8211; Compo vedelv\u00e4etis hortensiatele. Sinised hortensiad p\u00fcsivad sinisena happelises pinnases (pH 4-5). Neutraalsetes ja lubjarikastes mullades on peaaegu k\u00f5ik siniste \u00f5itega sordid roosa v\u00f5i lilla v\u00e4rvusega. [&hellip;]\" \/>\n<meta property=\"og:url\" content=\"https:\/\/horticom.ee\/e-pood\/toode\/vaetis-sinise-oiega-hortensiatele-compo-800g\/\" \/>\n<meta property=\"og:site_name\" content=\"Horticom.ee\" \/>\n<meta property=\"article:publisher\" content=\"https:\/\/www.facebook.com\/horticom.ee\/e-pood\" \/>\n<meta property=\"article:modified_time\" content=\"2026-05-02T00:10:26+00:00\" \/>\n<meta property=\"og:image\" content=\"https:\/\/horticom.ee\/e-pood\/wp-content\/uploads\/importedmedia\/product-155378_0-6701241.jpg\" \/>\n\t<meta property=\"og:image:width\" content=\"1000\" \/>\n\t<meta property=\"og:image:height\" content=\"1414\" \/>\n\t<meta property=\"og:image:type\" content=\"image\/jpeg\" \/>\n<meta name=\"twitter:card\" content=\"summary_large_image\" \/>\n<meta name=\"twitter:label1\" content=\"Est. reading time\" \/>\n\t<meta name=\"twitter:data1\" content=\"1 minut\" \/>\n<script type=\"application\/ld+json\" class=\"yoast-schema-graph\">{\"@context\":\"https:\/\/schema.org\",\"@graph\":[{\"@type\":\"WebPage\",\"@id\":\"https:\/\/horticom.ee\/e-pood\/toode\/vaetis-sinise-oiega-hortensiatele-compo-800g\/\",\"url\":\"https:\/\/horticom.ee\/e-pood\/toode\/vaetis-sinise-oiega-hortensiatele-compo-800g\/\",\"name\":\"V\u00e4etis sinise \u00f5iega hortensiatele Compo 800g - Horticom\",\"isPartOf\":{\"@id\":\"https:\/\/horticom.ee\/e-pood\/#website\"},\"primaryImageOfPage\":{\"@id\":\"https:\/\/horticom.ee\/e-pood\/toode\/vaetis-sinise-oiega-hortensiatele-compo-800g\/#primaryimage\"},\"image\":{\"@id\":\"https:\/\/horticom.ee\/e-pood\/toode\/vaetis-sinise-oiega-hortensiatele-compo-800g\/#primaryimage\"},\"thumbnailUrl\":\"https:\/\/horticom.ee\/e-pood\/wp-content\/uploads\/importedmedia\/product-155378_0-6701241.jpg\",\"datePublished\":\"2022-01-17T22:13:58+00:00\",\"dateModified\":\"2026-05-02T00:10:26+00:00\",\"breadcrumb\":{\"@id\":\"https:\/\/horticom.ee\/e-pood\/toode\/vaetis-sinise-oiega-hortensiatele-compo-800g\/#breadcrumb\"},\"inLanguage\":\"et\",\"potentialAction\":[{\"@type\":\"ReadAction\",\"target\":[\"https:\/\/horticom.ee\/e-pood\/toode\/vaetis-sinise-oiega-hortensiatele-compo-800g\/\"]}]},{\"@type\":\"ImageObject\",\"inLanguage\":\"et\",\"@id\":\"https:\/\/horticom.ee\/e-pood\/toode\/vaetis-sinise-oiega-hortensiatele-compo-800g\/#primaryimage\",\"url\":\"https:\/\/horticom.ee\/e-pood\/wp-content\/uploads\/importedmedia\/product-155378_0-6701241.jpg\",\"contentUrl\":\"https:\/\/horticom.ee\/e-pood\/wp-content\/uploads\/importedmedia\/product-155378_0-6701241.jpg\",\"width\":1000,\"height\":1414},{\"@type\":\"BreadcrumbList\",\"@id\":\"https:\/\/horticom.ee\/e-pood\/toode\/vaetis-sinise-oiega-hortensiatele-compo-800g\/#breadcrumb\",\"itemListElement\":[{\"@type\":\"ListItem\",\"position\":1,\"name\":\"Home\",\"item\":\"https:\/\/horticom.ee\/e-pood\/\"},{\"@type\":\"ListItem\",\"position\":2,\"name\":\"Pood\",\"item\":\"https:\/\/horticom.ee\/e-pood\/pood\/\"},{\"@type\":\"ListItem\",\"position\":3,\"name\":\"V\u00e4etis sinise \u00f5iega hortensiatele Compo 800g\"}]},{\"@type\":\"WebSite\",\"@id\":\"https:\/\/horticom.ee\/e-pood\/#website\",\"url\":\"https:\/\/horticom.ee\/e-pood\/\",\"name\":\"Horticom.ee\",\"description\":\"Aianduskaubad ja kodukaubad nii harrastajatele kui professionaalidele\",\"potentialAction\":[{\"@type\":\"SearchAction\",\"target\":{\"@type\":\"EntryPoint\",\"urlTemplate\":\"https:\/\/horticom.ee\/e-pood\/?s={search_term_string}\"},\"query-input\":{\"@type\":\"PropertyValueSpecification\",\"valueRequired\":true,\"valueName\":\"search_term_string\"}}],\"inLanguage\":\"et\"}]}<\/script>\n<!-- \/ Yoast SEO plugin. -->","yoast_head_json":{"title":"V\u00e4etis sinise \u00f5iega hortensiatele Compo 800g - Horticom","robots":{"index":"index","follow":"follow","max-snippet":"max-snippet:-1","max-image-preview":"max-image-preview:large","max-video-preview":"max-video-preview:-1"},"canonical":"https:\/\/horticom.ee\/e-pood\/toode\/vaetis-sinise-oiega-hortensiatele-compo-800g\/","og_locale":"et_EE","og_type":"article","og_title":"V\u00e4etis sinise \u00f5iega hortensiatele Compo 800g - Horticom","og_description":"Sisaldab 58% kiiretoimelisi alumiiniumoksiide, mis aitavad kaasa sinise pigmendi s\u00fcnteesile taimes. Muudab \u00f5ie v\u00e4rvuse puhtaks siniseks. Et taim oleks tugev ja lopsakas tuleks regulaarselt kasutada lisaks ka NPK t\u00e4isv\u00e4etist &#8211; Compo vedelv\u00e4etis hortensiatele. Sinised hortensiad p\u00fcsivad sinisena happelises pinnases (pH 4-5). Neutraalsetes ja lubjarikastes mullades on peaaegu k\u00f5ik siniste \u00f5itega sordid roosa v\u00f5i lilla v\u00e4rvusega. [&hellip;]","og_url":"https:\/\/horticom.ee\/e-pood\/toode\/vaetis-sinise-oiega-hortensiatele-compo-800g\/","og_site_name":"Horticom.ee","article_publisher":"https:\/\/www.facebook.com\/horticom.ee\/e-pood","article_modified_time":"2026-05-02T00:10:26+00:00","og_image":[{"width":1000,"height":1414,"url":"https:\/\/horticom.ee\/e-pood\/wp-content\/uploads\/importedmedia\/product-155378_0-6701241.jpg","type":"image\/jpeg"}],"twitter_card":"summary_large_image","twitter_misc":{"Est. reading time":"1 minut"},"schema":{"@context":"https:\/\/schema.org","@graph":[{"@type":"WebPage","@id":"https:\/\/horticom.ee\/e-pood\/toode\/vaetis-sinise-oiega-hortensiatele-compo-800g\/","url":"https:\/\/horticom.ee\/e-pood\/toode\/vaetis-sinise-oiega-hortensiatele-compo-800g\/","name":"V\u00e4etis sinise \u00f5iega hortensiatele Compo 800g - Horticom","isPartOf":{"@id":"https:\/\/horticom.ee\/e-pood\/#website"},"primaryImageOfPage":{"@id":"https:\/\/horticom.ee\/e-pood\/toode\/vaetis-sinise-oiega-hortensiatele-compo-800g\/#primaryimage"},"image":{"@id":"https:\/\/horticom.ee\/e-pood\/toode\/vaetis-sinise-oiega-hortensiatele-compo-800g\/#primaryimage"},"thumbnailUrl":"https:\/\/horticom.ee\/e-pood\/wp-content\/uploads\/importedmedia\/product-155378_0-6701241.jpg","datePublished":"2022-01-17T22:13:58+00:00","dateModified":"2026-05-02T00:10:26+00:00","breadcrumb":{"@id":"https:\/\/horticom.ee\/e-pood\/toode\/vaetis-sinise-oiega-hortensiatele-compo-800g\/#breadcrumb"},"inLanguage":"et","potentialAction":[{"@type":"ReadAction","target":["https:\/\/horticom.ee\/e-pood\/toode\/vaetis-sinise-oiega-hortensiatele-compo-800g\/"]}]},{"@type":"ImageObject","inLanguage":"et","@id":"https:\/\/horticom.ee\/e-pood\/toode\/vaetis-sinise-oiega-hortensiatele-compo-800g\/#primaryimage","url":"https:\/\/horticom.ee\/e-pood\/wp-content\/uploads\/importedmedia\/product-155378_0-6701241.jpg","contentUrl":"https:\/\/horticom.ee\/e-pood\/wp-content\/uploads\/importedmedia\/product-155378_0-6701241.jpg","width":1000,"height":1414},{"@type":"BreadcrumbList","@id":"https:\/\/horticom.ee\/e-pood\/toode\/vaetis-sinise-oiega-hortensiatele-compo-800g\/#breadcrumb","itemListElement":[{"@type":"ListItem","position":1,"name":"Home","item":"https:\/\/horticom.ee\/e-pood\/"},{"@type":"ListItem","position":2,"name":"Pood","item":"https:\/\/horticom.ee\/e-pood\/pood\/"},{"@type":"ListItem","position":3,"name":"V\u00e4etis sinise \u00f5iega hortensiatele Compo 800g"}]},{"@type":"WebSite","@id":"https:\/\/horticom.ee\/e-pood\/#website","url":"https:\/\/horticom.ee\/e-pood\/","name":"Horticom.ee","description":"Aianduskaubad ja kodukaubad nii harrastajatele kui professionaalidele","potentialAction":[{"@type":"SearchAction","target":{"@type":"EntryPoint","urlTemplate":"https:\/\/horticom.ee\/e-pood\/?s={search_term_string}"},"query-input":{"@type":"PropertyValueSpecification","valueRequired":true,"valueName":"search_term_string"}}],"inLanguage":"et"}]}},"_links":{"self":[{"href":"https:\/\/horticom.ee\/e-pood\/wp-json\/wp\/v2\/product\/155378","targetHints":{"allow":["GET"]}}],"collection":[{"href":"https:\/\/horticom.ee\/e-pood\/wp-json\/wp\/v2\/product"}],"about":[{"href":"https:\/\/horticom.ee\/e-pood\/wp-json\/wp\/v2\/types\/product"}],"replies":[{"embeddable":true,"href":"https:\/\/horticom.ee\/e-pood\/wp-json\/wp\/v2\/comments?post=155378"}],"wp:featuredmedia":[{"embeddable":true,"href":"https:\/\/horticom.ee\/e-pood\/wp-json\/wp\/v2\/media\/2377314"}],"wp:attachment":[{"href":"https:\/\/horticom.ee\/e-pood\/wp-json\/wp\/v2\/media?parent=155378"}],"wp:term":[{"taxonomy":"product_cat","embeddable":true,"href":"https:\/\/horticom.ee\/e-pood\/wp-json\/wp\/v2\/product_cat?post=155378"},{"taxonomy":"product_tag","embeddable":true,"href":"https:\/\/horticom.ee\/e-pood\/wp-json\/wp\/v2\/product_tag?post=155378"}],"curies":[{"name":"wp","href":"https:\/\/api.w.org\/{rel}","templated":true}]}}