{"id":155404,"date":"2022-01-18T00:14:11","date_gmt":"2022-01-17T22:14:11","guid":{"rendered":"https:\/\/aednik24.ee\/toode\/porgand-berlicum-5g-1\/"},"modified":"2026-04-18T03:16:44","modified_gmt":"2026-04-18T00:16:44","slug":"porgand-berlicum-5g-1","status":"publish","type":"product","link":"https:\/\/horticom.ee\/e-pood\/toode\/porgand-berlicum-5g-1\/","title":{"rendered":"Porgand Berlicum 5g 1"},"content":{"rendered":"<p>Porgand Berlicum on keskhiline punakasoran\u017ei juurega saagikas magus sort. Juurviljad pikad, silindrikujulised. Kasvuaeg kuni 120 p\u00e4eva, sobib kasvama erinevatel pinnastel. Porgandile sobib p\u00e4ikesepaisteline kasvukoht s\u00fcgavalt haritud vett l\u00e4bilaskva neutraalse kerge liivsavi- v\u00f5i saviliivmullaga. Sobib v\u00e4rskelt tarvitamiseks, mahla pressimiseks ning pikaks s\u00e4ilitamiseks.<\/p>\n","protected":false},"excerpt":{"rendered":"<p>Porgand Berlicum on keskhiline punakasoran\u017ei juurega saagikas magus sort. Juurviljad pikad, silindrikujulised. Kasvuaeg kuni 120 p\u00e4eva, sobib kasvama erinevatel pinnastel. Porgandile sobib p\u00e4ikesepaisteline kasvukoht s\u00fcgavalt haritud vett l\u00e4bilaskva neutraalse kerge liivsavi- v\u00f5i saviliivmullaga. Sobib v\u00e4rskelt tarvitamiseks, mahla pressimiseks ning pikaks s\u00e4ilitamiseks.<\/p>\n","protected":false},"featured_media":157698,"comment_status":"closed","ping_status":"closed","template":"","meta":{"_themeisle_gutenberg_block_has_review":false},"product_cat":[13487],"product_tag":[],"class_list":{"0":"post-155404","1":"product","2":"type-product","3":"status-publish","4":"has-post-thumbnail","6":"product_cat-porgand-pastinaak","8":"first","9":"outofstock","10":"shipping-taxable","11":"purchasable","12":"product-type-simple"},"yoast_head":"<!-- This site is optimized with the Yoast SEO plugin v24.0 - https:\/\/yoast.com\/wordpress\/plugins\/seo\/ -->\n<title>Porgand Berlicum 5g 1 - Horticom.ee\/e-pood<\/title>\n<meta name=\"description\" content=\"Keskhiline magus porgand, sobib mahla valmistamiseks ja pikaajaliseks s\u00e4ilitamiseks. Kasvuaeg kuni 120 p\u00e4eva.\" \/>\n<meta name=\"robots\" content=\"index, follow, max-snippet:-1, max-image-preview:large, max-video-preview:-1\" \/>\n<link rel=\"canonical\" href=\"https:\/\/horticom.ee\/e-pood\/toode\/porgand-berlicum-5g-1\/\" \/>\n<meta property=\"og:locale\" content=\"et_EE\" \/>\n<meta property=\"og:type\" content=\"article\" \/>\n<meta property=\"og:title\" content=\"Porgand Berlicum 5g 1 - Horticom.ee\/e-pood\" \/>\n<meta property=\"og:description\" content=\"Keskhiline magus porgand, sobib mahla valmistamiseks ja pikaajaliseks s\u00e4ilitamiseks. Kasvuaeg kuni 120 p\u00e4eva.\" \/>\n<meta property=\"og:url\" content=\"https:\/\/horticom.ee\/e-pood\/toode\/porgand-berlicum-5g-1\/\" \/>\n<meta property=\"og:site_name\" content=\"Horticom.ee\" \/>\n<meta property=\"article:publisher\" content=\"https:\/\/www.facebook.com\/horticom.ee\/e-pood\" \/>\n<meta property=\"article:modified_time\" content=\"2026-04-18T00:16:44+00:00\" \/>\n<meta property=\"og:image\" content=\"https:\/\/horticom.ee\/e-pood\/wp-content\/uploads\/importedmedia\/product-155404_0-HM0627.jpg\" \/>\n\t<meta property=\"og:image:width\" content=\"1000\" \/>\n\t<meta property=\"og:image:height\" content=\"1371\" \/>\n\t<meta property=\"og:image:type\" content=\"image\/jpeg\" \/>\n<meta name=\"twitter:card\" content=\"summary_large_image\" \/>\n<script type=\"application\/ld+json\" class=\"yoast-schema-graph\">{\"@context\":\"https:\/\/schema.org\",\"@graph\":[{\"@type\":\"WebPage\",\"@id\":\"https:\/\/horticom.ee\/e-pood\/toode\/porgand-berlicum-5g-1\/\",\"url\":\"https:\/\/horticom.ee\/e-pood\/toode\/porgand-berlicum-5g-1\/\",\"name\":\"Porgand Berlicum 5g 1 - Horticom.ee\/e-pood\",\"isPartOf\":{\"@id\":\"https:\/\/horticom.ee\/e-pood\/#website\"},\"primaryImageOfPage\":{\"@id\":\"https:\/\/horticom.ee\/e-pood\/toode\/porgand-berlicum-5g-1\/#primaryimage\"},\"image\":{\"@id\":\"https:\/\/horticom.ee\/e-pood\/toode\/porgand-berlicum-5g-1\/#primaryimage\"},\"thumbnailUrl\":\"https:\/\/horticom.ee\/e-pood\/wp-content\/uploads\/importedmedia\/product-155404_0-HM0627.jpg\",\"datePublished\":\"2022-01-17T22:14:11+00:00\",\"dateModified\":\"2026-04-18T00:16:44+00:00\",\"description\":\"Keskhiline magus porgand, sobib mahla valmistamiseks ja pikaajaliseks s\u00e4ilitamiseks. Kasvuaeg kuni 120 p\u00e4eva.\",\"breadcrumb\":{\"@id\":\"https:\/\/horticom.ee\/e-pood\/toode\/porgand-berlicum-5g-1\/#breadcrumb\"},\"inLanguage\":\"et\",\"potentialAction\":[{\"@type\":\"ReadAction\",\"target\":[\"https:\/\/horticom.ee\/e-pood\/toode\/porgand-berlicum-5g-1\/\"]}]},{\"@type\":\"ImageObject\",\"inLanguage\":\"et\",\"@id\":\"https:\/\/horticom.ee\/e-pood\/toode\/porgand-berlicum-5g-1\/#primaryimage\",\"url\":\"https:\/\/horticom.ee\/e-pood\/wp-content\/uploads\/importedmedia\/product-155404_0-HM0627.jpg\",\"contentUrl\":\"https:\/\/horticom.ee\/e-pood\/wp-content\/uploads\/importedmedia\/product-155404_0-HM0627.jpg\",\"width\":1000,\"height\":1371,\"caption\":\"Porgand Berlicum 5g 1\"},{\"@type\":\"BreadcrumbList\",\"@id\":\"https:\/\/horticom.ee\/e-pood\/toode\/porgand-berlicum-5g-1\/#breadcrumb\",\"itemListElement\":[{\"@type\":\"ListItem\",\"position\":1,\"name\":\"Home\",\"item\":\"https:\/\/horticom.ee\/e-pood\/\"},{\"@type\":\"ListItem\",\"position\":2,\"name\":\"Pood\",\"item\":\"https:\/\/horticom.ee\/e-pood\/pood\/\"},{\"@type\":\"ListItem\",\"position\":3,\"name\":\"Porgand Berlicum 5g 1\"}]},{\"@type\":\"WebSite\",\"@id\":\"https:\/\/horticom.ee\/e-pood\/#website\",\"url\":\"https:\/\/horticom.ee\/e-pood\/\",\"name\":\"Horticom.ee\",\"description\":\"Aianduskaubad ja kodukaubad nii harrastajatele kui professionaalidele\",\"potentialAction\":[{\"@type\":\"SearchAction\",\"target\":{\"@type\":\"EntryPoint\",\"urlTemplate\":\"https:\/\/horticom.ee\/e-pood\/?s={search_term_string}\"},\"query-input\":{\"@type\":\"PropertyValueSpecification\",\"valueRequired\":true,\"valueName\":\"search_term_string\"}}],\"inLanguage\":\"et\"}]}<\/script>\n<!-- \/ Yoast SEO plugin. -->","yoast_head_json":{"title":"Porgand Berlicum 5g 1 - Horticom.ee\/e-pood","description":"Keskhiline magus porgand, sobib mahla valmistamiseks ja pikaajaliseks s\u00e4ilitamiseks. Kasvuaeg kuni 120 p\u00e4eva.","robots":{"index":"index","follow":"follow","max-snippet":"max-snippet:-1","max-image-preview":"max-image-preview:large","max-video-preview":"max-video-preview:-1"},"canonical":"https:\/\/horticom.ee\/e-pood\/toode\/porgand-berlicum-5g-1\/","og_locale":"et_EE","og_type":"article","og_title":"Porgand Berlicum 5g 1 - Horticom.ee\/e-pood","og_description":"Keskhiline magus porgand, sobib mahla valmistamiseks ja pikaajaliseks s\u00e4ilitamiseks. Kasvuaeg kuni 120 p\u00e4eva.","og_url":"https:\/\/horticom.ee\/e-pood\/toode\/porgand-berlicum-5g-1\/","og_site_name":"Horticom.ee","article_publisher":"https:\/\/www.facebook.com\/horticom.ee\/e-pood","article_modified_time":"2026-04-18T00:16:44+00:00","og_image":[{"width":1000,"height":1371,"url":"https:\/\/horticom.ee\/e-pood\/wp-content\/uploads\/importedmedia\/product-155404_0-HM0627.jpg","type":"image\/jpeg"}],"twitter_card":"summary_large_image","schema":{"@context":"https:\/\/schema.org","@graph":[{"@type":"WebPage","@id":"https:\/\/horticom.ee\/e-pood\/toode\/porgand-berlicum-5g-1\/","url":"https:\/\/horticom.ee\/e-pood\/toode\/porgand-berlicum-5g-1\/","name":"Porgand Berlicum 5g 1 - Horticom.ee\/e-pood","isPartOf":{"@id":"https:\/\/horticom.ee\/e-pood\/#website"},"primaryImageOfPage":{"@id":"https:\/\/horticom.ee\/e-pood\/toode\/porgand-berlicum-5g-1\/#primaryimage"},"image":{"@id":"https:\/\/horticom.ee\/e-pood\/toode\/porgand-berlicum-5g-1\/#primaryimage"},"thumbnailUrl":"https:\/\/horticom.ee\/e-pood\/wp-content\/uploads\/importedmedia\/product-155404_0-HM0627.jpg","datePublished":"2022-01-17T22:14:11+00:00","dateModified":"2026-04-18T00:16:44+00:00","description":"Keskhiline magus porgand, sobib mahla valmistamiseks ja pikaajaliseks s\u00e4ilitamiseks. Kasvuaeg kuni 120 p\u00e4eva.","breadcrumb":{"@id":"https:\/\/horticom.ee\/e-pood\/toode\/porgand-berlicum-5g-1\/#breadcrumb"},"inLanguage":"et","potentialAction":[{"@type":"ReadAction","target":["https:\/\/horticom.ee\/e-pood\/toode\/porgand-berlicum-5g-1\/"]}]},{"@type":"ImageObject","inLanguage":"et","@id":"https:\/\/horticom.ee\/e-pood\/toode\/porgand-berlicum-5g-1\/#primaryimage","url":"https:\/\/horticom.ee\/e-pood\/wp-content\/uploads\/importedmedia\/product-155404_0-HM0627.jpg","contentUrl":"https:\/\/horticom.ee\/e-pood\/wp-content\/uploads\/importedmedia\/product-155404_0-HM0627.jpg","width":1000,"height":1371,"caption":"Porgand Berlicum 5g 1"},{"@type":"BreadcrumbList","@id":"https:\/\/horticom.ee\/e-pood\/toode\/porgand-berlicum-5g-1\/#breadcrumb","itemListElement":[{"@type":"ListItem","position":1,"name":"Home","item":"https:\/\/horticom.ee\/e-pood\/"},{"@type":"ListItem","position":2,"name":"Pood","item":"https:\/\/horticom.ee\/e-pood\/pood\/"},{"@type":"ListItem","position":3,"name":"Porgand Berlicum 5g 1"}]},{"@type":"WebSite","@id":"https:\/\/horticom.ee\/e-pood\/#website","url":"https:\/\/horticom.ee\/e-pood\/","name":"Horticom.ee","description":"Aianduskaubad ja kodukaubad nii harrastajatele kui professionaalidele","potentialAction":[{"@type":"SearchAction","target":{"@type":"EntryPoint","urlTemplate":"https:\/\/horticom.ee\/e-pood\/?s={search_term_string}"},"query-input":{"@type":"PropertyValueSpecification","valueRequired":true,"valueName":"search_term_string"}}],"inLanguage":"et"}]}},"_links":{"self":[{"href":"https:\/\/horticom.ee\/e-pood\/wp-json\/wp\/v2\/product\/155404","targetHints":{"allow":["GET"]}}],"collection":[{"href":"https:\/\/horticom.ee\/e-pood\/wp-json\/wp\/v2\/product"}],"about":[{"href":"https:\/\/horticom.ee\/e-pood\/wp-json\/wp\/v2\/types\/product"}],"replies":[{"embeddable":true,"href":"https:\/\/horticom.ee\/e-pood\/wp-json\/wp\/v2\/comments?post=155404"}],"wp:featuredmedia":[{"embeddable":true,"href":"https:\/\/horticom.ee\/e-pood\/wp-json\/wp\/v2\/media\/157698"}],"wp:attachment":[{"href":"https:\/\/horticom.ee\/e-pood\/wp-json\/wp\/v2\/media?parent=155404"}],"wp:term":[{"taxonomy":"product_cat","embeddable":true,"href":"https:\/\/horticom.ee\/e-pood\/wp-json\/wp\/v2\/product_cat?post=155404"},{"taxonomy":"product_tag","embeddable":true,"href":"https:\/\/horticom.ee\/e-pood\/wp-json\/wp\/v2\/product_tag?post=155404"}],"curies":[{"name":"wp","href":"https:\/\/api.w.org\/{rel}","templated":true}]}}