{"id":155407,"date":"2022-01-18T00:14:14","date_gmt":"2022-01-17T22:14:14","guid":{"rendered":"https:\/\/aednik24.ee\/toode\/aeduba-sonesta-20g-2\/"},"modified":"2026-05-02T03:10:27","modified_gmt":"2026-05-02T00:10:27","slug":"aeduba-sonesta-20g-2","status":"publish","type":"product","link":"https:\/\/horticom.ee\/e-pood\/toode\/aeduba-sonesta-20g-2\/","title":{"rendered":"Aeduba Sonesta 20g 2"},"content":{"rendered":"<p>Aeduba Sonesta on varajane saagikas sort. P\u00f5\u00f5sas 30\u201340cm k\u00f5rgune. Kaunad 11\u201313cm, kollased. Kasvuaeg 70\u201380 p\u00e4eva. Kasutatakse v\u00e4rsketena, konserveeritakse, k\u00fclmutatakse. K\u00f5ige paremini kasvab kerges ja keskmise raskusega, tuulevaikses soojas pinnases. Regulaarne saagikoristus suurendab saagikust. Soovitav kaunad korjata toiduks noorelt, kui seemned pole veel valminud.<\/p>\n","protected":false},"excerpt":{"rendered":"<p>Aeduba Sonesta on varajane saagikas sort. P\u00f5\u00f5sas 30\u201340cm k\u00f5rgune. Kaunad 11\u201313cm, kollased. Kasvuaeg 70\u201380 p\u00e4eva. Kasutatakse v\u00e4rsketena, konserveeritakse, k\u00fclmutatakse. K\u00f5ige paremini kasvab kerges ja keskmise raskusega, tuulevaikses soojas pinnases. Regulaarne saagikoristus suurendab saagikust. Soovitav kaunad korjata toiduks noorelt, kui seemned pole veel valminud.<\/p>\n","protected":false},"featured_media":157692,"comment_status":"closed","ping_status":"closed","template":"","meta":{"_themeisle_gutenberg_block_has_review":false},"product_cat":[13480],"product_tag":[],"class_list":{"0":"post-155407","1":"product","2":"type-product","3":"status-publish","4":"has-post-thumbnail","6":"product_cat-uba","8":"first","9":"outofstock","10":"shipping-taxable","11":"purchasable","12":"product-type-simple"},"yoast_head":"<!-- This site is optimized with the Yoast SEO plugin v24.0 - https:\/\/yoast.com\/wordpress\/plugins\/seo\/ -->\n<title>Aeduba Sonesta 20g 2 - Horticom.ee\/e-pood<\/title>\n<meta name=\"description\" content=\"Varajane ja saagikas p\u00f5\u00f5sasuba, kollased kaunad, kasvuaeg 70\u201380 p\u00e4eva. Sobib v\u00e4rskelt, konserveeritult ja k\u00fclmutatult.\" \/>\n<meta name=\"robots\" content=\"index, follow, max-snippet:-1, max-image-preview:large, max-video-preview:-1\" \/>\n<link rel=\"canonical\" href=\"https:\/\/horticom.ee\/e-pood\/toode\/aeduba-sonesta-20g-2\/\" \/>\n<meta property=\"og:locale\" content=\"et_EE\" \/>\n<meta property=\"og:type\" content=\"article\" \/>\n<meta property=\"og:title\" content=\"Aeduba Sonesta 20g 2 - Horticom.ee\/e-pood\" \/>\n<meta property=\"og:description\" content=\"Varajane ja saagikas p\u00f5\u00f5sasuba, kollased kaunad, kasvuaeg 70\u201380 p\u00e4eva. Sobib v\u00e4rskelt, konserveeritult ja k\u00fclmutatult.\" \/>\n<meta property=\"og:url\" content=\"https:\/\/horticom.ee\/e-pood\/toode\/aeduba-sonesta-20g-2\/\" \/>\n<meta property=\"og:site_name\" content=\"Horticom.ee\" \/>\n<meta property=\"article:publisher\" content=\"https:\/\/www.facebook.com\/horticom.ee\/e-pood\" \/>\n<meta property=\"article:modified_time\" content=\"2026-05-02T00:10:27+00:00\" \/>\n<meta property=\"og:image\" content=\"https:\/\/horticom.ee\/e-pood\/wp-content\/uploads\/importedmedia\/product-155407_0-HM0632.jpg\" \/>\n\t<meta property=\"og:image:width\" content=\"999\" \/>\n\t<meta property=\"og:image:height\" content=\"1375\" \/>\n\t<meta property=\"og:image:type\" content=\"image\/jpeg\" \/>\n<meta name=\"twitter:card\" content=\"summary_large_image\" \/>\n<script type=\"application\/ld+json\" class=\"yoast-schema-graph\">{\"@context\":\"https:\/\/schema.org\",\"@graph\":[{\"@type\":\"WebPage\",\"@id\":\"https:\/\/horticom.ee\/e-pood\/toode\/aeduba-sonesta-20g-2\/\",\"url\":\"https:\/\/horticom.ee\/e-pood\/toode\/aeduba-sonesta-20g-2\/\",\"name\":\"Aeduba Sonesta 20g 2 - Horticom.ee\/e-pood\",\"isPartOf\":{\"@id\":\"https:\/\/horticom.ee\/e-pood\/#website\"},\"primaryImageOfPage\":{\"@id\":\"https:\/\/horticom.ee\/e-pood\/toode\/aeduba-sonesta-20g-2\/#primaryimage\"},\"image\":{\"@id\":\"https:\/\/horticom.ee\/e-pood\/toode\/aeduba-sonesta-20g-2\/#primaryimage\"},\"thumbnailUrl\":\"https:\/\/horticom.ee\/e-pood\/wp-content\/uploads\/importedmedia\/product-155407_0-HM0632.jpg\",\"datePublished\":\"2022-01-17T22:14:14+00:00\",\"dateModified\":\"2026-05-02T00:10:27+00:00\",\"description\":\"Varajane ja saagikas p\u00f5\u00f5sasuba, kollased kaunad, kasvuaeg 70\u201380 p\u00e4eva. Sobib v\u00e4rskelt, konserveeritult ja k\u00fclmutatult.\",\"breadcrumb\":{\"@id\":\"https:\/\/horticom.ee\/e-pood\/toode\/aeduba-sonesta-20g-2\/#breadcrumb\"},\"inLanguage\":\"et\",\"potentialAction\":[{\"@type\":\"ReadAction\",\"target\":[\"https:\/\/horticom.ee\/e-pood\/toode\/aeduba-sonesta-20g-2\/\"]}]},{\"@type\":\"ImageObject\",\"inLanguage\":\"et\",\"@id\":\"https:\/\/horticom.ee\/e-pood\/toode\/aeduba-sonesta-20g-2\/#primaryimage\",\"url\":\"https:\/\/horticom.ee\/e-pood\/wp-content\/uploads\/importedmedia\/product-155407_0-HM0632.jpg\",\"contentUrl\":\"https:\/\/horticom.ee\/e-pood\/wp-content\/uploads\/importedmedia\/product-155407_0-HM0632.jpg\",\"width\":999,\"height\":1375,\"caption\":\"Aeduba Sonesta 20g 2\"},{\"@type\":\"BreadcrumbList\",\"@id\":\"https:\/\/horticom.ee\/e-pood\/toode\/aeduba-sonesta-20g-2\/#breadcrumb\",\"itemListElement\":[{\"@type\":\"ListItem\",\"position\":1,\"name\":\"Home\",\"item\":\"https:\/\/horticom.ee\/e-pood\/\"},{\"@type\":\"ListItem\",\"position\":2,\"name\":\"Pood\",\"item\":\"https:\/\/horticom.ee\/e-pood\/pood\/\"},{\"@type\":\"ListItem\",\"position\":3,\"name\":\"Aeduba Sonesta 20g 2\"}]},{\"@type\":\"WebSite\",\"@id\":\"https:\/\/horticom.ee\/e-pood\/#website\",\"url\":\"https:\/\/horticom.ee\/e-pood\/\",\"name\":\"Horticom.ee\",\"description\":\"Aianduskaubad ja kodukaubad nii harrastajatele kui professionaalidele\",\"potentialAction\":[{\"@type\":\"SearchAction\",\"target\":{\"@type\":\"EntryPoint\",\"urlTemplate\":\"https:\/\/horticom.ee\/e-pood\/?s={search_term_string}\"},\"query-input\":{\"@type\":\"PropertyValueSpecification\",\"valueRequired\":true,\"valueName\":\"search_term_string\"}}],\"inLanguage\":\"et\"}]}<\/script>\n<!-- \/ Yoast SEO plugin. -->","yoast_head_json":{"title":"Aeduba Sonesta 20g 2 - Horticom.ee\/e-pood","description":"Varajane ja saagikas p\u00f5\u00f5sasuba, kollased kaunad, kasvuaeg 70\u201380 p\u00e4eva. Sobib v\u00e4rskelt, konserveeritult ja k\u00fclmutatult.","robots":{"index":"index","follow":"follow","max-snippet":"max-snippet:-1","max-image-preview":"max-image-preview:large","max-video-preview":"max-video-preview:-1"},"canonical":"https:\/\/horticom.ee\/e-pood\/toode\/aeduba-sonesta-20g-2\/","og_locale":"et_EE","og_type":"article","og_title":"Aeduba Sonesta 20g 2 - Horticom.ee\/e-pood","og_description":"Varajane ja saagikas p\u00f5\u00f5sasuba, kollased kaunad, kasvuaeg 70\u201380 p\u00e4eva. Sobib v\u00e4rskelt, konserveeritult ja k\u00fclmutatult.","og_url":"https:\/\/horticom.ee\/e-pood\/toode\/aeduba-sonesta-20g-2\/","og_site_name":"Horticom.ee","article_publisher":"https:\/\/www.facebook.com\/horticom.ee\/e-pood","article_modified_time":"2026-05-02T00:10:27+00:00","og_image":[{"width":999,"height":1375,"url":"https:\/\/horticom.ee\/e-pood\/wp-content\/uploads\/importedmedia\/product-155407_0-HM0632.jpg","type":"image\/jpeg"}],"twitter_card":"summary_large_image","schema":{"@context":"https:\/\/schema.org","@graph":[{"@type":"WebPage","@id":"https:\/\/horticom.ee\/e-pood\/toode\/aeduba-sonesta-20g-2\/","url":"https:\/\/horticom.ee\/e-pood\/toode\/aeduba-sonesta-20g-2\/","name":"Aeduba Sonesta 20g 2 - Horticom.ee\/e-pood","isPartOf":{"@id":"https:\/\/horticom.ee\/e-pood\/#website"},"primaryImageOfPage":{"@id":"https:\/\/horticom.ee\/e-pood\/toode\/aeduba-sonesta-20g-2\/#primaryimage"},"image":{"@id":"https:\/\/horticom.ee\/e-pood\/toode\/aeduba-sonesta-20g-2\/#primaryimage"},"thumbnailUrl":"https:\/\/horticom.ee\/e-pood\/wp-content\/uploads\/importedmedia\/product-155407_0-HM0632.jpg","datePublished":"2022-01-17T22:14:14+00:00","dateModified":"2026-05-02T00:10:27+00:00","description":"Varajane ja saagikas p\u00f5\u00f5sasuba, kollased kaunad, kasvuaeg 70\u201380 p\u00e4eva. Sobib v\u00e4rskelt, konserveeritult ja k\u00fclmutatult.","breadcrumb":{"@id":"https:\/\/horticom.ee\/e-pood\/toode\/aeduba-sonesta-20g-2\/#breadcrumb"},"inLanguage":"et","potentialAction":[{"@type":"ReadAction","target":["https:\/\/horticom.ee\/e-pood\/toode\/aeduba-sonesta-20g-2\/"]}]},{"@type":"ImageObject","inLanguage":"et","@id":"https:\/\/horticom.ee\/e-pood\/toode\/aeduba-sonesta-20g-2\/#primaryimage","url":"https:\/\/horticom.ee\/e-pood\/wp-content\/uploads\/importedmedia\/product-155407_0-HM0632.jpg","contentUrl":"https:\/\/horticom.ee\/e-pood\/wp-content\/uploads\/importedmedia\/product-155407_0-HM0632.jpg","width":999,"height":1375,"caption":"Aeduba Sonesta 20g 2"},{"@type":"BreadcrumbList","@id":"https:\/\/horticom.ee\/e-pood\/toode\/aeduba-sonesta-20g-2\/#breadcrumb","itemListElement":[{"@type":"ListItem","position":1,"name":"Home","item":"https:\/\/horticom.ee\/e-pood\/"},{"@type":"ListItem","position":2,"name":"Pood","item":"https:\/\/horticom.ee\/e-pood\/pood\/"},{"@type":"ListItem","position":3,"name":"Aeduba Sonesta 20g 2"}]},{"@type":"WebSite","@id":"https:\/\/horticom.ee\/e-pood\/#website","url":"https:\/\/horticom.ee\/e-pood\/","name":"Horticom.ee","description":"Aianduskaubad ja kodukaubad nii harrastajatele kui professionaalidele","potentialAction":[{"@type":"SearchAction","target":{"@type":"EntryPoint","urlTemplate":"https:\/\/horticom.ee\/e-pood\/?s={search_term_string}"},"query-input":{"@type":"PropertyValueSpecification","valueRequired":true,"valueName":"search_term_string"}}],"inLanguage":"et"}]}},"_links":{"self":[{"href":"https:\/\/horticom.ee\/e-pood\/wp-json\/wp\/v2\/product\/155407","targetHints":{"allow":["GET"]}}],"collection":[{"href":"https:\/\/horticom.ee\/e-pood\/wp-json\/wp\/v2\/product"}],"about":[{"href":"https:\/\/horticom.ee\/e-pood\/wp-json\/wp\/v2\/types\/product"}],"replies":[{"embeddable":true,"href":"https:\/\/horticom.ee\/e-pood\/wp-json\/wp\/v2\/comments?post=155407"}],"wp:featuredmedia":[{"embeddable":true,"href":"https:\/\/horticom.ee\/e-pood\/wp-json\/wp\/v2\/media\/157692"}],"wp:attachment":[{"href":"https:\/\/horticom.ee\/e-pood\/wp-json\/wp\/v2\/media?parent=155407"}],"wp:term":[{"taxonomy":"product_cat","embeddable":true,"href":"https:\/\/horticom.ee\/e-pood\/wp-json\/wp\/v2\/product_cat?post=155407"},{"taxonomy":"product_tag","embeddable":true,"href":"https:\/\/horticom.ee\/e-pood\/wp-json\/wp\/v2\/product_tag?post=155407"}],"curies":[{"name":"wp","href":"https:\/\/api.w.org\/{rel}","templated":true}]}}