{"id":155424,"date":"2022-01-18T00:14:23","date_gmt":"2022-01-17T22:14:23","guid":{"rendered":"https:\/\/aednik24.ee\/toode\/lohnav-lillhernes-mammoth-mix-5g-1\/"},"modified":"2026-04-20T03:14:31","modified_gmt":"2026-04-20T00:14:31","slug":"lohnav-lillhernes-mammoth-mix-5g-1","status":"publish","type":"product","link":"https:\/\/horticom.ee\/e-pood\/toode\/lohnav-lillhernes-mammoth-mix-5g-1\/","title":{"rendered":"L\u00f5hnav lillhernes Mammoth mix 5g 1"},"content":{"rendered":"<p>L\u00f5hnav lillhernes Mammoth mix on \u00fcheaastane ronitaim. Varajane, suurte  ja l\u00f5hnavate \u00f5itega k\u00f5rgekasvuline sort. Lille k\u00f5rgus on kuni 2m. K\u00fclvata otse peenrasse. Kasvab h\u00e4sti p\u00e4ikesepaistelistes, tuulevarjulistes kohtades, liivsavimulla pinnases. Lillhernest v\u00f5ib kujundada \u00fcheks aastaks \u00f5itsva ja l\u00f5hnava seina. Sobib l\u00f5ikelilleks.<\/p>\n","protected":false},"excerpt":{"rendered":"<p>L\u00f5hnav lillhernes Mammoth mix on \u00fcheaastane ronitaim. Varajane, suurte ja l\u00f5hnavate \u00f5itega k\u00f5rgekasvuline sort. Lille k\u00f5rgus on kuni 2m. K\u00fclvata otse peenrasse. Kasvab h\u00e4sti p\u00e4ikesepaistelistes, tuulevarjulistes kohtades, liivsavimulla pinnases. Lillhernest v\u00f5ib kujundada \u00fcheks aastaks \u00f5itsva ja l\u00f5hnava seina. Sobib l\u00f5ikelilleks.<\/p>\n","protected":false},"featured_media":157658,"comment_status":"closed","ping_status":"closed","template":"","meta":{"_themeisle_gutenberg_block_has_review":false},"product_cat":[13520],"product_tag":[],"class_list":{"0":"post-155424","1":"product","2":"type-product","3":"status-publish","4":"has-post-thumbnail","6":"product_cat-lillhernes-oisuba","8":"first","9":"outofstock","10":"shipping-taxable","11":"purchasable","12":"product-type-simple"},"yoast_head":"<!-- This site is optimized with the Yoast SEO plugin v24.0 - https:\/\/yoast.com\/wordpress\/plugins\/seo\/ -->\n<title>L\u00f5hnav lillhernes Mammoth mix 5g 1 - Horticom.ee\/e-pood<\/title>\n<meta name=\"description\" content=\"L\u00f5hnav lillhernes Mammoth mix on \u00fcheaastane ronitaim. Varajane, suurte ja l\u00f5hnavate \u00f5itega k\u00f5rgekasvuline. Lille k\u00f5rgus on kuni 2m. Sobib l\u00f5ikelilleks.\" \/>\n<meta name=\"robots\" content=\"index, follow, max-snippet:-1, max-image-preview:large, max-video-preview:-1\" \/>\n<link rel=\"canonical\" href=\"https:\/\/horticom.ee\/e-pood\/toode\/lohnav-lillhernes-mammoth-mix-5g-1\/\" \/>\n<meta property=\"og:locale\" content=\"et_EE\" \/>\n<meta property=\"og:type\" content=\"article\" \/>\n<meta property=\"og:title\" content=\"L\u00f5hnav lillhernes Mammoth mix 5g 1 - Horticom.ee\/e-pood\" \/>\n<meta property=\"og:description\" content=\"L\u00f5hnav lillhernes Mammoth mix on \u00fcheaastane ronitaim. Varajane, suurte ja l\u00f5hnavate \u00f5itega k\u00f5rgekasvuline. Lille k\u00f5rgus on kuni 2m. Sobib l\u00f5ikelilleks.\" \/>\n<meta property=\"og:url\" content=\"https:\/\/horticom.ee\/e-pood\/toode\/lohnav-lillhernes-mammoth-mix-5g-1\/\" \/>\n<meta property=\"og:site_name\" content=\"Horticom.ee\" \/>\n<meta property=\"article:publisher\" content=\"https:\/\/www.facebook.com\/horticom.ee\/e-pood\" \/>\n<meta property=\"article:modified_time\" content=\"2026-04-20T00:14:31+00:00\" \/>\n<meta property=\"og:image\" content=\"https:\/\/horticom.ee\/e-pood\/wp-content\/uploads\/importedmedia\/product-155424_0-HM0628.jpg\" \/>\n\t<meta property=\"og:image:width\" content=\"999\" \/>\n\t<meta property=\"og:image:height\" content=\"1376\" \/>\n\t<meta property=\"og:image:type\" content=\"image\/jpeg\" \/>\n<meta name=\"twitter:card\" content=\"summary_large_image\" \/>\n<script type=\"application\/ld+json\" class=\"yoast-schema-graph\">{\"@context\":\"https:\/\/schema.org\",\"@graph\":[{\"@type\":\"WebPage\",\"@id\":\"https:\/\/horticom.ee\/e-pood\/toode\/lohnav-lillhernes-mammoth-mix-5g-1\/\",\"url\":\"https:\/\/horticom.ee\/e-pood\/toode\/lohnav-lillhernes-mammoth-mix-5g-1\/\",\"name\":\"L\u00f5hnav lillhernes Mammoth mix 5g 1 - Horticom.ee\/e-pood\",\"isPartOf\":{\"@id\":\"https:\/\/horticom.ee\/e-pood\/#website\"},\"primaryImageOfPage\":{\"@id\":\"https:\/\/horticom.ee\/e-pood\/toode\/lohnav-lillhernes-mammoth-mix-5g-1\/#primaryimage\"},\"image\":{\"@id\":\"https:\/\/horticom.ee\/e-pood\/toode\/lohnav-lillhernes-mammoth-mix-5g-1\/#primaryimage\"},\"thumbnailUrl\":\"https:\/\/horticom.ee\/e-pood\/wp-content\/uploads\/importedmedia\/product-155424_0-HM0628.jpg\",\"datePublished\":\"2022-01-17T22:14:23+00:00\",\"dateModified\":\"2026-04-20T00:14:31+00:00\",\"description\":\"L\u00f5hnav lillhernes Mammoth mix on \u00fcheaastane ronitaim. Varajane, suurte ja l\u00f5hnavate \u00f5itega k\u00f5rgekasvuline. Lille k\u00f5rgus on kuni 2m. Sobib l\u00f5ikelilleks.\",\"breadcrumb\":{\"@id\":\"https:\/\/horticom.ee\/e-pood\/toode\/lohnav-lillhernes-mammoth-mix-5g-1\/#breadcrumb\"},\"inLanguage\":\"et\",\"potentialAction\":[{\"@type\":\"ReadAction\",\"target\":[\"https:\/\/horticom.ee\/e-pood\/toode\/lohnav-lillhernes-mammoth-mix-5g-1\/\"]}]},{\"@type\":\"ImageObject\",\"inLanguage\":\"et\",\"@id\":\"https:\/\/horticom.ee\/e-pood\/toode\/lohnav-lillhernes-mammoth-mix-5g-1\/#primaryimage\",\"url\":\"https:\/\/horticom.ee\/e-pood\/wp-content\/uploads\/importedmedia\/product-155424_0-HM0628.jpg\",\"contentUrl\":\"https:\/\/horticom.ee\/e-pood\/wp-content\/uploads\/importedmedia\/product-155424_0-HM0628.jpg\",\"width\":999,\"height\":1376,\"caption\":\"L\u00f5hnav lillhernes Mammoth mix 5g 1\"},{\"@type\":\"BreadcrumbList\",\"@id\":\"https:\/\/horticom.ee\/e-pood\/toode\/lohnav-lillhernes-mammoth-mix-5g-1\/#breadcrumb\",\"itemListElement\":[{\"@type\":\"ListItem\",\"position\":1,\"name\":\"Home\",\"item\":\"https:\/\/horticom.ee\/e-pood\/\"},{\"@type\":\"ListItem\",\"position\":2,\"name\":\"Pood\",\"item\":\"https:\/\/horticom.ee\/e-pood\/pood\/\"},{\"@type\":\"ListItem\",\"position\":3,\"name\":\"L\u00f5hnav lillhernes Mammoth mix 5g 1\"}]},{\"@type\":\"WebSite\",\"@id\":\"https:\/\/horticom.ee\/e-pood\/#website\",\"url\":\"https:\/\/horticom.ee\/e-pood\/\",\"name\":\"Horticom.ee\",\"description\":\"Aianduskaubad ja kodukaubad nii harrastajatele kui professionaalidele\",\"potentialAction\":[{\"@type\":\"SearchAction\",\"target\":{\"@type\":\"EntryPoint\",\"urlTemplate\":\"https:\/\/horticom.ee\/e-pood\/?s={search_term_string}\"},\"query-input\":{\"@type\":\"PropertyValueSpecification\",\"valueRequired\":true,\"valueName\":\"search_term_string\"}}],\"inLanguage\":\"et\"}]}<\/script>\n<!-- \/ Yoast SEO plugin. -->","yoast_head_json":{"title":"L\u00f5hnav lillhernes Mammoth mix 5g 1 - Horticom.ee\/e-pood","description":"L\u00f5hnav lillhernes Mammoth mix on \u00fcheaastane ronitaim. Varajane, suurte ja l\u00f5hnavate \u00f5itega k\u00f5rgekasvuline. Lille k\u00f5rgus on kuni 2m. Sobib l\u00f5ikelilleks.","robots":{"index":"index","follow":"follow","max-snippet":"max-snippet:-1","max-image-preview":"max-image-preview:large","max-video-preview":"max-video-preview:-1"},"canonical":"https:\/\/horticom.ee\/e-pood\/toode\/lohnav-lillhernes-mammoth-mix-5g-1\/","og_locale":"et_EE","og_type":"article","og_title":"L\u00f5hnav lillhernes Mammoth mix 5g 1 - Horticom.ee\/e-pood","og_description":"L\u00f5hnav lillhernes Mammoth mix on \u00fcheaastane ronitaim. Varajane, suurte ja l\u00f5hnavate \u00f5itega k\u00f5rgekasvuline. Lille k\u00f5rgus on kuni 2m. Sobib l\u00f5ikelilleks.","og_url":"https:\/\/horticom.ee\/e-pood\/toode\/lohnav-lillhernes-mammoth-mix-5g-1\/","og_site_name":"Horticom.ee","article_publisher":"https:\/\/www.facebook.com\/horticom.ee\/e-pood","article_modified_time":"2026-04-20T00:14:31+00:00","og_image":[{"width":999,"height":1376,"url":"https:\/\/horticom.ee\/e-pood\/wp-content\/uploads\/importedmedia\/product-155424_0-HM0628.jpg","type":"image\/jpeg"}],"twitter_card":"summary_large_image","schema":{"@context":"https:\/\/schema.org","@graph":[{"@type":"WebPage","@id":"https:\/\/horticom.ee\/e-pood\/toode\/lohnav-lillhernes-mammoth-mix-5g-1\/","url":"https:\/\/horticom.ee\/e-pood\/toode\/lohnav-lillhernes-mammoth-mix-5g-1\/","name":"L\u00f5hnav lillhernes Mammoth mix 5g 1 - Horticom.ee\/e-pood","isPartOf":{"@id":"https:\/\/horticom.ee\/e-pood\/#website"},"primaryImageOfPage":{"@id":"https:\/\/horticom.ee\/e-pood\/toode\/lohnav-lillhernes-mammoth-mix-5g-1\/#primaryimage"},"image":{"@id":"https:\/\/horticom.ee\/e-pood\/toode\/lohnav-lillhernes-mammoth-mix-5g-1\/#primaryimage"},"thumbnailUrl":"https:\/\/horticom.ee\/e-pood\/wp-content\/uploads\/importedmedia\/product-155424_0-HM0628.jpg","datePublished":"2022-01-17T22:14:23+00:00","dateModified":"2026-04-20T00:14:31+00:00","description":"L\u00f5hnav lillhernes Mammoth mix on \u00fcheaastane ronitaim. Varajane, suurte ja l\u00f5hnavate \u00f5itega k\u00f5rgekasvuline. Lille k\u00f5rgus on kuni 2m. Sobib l\u00f5ikelilleks.","breadcrumb":{"@id":"https:\/\/horticom.ee\/e-pood\/toode\/lohnav-lillhernes-mammoth-mix-5g-1\/#breadcrumb"},"inLanguage":"et","potentialAction":[{"@type":"ReadAction","target":["https:\/\/horticom.ee\/e-pood\/toode\/lohnav-lillhernes-mammoth-mix-5g-1\/"]}]},{"@type":"ImageObject","inLanguage":"et","@id":"https:\/\/horticom.ee\/e-pood\/toode\/lohnav-lillhernes-mammoth-mix-5g-1\/#primaryimage","url":"https:\/\/horticom.ee\/e-pood\/wp-content\/uploads\/importedmedia\/product-155424_0-HM0628.jpg","contentUrl":"https:\/\/horticom.ee\/e-pood\/wp-content\/uploads\/importedmedia\/product-155424_0-HM0628.jpg","width":999,"height":1376,"caption":"L\u00f5hnav lillhernes Mammoth mix 5g 1"},{"@type":"BreadcrumbList","@id":"https:\/\/horticom.ee\/e-pood\/toode\/lohnav-lillhernes-mammoth-mix-5g-1\/#breadcrumb","itemListElement":[{"@type":"ListItem","position":1,"name":"Home","item":"https:\/\/horticom.ee\/e-pood\/"},{"@type":"ListItem","position":2,"name":"Pood","item":"https:\/\/horticom.ee\/e-pood\/pood\/"},{"@type":"ListItem","position":3,"name":"L\u00f5hnav lillhernes Mammoth mix 5g 1"}]},{"@type":"WebSite","@id":"https:\/\/horticom.ee\/e-pood\/#website","url":"https:\/\/horticom.ee\/e-pood\/","name":"Horticom.ee","description":"Aianduskaubad ja kodukaubad nii harrastajatele kui professionaalidele","potentialAction":[{"@type":"SearchAction","target":{"@type":"EntryPoint","urlTemplate":"https:\/\/horticom.ee\/e-pood\/?s={search_term_string}"},"query-input":{"@type":"PropertyValueSpecification","valueRequired":true,"valueName":"search_term_string"}}],"inLanguage":"et"}]}},"_links":{"self":[{"href":"https:\/\/horticom.ee\/e-pood\/wp-json\/wp\/v2\/product\/155424","targetHints":{"allow":["GET"]}}],"collection":[{"href":"https:\/\/horticom.ee\/e-pood\/wp-json\/wp\/v2\/product"}],"about":[{"href":"https:\/\/horticom.ee\/e-pood\/wp-json\/wp\/v2\/types\/product"}],"replies":[{"embeddable":true,"href":"https:\/\/horticom.ee\/e-pood\/wp-json\/wp\/v2\/comments?post=155424"}],"wp:featuredmedia":[{"embeddable":true,"href":"https:\/\/horticom.ee\/e-pood\/wp-json\/wp\/v2\/media\/157658"}],"wp:attachment":[{"href":"https:\/\/horticom.ee\/e-pood\/wp-json\/wp\/v2\/media?parent=155424"}],"wp:term":[{"taxonomy":"product_cat","embeddable":true,"href":"https:\/\/horticom.ee\/e-pood\/wp-json\/wp\/v2\/product_cat?post=155424"},{"taxonomy":"product_tag","embeddable":true,"href":"https:\/\/horticom.ee\/e-pood\/wp-json\/wp\/v2\/product_tag?post=155424"}],"curies":[{"name":"wp","href":"https:\/\/api.w.org\/{rel}","templated":true}]}}