{"id":155426,"date":"2022-01-18T00:14:24","date_gmt":"2022-01-17T22:14:24","guid":{"rendered":"https:\/\/aednik24.ee\/toode\/harilik-kosmos-early-sensation-mix-1g-1\/"},"modified":"2026-04-15T15:27:06","modified_gmt":"2026-04-15T12:27:06","slug":"harilik-kosmos-early-sensation-mix-1g-1","status":"publish","type":"product","link":"https:\/\/horticom.ee\/e-pood\/toode\/harilik-kosmos-early-sensation-mix-1g-1\/","title":{"rendered":"Harilik kosmos Early Sensation mix 1g 1"},"content":{"rendered":"<p>Harilik kosmos Early Sensation mix on \u00fcheaastane j\u00f5ulise kasvuga taim, v\u00e4rvikirevate suurte \u00f5itega. K\u00f5rgus kuni 100cm. \u00d5itseb juulist oktoobrini. Sobiv k\u00fclviaeg on aprilli teine pool. K\u00fclvates seemneid ei kaeta, vaid vajutatakse ainult kergelt mulda. Sobib h\u00e4sti l\u00f5ikelilleks.<\/p>\n","protected":false},"excerpt":{"rendered":"<p>Harilik kosmos Early Sensation mix on \u00fcheaastane j\u00f5ulise kasvuga taim, v\u00e4rvikirevate suurte \u00f5itega. K\u00f5rgus kuni 100cm. \u00d5itseb juulist oktoobrini. Sobiv k\u00fclviaeg on aprilli teine pool. K\u00fclvates seemneid ei kaeta, vaid vajutatakse ainult kergelt mulda. Sobib h\u00e4sti l\u00f5ikelilleks.<\/p>\n","protected":false},"featured_media":157654,"comment_status":"closed","ping_status":"closed","template":"","meta":{"_themeisle_gutenberg_block_has_review":false},"product_cat":[13526],"product_tag":[],"class_list":{"0":"post-155426","1":"product","2":"type-product","3":"status-publish","4":"has-post-thumbnail","6":"product_cat-kosmos-ambliklill","8":"first","9":"instock","10":"shipping-taxable","11":"purchasable","12":"product-type-simple"},"yoast_head":"<!-- This site is optimized with the Yoast SEO plugin v24.0 - https:\/\/yoast.com\/wordpress\/plugins\/seo\/ -->\n<title>Harilik kosmos Early Sensation mix 1g 1 - Horticom.ee<\/title>\n<meta name=\"description\" content=\"Harilik kosmos Early Sensation mix \u2013 \u00dcheaastane taim, v\u00e4rvikirevate suurte \u00f5itega. Kasvab kuni 100cm, sobib h\u00e4sti l\u00f5ikelilleks. K\u00fclvatakse aprillis.\" \/>\n<meta name=\"robots\" content=\"index, follow, max-snippet:-1, max-image-preview:large, max-video-preview:-1\" \/>\n<link rel=\"canonical\" href=\"https:\/\/horticom.ee\/e-pood\/toode\/harilik-kosmos-early-sensation-mix-1g-1\/\" \/>\n<meta property=\"og:locale\" content=\"et_EE\" \/>\n<meta property=\"og:type\" content=\"article\" \/>\n<meta property=\"og:title\" content=\"Harilik kosmos Early Sensation mix 1g 1 - Horticom.ee\" \/>\n<meta property=\"og:description\" content=\"Harilik kosmos Early Sensation mix \u2013 \u00dcheaastane taim, v\u00e4rvikirevate suurte \u00f5itega. Kasvab kuni 100cm, sobib h\u00e4sti l\u00f5ikelilleks. K\u00fclvatakse aprillis.\" \/>\n<meta property=\"og:url\" content=\"https:\/\/horticom.ee\/e-pood\/toode\/harilik-kosmos-early-sensation-mix-1g-1\/\" \/>\n<meta property=\"og:site_name\" content=\"Horticom.ee\" \/>\n<meta property=\"article:publisher\" content=\"https:\/\/www.facebook.com\/horticom.ee\/e-pood\" \/>\n<meta property=\"article:modified_time\" content=\"2026-04-15T12:27:06+00:00\" \/>\n<meta property=\"og:image\" content=\"https:\/\/horticom.ee\/e-pood\/wp-content\/uploads\/importedmedia\/product-155426_0-HM0615.jpg\" \/>\n\t<meta property=\"og:image:width\" content=\"999\" \/>\n\t<meta property=\"og:image:height\" content=\"1375\" \/>\n\t<meta property=\"og:image:type\" content=\"image\/jpeg\" \/>\n<meta name=\"twitter:card\" content=\"summary_large_image\" \/>\n<script type=\"application\/ld+json\" class=\"yoast-schema-graph\">{\"@context\":\"https:\/\/schema.org\",\"@graph\":[{\"@type\":\"WebPage\",\"@id\":\"https:\/\/horticom.ee\/e-pood\/toode\/harilik-kosmos-early-sensation-mix-1g-1\/\",\"url\":\"https:\/\/horticom.ee\/e-pood\/toode\/harilik-kosmos-early-sensation-mix-1g-1\/\",\"name\":\"Harilik kosmos Early Sensation mix 1g 1 - Horticom.ee\",\"isPartOf\":{\"@id\":\"https:\/\/horticom.ee\/e-pood\/#website\"},\"primaryImageOfPage\":{\"@id\":\"https:\/\/horticom.ee\/e-pood\/toode\/harilik-kosmos-early-sensation-mix-1g-1\/#primaryimage\"},\"image\":{\"@id\":\"https:\/\/horticom.ee\/e-pood\/toode\/harilik-kosmos-early-sensation-mix-1g-1\/#primaryimage\"},\"thumbnailUrl\":\"https:\/\/horticom.ee\/e-pood\/wp-content\/uploads\/importedmedia\/product-155426_0-HM0615.jpg\",\"datePublished\":\"2022-01-17T22:14:24+00:00\",\"dateModified\":\"2026-04-15T12:27:06+00:00\",\"description\":\"Harilik kosmos Early Sensation mix \u2013 \u00dcheaastane taim, v\u00e4rvikirevate suurte \u00f5itega. Kasvab kuni 100cm, sobib h\u00e4sti l\u00f5ikelilleks. K\u00fclvatakse aprillis.\",\"breadcrumb\":{\"@id\":\"https:\/\/horticom.ee\/e-pood\/toode\/harilik-kosmos-early-sensation-mix-1g-1\/#breadcrumb\"},\"inLanguage\":\"et\",\"potentialAction\":[{\"@type\":\"ReadAction\",\"target\":[\"https:\/\/horticom.ee\/e-pood\/toode\/harilik-kosmos-early-sensation-mix-1g-1\/\"]}]},{\"@type\":\"ImageObject\",\"inLanguage\":\"et\",\"@id\":\"https:\/\/horticom.ee\/e-pood\/toode\/harilik-kosmos-early-sensation-mix-1g-1\/#primaryimage\",\"url\":\"https:\/\/horticom.ee\/e-pood\/wp-content\/uploads\/importedmedia\/product-155426_0-HM0615.jpg\",\"contentUrl\":\"https:\/\/horticom.ee\/e-pood\/wp-content\/uploads\/importedmedia\/product-155426_0-HM0615.jpg\",\"width\":999,\"height\":1375,\"caption\":\"Harilik kosmos Early Sensation mix 1g 1\"},{\"@type\":\"BreadcrumbList\",\"@id\":\"https:\/\/horticom.ee\/e-pood\/toode\/harilik-kosmos-early-sensation-mix-1g-1\/#breadcrumb\",\"itemListElement\":[{\"@type\":\"ListItem\",\"position\":1,\"name\":\"Home\",\"item\":\"https:\/\/horticom.ee\/e-pood\/\"},{\"@type\":\"ListItem\",\"position\":2,\"name\":\"Pood\",\"item\":\"https:\/\/horticom.ee\/e-pood\/pood\/\"},{\"@type\":\"ListItem\",\"position\":3,\"name\":\"Harilik kosmos Early Sensation mix 1g 1\"}]},{\"@type\":\"WebSite\",\"@id\":\"https:\/\/horticom.ee\/e-pood\/#website\",\"url\":\"https:\/\/horticom.ee\/e-pood\/\",\"name\":\"Horticom.ee\",\"description\":\"Aianduskaubad ja kodukaubad nii harrastajatele kui professionaalidele\",\"potentialAction\":[{\"@type\":\"SearchAction\",\"target\":{\"@type\":\"EntryPoint\",\"urlTemplate\":\"https:\/\/horticom.ee\/e-pood\/?s={search_term_string}\"},\"query-input\":{\"@type\":\"PropertyValueSpecification\",\"valueRequired\":true,\"valueName\":\"search_term_string\"}}],\"inLanguage\":\"et\"}]}<\/script>\n<!-- \/ Yoast SEO plugin. -->","yoast_head_json":{"title":"Harilik kosmos Early Sensation mix 1g 1 - Horticom.ee","description":"Harilik kosmos Early Sensation mix \u2013 \u00dcheaastane taim, v\u00e4rvikirevate suurte \u00f5itega. Kasvab kuni 100cm, sobib h\u00e4sti l\u00f5ikelilleks. K\u00fclvatakse aprillis.","robots":{"index":"index","follow":"follow","max-snippet":"max-snippet:-1","max-image-preview":"max-image-preview:large","max-video-preview":"max-video-preview:-1"},"canonical":"https:\/\/horticom.ee\/e-pood\/toode\/harilik-kosmos-early-sensation-mix-1g-1\/","og_locale":"et_EE","og_type":"article","og_title":"Harilik kosmos Early Sensation mix 1g 1 - Horticom.ee","og_description":"Harilik kosmos Early Sensation mix \u2013 \u00dcheaastane taim, v\u00e4rvikirevate suurte \u00f5itega. Kasvab kuni 100cm, sobib h\u00e4sti l\u00f5ikelilleks. K\u00fclvatakse aprillis.","og_url":"https:\/\/horticom.ee\/e-pood\/toode\/harilik-kosmos-early-sensation-mix-1g-1\/","og_site_name":"Horticom.ee","article_publisher":"https:\/\/www.facebook.com\/horticom.ee\/e-pood","article_modified_time":"2026-04-15T12:27:06+00:00","og_image":[{"width":999,"height":1375,"url":"https:\/\/horticom.ee\/e-pood\/wp-content\/uploads\/importedmedia\/product-155426_0-HM0615.jpg","type":"image\/jpeg"}],"twitter_card":"summary_large_image","schema":{"@context":"https:\/\/schema.org","@graph":[{"@type":"WebPage","@id":"https:\/\/horticom.ee\/e-pood\/toode\/harilik-kosmos-early-sensation-mix-1g-1\/","url":"https:\/\/horticom.ee\/e-pood\/toode\/harilik-kosmos-early-sensation-mix-1g-1\/","name":"Harilik kosmos Early Sensation mix 1g 1 - Horticom.ee","isPartOf":{"@id":"https:\/\/horticom.ee\/e-pood\/#website"},"primaryImageOfPage":{"@id":"https:\/\/horticom.ee\/e-pood\/toode\/harilik-kosmos-early-sensation-mix-1g-1\/#primaryimage"},"image":{"@id":"https:\/\/horticom.ee\/e-pood\/toode\/harilik-kosmos-early-sensation-mix-1g-1\/#primaryimage"},"thumbnailUrl":"https:\/\/horticom.ee\/e-pood\/wp-content\/uploads\/importedmedia\/product-155426_0-HM0615.jpg","datePublished":"2022-01-17T22:14:24+00:00","dateModified":"2026-04-15T12:27:06+00:00","description":"Harilik kosmos Early Sensation mix \u2013 \u00dcheaastane taim, v\u00e4rvikirevate suurte \u00f5itega. Kasvab kuni 100cm, sobib h\u00e4sti l\u00f5ikelilleks. K\u00fclvatakse aprillis.","breadcrumb":{"@id":"https:\/\/horticom.ee\/e-pood\/toode\/harilik-kosmos-early-sensation-mix-1g-1\/#breadcrumb"},"inLanguage":"et","potentialAction":[{"@type":"ReadAction","target":["https:\/\/horticom.ee\/e-pood\/toode\/harilik-kosmos-early-sensation-mix-1g-1\/"]}]},{"@type":"ImageObject","inLanguage":"et","@id":"https:\/\/horticom.ee\/e-pood\/toode\/harilik-kosmos-early-sensation-mix-1g-1\/#primaryimage","url":"https:\/\/horticom.ee\/e-pood\/wp-content\/uploads\/importedmedia\/product-155426_0-HM0615.jpg","contentUrl":"https:\/\/horticom.ee\/e-pood\/wp-content\/uploads\/importedmedia\/product-155426_0-HM0615.jpg","width":999,"height":1375,"caption":"Harilik kosmos Early Sensation mix 1g 1"},{"@type":"BreadcrumbList","@id":"https:\/\/horticom.ee\/e-pood\/toode\/harilik-kosmos-early-sensation-mix-1g-1\/#breadcrumb","itemListElement":[{"@type":"ListItem","position":1,"name":"Home","item":"https:\/\/horticom.ee\/e-pood\/"},{"@type":"ListItem","position":2,"name":"Pood","item":"https:\/\/horticom.ee\/e-pood\/pood\/"},{"@type":"ListItem","position":3,"name":"Harilik kosmos Early Sensation mix 1g 1"}]},{"@type":"WebSite","@id":"https:\/\/horticom.ee\/e-pood\/#website","url":"https:\/\/horticom.ee\/e-pood\/","name":"Horticom.ee","description":"Aianduskaubad ja kodukaubad nii harrastajatele kui professionaalidele","potentialAction":[{"@type":"SearchAction","target":{"@type":"EntryPoint","urlTemplate":"https:\/\/horticom.ee\/e-pood\/?s={search_term_string}"},"query-input":{"@type":"PropertyValueSpecification","valueRequired":true,"valueName":"search_term_string"}}],"inLanguage":"et"}]}},"_links":{"self":[{"href":"https:\/\/horticom.ee\/e-pood\/wp-json\/wp\/v2\/product\/155426","targetHints":{"allow":["GET"]}}],"collection":[{"href":"https:\/\/horticom.ee\/e-pood\/wp-json\/wp\/v2\/product"}],"about":[{"href":"https:\/\/horticom.ee\/e-pood\/wp-json\/wp\/v2\/types\/product"}],"replies":[{"embeddable":true,"href":"https:\/\/horticom.ee\/e-pood\/wp-json\/wp\/v2\/comments?post=155426"}],"wp:featuredmedia":[{"embeddable":true,"href":"https:\/\/horticom.ee\/e-pood\/wp-json\/wp\/v2\/media\/157654"}],"wp:attachment":[{"href":"https:\/\/horticom.ee\/e-pood\/wp-json\/wp\/v2\/media?parent=155426"}],"wp:term":[{"taxonomy":"product_cat","embeddable":true,"href":"https:\/\/horticom.ee\/e-pood\/wp-json\/wp\/v2\/product_cat?post=155426"},{"taxonomy":"product_tag","embeddable":true,"href":"https:\/\/horticom.ee\/e-pood\/wp-json\/wp\/v2\/product_tag?post=155426"}],"curies":[{"name":"wp","href":"https:\/\/api.w.org\/{rel}","templated":true}]}}