{"id":155442,"date":"2022-01-18T00:14:32","date_gmt":"2022-01-17T22:14:32","guid":{"rendered":"https:\/\/aednik24.ee\/toode\/riidekoi-feromoonpuunis-zero-in-sp\/"},"modified":"2025-05-12T13:04:50","modified_gmt":"2025-05-12T10:04:50","slug":"riidekoi-feromoonpuunis-zero-in-sp","status":"publish","type":"product","link":"https:\/\/horticom.ee\/e-pood\/toode\/riidekoi-feromoonpuunis-zero-in-sp\/","title":{"rendered":"Riidekoi feromoonp\u00fc\u00fcnis Zero In"},"content":{"rendered":"<p>\u00c4ra h\u00fc\u00fca taevas appi! Pane lihtsalt p\u00fc\u00fcnis kappi. Ekspertide poolt v\u00e4lja t\u00f6\u00f6tatud ja testitud feromonp\u00fc\u00fcnis. Tootel on ka k\u00fcljes indikaator, mis n\u00e4itab, millal on vana liimipaber juba kasutu ning oleks vaja uus panna.<\/p>\n","protected":false},"excerpt":{"rendered":"<p>\u00c4ra h\u00fc\u00fca taevas appi! Pane lihtsalt p\u00fc\u00fcnis kappi. Ekspertide poolt v\u00e4lja t\u00f6\u00f6tatud ja testitud feromonp\u00fc\u00fcnis. Tootel on ka k\u00fcljes indikaator, mis n\u00e4itab, millal on vana liimipaber juba kasutu ning oleks vaja uus panna.<\/p>\n","protected":false},"featured_media":157616,"comment_status":"closed","ping_status":"closed","template":"","meta":{"_themeisle_gutenberg_block_has_review":false},"product_cat":[18342,13603],"product_tag":[],"class_list":{"0":"post-155442","1":"product","2":"type-product","3":"status-publish","4":"has-post-thumbnail","6":"product_cat-feromoonpuunised","7":"product_cat-koid","9":"first","10":"outofstock","11":"sale","12":"shipping-taxable","13":"purchasable","14":"product-type-simple"},"yoast_head":"<!-- This site is optimized with the Yoast SEO plugin v24.0 - https:\/\/yoast.com\/wordpress\/plugins\/seo\/ -->\n<title>Riidekoi feromoonp\u00fc\u00fcnis Zero In - Horticom.ee\/e-pood<\/title>\n<meta name=\"description\" content=\"Feromonp\u00fc\u00fcnis \u2013 Ekspertide v\u00e4lja t\u00f6\u00f6tatud feromonp\u00fc\u00fcnis, n\u00e4itab, millal on aeg liimpaber v\u00e4lja vahetada. Efektiivne koide t\u00f5rjumiseks.\" \/>\n<meta name=\"robots\" content=\"index, follow, max-snippet:-1, max-image-preview:large, max-video-preview:-1\" \/>\n<link rel=\"canonical\" href=\"https:\/\/horticom.ee\/e-pood\/toode\/riidekoi-feromoonpuunis-zero-in-sp\/\" \/>\n<meta property=\"og:locale\" content=\"et_EE\" \/>\n<meta property=\"og:type\" content=\"article\" \/>\n<meta property=\"og:title\" content=\"Riidekoi feromoonp\u00fc\u00fcnis Zero In - Horticom.ee\/e-pood\" \/>\n<meta property=\"og:description\" content=\"Feromonp\u00fc\u00fcnis \u2013 Ekspertide v\u00e4lja t\u00f6\u00f6tatud feromonp\u00fc\u00fcnis, n\u00e4itab, millal on aeg liimpaber v\u00e4lja vahetada. Efektiivne koide t\u00f5rjumiseks.\" \/>\n<meta property=\"og:url\" content=\"https:\/\/horticom.ee\/e-pood\/toode\/riidekoi-feromoonpuunis-zero-in-sp\/\" \/>\n<meta property=\"og:site_name\" content=\"Horticom.ee\" \/>\n<meta property=\"article:publisher\" content=\"https:\/\/www.facebook.com\/horticom.ee\/e-pood\" \/>\n<meta property=\"article:modified_time\" content=\"2025-05-12T10:04:50+00:00\" \/>\n<meta property=\"og:image\" content=\"https:\/\/horticom.ee\/e-pood\/wp-content\/uploads\/importedmedia\/product-155442_0-ZER437.jpg\" \/>\n\t<meta property=\"og:image:width\" content=\"1000\" \/>\n\t<meta property=\"og:image:height\" content=\"1674\" \/>\n\t<meta property=\"og:image:type\" content=\"image\/jpeg\" \/>\n<meta name=\"twitter:card\" content=\"summary_large_image\" \/>\n<script type=\"application\/ld+json\" class=\"yoast-schema-graph\">{\"@context\":\"https:\/\/schema.org\",\"@graph\":[{\"@type\":\"WebPage\",\"@id\":\"https:\/\/horticom.ee\/e-pood\/toode\/riidekoi-feromoonpuunis-zero-in-sp\/\",\"url\":\"https:\/\/horticom.ee\/e-pood\/toode\/riidekoi-feromoonpuunis-zero-in-sp\/\",\"name\":\"Riidekoi feromoonp\u00fc\u00fcnis Zero In - Horticom.ee\/e-pood\",\"isPartOf\":{\"@id\":\"https:\/\/horticom.ee\/e-pood\/#website\"},\"primaryImageOfPage\":{\"@id\":\"https:\/\/horticom.ee\/e-pood\/toode\/riidekoi-feromoonpuunis-zero-in-sp\/#primaryimage\"},\"image\":{\"@id\":\"https:\/\/horticom.ee\/e-pood\/toode\/riidekoi-feromoonpuunis-zero-in-sp\/#primaryimage\"},\"thumbnailUrl\":\"https:\/\/horticom.ee\/e-pood\/wp-content\/uploads\/importedmedia\/product-155442_0-ZER437.jpg\",\"datePublished\":\"2022-01-17T22:14:32+00:00\",\"dateModified\":\"2025-05-12T10:04:50+00:00\",\"description\":\"Feromonp\u00fc\u00fcnis \u2013 Ekspertide v\u00e4lja t\u00f6\u00f6tatud feromonp\u00fc\u00fcnis, n\u00e4itab, millal on aeg liimpaber v\u00e4lja vahetada. Efektiivne koide t\u00f5rjumiseks.\",\"breadcrumb\":{\"@id\":\"https:\/\/horticom.ee\/e-pood\/toode\/riidekoi-feromoonpuunis-zero-in-sp\/#breadcrumb\"},\"inLanguage\":\"et\",\"potentialAction\":[{\"@type\":\"ReadAction\",\"target\":[\"https:\/\/horticom.ee\/e-pood\/toode\/riidekoi-feromoonpuunis-zero-in-sp\/\"]}]},{\"@type\":\"ImageObject\",\"inLanguage\":\"et\",\"@id\":\"https:\/\/horticom.ee\/e-pood\/toode\/riidekoi-feromoonpuunis-zero-in-sp\/#primaryimage\",\"url\":\"https:\/\/horticom.ee\/e-pood\/wp-content\/uploads\/importedmedia\/product-155442_0-ZER437.jpg\",\"contentUrl\":\"https:\/\/horticom.ee\/e-pood\/wp-content\/uploads\/importedmedia\/product-155442_0-ZER437.jpg\",\"width\":1000,\"height\":1674,\"caption\":\"Riidekoi feromoonp\u00fc\u00fcnis Zero In\"},{\"@type\":\"BreadcrumbList\",\"@id\":\"https:\/\/horticom.ee\/e-pood\/toode\/riidekoi-feromoonpuunis-zero-in-sp\/#breadcrumb\",\"itemListElement\":[{\"@type\":\"ListItem\",\"position\":1,\"name\":\"Home\",\"item\":\"https:\/\/horticom.ee\/e-pood\/\"},{\"@type\":\"ListItem\",\"position\":2,\"name\":\"Pood\",\"item\":\"https:\/\/horticom.ee\/e-pood\/pood\/\"},{\"@type\":\"ListItem\",\"position\":3,\"name\":\"Riidekoi feromoonp\u00fc\u00fcnis Zero In\"}]},{\"@type\":\"WebSite\",\"@id\":\"https:\/\/horticom.ee\/e-pood\/#website\",\"url\":\"https:\/\/horticom.ee\/e-pood\/\",\"name\":\"Horticom.ee\",\"description\":\"Aianduskaubad ja kodukaubad nii harrastajatele kui professionaalidele\",\"potentialAction\":[{\"@type\":\"SearchAction\",\"target\":{\"@type\":\"EntryPoint\",\"urlTemplate\":\"https:\/\/horticom.ee\/e-pood\/?s={search_term_string}\"},\"query-input\":{\"@type\":\"PropertyValueSpecification\",\"valueRequired\":true,\"valueName\":\"search_term_string\"}}],\"inLanguage\":\"et\"}]}<\/script>\n<!-- \/ Yoast SEO plugin. -->","yoast_head_json":{"title":"Riidekoi feromoonp\u00fc\u00fcnis Zero In - Horticom.ee\/e-pood","description":"Feromonp\u00fc\u00fcnis \u2013 Ekspertide v\u00e4lja t\u00f6\u00f6tatud feromonp\u00fc\u00fcnis, n\u00e4itab, millal on aeg liimpaber v\u00e4lja vahetada. Efektiivne koide t\u00f5rjumiseks.","robots":{"index":"index","follow":"follow","max-snippet":"max-snippet:-1","max-image-preview":"max-image-preview:large","max-video-preview":"max-video-preview:-1"},"canonical":"https:\/\/horticom.ee\/e-pood\/toode\/riidekoi-feromoonpuunis-zero-in-sp\/","og_locale":"et_EE","og_type":"article","og_title":"Riidekoi feromoonp\u00fc\u00fcnis Zero In - Horticom.ee\/e-pood","og_description":"Feromonp\u00fc\u00fcnis \u2013 Ekspertide v\u00e4lja t\u00f6\u00f6tatud feromonp\u00fc\u00fcnis, n\u00e4itab, millal on aeg liimpaber v\u00e4lja vahetada. Efektiivne koide t\u00f5rjumiseks.","og_url":"https:\/\/horticom.ee\/e-pood\/toode\/riidekoi-feromoonpuunis-zero-in-sp\/","og_site_name":"Horticom.ee","article_publisher":"https:\/\/www.facebook.com\/horticom.ee\/e-pood","article_modified_time":"2025-05-12T10:04:50+00:00","og_image":[{"width":1000,"height":1674,"url":"https:\/\/horticom.ee\/e-pood\/wp-content\/uploads\/importedmedia\/product-155442_0-ZER437.jpg","type":"image\/jpeg"}],"twitter_card":"summary_large_image","schema":{"@context":"https:\/\/schema.org","@graph":[{"@type":"WebPage","@id":"https:\/\/horticom.ee\/e-pood\/toode\/riidekoi-feromoonpuunis-zero-in-sp\/","url":"https:\/\/horticom.ee\/e-pood\/toode\/riidekoi-feromoonpuunis-zero-in-sp\/","name":"Riidekoi feromoonp\u00fc\u00fcnis Zero In - Horticom.ee\/e-pood","isPartOf":{"@id":"https:\/\/horticom.ee\/e-pood\/#website"},"primaryImageOfPage":{"@id":"https:\/\/horticom.ee\/e-pood\/toode\/riidekoi-feromoonpuunis-zero-in-sp\/#primaryimage"},"image":{"@id":"https:\/\/horticom.ee\/e-pood\/toode\/riidekoi-feromoonpuunis-zero-in-sp\/#primaryimage"},"thumbnailUrl":"https:\/\/horticom.ee\/e-pood\/wp-content\/uploads\/importedmedia\/product-155442_0-ZER437.jpg","datePublished":"2022-01-17T22:14:32+00:00","dateModified":"2025-05-12T10:04:50+00:00","description":"Feromonp\u00fc\u00fcnis \u2013 Ekspertide v\u00e4lja t\u00f6\u00f6tatud feromonp\u00fc\u00fcnis, n\u00e4itab, millal on aeg liimpaber v\u00e4lja vahetada. Efektiivne koide t\u00f5rjumiseks.","breadcrumb":{"@id":"https:\/\/horticom.ee\/e-pood\/toode\/riidekoi-feromoonpuunis-zero-in-sp\/#breadcrumb"},"inLanguage":"et","potentialAction":[{"@type":"ReadAction","target":["https:\/\/horticom.ee\/e-pood\/toode\/riidekoi-feromoonpuunis-zero-in-sp\/"]}]},{"@type":"ImageObject","inLanguage":"et","@id":"https:\/\/horticom.ee\/e-pood\/toode\/riidekoi-feromoonpuunis-zero-in-sp\/#primaryimage","url":"https:\/\/horticom.ee\/e-pood\/wp-content\/uploads\/importedmedia\/product-155442_0-ZER437.jpg","contentUrl":"https:\/\/horticom.ee\/e-pood\/wp-content\/uploads\/importedmedia\/product-155442_0-ZER437.jpg","width":1000,"height":1674,"caption":"Riidekoi feromoonp\u00fc\u00fcnis Zero In"},{"@type":"BreadcrumbList","@id":"https:\/\/horticom.ee\/e-pood\/toode\/riidekoi-feromoonpuunis-zero-in-sp\/#breadcrumb","itemListElement":[{"@type":"ListItem","position":1,"name":"Home","item":"https:\/\/horticom.ee\/e-pood\/"},{"@type":"ListItem","position":2,"name":"Pood","item":"https:\/\/horticom.ee\/e-pood\/pood\/"},{"@type":"ListItem","position":3,"name":"Riidekoi feromoonp\u00fc\u00fcnis Zero In"}]},{"@type":"WebSite","@id":"https:\/\/horticom.ee\/e-pood\/#website","url":"https:\/\/horticom.ee\/e-pood\/","name":"Horticom.ee","description":"Aianduskaubad ja kodukaubad nii harrastajatele kui professionaalidele","potentialAction":[{"@type":"SearchAction","target":{"@type":"EntryPoint","urlTemplate":"https:\/\/horticom.ee\/e-pood\/?s={search_term_string}"},"query-input":{"@type":"PropertyValueSpecification","valueRequired":true,"valueName":"search_term_string"}}],"inLanguage":"et"}]}},"_links":{"self":[{"href":"https:\/\/horticom.ee\/e-pood\/wp-json\/wp\/v2\/product\/155442","targetHints":{"allow":["GET"]}}],"collection":[{"href":"https:\/\/horticom.ee\/e-pood\/wp-json\/wp\/v2\/product"}],"about":[{"href":"https:\/\/horticom.ee\/e-pood\/wp-json\/wp\/v2\/types\/product"}],"replies":[{"embeddable":true,"href":"https:\/\/horticom.ee\/e-pood\/wp-json\/wp\/v2\/comments?post=155442"}],"wp:featuredmedia":[{"embeddable":true,"href":"https:\/\/horticom.ee\/e-pood\/wp-json\/wp\/v2\/media\/157616"}],"wp:attachment":[{"href":"https:\/\/horticom.ee\/e-pood\/wp-json\/wp\/v2\/media?parent=155442"}],"wp:term":[{"taxonomy":"product_cat","embeddable":true,"href":"https:\/\/horticom.ee\/e-pood\/wp-json\/wp\/v2\/product_cat?post=155442"},{"taxonomy":"product_tag","embeddable":true,"href":"https:\/\/horticom.ee\/e-pood\/wp-json\/wp\/v2\/product_tag?post=155442"}],"curies":[{"name":"wp","href":"https:\/\/api.w.org\/{rel}","templated":true}]}}