{"id":155474,"date":"2022-01-18T00:14:50","date_gmt":"2022-01-17T22:14:50","guid":{"rendered":"https:\/\/aednik24.ee\/toode\/sootja-korvid-3-rasvapalli-riputatamiseks-roheline-sp\/"},"modified":"2026-02-03T03:11:16","modified_gmt":"2026-02-03T01:11:16","slug":"sootja-korvid-3-rasvapalli-riputatamiseks-roheline-sp","status":"publish","type":"product","link":"https:\/\/horticom.ee\/e-pood\/toode\/sootja-korvid-3-rasvapalli-riputatamiseks-roheline-sp\/","title":{"rendered":"S\u00f6\u00f6tja korvid 3-rasvapalli riputatamiseks roheline"},"content":{"rendered":"<p>S\u00f6\u00f6tja korvid 3-rasvapalli riputatamiseks on kerge ja turvaline viis lindude s\u00f6\u00f6tmiseks. T\u00e4nu plastikust korvidele linnud ei takerdu kinni v\u00f5rkudesse. Lihtne riputada puuoksa k\u00fclge ja samas kerge taast\u00e4ita. Kvaliteetne ja mugav s\u00f6\u00f6tja, mis on valmistatud Inglismaal. Sobib aia- ja metslindudele.<\/p>\n","protected":false},"excerpt":{"rendered":"<p>S\u00f6\u00f6tja korvid 3-rasvapalli riputatamiseks on kerge ja turvaline viis lindude s\u00f6\u00f6tmiseks. T\u00e4nu plastikust korvidele linnud ei takerdu kinni v\u00f5rkudesse. Lihtne riputada puuoksa k\u00fclge ja samas kerge taast\u00e4ita. Kvaliteetne ja mugav s\u00f6\u00f6tja, mis on valmistatud Inglismaal. Sobib aia- ja metslindudele.<\/p>\n","protected":false},"featured_media":157534,"comment_status":"closed","ping_status":"closed","template":"","meta":{"_themeisle_gutenberg_block_has_review":false},"product_cat":[18563,13400],"product_tag":[],"class_list":{"0":"post-155474","1":"product","2":"type-product","3":"status-publish","4":"has-post-thumbnail","6":"product_cat-lopumuugitooted","7":"product_cat-sootjad","9":"first","10":"outofstock","11":"sale","12":"shipping-taxable","13":"purchasable","14":"product-type-simple"},"yoast_head":"<!-- This site is optimized with the Yoast SEO plugin v24.0 - https:\/\/yoast.com\/wordpress\/plugins\/seo\/ -->\n<title>S\u00f6\u00f6tja korvid 3-rasvapalli riputatamiseks roheline<\/title>\n<meta name=\"description\" content=\"S\u00f6\u00f6tja korvid 3-rasvapalli riputatamiseks on lihtne viis lindude s\u00f6\u00f6tmiseks. Lihtne \u00fclesse riputada ja kerge taast\u00e4ita. Sobib aia- ja metslindudele.\" \/>\n<meta name=\"robots\" content=\"index, follow, max-snippet:-1, max-image-preview:large, max-video-preview:-1\" \/>\n<link rel=\"canonical\" href=\"https:\/\/horticom.ee\/e-pood\/toode\/sootja-korvid-3-rasvapalli-riputatamiseks-roheline-sp\/\" \/>\n<meta property=\"og:locale\" content=\"et_EE\" \/>\n<meta property=\"og:type\" content=\"article\" \/>\n<meta property=\"og:title\" content=\"S\u00f6\u00f6tja korvid 3-rasvapalli riputatamiseks roheline\" \/>\n<meta property=\"og:description\" content=\"S\u00f6\u00f6tja korvid 3-rasvapalli riputatamiseks on lihtne viis lindude s\u00f6\u00f6tmiseks. Lihtne \u00fclesse riputada ja kerge taast\u00e4ita. Sobib aia- ja metslindudele.\" \/>\n<meta property=\"og:url\" content=\"https:\/\/horticom.ee\/e-pood\/toode\/sootja-korvid-3-rasvapalli-riputatamiseks-roheline-sp\/\" \/>\n<meta property=\"og:site_name\" content=\"Horticom.ee\" \/>\n<meta property=\"article:publisher\" content=\"https:\/\/www.facebook.com\/horticom.ee\/e-pood\" \/>\n<meta property=\"article:modified_time\" content=\"2026-02-03T01:11:16+00:00\" \/>\n<meta property=\"og:image\" content=\"https:\/\/horticom.ee\/e-pood\/wp-content\/uploads\/importedmedia\/product-155474_0-147BB_1.jpg\" \/>\n\t<meta property=\"og:image:width\" content=\"1000\" \/>\n\t<meta property=\"og:image:height\" content=\"2088\" \/>\n\t<meta property=\"og:image:type\" content=\"image\/jpeg\" \/>\n<meta name=\"twitter:card\" content=\"summary_large_image\" \/>\n<script type=\"application\/ld+json\" class=\"yoast-schema-graph\">{\"@context\":\"https:\/\/schema.org\",\"@graph\":[{\"@type\":\"WebPage\",\"@id\":\"https:\/\/horticom.ee\/e-pood\/toode\/sootja-korvid-3-rasvapalli-riputatamiseks-roheline-sp\/\",\"url\":\"https:\/\/horticom.ee\/e-pood\/toode\/sootja-korvid-3-rasvapalli-riputatamiseks-roheline-sp\/\",\"name\":\"S\u00f6\u00f6tja korvid 3-rasvapalli riputatamiseks roheline\",\"isPartOf\":{\"@id\":\"https:\/\/horticom.ee\/e-pood\/#website\"},\"primaryImageOfPage\":{\"@id\":\"https:\/\/horticom.ee\/e-pood\/toode\/sootja-korvid-3-rasvapalli-riputatamiseks-roheline-sp\/#primaryimage\"},\"image\":{\"@id\":\"https:\/\/horticom.ee\/e-pood\/toode\/sootja-korvid-3-rasvapalli-riputatamiseks-roheline-sp\/#primaryimage\"},\"thumbnailUrl\":\"https:\/\/horticom.ee\/e-pood\/wp-content\/uploads\/importedmedia\/product-155474_0-147BB_1.jpg\",\"datePublished\":\"2022-01-17T22:14:50+00:00\",\"dateModified\":\"2026-02-03T01:11:16+00:00\",\"description\":\"S\u00f6\u00f6tja korvid 3-rasvapalli riputatamiseks on lihtne viis lindude s\u00f6\u00f6tmiseks. Lihtne \u00fclesse riputada ja kerge taast\u00e4ita. Sobib aia- ja metslindudele.\",\"breadcrumb\":{\"@id\":\"https:\/\/horticom.ee\/e-pood\/toode\/sootja-korvid-3-rasvapalli-riputatamiseks-roheline-sp\/#breadcrumb\"},\"inLanguage\":\"et\",\"potentialAction\":[{\"@type\":\"ReadAction\",\"target\":[\"https:\/\/horticom.ee\/e-pood\/toode\/sootja-korvid-3-rasvapalli-riputatamiseks-roheline-sp\/\"]}]},{\"@type\":\"ImageObject\",\"inLanguage\":\"et\",\"@id\":\"https:\/\/horticom.ee\/e-pood\/toode\/sootja-korvid-3-rasvapalli-riputatamiseks-roheline-sp\/#primaryimage\",\"url\":\"https:\/\/horticom.ee\/e-pood\/wp-content\/uploads\/importedmedia\/product-155474_0-147BB_1.jpg\",\"contentUrl\":\"https:\/\/horticom.ee\/e-pood\/wp-content\/uploads\/importedmedia\/product-155474_0-147BB_1.jpg\",\"width\":1000,\"height\":2088,\"caption\":\"S\u00f6\u00f6tja korvid 3-rasvapalli riputatamiseks roheline\"},{\"@type\":\"BreadcrumbList\",\"@id\":\"https:\/\/horticom.ee\/e-pood\/toode\/sootja-korvid-3-rasvapalli-riputatamiseks-roheline-sp\/#breadcrumb\",\"itemListElement\":[{\"@type\":\"ListItem\",\"position\":1,\"name\":\"Home\",\"item\":\"https:\/\/horticom.ee\/e-pood\/\"},{\"@type\":\"ListItem\",\"position\":2,\"name\":\"Pood\",\"item\":\"https:\/\/horticom.ee\/e-pood\/pood\/\"},{\"@type\":\"ListItem\",\"position\":3,\"name\":\"S\u00f6\u00f6tja korvid 3-rasvapalli riputatamiseks roheline\"}]},{\"@type\":\"WebSite\",\"@id\":\"https:\/\/horticom.ee\/e-pood\/#website\",\"url\":\"https:\/\/horticom.ee\/e-pood\/\",\"name\":\"Horticom.ee\",\"description\":\"Aianduskaubad ja kodukaubad nii harrastajatele kui professionaalidele\",\"potentialAction\":[{\"@type\":\"SearchAction\",\"target\":{\"@type\":\"EntryPoint\",\"urlTemplate\":\"https:\/\/horticom.ee\/e-pood\/?s={search_term_string}\"},\"query-input\":{\"@type\":\"PropertyValueSpecification\",\"valueRequired\":true,\"valueName\":\"search_term_string\"}}],\"inLanguage\":\"et\"}]}<\/script>\n<!-- \/ Yoast SEO plugin. -->","yoast_head_json":{"title":"S\u00f6\u00f6tja korvid 3-rasvapalli riputatamiseks roheline","description":"S\u00f6\u00f6tja korvid 3-rasvapalli riputatamiseks on lihtne viis lindude s\u00f6\u00f6tmiseks. Lihtne \u00fclesse riputada ja kerge taast\u00e4ita. Sobib aia- ja metslindudele.","robots":{"index":"index","follow":"follow","max-snippet":"max-snippet:-1","max-image-preview":"max-image-preview:large","max-video-preview":"max-video-preview:-1"},"canonical":"https:\/\/horticom.ee\/e-pood\/toode\/sootja-korvid-3-rasvapalli-riputatamiseks-roheline-sp\/","og_locale":"et_EE","og_type":"article","og_title":"S\u00f6\u00f6tja korvid 3-rasvapalli riputatamiseks roheline","og_description":"S\u00f6\u00f6tja korvid 3-rasvapalli riputatamiseks on lihtne viis lindude s\u00f6\u00f6tmiseks. Lihtne \u00fclesse riputada ja kerge taast\u00e4ita. Sobib aia- ja metslindudele.","og_url":"https:\/\/horticom.ee\/e-pood\/toode\/sootja-korvid-3-rasvapalli-riputatamiseks-roheline-sp\/","og_site_name":"Horticom.ee","article_publisher":"https:\/\/www.facebook.com\/horticom.ee\/e-pood","article_modified_time":"2026-02-03T01:11:16+00:00","og_image":[{"width":1000,"height":2088,"url":"https:\/\/horticom.ee\/e-pood\/wp-content\/uploads\/importedmedia\/product-155474_0-147BB_1.jpg","type":"image\/jpeg"}],"twitter_card":"summary_large_image","schema":{"@context":"https:\/\/schema.org","@graph":[{"@type":"WebPage","@id":"https:\/\/horticom.ee\/e-pood\/toode\/sootja-korvid-3-rasvapalli-riputatamiseks-roheline-sp\/","url":"https:\/\/horticom.ee\/e-pood\/toode\/sootja-korvid-3-rasvapalli-riputatamiseks-roheline-sp\/","name":"S\u00f6\u00f6tja korvid 3-rasvapalli riputatamiseks roheline","isPartOf":{"@id":"https:\/\/horticom.ee\/e-pood\/#website"},"primaryImageOfPage":{"@id":"https:\/\/horticom.ee\/e-pood\/toode\/sootja-korvid-3-rasvapalli-riputatamiseks-roheline-sp\/#primaryimage"},"image":{"@id":"https:\/\/horticom.ee\/e-pood\/toode\/sootja-korvid-3-rasvapalli-riputatamiseks-roheline-sp\/#primaryimage"},"thumbnailUrl":"https:\/\/horticom.ee\/e-pood\/wp-content\/uploads\/importedmedia\/product-155474_0-147BB_1.jpg","datePublished":"2022-01-17T22:14:50+00:00","dateModified":"2026-02-03T01:11:16+00:00","description":"S\u00f6\u00f6tja korvid 3-rasvapalli riputatamiseks on lihtne viis lindude s\u00f6\u00f6tmiseks. Lihtne \u00fclesse riputada ja kerge taast\u00e4ita. Sobib aia- ja metslindudele.","breadcrumb":{"@id":"https:\/\/horticom.ee\/e-pood\/toode\/sootja-korvid-3-rasvapalli-riputatamiseks-roheline-sp\/#breadcrumb"},"inLanguage":"et","potentialAction":[{"@type":"ReadAction","target":["https:\/\/horticom.ee\/e-pood\/toode\/sootja-korvid-3-rasvapalli-riputatamiseks-roheline-sp\/"]}]},{"@type":"ImageObject","inLanguage":"et","@id":"https:\/\/horticom.ee\/e-pood\/toode\/sootja-korvid-3-rasvapalli-riputatamiseks-roheline-sp\/#primaryimage","url":"https:\/\/horticom.ee\/e-pood\/wp-content\/uploads\/importedmedia\/product-155474_0-147BB_1.jpg","contentUrl":"https:\/\/horticom.ee\/e-pood\/wp-content\/uploads\/importedmedia\/product-155474_0-147BB_1.jpg","width":1000,"height":2088,"caption":"S\u00f6\u00f6tja korvid 3-rasvapalli riputatamiseks roheline"},{"@type":"BreadcrumbList","@id":"https:\/\/horticom.ee\/e-pood\/toode\/sootja-korvid-3-rasvapalli-riputatamiseks-roheline-sp\/#breadcrumb","itemListElement":[{"@type":"ListItem","position":1,"name":"Home","item":"https:\/\/horticom.ee\/e-pood\/"},{"@type":"ListItem","position":2,"name":"Pood","item":"https:\/\/horticom.ee\/e-pood\/pood\/"},{"@type":"ListItem","position":3,"name":"S\u00f6\u00f6tja korvid 3-rasvapalli riputatamiseks roheline"}]},{"@type":"WebSite","@id":"https:\/\/horticom.ee\/e-pood\/#website","url":"https:\/\/horticom.ee\/e-pood\/","name":"Horticom.ee","description":"Aianduskaubad ja kodukaubad nii harrastajatele kui professionaalidele","potentialAction":[{"@type":"SearchAction","target":{"@type":"EntryPoint","urlTemplate":"https:\/\/horticom.ee\/e-pood\/?s={search_term_string}"},"query-input":{"@type":"PropertyValueSpecification","valueRequired":true,"valueName":"search_term_string"}}],"inLanguage":"et"}]}},"_links":{"self":[{"href":"https:\/\/horticom.ee\/e-pood\/wp-json\/wp\/v2\/product\/155474","targetHints":{"allow":["GET"]}}],"collection":[{"href":"https:\/\/horticom.ee\/e-pood\/wp-json\/wp\/v2\/product"}],"about":[{"href":"https:\/\/horticom.ee\/e-pood\/wp-json\/wp\/v2\/types\/product"}],"replies":[{"embeddable":true,"href":"https:\/\/horticom.ee\/e-pood\/wp-json\/wp\/v2\/comments?post=155474"}],"wp:featuredmedia":[{"embeddable":true,"href":"https:\/\/horticom.ee\/e-pood\/wp-json\/wp\/v2\/media\/157534"}],"wp:attachment":[{"href":"https:\/\/horticom.ee\/e-pood\/wp-json\/wp\/v2\/media?parent=155474"}],"wp:term":[{"taxonomy":"product_cat","embeddable":true,"href":"https:\/\/horticom.ee\/e-pood\/wp-json\/wp\/v2\/product_cat?post=155474"},{"taxonomy":"product_tag","embeddable":true,"href":"https:\/\/horticom.ee\/e-pood\/wp-json\/wp\/v2\/product_tag?post=155474"}],"curies":[{"name":"wp","href":"https:\/\/api.w.org\/{rel}","templated":true}]}}