{"id":155522,"date":"2022-01-18T00:15:13","date_gmt":"2022-01-17T22:15:13","guid":{"rendered":"https:\/\/aednik24.ee\/toode\/aiakingad-naistele-clean-lady-neopreen-sp\/"},"modified":"2026-04-24T03:12:40","modified_gmt":"2026-04-24T00:12:40","slug":"aiakingad-naistele-clean-lady-neopreen-sp","status":"publish","type":"product","link":"https:\/\/horticom.ee\/e-pood\/toode\/aiakingad-naistele-clean-lady-neopreen-sp\/","title":{"rendered":"Aiakingad naistele Clean Lady neopreen"},"content":{"rendered":"<p>Aiakingad naistele Clean Lady. Naturaalsest kaut\u0161ukist vastupidavate jalan\u00f5ude v\u00e4listald on hea painduvusega, kergesti puhastatav ja libisemiskindel. Jala soojusega vormuv ja eemaldatav sisetald tagab mugavuse igal sammul. Neopreenist vooder (3,6mm) salvestab sooja, mida keha ise toodab ja hoiab jalad pidevalt soojas. NB! Antud mudel sobib laiema liistuga jalale ning kitsama liistuga jalale soovitame valida nr v\u00e4iksem.<\/p>\n","protected":false},"excerpt":{"rendered":"<p>Aiakingad naistele Clean Lady. Naturaalsest kaut\u0161ukist vastupidavate jalan\u00f5ude v\u00e4listald on hea painduvusega, kergesti puhastatav ja libisemiskindel. Jala soojusega vormuv ja eemaldatav sisetald tagab mugavuse igal sammul. Neopreenist vooder (3,6mm) salvestab sooja, mida keha ise toodab ja hoiab jalad pidevalt soojas. NB! Antud mudel sobib laiema liistuga jalale ning kitsama liistuga jalale soovitame valida nr v\u00e4iksem.<\/p>\n","protected":false},"featured_media":2397748,"comment_status":"closed","ping_status":"closed","template":"","meta":{"_themeisle_gutenberg_block_has_review":false},"product_cat":[18563,13418],"product_tag":[],"class_list":{"0":"post-155522","1":"product","2":"type-product","3":"status-publish","4":"has-post-thumbnail","6":"product_cat-lopumuugitooted","7":"product_cat-jalanoud","9":"first","10":"outofstock","11":"sale","12":"shipping-taxable","13":"purchasable","14":"product-type-variable"},"yoast_head":"<!-- This site is optimized with the Yoast SEO plugin v24.0 - https:\/\/yoast.com\/wordpress\/plugins\/seo\/ -->\n<title>Aiakingad naistele Clean Lady neopreen S 37 lilla\/must<\/title>\n<meta name=\"description\" content=\"Naturaalsest kaut\u0161ukist aiakingad on painduvate, kergesti puhastatavate ja libisemiskindlate taldadega. Eemaldatav soe sisetald vormub jala soojusega.\" \/>\n<meta name=\"robots\" content=\"index, follow, max-snippet:-1, max-image-preview:large, max-video-preview:-1\" \/>\n<link rel=\"canonical\" href=\"https:\/\/horticom.ee\/e-pood\/toode\/aiakingad-naistele-clean-lady-neopreen-sp\/\" \/>\n<meta property=\"og:locale\" content=\"et_EE\" \/>\n<meta property=\"og:type\" content=\"article\" \/>\n<meta property=\"og:title\" content=\"Aiakingad naistele Clean Lady neopreen S 37 lilla\/must\" \/>\n<meta property=\"og:description\" content=\"Naturaalsest kaut\u0161ukist aiakingad on painduvate, kergesti puhastatavate ja libisemiskindlate taldadega. Eemaldatav soe sisetald vormub jala soojusega.\" \/>\n<meta property=\"og:url\" content=\"https:\/\/horticom.ee\/e-pood\/toode\/aiakingad-naistele-clean-lady-neopreen-sp\/\" \/>\n<meta property=\"og:site_name\" content=\"Horticom.ee\" \/>\n<meta property=\"article:publisher\" content=\"https:\/\/www.facebook.com\/horticom.ee\/e-pood\" \/>\n<meta property=\"article:modified_time\" content=\"2026-04-24T00:12:40+00:00\" \/>\n<meta property=\"og:image\" content=\"https:\/\/horticom.ee\/e-pood\/wp-content\/uploads\/importedmedia\/product_155522_0_203RCAKCLEANLADY.jpg\" \/>\n\t<meta property=\"og:image:width\" content=\"999\" \/>\n\t<meta property=\"og:image:height\" content=\"635\" \/>\n\t<meta property=\"og:image:type\" content=\"image\/jpeg\" \/>\n<meta name=\"twitter:card\" content=\"summary_large_image\" \/>\n<script type=\"application\/ld+json\" class=\"yoast-schema-graph\">{\"@context\":\"https:\/\/schema.org\",\"@graph\":[{\"@type\":\"WebPage\",\"@id\":\"https:\/\/horticom.ee\/e-pood\/toode\/aiakingad-naistele-clean-lady-neopreen-sp\/\",\"url\":\"https:\/\/horticom.ee\/e-pood\/toode\/aiakingad-naistele-clean-lady-neopreen-sp\/\",\"name\":\"Aiakingad naistele Clean Lady neopreen S 37 lilla\/must\",\"isPartOf\":{\"@id\":\"https:\/\/horticom.ee\/e-pood\/#website\"},\"primaryImageOfPage\":{\"@id\":\"https:\/\/horticom.ee\/e-pood\/toode\/aiakingad-naistele-clean-lady-neopreen-sp\/#primaryimage\"},\"image\":{\"@id\":\"https:\/\/horticom.ee\/e-pood\/toode\/aiakingad-naistele-clean-lady-neopreen-sp\/#primaryimage\"},\"thumbnailUrl\":\"https:\/\/horticom.ee\/e-pood\/wp-content\/uploads\/importedmedia\/product_155522_0_203RCAKCLEANLADY.jpg\",\"datePublished\":\"2022-01-17T22:15:13+00:00\",\"dateModified\":\"2026-04-24T00:12:40+00:00\",\"description\":\"Naturaalsest kaut\u0161ukist aiakingad on painduvate, kergesti puhastatavate ja libisemiskindlate taldadega. Eemaldatav soe sisetald vormub jala soojusega.\",\"breadcrumb\":{\"@id\":\"https:\/\/horticom.ee\/e-pood\/toode\/aiakingad-naistele-clean-lady-neopreen-sp\/#breadcrumb\"},\"inLanguage\":\"et\",\"potentialAction\":[{\"@type\":\"ReadAction\",\"target\":[\"https:\/\/horticom.ee\/e-pood\/toode\/aiakingad-naistele-clean-lady-neopreen-sp\/\"]}]},{\"@type\":\"ImageObject\",\"inLanguage\":\"et\",\"@id\":\"https:\/\/horticom.ee\/e-pood\/toode\/aiakingad-naistele-clean-lady-neopreen-sp\/#primaryimage\",\"url\":\"https:\/\/horticom.ee\/e-pood\/wp-content\/uploads\/importedmedia\/product_155522_0_203RCAKCLEANLADY.jpg\",\"contentUrl\":\"https:\/\/horticom.ee\/e-pood\/wp-content\/uploads\/importedmedia\/product_155522_0_203RCAKCLEANLADY.jpg\",\"width\":999,\"height\":635},{\"@type\":\"BreadcrumbList\",\"@id\":\"https:\/\/horticom.ee\/e-pood\/toode\/aiakingad-naistele-clean-lady-neopreen-sp\/#breadcrumb\",\"itemListElement\":[{\"@type\":\"ListItem\",\"position\":1,\"name\":\"Home\",\"item\":\"https:\/\/horticom.ee\/e-pood\/\"},{\"@type\":\"ListItem\",\"position\":2,\"name\":\"Pood\",\"item\":\"https:\/\/horticom.ee\/e-pood\/pood\/\"},{\"@type\":\"ListItem\",\"position\":3,\"name\":\"Aiakingad naistele Clean Lady neopreen\"}]},{\"@type\":\"WebSite\",\"@id\":\"https:\/\/horticom.ee\/e-pood\/#website\",\"url\":\"https:\/\/horticom.ee\/e-pood\/\",\"name\":\"Horticom.ee\",\"description\":\"Aianduskaubad ja kodukaubad nii harrastajatele kui professionaalidele\",\"potentialAction\":[{\"@type\":\"SearchAction\",\"target\":{\"@type\":\"EntryPoint\",\"urlTemplate\":\"https:\/\/horticom.ee\/e-pood\/?s={search_term_string}\"},\"query-input\":{\"@type\":\"PropertyValueSpecification\",\"valueRequired\":true,\"valueName\":\"search_term_string\"}}],\"inLanguage\":\"et\"}]}<\/script>\n<!-- \/ Yoast SEO plugin. -->","yoast_head_json":{"title":"Aiakingad naistele Clean Lady neopreen S 37 lilla\/must","description":"Naturaalsest kaut\u0161ukist aiakingad on painduvate, kergesti puhastatavate ja libisemiskindlate taldadega. Eemaldatav soe sisetald vormub jala soojusega.","robots":{"index":"index","follow":"follow","max-snippet":"max-snippet:-1","max-image-preview":"max-image-preview:large","max-video-preview":"max-video-preview:-1"},"canonical":"https:\/\/horticom.ee\/e-pood\/toode\/aiakingad-naistele-clean-lady-neopreen-sp\/","og_locale":"et_EE","og_type":"article","og_title":"Aiakingad naistele Clean Lady neopreen S 37 lilla\/must","og_description":"Naturaalsest kaut\u0161ukist aiakingad on painduvate, kergesti puhastatavate ja libisemiskindlate taldadega. Eemaldatav soe sisetald vormub jala soojusega.","og_url":"https:\/\/horticom.ee\/e-pood\/toode\/aiakingad-naistele-clean-lady-neopreen-sp\/","og_site_name":"Horticom.ee","article_publisher":"https:\/\/www.facebook.com\/horticom.ee\/e-pood","article_modified_time":"2026-04-24T00:12:40+00:00","og_image":[{"width":999,"height":635,"url":"https:\/\/horticom.ee\/e-pood\/wp-content\/uploads\/importedmedia\/product_155522_0_203RCAKCLEANLADY.jpg","type":"image\/jpeg"}],"twitter_card":"summary_large_image","schema":{"@context":"https:\/\/schema.org","@graph":[{"@type":"WebPage","@id":"https:\/\/horticom.ee\/e-pood\/toode\/aiakingad-naistele-clean-lady-neopreen-sp\/","url":"https:\/\/horticom.ee\/e-pood\/toode\/aiakingad-naistele-clean-lady-neopreen-sp\/","name":"Aiakingad naistele Clean Lady neopreen S 37 lilla\/must","isPartOf":{"@id":"https:\/\/horticom.ee\/e-pood\/#website"},"primaryImageOfPage":{"@id":"https:\/\/horticom.ee\/e-pood\/toode\/aiakingad-naistele-clean-lady-neopreen-sp\/#primaryimage"},"image":{"@id":"https:\/\/horticom.ee\/e-pood\/toode\/aiakingad-naistele-clean-lady-neopreen-sp\/#primaryimage"},"thumbnailUrl":"https:\/\/horticom.ee\/e-pood\/wp-content\/uploads\/importedmedia\/product_155522_0_203RCAKCLEANLADY.jpg","datePublished":"2022-01-17T22:15:13+00:00","dateModified":"2026-04-24T00:12:40+00:00","description":"Naturaalsest kaut\u0161ukist aiakingad on painduvate, kergesti puhastatavate ja libisemiskindlate taldadega. Eemaldatav soe sisetald vormub jala soojusega.","breadcrumb":{"@id":"https:\/\/horticom.ee\/e-pood\/toode\/aiakingad-naistele-clean-lady-neopreen-sp\/#breadcrumb"},"inLanguage":"et","potentialAction":[{"@type":"ReadAction","target":["https:\/\/horticom.ee\/e-pood\/toode\/aiakingad-naistele-clean-lady-neopreen-sp\/"]}]},{"@type":"ImageObject","inLanguage":"et","@id":"https:\/\/horticom.ee\/e-pood\/toode\/aiakingad-naistele-clean-lady-neopreen-sp\/#primaryimage","url":"https:\/\/horticom.ee\/e-pood\/wp-content\/uploads\/importedmedia\/product_155522_0_203RCAKCLEANLADY.jpg","contentUrl":"https:\/\/horticom.ee\/e-pood\/wp-content\/uploads\/importedmedia\/product_155522_0_203RCAKCLEANLADY.jpg","width":999,"height":635},{"@type":"BreadcrumbList","@id":"https:\/\/horticom.ee\/e-pood\/toode\/aiakingad-naistele-clean-lady-neopreen-sp\/#breadcrumb","itemListElement":[{"@type":"ListItem","position":1,"name":"Home","item":"https:\/\/horticom.ee\/e-pood\/"},{"@type":"ListItem","position":2,"name":"Pood","item":"https:\/\/horticom.ee\/e-pood\/pood\/"},{"@type":"ListItem","position":3,"name":"Aiakingad naistele Clean Lady neopreen"}]},{"@type":"WebSite","@id":"https:\/\/horticom.ee\/e-pood\/#website","url":"https:\/\/horticom.ee\/e-pood\/","name":"Horticom.ee","description":"Aianduskaubad ja kodukaubad nii harrastajatele kui professionaalidele","potentialAction":[{"@type":"SearchAction","target":{"@type":"EntryPoint","urlTemplate":"https:\/\/horticom.ee\/e-pood\/?s={search_term_string}"},"query-input":{"@type":"PropertyValueSpecification","valueRequired":true,"valueName":"search_term_string"}}],"inLanguage":"et"}]}},"_links":{"self":[{"href":"https:\/\/horticom.ee\/e-pood\/wp-json\/wp\/v2\/product\/155522","targetHints":{"allow":["GET"]}}],"collection":[{"href":"https:\/\/horticom.ee\/e-pood\/wp-json\/wp\/v2\/product"}],"about":[{"href":"https:\/\/horticom.ee\/e-pood\/wp-json\/wp\/v2\/types\/product"}],"replies":[{"embeddable":true,"href":"https:\/\/horticom.ee\/e-pood\/wp-json\/wp\/v2\/comments?post=155522"}],"wp:featuredmedia":[{"embeddable":true,"href":"https:\/\/horticom.ee\/e-pood\/wp-json\/wp\/v2\/media\/2397748"}],"wp:attachment":[{"href":"https:\/\/horticom.ee\/e-pood\/wp-json\/wp\/v2\/media?parent=155522"}],"wp:term":[{"taxonomy":"product_cat","embeddable":true,"href":"https:\/\/horticom.ee\/e-pood\/wp-json\/wp\/v2\/product_cat?post=155522"},{"taxonomy":"product_tag","embeddable":true,"href":"https:\/\/horticom.ee\/e-pood\/wp-json\/wp\/v2\/product_tag?post=155522"}],"curies":[{"name":"wp","href":"https:\/\/api.w.org\/{rel}","templated":true}]}}