{"id":155550,"date":"2022-01-18T00:15:25","date_gmt":"2022-01-17T22:15:25","guid":{"rendered":"https:\/\/aednik24.ee\/toode\/poolkorged-kummikud-meestele-neopreen-clean-garden-roheline-sp\/"},"modified":"2026-04-29T03:01:00","modified_gmt":"2026-04-29T00:01:00","slug":"poolkorged-kummikud-meestele-neopreen-clean-garden-roheline-sp","status":"publish","type":"product","link":"https:\/\/horticom.ee\/e-pood\/toode\/poolkorged-kummikud-meestele-neopreen-clean-garden-roheline-sp\/","title":{"rendered":"Poolk\u00f5rged kummikud meestele neopreen Clean Garden roheline"},"content":{"rendered":"<p>Poolk\u00f5rged kummikud meestele neopreen Clean Garden &#8211; Naturaalsest kaut\u0161ukist vastupidavad jalan\u00f5ude v\u00e4listald on hea painduvusega, kergesti puhastatav ja libisemiskindel. Jala soojusega vormuv ja eemaldatav sisetald tagab mugavuse igal sammul. \u00dclaservas on v\u00e4ike aasake, et jalan\u00f5ud oleks mugav jalga panna. Kummikutel on maksimaalselt soojaandev neopreenist vooder paksusega 5\/6mm. NB! Antud mudel sobib laiema liistuga jalale ning kitsama liistuga jalale soovitame valida nr v\u00e4iksem.<\/p>\n","protected":false},"excerpt":{"rendered":"<p>Poolk\u00f5rged kummikud meestele neopreen Clean Garden &#8211; Naturaalsest kaut\u0161ukist vastupidavad jalan\u00f5ude v\u00e4listald on hea painduvusega, kergesti puhastatav ja libisemiskindel. Jala soojusega vormuv ja eemaldatav sisetald tagab mugavuse igal sammul. \u00dclaservas on v\u00e4ike aasake, et jalan\u00f5ud oleks mugav jalga panna. Kummikutel on maksimaalselt soojaandev neopreenist vooder paksusega 5\/6mm. NB! Antud mudel sobib laiema liistuga jalale ning [&hellip;]<\/p>\n","protected":false},"featured_media":2377150,"comment_status":"closed","ping_status":"closed","template":"","meta":{"_themeisle_gutenberg_block_has_review":false},"product_cat":[18563,13418],"product_tag":[],"class_list":{"0":"post-155550","1":"product","2":"type-product","3":"status-publish","4":"has-post-thumbnail","6":"product_cat-lopumuugitooted","7":"product_cat-jalanoud","9":"first","10":"outofstock","11":"sale","12":"shipping-taxable","13":"purchasable","14":"product-type-variable"},"yoast_head":"<!-- This site is optimized with the Yoast SEO plugin v24.0 - https:\/\/yoast.com\/wordpress\/plugins\/seo\/ -->\n<title>Poolk\u00f5rged kummikud meestele neopreen Clean Garden<\/title>\n<meta name=\"description\" content=\"Naturaalsest kaut\u0161ukist vastupidavad jalan\u00f5ud, painduv v\u00e4listald. Eemaldatav, jala soojusega vormuv sisetald tagab mugavuse. Soe neopreenvooder.\" \/>\n<meta name=\"robots\" content=\"index, follow, max-snippet:-1, max-image-preview:large, max-video-preview:-1\" \/>\n<link rel=\"canonical\" href=\"https:\/\/horticom.ee\/e-pood\/toode\/poolkorged-kummikud-meestele-neopreen-clean-garden-roheline-sp\/\" \/>\n<meta property=\"og:locale\" content=\"et_EE\" \/>\n<meta property=\"og:type\" content=\"article\" \/>\n<meta property=\"og:title\" content=\"Poolk\u00f5rged kummikud meestele neopreen Clean Garden\" \/>\n<meta property=\"og:description\" content=\"Naturaalsest kaut\u0161ukist vastupidavad jalan\u00f5ud, painduv v\u00e4listald. Eemaldatav, jala soojusega vormuv sisetald tagab mugavuse. Soe neopreenvooder.\" \/>\n<meta property=\"og:url\" content=\"https:\/\/horticom.ee\/e-pood\/toode\/poolkorged-kummikud-meestele-neopreen-clean-garden-roheline-sp\/\" \/>\n<meta property=\"og:site_name\" content=\"Horticom.ee\" \/>\n<meta property=\"article:publisher\" content=\"https:\/\/www.facebook.com\/horticom.ee\/e-pood\" \/>\n<meta property=\"article:modified_time\" content=\"2026-04-29T00:01:00+00:00\" \/>\n<meta property=\"og:image\" content=\"https:\/\/horticom.ee\/e-pood\/wp-content\/uploads\/importedmedia\/product-155550_0-203RCPKCLEANGARDEN.jpg\" \/>\n\t<meta property=\"og:image:width\" content=\"1000\" \/>\n\t<meta property=\"og:image:height\" content=\"941\" \/>\n\t<meta property=\"og:image:type\" content=\"image\/jpeg\" \/>\n<meta name=\"twitter:card\" content=\"summary_large_image\" \/>\n<script type=\"application\/ld+json\" class=\"yoast-schema-graph\">{\"@context\":\"https:\/\/schema.org\",\"@graph\":[{\"@type\":\"WebPage\",\"@id\":\"https:\/\/horticom.ee\/e-pood\/toode\/poolkorged-kummikud-meestele-neopreen-clean-garden-roheline-sp\/\",\"url\":\"https:\/\/horticom.ee\/e-pood\/toode\/poolkorged-kummikud-meestele-neopreen-clean-garden-roheline-sp\/\",\"name\":\"Poolk\u00f5rged kummikud meestele neopreen Clean Garden\",\"isPartOf\":{\"@id\":\"https:\/\/horticom.ee\/e-pood\/#website\"},\"primaryImageOfPage\":{\"@id\":\"https:\/\/horticom.ee\/e-pood\/toode\/poolkorged-kummikud-meestele-neopreen-clean-garden-roheline-sp\/#primaryimage\"},\"image\":{\"@id\":\"https:\/\/horticom.ee\/e-pood\/toode\/poolkorged-kummikud-meestele-neopreen-clean-garden-roheline-sp\/#primaryimage\"},\"thumbnailUrl\":\"https:\/\/horticom.ee\/e-pood\/wp-content\/uploads\/importedmedia\/product-155550_0-203RCPKCLEANGARDEN.jpg\",\"datePublished\":\"2022-01-17T22:15:25+00:00\",\"dateModified\":\"2026-04-29T00:01:00+00:00\",\"description\":\"Naturaalsest kaut\u0161ukist vastupidavad jalan\u00f5ud, painduv v\u00e4listald. Eemaldatav, jala soojusega vormuv sisetald tagab mugavuse. Soe neopreenvooder.\",\"breadcrumb\":{\"@id\":\"https:\/\/horticom.ee\/e-pood\/toode\/poolkorged-kummikud-meestele-neopreen-clean-garden-roheline-sp\/#breadcrumb\"},\"inLanguage\":\"et\",\"potentialAction\":[{\"@type\":\"ReadAction\",\"target\":[\"https:\/\/horticom.ee\/e-pood\/toode\/poolkorged-kummikud-meestele-neopreen-clean-garden-roheline-sp\/\"]}]},{\"@type\":\"ImageObject\",\"inLanguage\":\"et\",\"@id\":\"https:\/\/horticom.ee\/e-pood\/toode\/poolkorged-kummikud-meestele-neopreen-clean-garden-roheline-sp\/#primaryimage\",\"url\":\"https:\/\/horticom.ee\/e-pood\/wp-content\/uploads\/importedmedia\/product-155550_0-203RCPKCLEANGARDEN.jpg\",\"contentUrl\":\"https:\/\/horticom.ee\/e-pood\/wp-content\/uploads\/importedmedia\/product-155550_0-203RCPKCLEANGARDEN.jpg\",\"width\":1000,\"height\":941},{\"@type\":\"BreadcrumbList\",\"@id\":\"https:\/\/horticom.ee\/e-pood\/toode\/poolkorged-kummikud-meestele-neopreen-clean-garden-roheline-sp\/#breadcrumb\",\"itemListElement\":[{\"@type\":\"ListItem\",\"position\":1,\"name\":\"Home\",\"item\":\"https:\/\/horticom.ee\/e-pood\/\"},{\"@type\":\"ListItem\",\"position\":2,\"name\":\"Pood\",\"item\":\"https:\/\/horticom.ee\/e-pood\/pood\/\"},{\"@type\":\"ListItem\",\"position\":3,\"name\":\"Poolk\u00f5rged kummikud meestele neopreen Clean Garden roheline\"}]},{\"@type\":\"WebSite\",\"@id\":\"https:\/\/horticom.ee\/e-pood\/#website\",\"url\":\"https:\/\/horticom.ee\/e-pood\/\",\"name\":\"Horticom.ee\",\"description\":\"Aianduskaubad ja kodukaubad nii harrastajatele kui professionaalidele\",\"potentialAction\":[{\"@type\":\"SearchAction\",\"target\":{\"@type\":\"EntryPoint\",\"urlTemplate\":\"https:\/\/horticom.ee\/e-pood\/?s={search_term_string}\"},\"query-input\":{\"@type\":\"PropertyValueSpecification\",\"valueRequired\":true,\"valueName\":\"search_term_string\"}}],\"inLanguage\":\"et\"}]}<\/script>\n<!-- \/ Yoast SEO plugin. -->","yoast_head_json":{"title":"Poolk\u00f5rged kummikud meestele neopreen Clean Garden","description":"Naturaalsest kaut\u0161ukist vastupidavad jalan\u00f5ud, painduv v\u00e4listald. Eemaldatav, jala soojusega vormuv sisetald tagab mugavuse. Soe neopreenvooder.","robots":{"index":"index","follow":"follow","max-snippet":"max-snippet:-1","max-image-preview":"max-image-preview:large","max-video-preview":"max-video-preview:-1"},"canonical":"https:\/\/horticom.ee\/e-pood\/toode\/poolkorged-kummikud-meestele-neopreen-clean-garden-roheline-sp\/","og_locale":"et_EE","og_type":"article","og_title":"Poolk\u00f5rged kummikud meestele neopreen Clean Garden","og_description":"Naturaalsest kaut\u0161ukist vastupidavad jalan\u00f5ud, painduv v\u00e4listald. Eemaldatav, jala soojusega vormuv sisetald tagab mugavuse. Soe neopreenvooder.","og_url":"https:\/\/horticom.ee\/e-pood\/toode\/poolkorged-kummikud-meestele-neopreen-clean-garden-roheline-sp\/","og_site_name":"Horticom.ee","article_publisher":"https:\/\/www.facebook.com\/horticom.ee\/e-pood","article_modified_time":"2026-04-29T00:01:00+00:00","og_image":[{"width":1000,"height":941,"url":"https:\/\/horticom.ee\/e-pood\/wp-content\/uploads\/importedmedia\/product-155550_0-203RCPKCLEANGARDEN.jpg","type":"image\/jpeg"}],"twitter_card":"summary_large_image","schema":{"@context":"https:\/\/schema.org","@graph":[{"@type":"WebPage","@id":"https:\/\/horticom.ee\/e-pood\/toode\/poolkorged-kummikud-meestele-neopreen-clean-garden-roheline-sp\/","url":"https:\/\/horticom.ee\/e-pood\/toode\/poolkorged-kummikud-meestele-neopreen-clean-garden-roheline-sp\/","name":"Poolk\u00f5rged kummikud meestele neopreen Clean Garden","isPartOf":{"@id":"https:\/\/horticom.ee\/e-pood\/#website"},"primaryImageOfPage":{"@id":"https:\/\/horticom.ee\/e-pood\/toode\/poolkorged-kummikud-meestele-neopreen-clean-garden-roheline-sp\/#primaryimage"},"image":{"@id":"https:\/\/horticom.ee\/e-pood\/toode\/poolkorged-kummikud-meestele-neopreen-clean-garden-roheline-sp\/#primaryimage"},"thumbnailUrl":"https:\/\/horticom.ee\/e-pood\/wp-content\/uploads\/importedmedia\/product-155550_0-203RCPKCLEANGARDEN.jpg","datePublished":"2022-01-17T22:15:25+00:00","dateModified":"2026-04-29T00:01:00+00:00","description":"Naturaalsest kaut\u0161ukist vastupidavad jalan\u00f5ud, painduv v\u00e4listald. Eemaldatav, jala soojusega vormuv sisetald tagab mugavuse. Soe neopreenvooder.","breadcrumb":{"@id":"https:\/\/horticom.ee\/e-pood\/toode\/poolkorged-kummikud-meestele-neopreen-clean-garden-roheline-sp\/#breadcrumb"},"inLanguage":"et","potentialAction":[{"@type":"ReadAction","target":["https:\/\/horticom.ee\/e-pood\/toode\/poolkorged-kummikud-meestele-neopreen-clean-garden-roheline-sp\/"]}]},{"@type":"ImageObject","inLanguage":"et","@id":"https:\/\/horticom.ee\/e-pood\/toode\/poolkorged-kummikud-meestele-neopreen-clean-garden-roheline-sp\/#primaryimage","url":"https:\/\/horticom.ee\/e-pood\/wp-content\/uploads\/importedmedia\/product-155550_0-203RCPKCLEANGARDEN.jpg","contentUrl":"https:\/\/horticom.ee\/e-pood\/wp-content\/uploads\/importedmedia\/product-155550_0-203RCPKCLEANGARDEN.jpg","width":1000,"height":941},{"@type":"BreadcrumbList","@id":"https:\/\/horticom.ee\/e-pood\/toode\/poolkorged-kummikud-meestele-neopreen-clean-garden-roheline-sp\/#breadcrumb","itemListElement":[{"@type":"ListItem","position":1,"name":"Home","item":"https:\/\/horticom.ee\/e-pood\/"},{"@type":"ListItem","position":2,"name":"Pood","item":"https:\/\/horticom.ee\/e-pood\/pood\/"},{"@type":"ListItem","position":3,"name":"Poolk\u00f5rged kummikud meestele neopreen Clean Garden roheline"}]},{"@type":"WebSite","@id":"https:\/\/horticom.ee\/e-pood\/#website","url":"https:\/\/horticom.ee\/e-pood\/","name":"Horticom.ee","description":"Aianduskaubad ja kodukaubad nii harrastajatele kui professionaalidele","potentialAction":[{"@type":"SearchAction","target":{"@type":"EntryPoint","urlTemplate":"https:\/\/horticom.ee\/e-pood\/?s={search_term_string}"},"query-input":{"@type":"PropertyValueSpecification","valueRequired":true,"valueName":"search_term_string"}}],"inLanguage":"et"}]}},"_links":{"self":[{"href":"https:\/\/horticom.ee\/e-pood\/wp-json\/wp\/v2\/product\/155550","targetHints":{"allow":["GET"]}}],"collection":[{"href":"https:\/\/horticom.ee\/e-pood\/wp-json\/wp\/v2\/product"}],"about":[{"href":"https:\/\/horticom.ee\/e-pood\/wp-json\/wp\/v2\/types\/product"}],"replies":[{"embeddable":true,"href":"https:\/\/horticom.ee\/e-pood\/wp-json\/wp\/v2\/comments?post=155550"}],"wp:featuredmedia":[{"embeddable":true,"href":"https:\/\/horticom.ee\/e-pood\/wp-json\/wp\/v2\/media\/2377150"}],"wp:attachment":[{"href":"https:\/\/horticom.ee\/e-pood\/wp-json\/wp\/v2\/media?parent=155550"}],"wp:term":[{"taxonomy":"product_cat","embeddable":true,"href":"https:\/\/horticom.ee\/e-pood\/wp-json\/wp\/v2\/product_cat?post=155550"},{"taxonomy":"product_tag","embeddable":true,"href":"https:\/\/horticom.ee\/e-pood\/wp-json\/wp\/v2\/product_tag?post=155550"}],"curies":[{"name":"wp","href":"https:\/\/api.w.org\/{rel}","templated":true}]}}