{"id":155558,"date":"2022-01-18T00:15:28","date_gmt":"2022-01-17T22:15:28","guid":{"rendered":"https:\/\/aednik24.ee\/toode\/poolkorged-kummikud-naistele-neopreen-clean-lady\/"},"modified":"2026-04-18T03:17:00","modified_gmt":"2026-04-18T00:17:00","slug":"poolkorged-kummikud-naistele-neopreen-clean-lady","status":"publish","type":"product","link":"https:\/\/horticom.ee\/e-pood\/toode\/poolkorged-kummikud-naistele-neopreen-clean-lady\/","title":{"rendered":"Poolk\u00f5rged kummikud naistele neopreen Clean Lady"},"content":{"rendered":"<p>Poolk\u00f5rged kummikud naistele neopreen Clean Lady. Naturaalsest kaut\u0161ukist vastupidavate jalan\u00f5ude v\u00e4listald on hea painduvusega, kergesti puhastatav ja libisemiskindel. Jala soojusega vormuv ja eemaldatav sisetald tagab mugavuse igal sammul. Neopreenist vooder (3,6mm) salvestab sooja, mida keha ise toodab ja hoiab jalad pidevalt soojas. \u00dclaservas on v\u00e4ike aasake, et jalan\u00f5ud oleks mugav jalga panna. NB! Antud mudel sobib laiema liistuga jalale ning kitsama liistuga jalale soovitame valida nr v\u00e4iksem.<\/p>\n","protected":false},"excerpt":{"rendered":"<p>Poolk\u00f5rged kummikud naistele neopreen Clean Lady. Naturaalsest kaut\u0161ukist vastupidavate jalan\u00f5ude v\u00e4listald on hea painduvusega, kergesti puhastatav ja libisemiskindel. Jala soojusega vormuv ja eemaldatav sisetald tagab mugavuse igal sammul. Neopreenist vooder (3,6mm) salvestab sooja, mida keha ise toodab ja hoiab jalad pidevalt soojas. \u00dclaservas on v\u00e4ike aasake, et jalan\u00f5ud oleks mugav jalga panna. NB! Antud mudel [&hellip;]<\/p>\n","protected":false},"featured_media":2377152,"comment_status":"closed","ping_status":"closed","template":"","meta":{"_themeisle_gutenberg_block_has_review":false},"product_cat":[18563,13418],"product_tag":[],"class_list":{"0":"post-155558","1":"product","2":"type-product","3":"status-publish","4":"has-post-thumbnail","6":"product_cat-lopumuugitooted","7":"product_cat-jalanoud","9":"first","10":"outofstock","11":"sale","12":"shipping-taxable","13":"purchasable","14":"product-type-variable"},"yoast_head":"<!-- This site is optimized with the Yoast SEO plugin v24.0 - https:\/\/yoast.com\/wordpress\/plugins\/seo\/ -->\n<title>Poolk\u00f5rged kummikud naistele neopreen Clean Lady pruun<\/title>\n<meta name=\"description\" content=\"Naturaalsest kaut\u0161ukist kummikud, painduv ja libisemiskindel tald. Jala soojusega vormuv sisetald ja 3,6mm neopreenvooder hoiavad jalad mugavalt soojas.\" \/>\n<meta name=\"robots\" content=\"index, follow, max-snippet:-1, max-image-preview:large, max-video-preview:-1\" \/>\n<link rel=\"canonical\" href=\"https:\/\/horticom.ee\/e-pood\/toode\/poolkorged-kummikud-naistele-neopreen-clean-lady\/\" \/>\n<meta property=\"og:locale\" content=\"et_EE\" \/>\n<meta property=\"og:type\" content=\"article\" \/>\n<meta property=\"og:title\" content=\"Poolk\u00f5rged kummikud naistele neopreen Clean Lady pruun\" \/>\n<meta property=\"og:description\" content=\"Naturaalsest kaut\u0161ukist kummikud, painduv ja libisemiskindel tald. Jala soojusega vormuv sisetald ja 3,6mm neopreenvooder hoiavad jalad mugavalt soojas.\" \/>\n<meta property=\"og:url\" content=\"https:\/\/horticom.ee\/e-pood\/toode\/poolkorged-kummikud-naistele-neopreen-clean-lady\/\" \/>\n<meta property=\"og:site_name\" content=\"Horticom.ee\" \/>\n<meta property=\"article:publisher\" content=\"https:\/\/www.facebook.com\/horticom.ee\/e-pood\" \/>\n<meta property=\"article:modified_time\" content=\"2026-04-18T00:17:00+00:00\" \/>\n<meta property=\"og:image\" content=\"https:\/\/horticom.ee\/e-pood\/wp-content\/uploads\/importedmedia\/product-155558_0-203RCPKCLEANLADY.jpg\" \/>\n\t<meta property=\"og:image:width\" content=\"999\" \/>\n\t<meta property=\"og:image:height\" content=\"1124\" \/>\n\t<meta property=\"og:image:type\" content=\"image\/jpeg\" \/>\n<meta name=\"twitter:card\" content=\"summary_large_image\" \/>\n<script type=\"application\/ld+json\" class=\"yoast-schema-graph\">{\"@context\":\"https:\/\/schema.org\",\"@graph\":[{\"@type\":\"WebPage\",\"@id\":\"https:\/\/horticom.ee\/e-pood\/toode\/poolkorged-kummikud-naistele-neopreen-clean-lady\/\",\"url\":\"https:\/\/horticom.ee\/e-pood\/toode\/poolkorged-kummikud-naistele-neopreen-clean-lady\/\",\"name\":\"Poolk\u00f5rged kummikud naistele neopreen Clean Lady pruun\",\"isPartOf\":{\"@id\":\"https:\/\/horticom.ee\/e-pood\/#website\"},\"primaryImageOfPage\":{\"@id\":\"https:\/\/horticom.ee\/e-pood\/toode\/poolkorged-kummikud-naistele-neopreen-clean-lady\/#primaryimage\"},\"image\":{\"@id\":\"https:\/\/horticom.ee\/e-pood\/toode\/poolkorged-kummikud-naistele-neopreen-clean-lady\/#primaryimage\"},\"thumbnailUrl\":\"https:\/\/horticom.ee\/e-pood\/wp-content\/uploads\/importedmedia\/product-155558_0-203RCPKCLEANLADY.jpg\",\"datePublished\":\"2022-01-17T22:15:28+00:00\",\"dateModified\":\"2026-04-18T00:17:00+00:00\",\"description\":\"Naturaalsest kaut\u0161ukist kummikud, painduv ja libisemiskindel tald. Jala soojusega vormuv sisetald ja 3,6mm neopreenvooder hoiavad jalad mugavalt soojas.\",\"breadcrumb\":{\"@id\":\"https:\/\/horticom.ee\/e-pood\/toode\/poolkorged-kummikud-naistele-neopreen-clean-lady\/#breadcrumb\"},\"inLanguage\":\"et\",\"potentialAction\":[{\"@type\":\"ReadAction\",\"target\":[\"https:\/\/horticom.ee\/e-pood\/toode\/poolkorged-kummikud-naistele-neopreen-clean-lady\/\"]}]},{\"@type\":\"ImageObject\",\"inLanguage\":\"et\",\"@id\":\"https:\/\/horticom.ee\/e-pood\/toode\/poolkorged-kummikud-naistele-neopreen-clean-lady\/#primaryimage\",\"url\":\"https:\/\/horticom.ee\/e-pood\/wp-content\/uploads\/importedmedia\/product-155558_0-203RCPKCLEANLADY.jpg\",\"contentUrl\":\"https:\/\/horticom.ee\/e-pood\/wp-content\/uploads\/importedmedia\/product-155558_0-203RCPKCLEANLADY.jpg\",\"width\":999,\"height\":1124},{\"@type\":\"BreadcrumbList\",\"@id\":\"https:\/\/horticom.ee\/e-pood\/toode\/poolkorged-kummikud-naistele-neopreen-clean-lady\/#breadcrumb\",\"itemListElement\":[{\"@type\":\"ListItem\",\"position\":1,\"name\":\"Home\",\"item\":\"https:\/\/horticom.ee\/e-pood\/\"},{\"@type\":\"ListItem\",\"position\":2,\"name\":\"Pood\",\"item\":\"https:\/\/horticom.ee\/e-pood\/pood\/\"},{\"@type\":\"ListItem\",\"position\":3,\"name\":\"Poolk\u00f5rged kummikud naistele neopreen Clean Lady\"}]},{\"@type\":\"WebSite\",\"@id\":\"https:\/\/horticom.ee\/e-pood\/#website\",\"url\":\"https:\/\/horticom.ee\/e-pood\/\",\"name\":\"Horticom.ee\",\"description\":\"Aianduskaubad ja kodukaubad nii harrastajatele kui professionaalidele\",\"potentialAction\":[{\"@type\":\"SearchAction\",\"target\":{\"@type\":\"EntryPoint\",\"urlTemplate\":\"https:\/\/horticom.ee\/e-pood\/?s={search_term_string}\"},\"query-input\":{\"@type\":\"PropertyValueSpecification\",\"valueRequired\":true,\"valueName\":\"search_term_string\"}}],\"inLanguage\":\"et\"}]}<\/script>\n<!-- \/ Yoast SEO plugin. -->","yoast_head_json":{"title":"Poolk\u00f5rged kummikud naistele neopreen Clean Lady pruun","description":"Naturaalsest kaut\u0161ukist kummikud, painduv ja libisemiskindel tald. Jala soojusega vormuv sisetald ja 3,6mm neopreenvooder hoiavad jalad mugavalt soojas.","robots":{"index":"index","follow":"follow","max-snippet":"max-snippet:-1","max-image-preview":"max-image-preview:large","max-video-preview":"max-video-preview:-1"},"canonical":"https:\/\/horticom.ee\/e-pood\/toode\/poolkorged-kummikud-naistele-neopreen-clean-lady\/","og_locale":"et_EE","og_type":"article","og_title":"Poolk\u00f5rged kummikud naistele neopreen Clean Lady pruun","og_description":"Naturaalsest kaut\u0161ukist kummikud, painduv ja libisemiskindel tald. Jala soojusega vormuv sisetald ja 3,6mm neopreenvooder hoiavad jalad mugavalt soojas.","og_url":"https:\/\/horticom.ee\/e-pood\/toode\/poolkorged-kummikud-naistele-neopreen-clean-lady\/","og_site_name":"Horticom.ee","article_publisher":"https:\/\/www.facebook.com\/horticom.ee\/e-pood","article_modified_time":"2026-04-18T00:17:00+00:00","og_image":[{"width":999,"height":1124,"url":"https:\/\/horticom.ee\/e-pood\/wp-content\/uploads\/importedmedia\/product-155558_0-203RCPKCLEANLADY.jpg","type":"image\/jpeg"}],"twitter_card":"summary_large_image","schema":{"@context":"https:\/\/schema.org","@graph":[{"@type":"WebPage","@id":"https:\/\/horticom.ee\/e-pood\/toode\/poolkorged-kummikud-naistele-neopreen-clean-lady\/","url":"https:\/\/horticom.ee\/e-pood\/toode\/poolkorged-kummikud-naistele-neopreen-clean-lady\/","name":"Poolk\u00f5rged kummikud naistele neopreen Clean Lady pruun","isPartOf":{"@id":"https:\/\/horticom.ee\/e-pood\/#website"},"primaryImageOfPage":{"@id":"https:\/\/horticom.ee\/e-pood\/toode\/poolkorged-kummikud-naistele-neopreen-clean-lady\/#primaryimage"},"image":{"@id":"https:\/\/horticom.ee\/e-pood\/toode\/poolkorged-kummikud-naistele-neopreen-clean-lady\/#primaryimage"},"thumbnailUrl":"https:\/\/horticom.ee\/e-pood\/wp-content\/uploads\/importedmedia\/product-155558_0-203RCPKCLEANLADY.jpg","datePublished":"2022-01-17T22:15:28+00:00","dateModified":"2026-04-18T00:17:00+00:00","description":"Naturaalsest kaut\u0161ukist kummikud, painduv ja libisemiskindel tald. Jala soojusega vormuv sisetald ja 3,6mm neopreenvooder hoiavad jalad mugavalt soojas.","breadcrumb":{"@id":"https:\/\/horticom.ee\/e-pood\/toode\/poolkorged-kummikud-naistele-neopreen-clean-lady\/#breadcrumb"},"inLanguage":"et","potentialAction":[{"@type":"ReadAction","target":["https:\/\/horticom.ee\/e-pood\/toode\/poolkorged-kummikud-naistele-neopreen-clean-lady\/"]}]},{"@type":"ImageObject","inLanguage":"et","@id":"https:\/\/horticom.ee\/e-pood\/toode\/poolkorged-kummikud-naistele-neopreen-clean-lady\/#primaryimage","url":"https:\/\/horticom.ee\/e-pood\/wp-content\/uploads\/importedmedia\/product-155558_0-203RCPKCLEANLADY.jpg","contentUrl":"https:\/\/horticom.ee\/e-pood\/wp-content\/uploads\/importedmedia\/product-155558_0-203RCPKCLEANLADY.jpg","width":999,"height":1124},{"@type":"BreadcrumbList","@id":"https:\/\/horticom.ee\/e-pood\/toode\/poolkorged-kummikud-naistele-neopreen-clean-lady\/#breadcrumb","itemListElement":[{"@type":"ListItem","position":1,"name":"Home","item":"https:\/\/horticom.ee\/e-pood\/"},{"@type":"ListItem","position":2,"name":"Pood","item":"https:\/\/horticom.ee\/e-pood\/pood\/"},{"@type":"ListItem","position":3,"name":"Poolk\u00f5rged kummikud naistele neopreen Clean Lady"}]},{"@type":"WebSite","@id":"https:\/\/horticom.ee\/e-pood\/#website","url":"https:\/\/horticom.ee\/e-pood\/","name":"Horticom.ee","description":"Aianduskaubad ja kodukaubad nii harrastajatele kui professionaalidele","potentialAction":[{"@type":"SearchAction","target":{"@type":"EntryPoint","urlTemplate":"https:\/\/horticom.ee\/e-pood\/?s={search_term_string}"},"query-input":{"@type":"PropertyValueSpecification","valueRequired":true,"valueName":"search_term_string"}}],"inLanguage":"et"}]}},"_links":{"self":[{"href":"https:\/\/horticom.ee\/e-pood\/wp-json\/wp\/v2\/product\/155558","targetHints":{"allow":["GET"]}}],"collection":[{"href":"https:\/\/horticom.ee\/e-pood\/wp-json\/wp\/v2\/product"}],"about":[{"href":"https:\/\/horticom.ee\/e-pood\/wp-json\/wp\/v2\/types\/product"}],"replies":[{"embeddable":true,"href":"https:\/\/horticom.ee\/e-pood\/wp-json\/wp\/v2\/comments?post=155558"}],"wp:featuredmedia":[{"embeddable":true,"href":"https:\/\/horticom.ee\/e-pood\/wp-json\/wp\/v2\/media\/2377152"}],"wp:attachment":[{"href":"https:\/\/horticom.ee\/e-pood\/wp-json\/wp\/v2\/media?parent=155558"}],"wp:term":[{"taxonomy":"product_cat","embeddable":true,"href":"https:\/\/horticom.ee\/e-pood\/wp-json\/wp\/v2\/product_cat?post=155558"},{"taxonomy":"product_tag","embeddable":true,"href":"https:\/\/horticom.ee\/e-pood\/wp-json\/wp\/v2\/product_tag?post=155558"}],"curies":[{"name":"wp","href":"https:\/\/api.w.org\/{rel}","templated":true}]}}