{"id":155623,"date":"2022-01-18T00:15:57","date_gmt":"2022-01-17T22:15:57","guid":{"rendered":"https:\/\/aednik24.ee\/toode\/kindad-macpro\/"},"modified":"2026-05-02T03:10:34","modified_gmt":"2026-05-02T00:10:34","slug":"kindad-macpro","status":"publish","type":"product","link":"https:\/\/horticom.ee\/e-pood\/toode\/kindad-macpro\/","title":{"rendered":"Kindad Macpro"},"content":{"rendered":"<p>Kindad Macpro \u2013 Spetsiaalsed ehitust\u00f6\u00f6del kasutatavad kindad. Ideaalsed m\u00fc\u00fcrit\u00f6\u00f6de tegemisel, aga ka teravate materjalide k\u00e4itlemisel (k\u00f5rgeim sissel\u00f5ikekindluse tase (5\/5), akende paigaldamisel, fassaadit\u00f6\u00f6del. Veekindlad (ka tsement ei tungi l\u00e4bi), hea haardev\u00f5imega. Kinda randmeosal on samuti kaitse l\u00f5ikevigastuste eest, reguleeritav kr\u00f5pskinnitus. Kindad on valmistatud l\u00f5ikekindlast kiust, kaetud lateksiga.EN-388-3543<\/p>\n","protected":false},"excerpt":{"rendered":"<p>Kindad Macpro \u2013 Spetsiaalsed ehitust\u00f6\u00f6del kasutatavad kindad. Ideaalsed m\u00fc\u00fcrit\u00f6\u00f6de tegemisel, aga ka teravate materjalide k\u00e4itlemisel (k\u00f5rgeim sissel\u00f5ikekindluse tase (5\/5), akende paigaldamisel, fassaadit\u00f6\u00f6del. Veekindlad (ka tsement ei tungi l\u00e4bi), hea haardev\u00f5imega. Kinda randmeosal on samuti kaitse l\u00f5ikevigastuste eest, reguleeritav kr\u00f5pskinnitus. Kindad on valmistatud l\u00f5ikekindlast kiust, kaetud lateksiga.EN-388-3543<\/p>\n","protected":false},"featured_media":2397712,"comment_status":"closed","ping_status":"closed","template":"","meta":{"_themeisle_gutenberg_block_has_review":false},"product_cat":[18563,13417],"product_tag":[],"class_list":{"0":"post-155623","1":"product","2":"type-product","3":"status-publish","4":"has-post-thumbnail","6":"product_cat-lopumuugitooted","7":"product_cat-kindad","9":"first","10":"outofstock","11":"sale","12":"shipping-taxable","13":"purchasable","14":"product-type-variable"},"yoast_head":"<!-- This site is optimized with the Yoast SEO plugin v24.0 - https:\/\/yoast.com\/wordpress\/plugins\/seo\/ -->\n<title>Kindad Macpro nr 9 - Horticom.ee\/e-pood<\/title>\n<meta name=\"description\" content=\"Ehitust\u00f6\u00f6de kindad \u2013 l\u00f5ikekindlad (tase 5\/5) ja veekindlad kindad, kaitsevad isegi tsemendi eest. Reguleeritav kr\u00f5pskinnitus ja l\u00f5ikevastane randmeosa.\" \/>\n<meta name=\"robots\" content=\"index, follow, max-snippet:-1, max-image-preview:large, max-video-preview:-1\" \/>\n<link rel=\"canonical\" href=\"https:\/\/horticom.ee\/e-pood\/toode\/kindad-macpro\/\" \/>\n<meta property=\"og:locale\" content=\"et_EE\" \/>\n<meta property=\"og:type\" content=\"article\" \/>\n<meta property=\"og:title\" content=\"Kindad Macpro nr 9 - Horticom.ee\/e-pood\" \/>\n<meta property=\"og:description\" content=\"Ehitust\u00f6\u00f6de kindad \u2013 l\u00f5ikekindlad (tase 5\/5) ja veekindlad kindad, kaitsevad isegi tsemendi eest. Reguleeritav kr\u00f5pskinnitus ja l\u00f5ikevastane randmeosa.\" \/>\n<meta property=\"og:url\" content=\"https:\/\/horticom.ee\/e-pood\/toode\/kindad-macpro\/\" \/>\n<meta property=\"og:site_name\" content=\"Horticom.ee\" \/>\n<meta property=\"article:publisher\" content=\"https:\/\/www.facebook.com\/horticom.ee\/e-pood\" \/>\n<meta property=\"article:modified_time\" content=\"2026-05-02T00:10:34+00:00\" \/>\n<meta property=\"og:image\" content=\"https:\/\/horticom.ee\/e-pood\/wp-content\/uploads\/importedmedia\/product_155623_0_201RMACPRO.jpg\" \/>\n\t<meta property=\"og:image:width\" content=\"1000\" \/>\n\t<meta property=\"og:image:height\" content=\"756\" \/>\n\t<meta property=\"og:image:type\" content=\"image\/jpeg\" \/>\n<meta name=\"twitter:card\" content=\"summary_large_image\" \/>\n<script type=\"application\/ld+json\" class=\"yoast-schema-graph\">{\"@context\":\"https:\/\/schema.org\",\"@graph\":[{\"@type\":\"WebPage\",\"@id\":\"https:\/\/horticom.ee\/e-pood\/toode\/kindad-macpro\/\",\"url\":\"https:\/\/horticom.ee\/e-pood\/toode\/kindad-macpro\/\",\"name\":\"Kindad Macpro nr 9 - Horticom.ee\/e-pood\",\"isPartOf\":{\"@id\":\"https:\/\/horticom.ee\/e-pood\/#website\"},\"primaryImageOfPage\":{\"@id\":\"https:\/\/horticom.ee\/e-pood\/toode\/kindad-macpro\/#primaryimage\"},\"image\":{\"@id\":\"https:\/\/horticom.ee\/e-pood\/toode\/kindad-macpro\/#primaryimage\"},\"thumbnailUrl\":\"https:\/\/horticom.ee\/e-pood\/wp-content\/uploads\/importedmedia\/product_155623_0_201RMACPRO.jpg\",\"datePublished\":\"2022-01-17T22:15:57+00:00\",\"dateModified\":\"2026-05-02T00:10:34+00:00\",\"description\":\"Ehitust\u00f6\u00f6de kindad \u2013 l\u00f5ikekindlad (tase 5\/5) ja veekindlad kindad, kaitsevad isegi tsemendi eest. Reguleeritav kr\u00f5pskinnitus ja l\u00f5ikevastane randmeosa.\",\"breadcrumb\":{\"@id\":\"https:\/\/horticom.ee\/e-pood\/toode\/kindad-macpro\/#breadcrumb\"},\"inLanguage\":\"et\",\"potentialAction\":[{\"@type\":\"ReadAction\",\"target\":[\"https:\/\/horticom.ee\/e-pood\/toode\/kindad-macpro\/\"]}]},{\"@type\":\"ImageObject\",\"inLanguage\":\"et\",\"@id\":\"https:\/\/horticom.ee\/e-pood\/toode\/kindad-macpro\/#primaryimage\",\"url\":\"https:\/\/horticom.ee\/e-pood\/wp-content\/uploads\/importedmedia\/product_155623_0_201RMACPRO.jpg\",\"contentUrl\":\"https:\/\/horticom.ee\/e-pood\/wp-content\/uploads\/importedmedia\/product_155623_0_201RMACPRO.jpg\",\"width\":1000,\"height\":756},{\"@type\":\"BreadcrumbList\",\"@id\":\"https:\/\/horticom.ee\/e-pood\/toode\/kindad-macpro\/#breadcrumb\",\"itemListElement\":[{\"@type\":\"ListItem\",\"position\":1,\"name\":\"Home\",\"item\":\"https:\/\/horticom.ee\/e-pood\/\"},{\"@type\":\"ListItem\",\"position\":2,\"name\":\"Pood\",\"item\":\"https:\/\/horticom.ee\/e-pood\/pood\/\"},{\"@type\":\"ListItem\",\"position\":3,\"name\":\"Kindad Macpro\"}]},{\"@type\":\"WebSite\",\"@id\":\"https:\/\/horticom.ee\/e-pood\/#website\",\"url\":\"https:\/\/horticom.ee\/e-pood\/\",\"name\":\"Horticom.ee\",\"description\":\"Aianduskaubad ja kodukaubad nii harrastajatele kui professionaalidele\",\"potentialAction\":[{\"@type\":\"SearchAction\",\"target\":{\"@type\":\"EntryPoint\",\"urlTemplate\":\"https:\/\/horticom.ee\/e-pood\/?s={search_term_string}\"},\"query-input\":{\"@type\":\"PropertyValueSpecification\",\"valueRequired\":true,\"valueName\":\"search_term_string\"}}],\"inLanguage\":\"et\"}]}<\/script>\n<!-- \/ Yoast SEO plugin. -->","yoast_head_json":{"title":"Kindad Macpro nr 9 - Horticom.ee\/e-pood","description":"Ehitust\u00f6\u00f6de kindad \u2013 l\u00f5ikekindlad (tase 5\/5) ja veekindlad kindad, kaitsevad isegi tsemendi eest. Reguleeritav kr\u00f5pskinnitus ja l\u00f5ikevastane randmeosa.","robots":{"index":"index","follow":"follow","max-snippet":"max-snippet:-1","max-image-preview":"max-image-preview:large","max-video-preview":"max-video-preview:-1"},"canonical":"https:\/\/horticom.ee\/e-pood\/toode\/kindad-macpro\/","og_locale":"et_EE","og_type":"article","og_title":"Kindad Macpro nr 9 - Horticom.ee\/e-pood","og_description":"Ehitust\u00f6\u00f6de kindad \u2013 l\u00f5ikekindlad (tase 5\/5) ja veekindlad kindad, kaitsevad isegi tsemendi eest. Reguleeritav kr\u00f5pskinnitus ja l\u00f5ikevastane randmeosa.","og_url":"https:\/\/horticom.ee\/e-pood\/toode\/kindad-macpro\/","og_site_name":"Horticom.ee","article_publisher":"https:\/\/www.facebook.com\/horticom.ee\/e-pood","article_modified_time":"2026-05-02T00:10:34+00:00","og_image":[{"width":1000,"height":756,"url":"https:\/\/horticom.ee\/e-pood\/wp-content\/uploads\/importedmedia\/product_155623_0_201RMACPRO.jpg","type":"image\/jpeg"}],"twitter_card":"summary_large_image","schema":{"@context":"https:\/\/schema.org","@graph":[{"@type":"WebPage","@id":"https:\/\/horticom.ee\/e-pood\/toode\/kindad-macpro\/","url":"https:\/\/horticom.ee\/e-pood\/toode\/kindad-macpro\/","name":"Kindad Macpro nr 9 - Horticom.ee\/e-pood","isPartOf":{"@id":"https:\/\/horticom.ee\/e-pood\/#website"},"primaryImageOfPage":{"@id":"https:\/\/horticom.ee\/e-pood\/toode\/kindad-macpro\/#primaryimage"},"image":{"@id":"https:\/\/horticom.ee\/e-pood\/toode\/kindad-macpro\/#primaryimage"},"thumbnailUrl":"https:\/\/horticom.ee\/e-pood\/wp-content\/uploads\/importedmedia\/product_155623_0_201RMACPRO.jpg","datePublished":"2022-01-17T22:15:57+00:00","dateModified":"2026-05-02T00:10:34+00:00","description":"Ehitust\u00f6\u00f6de kindad \u2013 l\u00f5ikekindlad (tase 5\/5) ja veekindlad kindad, kaitsevad isegi tsemendi eest. Reguleeritav kr\u00f5pskinnitus ja l\u00f5ikevastane randmeosa.","breadcrumb":{"@id":"https:\/\/horticom.ee\/e-pood\/toode\/kindad-macpro\/#breadcrumb"},"inLanguage":"et","potentialAction":[{"@type":"ReadAction","target":["https:\/\/horticom.ee\/e-pood\/toode\/kindad-macpro\/"]}]},{"@type":"ImageObject","inLanguage":"et","@id":"https:\/\/horticom.ee\/e-pood\/toode\/kindad-macpro\/#primaryimage","url":"https:\/\/horticom.ee\/e-pood\/wp-content\/uploads\/importedmedia\/product_155623_0_201RMACPRO.jpg","contentUrl":"https:\/\/horticom.ee\/e-pood\/wp-content\/uploads\/importedmedia\/product_155623_0_201RMACPRO.jpg","width":1000,"height":756},{"@type":"BreadcrumbList","@id":"https:\/\/horticom.ee\/e-pood\/toode\/kindad-macpro\/#breadcrumb","itemListElement":[{"@type":"ListItem","position":1,"name":"Home","item":"https:\/\/horticom.ee\/e-pood\/"},{"@type":"ListItem","position":2,"name":"Pood","item":"https:\/\/horticom.ee\/e-pood\/pood\/"},{"@type":"ListItem","position":3,"name":"Kindad Macpro"}]},{"@type":"WebSite","@id":"https:\/\/horticom.ee\/e-pood\/#website","url":"https:\/\/horticom.ee\/e-pood\/","name":"Horticom.ee","description":"Aianduskaubad ja kodukaubad nii harrastajatele kui professionaalidele","potentialAction":[{"@type":"SearchAction","target":{"@type":"EntryPoint","urlTemplate":"https:\/\/horticom.ee\/e-pood\/?s={search_term_string}"},"query-input":{"@type":"PropertyValueSpecification","valueRequired":true,"valueName":"search_term_string"}}],"inLanguage":"et"}]}},"_links":{"self":[{"href":"https:\/\/horticom.ee\/e-pood\/wp-json\/wp\/v2\/product\/155623","targetHints":{"allow":["GET"]}}],"collection":[{"href":"https:\/\/horticom.ee\/e-pood\/wp-json\/wp\/v2\/product"}],"about":[{"href":"https:\/\/horticom.ee\/e-pood\/wp-json\/wp\/v2\/types\/product"}],"replies":[{"embeddable":true,"href":"https:\/\/horticom.ee\/e-pood\/wp-json\/wp\/v2\/comments?post=155623"}],"wp:featuredmedia":[{"embeddable":true,"href":"https:\/\/horticom.ee\/e-pood\/wp-json\/wp\/v2\/media\/2397712"}],"wp:attachment":[{"href":"https:\/\/horticom.ee\/e-pood\/wp-json\/wp\/v2\/media?parent=155623"}],"wp:term":[{"taxonomy":"product_cat","embeddable":true,"href":"https:\/\/horticom.ee\/e-pood\/wp-json\/wp\/v2\/product_cat?post=155623"},{"taxonomy":"product_tag","embeddable":true,"href":"https:\/\/horticom.ee\/e-pood\/wp-json\/wp\/v2\/product_tag?post=155623"}],"curies":[{"name":"wp","href":"https:\/\/api.w.org\/{rel}","templated":true}]}}