{"id":155647,"date":"2022-01-18T00:16:08","date_gmt":"2022-01-17T22:16:08","guid":{"rendered":"https:\/\/aednik24.ee\/toode\/kindad-cedre-sp\/"},"modified":"2026-04-08T03:10:58","modified_gmt":"2026-04-08T00:10:58","slug":"kindad-cedre-sp","status":"publish","type":"product","link":"https:\/\/horticom.ee\/e-pood\/toode\/kindad-cedre-sp\/","title":{"rendered":"Kindad Cedre"},"content":{"rendered":"<p>Kindad Cedre sobivad intensiivsete majapidamist\u00f6\u00f6de tegemiseks ( puude l\u00f5ikamine, kaevamine jne). Hea vastupidavusega, mugavad vasikanahast kindad puuvillase k\u00e4eseljaga. Pol\u00fcamiidist \u00f5mblused.<\/p>\n","protected":false},"excerpt":{"rendered":"<p>Kindad Cedre sobivad intensiivsete majapidamist\u00f6\u00f6de tegemiseks ( puude l\u00f5ikamine, kaevamine jne). Hea vastupidavusega, mugavad vasikanahast kindad puuvillase k\u00e4eseljaga. Pol\u00fcamiidist \u00f5mblused.<\/p>\n","protected":false},"featured_media":2397692,"comment_status":"closed","ping_status":"closed","template":"","meta":{"_themeisle_gutenberg_block_has_review":false},"product_cat":[18563,13417],"product_tag":[],"class_list":{"0":"post-155647","1":"product","2":"type-product","3":"status-publish","4":"has-post-thumbnail","6":"product_cat-lopumuugitooted","7":"product_cat-kindad","9":"first","10":"outofstock","11":"sale","12":"shipping-taxable","13":"purchasable","14":"product-type-variable"},"yoast_head":"<!-- This site is optimized with the Yoast SEO plugin v24.0 - https:\/\/yoast.com\/wordpress\/plugins\/seo\/ -->\n<title>Kindad Cedre nr 7 - Horticom.ee\/e-pood<\/title>\n<meta name=\"description\" content=\"Vasikanahast aiakindad \u2013 vastupidavad kindad raskemate aiat\u00f6\u00f6de jaoks nagu puude l\u00f5ikamine ja kaevamine. Puuvillane k\u00e4eselg ja tugevad pol\u00fcamiid\u00f5mblused.\" \/>\n<meta name=\"robots\" content=\"index, follow, max-snippet:-1, max-image-preview:large, max-video-preview:-1\" \/>\n<link rel=\"canonical\" href=\"https:\/\/horticom.ee\/e-pood\/toode\/kindad-cedre-sp\/\" \/>\n<meta property=\"og:locale\" content=\"et_EE\" \/>\n<meta property=\"og:type\" content=\"article\" \/>\n<meta property=\"og:title\" content=\"Kindad Cedre nr 7 - Horticom.ee\/e-pood\" \/>\n<meta property=\"og:description\" content=\"Vasikanahast aiakindad \u2013 vastupidavad kindad raskemate aiat\u00f6\u00f6de jaoks nagu puude l\u00f5ikamine ja kaevamine. Puuvillane k\u00e4eselg ja tugevad pol\u00fcamiid\u00f5mblused.\" \/>\n<meta property=\"og:url\" content=\"https:\/\/horticom.ee\/e-pood\/toode\/kindad-cedre-sp\/\" \/>\n<meta property=\"og:site_name\" content=\"Horticom.ee\" \/>\n<meta property=\"article:publisher\" content=\"https:\/\/www.facebook.com\/horticom.ee\/e-pood\" \/>\n<meta property=\"article:modified_time\" content=\"2026-04-08T00:10:58+00:00\" \/>\n<meta property=\"og:image\" content=\"https:\/\/horticom.ee\/e-pood\/wp-content\/uploads\/importedmedia\/product_155647_0_201RCEDRE.jpg\" \/>\n\t<meta property=\"og:image:width\" content=\"1000\" \/>\n\t<meta property=\"og:image:height\" content=\"1000\" \/>\n\t<meta property=\"og:image:type\" content=\"image\/jpeg\" \/>\n<meta name=\"twitter:card\" content=\"summary_large_image\" \/>\n<script type=\"application\/ld+json\" class=\"yoast-schema-graph\">{\"@context\":\"https:\/\/schema.org\",\"@graph\":[{\"@type\":\"WebPage\",\"@id\":\"https:\/\/horticom.ee\/e-pood\/toode\/kindad-cedre-sp\/\",\"url\":\"https:\/\/horticom.ee\/e-pood\/toode\/kindad-cedre-sp\/\",\"name\":\"Kindad Cedre nr 7 - Horticom.ee\/e-pood\",\"isPartOf\":{\"@id\":\"https:\/\/horticom.ee\/e-pood\/#website\"},\"primaryImageOfPage\":{\"@id\":\"https:\/\/horticom.ee\/e-pood\/toode\/kindad-cedre-sp\/#primaryimage\"},\"image\":{\"@id\":\"https:\/\/horticom.ee\/e-pood\/toode\/kindad-cedre-sp\/#primaryimage\"},\"thumbnailUrl\":\"https:\/\/horticom.ee\/e-pood\/wp-content\/uploads\/importedmedia\/product_155647_0_201RCEDRE.jpg\",\"datePublished\":\"2022-01-17T22:16:08+00:00\",\"dateModified\":\"2026-04-08T00:10:58+00:00\",\"description\":\"Vasikanahast aiakindad \u2013 vastupidavad kindad raskemate aiat\u00f6\u00f6de jaoks nagu puude l\u00f5ikamine ja kaevamine. Puuvillane k\u00e4eselg ja tugevad pol\u00fcamiid\u00f5mblused.\",\"breadcrumb\":{\"@id\":\"https:\/\/horticom.ee\/e-pood\/toode\/kindad-cedre-sp\/#breadcrumb\"},\"inLanguage\":\"et\",\"potentialAction\":[{\"@type\":\"ReadAction\",\"target\":[\"https:\/\/horticom.ee\/e-pood\/toode\/kindad-cedre-sp\/\"]}]},{\"@type\":\"ImageObject\",\"inLanguage\":\"et\",\"@id\":\"https:\/\/horticom.ee\/e-pood\/toode\/kindad-cedre-sp\/#primaryimage\",\"url\":\"https:\/\/horticom.ee\/e-pood\/wp-content\/uploads\/importedmedia\/product_155647_0_201RCEDRE.jpg\",\"contentUrl\":\"https:\/\/horticom.ee\/e-pood\/wp-content\/uploads\/importedmedia\/product_155647_0_201RCEDRE.jpg\",\"width\":1000,\"height\":1000},{\"@type\":\"BreadcrumbList\",\"@id\":\"https:\/\/horticom.ee\/e-pood\/toode\/kindad-cedre-sp\/#breadcrumb\",\"itemListElement\":[{\"@type\":\"ListItem\",\"position\":1,\"name\":\"Home\",\"item\":\"https:\/\/horticom.ee\/e-pood\/\"},{\"@type\":\"ListItem\",\"position\":2,\"name\":\"Pood\",\"item\":\"https:\/\/horticom.ee\/e-pood\/pood\/\"},{\"@type\":\"ListItem\",\"position\":3,\"name\":\"Kindad Cedre\"}]},{\"@type\":\"WebSite\",\"@id\":\"https:\/\/horticom.ee\/e-pood\/#website\",\"url\":\"https:\/\/horticom.ee\/e-pood\/\",\"name\":\"Horticom.ee\",\"description\":\"Aianduskaubad ja kodukaubad nii harrastajatele kui professionaalidele\",\"potentialAction\":[{\"@type\":\"SearchAction\",\"target\":{\"@type\":\"EntryPoint\",\"urlTemplate\":\"https:\/\/horticom.ee\/e-pood\/?s={search_term_string}\"},\"query-input\":{\"@type\":\"PropertyValueSpecification\",\"valueRequired\":true,\"valueName\":\"search_term_string\"}}],\"inLanguage\":\"et\"}]}<\/script>\n<!-- \/ Yoast SEO plugin. -->","yoast_head_json":{"title":"Kindad Cedre nr 7 - Horticom.ee\/e-pood","description":"Vasikanahast aiakindad \u2013 vastupidavad kindad raskemate aiat\u00f6\u00f6de jaoks nagu puude l\u00f5ikamine ja kaevamine. Puuvillane k\u00e4eselg ja tugevad pol\u00fcamiid\u00f5mblused.","robots":{"index":"index","follow":"follow","max-snippet":"max-snippet:-1","max-image-preview":"max-image-preview:large","max-video-preview":"max-video-preview:-1"},"canonical":"https:\/\/horticom.ee\/e-pood\/toode\/kindad-cedre-sp\/","og_locale":"et_EE","og_type":"article","og_title":"Kindad Cedre nr 7 - Horticom.ee\/e-pood","og_description":"Vasikanahast aiakindad \u2013 vastupidavad kindad raskemate aiat\u00f6\u00f6de jaoks nagu puude l\u00f5ikamine ja kaevamine. Puuvillane k\u00e4eselg ja tugevad pol\u00fcamiid\u00f5mblused.","og_url":"https:\/\/horticom.ee\/e-pood\/toode\/kindad-cedre-sp\/","og_site_name":"Horticom.ee","article_publisher":"https:\/\/www.facebook.com\/horticom.ee\/e-pood","article_modified_time":"2026-04-08T00:10:58+00:00","og_image":[{"width":1000,"height":1000,"url":"https:\/\/horticom.ee\/e-pood\/wp-content\/uploads\/importedmedia\/product_155647_0_201RCEDRE.jpg","type":"image\/jpeg"}],"twitter_card":"summary_large_image","schema":{"@context":"https:\/\/schema.org","@graph":[{"@type":"WebPage","@id":"https:\/\/horticom.ee\/e-pood\/toode\/kindad-cedre-sp\/","url":"https:\/\/horticom.ee\/e-pood\/toode\/kindad-cedre-sp\/","name":"Kindad Cedre nr 7 - Horticom.ee\/e-pood","isPartOf":{"@id":"https:\/\/horticom.ee\/e-pood\/#website"},"primaryImageOfPage":{"@id":"https:\/\/horticom.ee\/e-pood\/toode\/kindad-cedre-sp\/#primaryimage"},"image":{"@id":"https:\/\/horticom.ee\/e-pood\/toode\/kindad-cedre-sp\/#primaryimage"},"thumbnailUrl":"https:\/\/horticom.ee\/e-pood\/wp-content\/uploads\/importedmedia\/product_155647_0_201RCEDRE.jpg","datePublished":"2022-01-17T22:16:08+00:00","dateModified":"2026-04-08T00:10:58+00:00","description":"Vasikanahast aiakindad \u2013 vastupidavad kindad raskemate aiat\u00f6\u00f6de jaoks nagu puude l\u00f5ikamine ja kaevamine. Puuvillane k\u00e4eselg ja tugevad pol\u00fcamiid\u00f5mblused.","breadcrumb":{"@id":"https:\/\/horticom.ee\/e-pood\/toode\/kindad-cedre-sp\/#breadcrumb"},"inLanguage":"et","potentialAction":[{"@type":"ReadAction","target":["https:\/\/horticom.ee\/e-pood\/toode\/kindad-cedre-sp\/"]}]},{"@type":"ImageObject","inLanguage":"et","@id":"https:\/\/horticom.ee\/e-pood\/toode\/kindad-cedre-sp\/#primaryimage","url":"https:\/\/horticom.ee\/e-pood\/wp-content\/uploads\/importedmedia\/product_155647_0_201RCEDRE.jpg","contentUrl":"https:\/\/horticom.ee\/e-pood\/wp-content\/uploads\/importedmedia\/product_155647_0_201RCEDRE.jpg","width":1000,"height":1000},{"@type":"BreadcrumbList","@id":"https:\/\/horticom.ee\/e-pood\/toode\/kindad-cedre-sp\/#breadcrumb","itemListElement":[{"@type":"ListItem","position":1,"name":"Home","item":"https:\/\/horticom.ee\/e-pood\/"},{"@type":"ListItem","position":2,"name":"Pood","item":"https:\/\/horticom.ee\/e-pood\/pood\/"},{"@type":"ListItem","position":3,"name":"Kindad Cedre"}]},{"@type":"WebSite","@id":"https:\/\/horticom.ee\/e-pood\/#website","url":"https:\/\/horticom.ee\/e-pood\/","name":"Horticom.ee","description":"Aianduskaubad ja kodukaubad nii harrastajatele kui professionaalidele","potentialAction":[{"@type":"SearchAction","target":{"@type":"EntryPoint","urlTemplate":"https:\/\/horticom.ee\/e-pood\/?s={search_term_string}"},"query-input":{"@type":"PropertyValueSpecification","valueRequired":true,"valueName":"search_term_string"}}],"inLanguage":"et"}]}},"_links":{"self":[{"href":"https:\/\/horticom.ee\/e-pood\/wp-json\/wp\/v2\/product\/155647","targetHints":{"allow":["GET"]}}],"collection":[{"href":"https:\/\/horticom.ee\/e-pood\/wp-json\/wp\/v2\/product"}],"about":[{"href":"https:\/\/horticom.ee\/e-pood\/wp-json\/wp\/v2\/types\/product"}],"replies":[{"embeddable":true,"href":"https:\/\/horticom.ee\/e-pood\/wp-json\/wp\/v2\/comments?post=155647"}],"wp:featuredmedia":[{"embeddable":true,"href":"https:\/\/horticom.ee\/e-pood\/wp-json\/wp\/v2\/media\/2397692"}],"wp:attachment":[{"href":"https:\/\/horticom.ee\/e-pood\/wp-json\/wp\/v2\/media?parent=155647"}],"wp:term":[{"taxonomy":"product_cat","embeddable":true,"href":"https:\/\/horticom.ee\/e-pood\/wp-json\/wp\/v2\/product_cat?post=155647"},{"taxonomy":"product_tag","embeddable":true,"href":"https:\/\/horticom.ee\/e-pood\/wp-json\/wp\/v2\/product_tag?post=155647"}],"curies":[{"name":"wp","href":"https:\/\/api.w.org\/{rel}","templated":true}]}}