{"id":155687,"date":"2022-01-18T00:16:27","date_gmt":"2022-01-17T22:16:27","guid":{"rendered":"https:\/\/aednik24.ee\/toode\/kindad-boho\/"},"modified":"2026-04-18T03:17:32","modified_gmt":"2026-04-18T00:17:32","slug":"kindad-boho","status":"publish","type":"product","link":"https:\/\/horticom.ee\/e-pood\/toode\/kindad-boho\/","title":{"rendered":"Kindad Boho"},"content":{"rendered":"<p>Kindad Boho on h\u00e4sti istuvad kootud bambusekiududest niidikindad, lateksiga kaetud peopesad ja s\u00f5rmeotsad, sobivad k\u00f5ikideks kergemateks aiat\u00f6\u00f6deks. Bambusest kiud imavad niiskust, muudavad kindad h\u00e4stihingavateks, hoiavad suvel k\u00e4ed jahedad.<\/p>\n","protected":false},"excerpt":{"rendered":"<p>Kindad Boho on h\u00e4sti istuvad kootud bambusekiududest niidikindad, lateksiga kaetud peopesad ja s\u00f5rmeotsad, sobivad k\u00f5ikideks kergemateks aiat\u00f6\u00f6deks. Bambusest kiud imavad niiskust, muudavad kindad h\u00e4stihingavateks, hoiavad suvel k\u00e4ed jahedad.<\/p>\n","protected":false},"featured_media":2397681,"comment_status":"closed","ping_status":"closed","template":"","meta":{"_themeisle_gutenberg_block_has_review":false},"product_cat":[13417],"product_tag":[],"class_list":{"0":"post-155687","1":"product","2":"type-product","3":"status-publish","4":"has-post-thumbnail","6":"product_cat-kindad","8":"first","9":"outofstock","10":"sale","11":"shipping-taxable","12":"purchasable","13":"product-type-variable"},"yoast_head":"<!-- This site is optimized with the Yoast SEO plugin v24.0 - https:\/\/yoast.com\/wordpress\/plugins\/seo\/ -->\n<title>Kindad Boho nr 8 - Horticom.ee\/e-pood<\/title>\n<meta name=\"description\" content=\"H\u00e4sti istuvad kootud bambuskiududest niidikindad, lateksiga kaetud peopesad ja s\u00f5rmeotsad. Sobivad k\u00f5ikideks kergemateks aiat\u00f6\u00f6deks.\" \/>\n<meta name=\"robots\" content=\"index, follow, max-snippet:-1, max-image-preview:large, max-video-preview:-1\" \/>\n<link rel=\"canonical\" href=\"https:\/\/horticom.ee\/e-pood\/toode\/kindad-boho\/\" \/>\n<meta property=\"og:locale\" content=\"et_EE\" \/>\n<meta property=\"og:type\" content=\"article\" \/>\n<meta property=\"og:title\" content=\"Kindad Boho nr 8 - Horticom.ee\/e-pood\" \/>\n<meta property=\"og:description\" content=\"H\u00e4sti istuvad kootud bambuskiududest niidikindad, lateksiga kaetud peopesad ja s\u00f5rmeotsad. Sobivad k\u00f5ikideks kergemateks aiat\u00f6\u00f6deks.\" \/>\n<meta property=\"og:url\" content=\"https:\/\/horticom.ee\/e-pood\/toode\/kindad-boho\/\" \/>\n<meta property=\"og:site_name\" content=\"Horticom.ee\" \/>\n<meta property=\"article:publisher\" content=\"https:\/\/www.facebook.com\/horticom.ee\/e-pood\" \/>\n<meta property=\"article:modified_time\" content=\"2026-04-18T00:17:32+00:00\" \/>\n<meta property=\"og:image\" content=\"https:\/\/horticom.ee\/e-pood\/wp-content\/uploads\/importedmedia\/product_155687_0_201RBOHO.jpg\" \/>\n\t<meta property=\"og:image:width\" content=\"1000\" \/>\n\t<meta property=\"og:image:height\" content=\"1000\" \/>\n\t<meta property=\"og:image:type\" content=\"image\/jpeg\" \/>\n<meta name=\"twitter:card\" content=\"summary_large_image\" \/>\n<script type=\"application\/ld+json\" class=\"yoast-schema-graph\">{\"@context\":\"https:\/\/schema.org\",\"@graph\":[{\"@type\":\"WebPage\",\"@id\":\"https:\/\/horticom.ee\/e-pood\/toode\/kindad-boho\/\",\"url\":\"https:\/\/horticom.ee\/e-pood\/toode\/kindad-boho\/\",\"name\":\"Kindad Boho nr 8 - Horticom.ee\/e-pood\",\"isPartOf\":{\"@id\":\"https:\/\/horticom.ee\/e-pood\/#website\"},\"primaryImageOfPage\":{\"@id\":\"https:\/\/horticom.ee\/e-pood\/toode\/kindad-boho\/#primaryimage\"},\"image\":{\"@id\":\"https:\/\/horticom.ee\/e-pood\/toode\/kindad-boho\/#primaryimage\"},\"thumbnailUrl\":\"https:\/\/horticom.ee\/e-pood\/wp-content\/uploads\/importedmedia\/product_155687_0_201RBOHO.jpg\",\"datePublished\":\"2022-01-17T22:16:27+00:00\",\"dateModified\":\"2026-04-18T00:17:32+00:00\",\"description\":\"H\u00e4sti istuvad kootud bambuskiududest niidikindad, lateksiga kaetud peopesad ja s\u00f5rmeotsad. Sobivad k\u00f5ikideks kergemateks aiat\u00f6\u00f6deks.\",\"breadcrumb\":{\"@id\":\"https:\/\/horticom.ee\/e-pood\/toode\/kindad-boho\/#breadcrumb\"},\"inLanguage\":\"et\",\"potentialAction\":[{\"@type\":\"ReadAction\",\"target\":[\"https:\/\/horticom.ee\/e-pood\/toode\/kindad-boho\/\"]}]},{\"@type\":\"ImageObject\",\"inLanguage\":\"et\",\"@id\":\"https:\/\/horticom.ee\/e-pood\/toode\/kindad-boho\/#primaryimage\",\"url\":\"https:\/\/horticom.ee\/e-pood\/wp-content\/uploads\/importedmedia\/product_155687_0_201RBOHO.jpg\",\"contentUrl\":\"https:\/\/horticom.ee\/e-pood\/wp-content\/uploads\/importedmedia\/product_155687_0_201RBOHO.jpg\",\"width\":1000,\"height\":1000},{\"@type\":\"BreadcrumbList\",\"@id\":\"https:\/\/horticom.ee\/e-pood\/toode\/kindad-boho\/#breadcrumb\",\"itemListElement\":[{\"@type\":\"ListItem\",\"position\":1,\"name\":\"Home\",\"item\":\"https:\/\/horticom.ee\/e-pood\/\"},{\"@type\":\"ListItem\",\"position\":2,\"name\":\"Pood\",\"item\":\"https:\/\/horticom.ee\/e-pood\/pood\/\"},{\"@type\":\"ListItem\",\"position\":3,\"name\":\"Kindad Boho\"}]},{\"@type\":\"WebSite\",\"@id\":\"https:\/\/horticom.ee\/e-pood\/#website\",\"url\":\"https:\/\/horticom.ee\/e-pood\/\",\"name\":\"Horticom.ee\",\"description\":\"Aianduskaubad ja kodukaubad nii harrastajatele kui professionaalidele\",\"potentialAction\":[{\"@type\":\"SearchAction\",\"target\":{\"@type\":\"EntryPoint\",\"urlTemplate\":\"https:\/\/horticom.ee\/e-pood\/?s={search_term_string}\"},\"query-input\":{\"@type\":\"PropertyValueSpecification\",\"valueRequired\":true,\"valueName\":\"search_term_string\"}}],\"inLanguage\":\"et\"}]}<\/script>\n<!-- \/ Yoast SEO plugin. -->","yoast_head_json":{"title":"Kindad Boho nr 8 - Horticom.ee\/e-pood","description":"H\u00e4sti istuvad kootud bambuskiududest niidikindad, lateksiga kaetud peopesad ja s\u00f5rmeotsad. Sobivad k\u00f5ikideks kergemateks aiat\u00f6\u00f6deks.","robots":{"index":"index","follow":"follow","max-snippet":"max-snippet:-1","max-image-preview":"max-image-preview:large","max-video-preview":"max-video-preview:-1"},"canonical":"https:\/\/horticom.ee\/e-pood\/toode\/kindad-boho\/","og_locale":"et_EE","og_type":"article","og_title":"Kindad Boho nr 8 - Horticom.ee\/e-pood","og_description":"H\u00e4sti istuvad kootud bambuskiududest niidikindad, lateksiga kaetud peopesad ja s\u00f5rmeotsad. Sobivad k\u00f5ikideks kergemateks aiat\u00f6\u00f6deks.","og_url":"https:\/\/horticom.ee\/e-pood\/toode\/kindad-boho\/","og_site_name":"Horticom.ee","article_publisher":"https:\/\/www.facebook.com\/horticom.ee\/e-pood","article_modified_time":"2026-04-18T00:17:32+00:00","og_image":[{"width":1000,"height":1000,"url":"https:\/\/horticom.ee\/e-pood\/wp-content\/uploads\/importedmedia\/product_155687_0_201RBOHO.jpg","type":"image\/jpeg"}],"twitter_card":"summary_large_image","schema":{"@context":"https:\/\/schema.org","@graph":[{"@type":"WebPage","@id":"https:\/\/horticom.ee\/e-pood\/toode\/kindad-boho\/","url":"https:\/\/horticom.ee\/e-pood\/toode\/kindad-boho\/","name":"Kindad Boho nr 8 - Horticom.ee\/e-pood","isPartOf":{"@id":"https:\/\/horticom.ee\/e-pood\/#website"},"primaryImageOfPage":{"@id":"https:\/\/horticom.ee\/e-pood\/toode\/kindad-boho\/#primaryimage"},"image":{"@id":"https:\/\/horticom.ee\/e-pood\/toode\/kindad-boho\/#primaryimage"},"thumbnailUrl":"https:\/\/horticom.ee\/e-pood\/wp-content\/uploads\/importedmedia\/product_155687_0_201RBOHO.jpg","datePublished":"2022-01-17T22:16:27+00:00","dateModified":"2026-04-18T00:17:32+00:00","description":"H\u00e4sti istuvad kootud bambuskiududest niidikindad, lateksiga kaetud peopesad ja s\u00f5rmeotsad. Sobivad k\u00f5ikideks kergemateks aiat\u00f6\u00f6deks.","breadcrumb":{"@id":"https:\/\/horticom.ee\/e-pood\/toode\/kindad-boho\/#breadcrumb"},"inLanguage":"et","potentialAction":[{"@type":"ReadAction","target":["https:\/\/horticom.ee\/e-pood\/toode\/kindad-boho\/"]}]},{"@type":"ImageObject","inLanguage":"et","@id":"https:\/\/horticom.ee\/e-pood\/toode\/kindad-boho\/#primaryimage","url":"https:\/\/horticom.ee\/e-pood\/wp-content\/uploads\/importedmedia\/product_155687_0_201RBOHO.jpg","contentUrl":"https:\/\/horticom.ee\/e-pood\/wp-content\/uploads\/importedmedia\/product_155687_0_201RBOHO.jpg","width":1000,"height":1000},{"@type":"BreadcrumbList","@id":"https:\/\/horticom.ee\/e-pood\/toode\/kindad-boho\/#breadcrumb","itemListElement":[{"@type":"ListItem","position":1,"name":"Home","item":"https:\/\/horticom.ee\/e-pood\/"},{"@type":"ListItem","position":2,"name":"Pood","item":"https:\/\/horticom.ee\/e-pood\/pood\/"},{"@type":"ListItem","position":3,"name":"Kindad Boho"}]},{"@type":"WebSite","@id":"https:\/\/horticom.ee\/e-pood\/#website","url":"https:\/\/horticom.ee\/e-pood\/","name":"Horticom.ee","description":"Aianduskaubad ja kodukaubad nii harrastajatele kui professionaalidele","potentialAction":[{"@type":"SearchAction","target":{"@type":"EntryPoint","urlTemplate":"https:\/\/horticom.ee\/e-pood\/?s={search_term_string}"},"query-input":{"@type":"PropertyValueSpecification","valueRequired":true,"valueName":"search_term_string"}}],"inLanguage":"et"}]}},"_links":{"self":[{"href":"https:\/\/horticom.ee\/e-pood\/wp-json\/wp\/v2\/product\/155687","targetHints":{"allow":["GET"]}}],"collection":[{"href":"https:\/\/horticom.ee\/e-pood\/wp-json\/wp\/v2\/product"}],"about":[{"href":"https:\/\/horticom.ee\/e-pood\/wp-json\/wp\/v2\/types\/product"}],"replies":[{"embeddable":true,"href":"https:\/\/horticom.ee\/e-pood\/wp-json\/wp\/v2\/comments?post=155687"}],"wp:featuredmedia":[{"embeddable":true,"href":"https:\/\/horticom.ee\/e-pood\/wp-json\/wp\/v2\/media\/2397681"}],"wp:attachment":[{"href":"https:\/\/horticom.ee\/e-pood\/wp-json\/wp\/v2\/media?parent=155687"}],"wp:term":[{"taxonomy":"product_cat","embeddable":true,"href":"https:\/\/horticom.ee\/e-pood\/wp-json\/wp\/v2\/product_cat?post=155687"},{"taxonomy":"product_tag","embeddable":true,"href":"https:\/\/horticom.ee\/e-pood\/wp-json\/wp\/v2\/product_tag?post=155687"}],"curies":[{"name":"wp","href":"https:\/\/api.w.org\/{rel}","templated":true}]}}