{"id":155773,"date":"2022-01-18T00:17:13","date_gmt":"2022-01-17T22:17:13","guid":{"rendered":"https:\/\/aednik24.ee\/toode\/testimise-ribad-ph-ja-kloori-mootmiseks-50tk\/"},"modified":"2026-04-08T03:11:29","modified_gmt":"2026-04-08T00:11:29","slug":"testimise-ribad-ph-ja-kloori-mootmiseks-50tk","status":"publish","type":"product","link":"https:\/\/horticom.ee\/e-pood\/toode\/testimise-ribad-ph-ja-kloori-mootmiseks-50tk\/","title":{"rendered":"Testribad ph ja kloori m\u00f5\u00f5tmiseks 50tk\/pakis"},"content":{"rendered":"<p>Testimise ribad Ph ja kloori m\u00f5\u00f5tmiseks (50 tk\/purgis)<br \/>\nKasta riba 2-ks sekundiks vette ja v\u00f5ta seej\u00e4rel v\u00e4lja. Hoia riba 15 sekundit horisontaalselt (\u00e4rge raputage vett testrist v\u00e4lja). Kontrollige v\u00e4rvi tabelist kloori, broomi ja Ph padjakesi samas j\u00e4rjekorras. Mitte puutuda testi padjakesi.<br \/>\nTestimiste vahel hoia purgi kaan tihedalt suletuna. Hoida toodet toatemperatuuril!<\/p>\n","protected":false},"excerpt":{"rendered":"<p>Testimise ribad Ph ja kloori m\u00f5\u00f5tmiseks (50 tk\/purgis) Kasta riba 2-ks sekundiks vette ja v\u00f5ta seej\u00e4rel v\u00e4lja. Hoia riba 15 sekundit horisontaalselt (\u00e4rge raputage vett testrist v\u00e4lja). Kontrollige v\u00e4rvi tabelist kloori, broomi ja Ph padjakesi samas j\u00e4rjekorras. Mitte puutuda testi padjakesi. Testimiste vahel hoia purgi kaan tihedalt suletuna. Hoida toodet toatemperatuuril!<\/p>\n","protected":false},"featured_media":156620,"comment_status":"closed","ping_status":"closed","template":"","meta":{"_themeisle_gutenberg_block_has_review":false},"product_cat":[16743],"product_tag":[],"class_list":{"0":"post-155773","1":"product","2":"type-product","3":"status-publish","4":"has-post-thumbnail","6":"product_cat-basseinipuhastajad","8":"first","9":"instock","10":"shipping-taxable","11":"purchasable","12":"product-type-simple"},"yoast_head":"<!-- This site is optimized with the Yoast SEO plugin v24.0 - https:\/\/yoast.com\/wordpress\/plugins\/seo\/ -->\n<title>Testribad ph ja kloori m\u00f5\u00f5tmiseks 50tk\/pakis - Horticom<\/title>\n<meta name=\"description\" content=\"Testimise ribad Ph ja kloori m\u00f5\u00f5tmiseks \u2013 lihtsalt kasutatavad ribad, mis m\u00f5\u00f5davad Ph ja kloori taset basseinivees. T\u00e4pne ja kiire tulemus.\" \/>\n<meta name=\"robots\" content=\"index, follow, max-snippet:-1, max-image-preview:large, max-video-preview:-1\" \/>\n<link rel=\"canonical\" href=\"https:\/\/horticom.ee\/e-pood\/toode\/testimise-ribad-ph-ja-kloori-mootmiseks-50tk\/\" \/>\n<meta property=\"og:locale\" content=\"et_EE\" \/>\n<meta property=\"og:type\" content=\"article\" \/>\n<meta property=\"og:title\" content=\"Testribad ph ja kloori m\u00f5\u00f5tmiseks 50tk\/pakis - Horticom\" \/>\n<meta property=\"og:description\" content=\"Testimise ribad Ph ja kloori m\u00f5\u00f5tmiseks \u2013 lihtsalt kasutatavad ribad, mis m\u00f5\u00f5davad Ph ja kloori taset basseinivees. T\u00e4pne ja kiire tulemus.\" \/>\n<meta property=\"og:url\" content=\"https:\/\/horticom.ee\/e-pood\/toode\/testimise-ribad-ph-ja-kloori-mootmiseks-50tk\/\" \/>\n<meta property=\"og:site_name\" content=\"Horticom.ee\" \/>\n<meta property=\"article:publisher\" content=\"https:\/\/www.facebook.com\/horticom.ee\/e-pood\" \/>\n<meta property=\"article:modified_time\" content=\"2026-04-08T00:11:29+00:00\" \/>\n<meta property=\"og:image\" content=\"https:\/\/horticom.ee\/e-pood\/wp-content\/uploads\/importedmedia\/product-155773_0-502010803SF.jpg\" \/>\n\t<meta property=\"og:image:width\" content=\"1000\" \/>\n\t<meta property=\"og:image:height\" content=\"1900\" \/>\n\t<meta property=\"og:image:type\" content=\"image\/jpeg\" \/>\n<meta name=\"twitter:card\" content=\"summary_large_image\" \/>\n<meta name=\"twitter:label1\" content=\"Est. reading time\" \/>\n\t<meta name=\"twitter:data1\" content=\"1 minut\" \/>\n<script type=\"application\/ld+json\" class=\"yoast-schema-graph\">{\"@context\":\"https:\/\/schema.org\",\"@graph\":[{\"@type\":\"WebPage\",\"@id\":\"https:\/\/horticom.ee\/e-pood\/toode\/testimise-ribad-ph-ja-kloori-mootmiseks-50tk\/\",\"url\":\"https:\/\/horticom.ee\/e-pood\/toode\/testimise-ribad-ph-ja-kloori-mootmiseks-50tk\/\",\"name\":\"Testribad ph ja kloori m\u00f5\u00f5tmiseks 50tk\/pakis - Horticom\",\"isPartOf\":{\"@id\":\"https:\/\/horticom.ee\/e-pood\/#website\"},\"primaryImageOfPage\":{\"@id\":\"https:\/\/horticom.ee\/e-pood\/toode\/testimise-ribad-ph-ja-kloori-mootmiseks-50tk\/#primaryimage\"},\"image\":{\"@id\":\"https:\/\/horticom.ee\/e-pood\/toode\/testimise-ribad-ph-ja-kloori-mootmiseks-50tk\/#primaryimage\"},\"thumbnailUrl\":\"https:\/\/horticom.ee\/e-pood\/wp-content\/uploads\/importedmedia\/product-155773_0-502010803SF.jpg\",\"datePublished\":\"2022-01-17T22:17:13+00:00\",\"dateModified\":\"2026-04-08T00:11:29+00:00\",\"description\":\"Testimise ribad Ph ja kloori m\u00f5\u00f5tmiseks \u2013 lihtsalt kasutatavad ribad, mis m\u00f5\u00f5davad Ph ja kloori taset basseinivees. T\u00e4pne ja kiire tulemus.\",\"breadcrumb\":{\"@id\":\"https:\/\/horticom.ee\/e-pood\/toode\/testimise-ribad-ph-ja-kloori-mootmiseks-50tk\/#breadcrumb\"},\"inLanguage\":\"et\",\"potentialAction\":[{\"@type\":\"ReadAction\",\"target\":[\"https:\/\/horticom.ee\/e-pood\/toode\/testimise-ribad-ph-ja-kloori-mootmiseks-50tk\/\"]}]},{\"@type\":\"ImageObject\",\"inLanguage\":\"et\",\"@id\":\"https:\/\/horticom.ee\/e-pood\/toode\/testimise-ribad-ph-ja-kloori-mootmiseks-50tk\/#primaryimage\",\"url\":\"https:\/\/horticom.ee\/e-pood\/wp-content\/uploads\/importedmedia\/product-155773_0-502010803SF.jpg\",\"contentUrl\":\"https:\/\/horticom.ee\/e-pood\/wp-content\/uploads\/importedmedia\/product-155773_0-502010803SF.jpg\",\"width\":1000,\"height\":1900,\"caption\":\"Testribad ph ja kloori m\u00f5\u00f5tmiseks 50tk\/pakis\"},{\"@type\":\"BreadcrumbList\",\"@id\":\"https:\/\/horticom.ee\/e-pood\/toode\/testimise-ribad-ph-ja-kloori-mootmiseks-50tk\/#breadcrumb\",\"itemListElement\":[{\"@type\":\"ListItem\",\"position\":1,\"name\":\"Home\",\"item\":\"https:\/\/horticom.ee\/e-pood\/\"},{\"@type\":\"ListItem\",\"position\":2,\"name\":\"Pood\",\"item\":\"https:\/\/horticom.ee\/e-pood\/pood\/\"},{\"@type\":\"ListItem\",\"position\":3,\"name\":\"Testribad ph ja kloori m\u00f5\u00f5tmiseks 50tk\/pakis\"}]},{\"@type\":\"WebSite\",\"@id\":\"https:\/\/horticom.ee\/e-pood\/#website\",\"url\":\"https:\/\/horticom.ee\/e-pood\/\",\"name\":\"Horticom.ee\",\"description\":\"Aianduskaubad ja kodukaubad nii harrastajatele kui professionaalidele\",\"potentialAction\":[{\"@type\":\"SearchAction\",\"target\":{\"@type\":\"EntryPoint\",\"urlTemplate\":\"https:\/\/horticom.ee\/e-pood\/?s={search_term_string}\"},\"query-input\":{\"@type\":\"PropertyValueSpecification\",\"valueRequired\":true,\"valueName\":\"search_term_string\"}}],\"inLanguage\":\"et\"}]}<\/script>\n<!-- \/ Yoast SEO plugin. -->","yoast_head_json":{"title":"Testribad ph ja kloori m\u00f5\u00f5tmiseks 50tk\/pakis - Horticom","description":"Testimise ribad Ph ja kloori m\u00f5\u00f5tmiseks \u2013 lihtsalt kasutatavad ribad, mis m\u00f5\u00f5davad Ph ja kloori taset basseinivees. T\u00e4pne ja kiire tulemus.","robots":{"index":"index","follow":"follow","max-snippet":"max-snippet:-1","max-image-preview":"max-image-preview:large","max-video-preview":"max-video-preview:-1"},"canonical":"https:\/\/horticom.ee\/e-pood\/toode\/testimise-ribad-ph-ja-kloori-mootmiseks-50tk\/","og_locale":"et_EE","og_type":"article","og_title":"Testribad ph ja kloori m\u00f5\u00f5tmiseks 50tk\/pakis - Horticom","og_description":"Testimise ribad Ph ja kloori m\u00f5\u00f5tmiseks \u2013 lihtsalt kasutatavad ribad, mis m\u00f5\u00f5davad Ph ja kloori taset basseinivees. T\u00e4pne ja kiire tulemus.","og_url":"https:\/\/horticom.ee\/e-pood\/toode\/testimise-ribad-ph-ja-kloori-mootmiseks-50tk\/","og_site_name":"Horticom.ee","article_publisher":"https:\/\/www.facebook.com\/horticom.ee\/e-pood","article_modified_time":"2026-04-08T00:11:29+00:00","og_image":[{"width":1000,"height":1900,"url":"https:\/\/horticom.ee\/e-pood\/wp-content\/uploads\/importedmedia\/product-155773_0-502010803SF.jpg","type":"image\/jpeg"}],"twitter_card":"summary_large_image","twitter_misc":{"Est. reading time":"1 minut"},"schema":{"@context":"https:\/\/schema.org","@graph":[{"@type":"WebPage","@id":"https:\/\/horticom.ee\/e-pood\/toode\/testimise-ribad-ph-ja-kloori-mootmiseks-50tk\/","url":"https:\/\/horticom.ee\/e-pood\/toode\/testimise-ribad-ph-ja-kloori-mootmiseks-50tk\/","name":"Testribad ph ja kloori m\u00f5\u00f5tmiseks 50tk\/pakis - Horticom","isPartOf":{"@id":"https:\/\/horticom.ee\/e-pood\/#website"},"primaryImageOfPage":{"@id":"https:\/\/horticom.ee\/e-pood\/toode\/testimise-ribad-ph-ja-kloori-mootmiseks-50tk\/#primaryimage"},"image":{"@id":"https:\/\/horticom.ee\/e-pood\/toode\/testimise-ribad-ph-ja-kloori-mootmiseks-50tk\/#primaryimage"},"thumbnailUrl":"https:\/\/horticom.ee\/e-pood\/wp-content\/uploads\/importedmedia\/product-155773_0-502010803SF.jpg","datePublished":"2022-01-17T22:17:13+00:00","dateModified":"2026-04-08T00:11:29+00:00","description":"Testimise ribad Ph ja kloori m\u00f5\u00f5tmiseks \u2013 lihtsalt kasutatavad ribad, mis m\u00f5\u00f5davad Ph ja kloori taset basseinivees. T\u00e4pne ja kiire tulemus.","breadcrumb":{"@id":"https:\/\/horticom.ee\/e-pood\/toode\/testimise-ribad-ph-ja-kloori-mootmiseks-50tk\/#breadcrumb"},"inLanguage":"et","potentialAction":[{"@type":"ReadAction","target":["https:\/\/horticom.ee\/e-pood\/toode\/testimise-ribad-ph-ja-kloori-mootmiseks-50tk\/"]}]},{"@type":"ImageObject","inLanguage":"et","@id":"https:\/\/horticom.ee\/e-pood\/toode\/testimise-ribad-ph-ja-kloori-mootmiseks-50tk\/#primaryimage","url":"https:\/\/horticom.ee\/e-pood\/wp-content\/uploads\/importedmedia\/product-155773_0-502010803SF.jpg","contentUrl":"https:\/\/horticom.ee\/e-pood\/wp-content\/uploads\/importedmedia\/product-155773_0-502010803SF.jpg","width":1000,"height":1900,"caption":"Testribad ph ja kloori m\u00f5\u00f5tmiseks 50tk\/pakis"},{"@type":"BreadcrumbList","@id":"https:\/\/horticom.ee\/e-pood\/toode\/testimise-ribad-ph-ja-kloori-mootmiseks-50tk\/#breadcrumb","itemListElement":[{"@type":"ListItem","position":1,"name":"Home","item":"https:\/\/horticom.ee\/e-pood\/"},{"@type":"ListItem","position":2,"name":"Pood","item":"https:\/\/horticom.ee\/e-pood\/pood\/"},{"@type":"ListItem","position":3,"name":"Testribad ph ja kloori m\u00f5\u00f5tmiseks 50tk\/pakis"}]},{"@type":"WebSite","@id":"https:\/\/horticom.ee\/e-pood\/#website","url":"https:\/\/horticom.ee\/e-pood\/","name":"Horticom.ee","description":"Aianduskaubad ja kodukaubad nii harrastajatele kui professionaalidele","potentialAction":[{"@type":"SearchAction","target":{"@type":"EntryPoint","urlTemplate":"https:\/\/horticom.ee\/e-pood\/?s={search_term_string}"},"query-input":{"@type":"PropertyValueSpecification","valueRequired":true,"valueName":"search_term_string"}}],"inLanguage":"et"}]}},"_links":{"self":[{"href":"https:\/\/horticom.ee\/e-pood\/wp-json\/wp\/v2\/product\/155773","targetHints":{"allow":["GET"]}}],"collection":[{"href":"https:\/\/horticom.ee\/e-pood\/wp-json\/wp\/v2\/product"}],"about":[{"href":"https:\/\/horticom.ee\/e-pood\/wp-json\/wp\/v2\/types\/product"}],"replies":[{"embeddable":true,"href":"https:\/\/horticom.ee\/e-pood\/wp-json\/wp\/v2\/comments?post=155773"}],"wp:featuredmedia":[{"embeddable":true,"href":"https:\/\/horticom.ee\/e-pood\/wp-json\/wp\/v2\/media\/156620"}],"wp:attachment":[{"href":"https:\/\/horticom.ee\/e-pood\/wp-json\/wp\/v2\/media?parent=155773"}],"wp:term":[{"taxonomy":"product_cat","embeddable":true,"href":"https:\/\/horticom.ee\/e-pood\/wp-json\/wp\/v2\/product_cat?post=155773"},{"taxonomy":"product_tag","embeddable":true,"href":"https:\/\/horticom.ee\/e-pood\/wp-json\/wp\/v2\/product_tag?post=155773"}],"curies":[{"name":"wp","href":"https:\/\/api.w.org\/{rel}","templated":true}]}}