{"id":155784,"date":"2022-01-18T00:17:19","date_gmt":"2022-01-17T22:17:19","guid":{"rendered":"https:\/\/aednik24.ee\/toode\/prussaka-aerosool-biolit-p-400ml\/"},"modified":"2026-04-17T12:01:01","modified_gmt":"2026-04-17T09:01:01","slug":"prussaka-aerosool-biolit-p-400ml","status":"publish","type":"product","link":"https:\/\/horticom.ee\/e-pood\/toode\/prussaka-aerosool-biolit-p-400ml\/","title":{"rendered":"Prussaka aerosool Biolit P 400ml"},"content":{"rendered":"<p>Tapab prussakad ja sipelgad sekunditega. Biolit\u00ae roomavate putukate vastu toimib t\u00e4nu t\u00f5husale koostisele m\u00f5ne sekundiga. Annab pikaajalise kaitse kuni 4 n\u00e4dalaks ning tapab t\u00e4iskasvanud prussakad ja nende munad. Koostis on t\u00f5hus roomavate putukatele nagu prussakad, sipelgad, \u00e4mblikud, majasoomukad, haisumardikas, toakilk.<\/p>\n","protected":false},"excerpt":{"rendered":"<p>Tapab prussakad ja sipelgad sekunditega. Biolit\u00ae roomavate putukate vastu toimib t\u00e4nu t\u00f5husale koostisele m\u00f5ne sekundiga. Annab pikaajalise kaitse kuni 4 n\u00e4dalaks ning tapab t\u00e4iskasvanud prussakad ja nende munad. Koostis on t\u00f5hus roomavate putukatele nagu prussakad, sipelgad, \u00e4mblikud, majasoomukad, haisumardikas, toakilk.<\/p>\n","protected":false},"featured_media":156598,"comment_status":"closed","ping_status":"closed","template":"","meta":{"_themeisle_gutenberg_block_has_review":false},"product_cat":[13596],"product_tag":[],"class_list":{"0":"post-155784","1":"product","2":"type-product","3":"status-publish","4":"has-post-thumbnail","6":"product_cat-prussakad","8":"first","9":"instock","10":"shipping-taxable","11":"purchasable","12":"product-type-simple"},"yoast_head":"<!-- This site is optimized with the Yoast SEO plugin v24.0 - https:\/\/yoast.com\/wordpress\/plugins\/seo\/ -->\n<title>Prussaka aerosool Biolit P 400ml - Horticom.ee\/e-pood<\/title>\n<meta name=\"description\" content=\"Biolit aerosool putukate vastu \u2013 tapab prussakad ja sipelgad sekunditega, pakkudes kaitset kuni 4 n\u00e4dalaks. T\u00f5hus ka \u00e4mblike ja majasoomukate vastu.\" \/>\n<meta name=\"robots\" content=\"index, follow, max-snippet:-1, max-image-preview:large, max-video-preview:-1\" \/>\n<link rel=\"canonical\" href=\"https:\/\/horticom.ee\/e-pood\/toode\/prussaka-aerosool-biolit-p-400ml\/\" \/>\n<meta property=\"og:locale\" content=\"et_EE\" \/>\n<meta property=\"og:type\" content=\"article\" \/>\n<meta property=\"og:title\" content=\"Prussaka aerosool Biolit P 400ml - Horticom.ee\/e-pood\" \/>\n<meta property=\"og:description\" content=\"Biolit aerosool putukate vastu \u2013 tapab prussakad ja sipelgad sekunditega, pakkudes kaitset kuni 4 n\u00e4dalaks. T\u00f5hus ka \u00e4mblike ja majasoomukate vastu.\" \/>\n<meta property=\"og:url\" content=\"https:\/\/horticom.ee\/e-pood\/toode\/prussaka-aerosool-biolit-p-400ml\/\" \/>\n<meta property=\"og:site_name\" content=\"Horticom.ee\" \/>\n<meta property=\"article:publisher\" content=\"https:\/\/www.facebook.com\/horticom.ee\/e-pood\" \/>\n<meta property=\"article:modified_time\" content=\"2026-04-17T09:01:01+00:00\" \/>\n<meta property=\"og:image\" content=\"https:\/\/horticom.ee\/e-pood\/wp-content\/uploads\/importedmedia\/product-155784_0-P7738.jpg\" \/>\n\t<meta property=\"og:image:width\" content=\"1000\" \/>\n\t<meta property=\"og:image:height\" content=\"1333\" \/>\n\t<meta property=\"og:image:type\" content=\"image\/jpeg\" \/>\n<meta name=\"twitter:card\" content=\"summary_large_image\" \/>\n<script type=\"application\/ld+json\" class=\"yoast-schema-graph\">{\"@context\":\"https:\/\/schema.org\",\"@graph\":[{\"@type\":\"WebPage\",\"@id\":\"https:\/\/horticom.ee\/e-pood\/toode\/prussaka-aerosool-biolit-p-400ml\/\",\"url\":\"https:\/\/horticom.ee\/e-pood\/toode\/prussaka-aerosool-biolit-p-400ml\/\",\"name\":\"Prussaka aerosool Biolit P 400ml - Horticom.ee\/e-pood\",\"isPartOf\":{\"@id\":\"https:\/\/horticom.ee\/e-pood\/#website\"},\"primaryImageOfPage\":{\"@id\":\"https:\/\/horticom.ee\/e-pood\/toode\/prussaka-aerosool-biolit-p-400ml\/#primaryimage\"},\"image\":{\"@id\":\"https:\/\/horticom.ee\/e-pood\/toode\/prussaka-aerosool-biolit-p-400ml\/#primaryimage\"},\"thumbnailUrl\":\"https:\/\/horticom.ee\/e-pood\/wp-content\/uploads\/importedmedia\/product-155784_0-P7738.jpg\",\"datePublished\":\"2022-01-17T22:17:19+00:00\",\"dateModified\":\"2026-04-17T09:01:01+00:00\",\"description\":\"Biolit aerosool putukate vastu \u2013 tapab prussakad ja sipelgad sekunditega, pakkudes kaitset kuni 4 n\u00e4dalaks. T\u00f5hus ka \u00e4mblike ja majasoomukate vastu.\",\"breadcrumb\":{\"@id\":\"https:\/\/horticom.ee\/e-pood\/toode\/prussaka-aerosool-biolit-p-400ml\/#breadcrumb\"},\"inLanguage\":\"et\",\"potentialAction\":[{\"@type\":\"ReadAction\",\"target\":[\"https:\/\/horticom.ee\/e-pood\/toode\/prussaka-aerosool-biolit-p-400ml\/\"]}]},{\"@type\":\"ImageObject\",\"inLanguage\":\"et\",\"@id\":\"https:\/\/horticom.ee\/e-pood\/toode\/prussaka-aerosool-biolit-p-400ml\/#primaryimage\",\"url\":\"https:\/\/horticom.ee\/e-pood\/wp-content\/uploads\/importedmedia\/product-155784_0-P7738.jpg\",\"contentUrl\":\"https:\/\/horticom.ee\/e-pood\/wp-content\/uploads\/importedmedia\/product-155784_0-P7738.jpg\",\"width\":1000,\"height\":1333,\"caption\":\"Prussaka aerosool Biolit P 400ml\"},{\"@type\":\"BreadcrumbList\",\"@id\":\"https:\/\/horticom.ee\/e-pood\/toode\/prussaka-aerosool-biolit-p-400ml\/#breadcrumb\",\"itemListElement\":[{\"@type\":\"ListItem\",\"position\":1,\"name\":\"Home\",\"item\":\"https:\/\/horticom.ee\/e-pood\/\"},{\"@type\":\"ListItem\",\"position\":2,\"name\":\"Pood\",\"item\":\"https:\/\/horticom.ee\/e-pood\/pood\/\"},{\"@type\":\"ListItem\",\"position\":3,\"name\":\"Prussaka aerosool Biolit P 400ml\"}]},{\"@type\":\"WebSite\",\"@id\":\"https:\/\/horticom.ee\/e-pood\/#website\",\"url\":\"https:\/\/horticom.ee\/e-pood\/\",\"name\":\"Horticom.ee\",\"description\":\"Aianduskaubad ja kodukaubad nii harrastajatele kui professionaalidele\",\"potentialAction\":[{\"@type\":\"SearchAction\",\"target\":{\"@type\":\"EntryPoint\",\"urlTemplate\":\"https:\/\/horticom.ee\/e-pood\/?s={search_term_string}\"},\"query-input\":{\"@type\":\"PropertyValueSpecification\",\"valueRequired\":true,\"valueName\":\"search_term_string\"}}],\"inLanguage\":\"et\"}]}<\/script>\n<!-- \/ Yoast SEO plugin. -->","yoast_head_json":{"title":"Prussaka aerosool Biolit P 400ml - Horticom.ee\/e-pood","description":"Biolit aerosool putukate vastu \u2013 tapab prussakad ja sipelgad sekunditega, pakkudes kaitset kuni 4 n\u00e4dalaks. T\u00f5hus ka \u00e4mblike ja majasoomukate vastu.","robots":{"index":"index","follow":"follow","max-snippet":"max-snippet:-1","max-image-preview":"max-image-preview:large","max-video-preview":"max-video-preview:-1"},"canonical":"https:\/\/horticom.ee\/e-pood\/toode\/prussaka-aerosool-biolit-p-400ml\/","og_locale":"et_EE","og_type":"article","og_title":"Prussaka aerosool Biolit P 400ml - Horticom.ee\/e-pood","og_description":"Biolit aerosool putukate vastu \u2013 tapab prussakad ja sipelgad sekunditega, pakkudes kaitset kuni 4 n\u00e4dalaks. T\u00f5hus ka \u00e4mblike ja majasoomukate vastu.","og_url":"https:\/\/horticom.ee\/e-pood\/toode\/prussaka-aerosool-biolit-p-400ml\/","og_site_name":"Horticom.ee","article_publisher":"https:\/\/www.facebook.com\/horticom.ee\/e-pood","article_modified_time":"2026-04-17T09:01:01+00:00","og_image":[{"width":1000,"height":1333,"url":"https:\/\/horticom.ee\/e-pood\/wp-content\/uploads\/importedmedia\/product-155784_0-P7738.jpg","type":"image\/jpeg"}],"twitter_card":"summary_large_image","schema":{"@context":"https:\/\/schema.org","@graph":[{"@type":"WebPage","@id":"https:\/\/horticom.ee\/e-pood\/toode\/prussaka-aerosool-biolit-p-400ml\/","url":"https:\/\/horticom.ee\/e-pood\/toode\/prussaka-aerosool-biolit-p-400ml\/","name":"Prussaka aerosool Biolit P 400ml - Horticom.ee\/e-pood","isPartOf":{"@id":"https:\/\/horticom.ee\/e-pood\/#website"},"primaryImageOfPage":{"@id":"https:\/\/horticom.ee\/e-pood\/toode\/prussaka-aerosool-biolit-p-400ml\/#primaryimage"},"image":{"@id":"https:\/\/horticom.ee\/e-pood\/toode\/prussaka-aerosool-biolit-p-400ml\/#primaryimage"},"thumbnailUrl":"https:\/\/horticom.ee\/e-pood\/wp-content\/uploads\/importedmedia\/product-155784_0-P7738.jpg","datePublished":"2022-01-17T22:17:19+00:00","dateModified":"2026-04-17T09:01:01+00:00","description":"Biolit aerosool putukate vastu \u2013 tapab prussakad ja sipelgad sekunditega, pakkudes kaitset kuni 4 n\u00e4dalaks. T\u00f5hus ka \u00e4mblike ja majasoomukate vastu.","breadcrumb":{"@id":"https:\/\/horticom.ee\/e-pood\/toode\/prussaka-aerosool-biolit-p-400ml\/#breadcrumb"},"inLanguage":"et","potentialAction":[{"@type":"ReadAction","target":["https:\/\/horticom.ee\/e-pood\/toode\/prussaka-aerosool-biolit-p-400ml\/"]}]},{"@type":"ImageObject","inLanguage":"et","@id":"https:\/\/horticom.ee\/e-pood\/toode\/prussaka-aerosool-biolit-p-400ml\/#primaryimage","url":"https:\/\/horticom.ee\/e-pood\/wp-content\/uploads\/importedmedia\/product-155784_0-P7738.jpg","contentUrl":"https:\/\/horticom.ee\/e-pood\/wp-content\/uploads\/importedmedia\/product-155784_0-P7738.jpg","width":1000,"height":1333,"caption":"Prussaka aerosool Biolit P 400ml"},{"@type":"BreadcrumbList","@id":"https:\/\/horticom.ee\/e-pood\/toode\/prussaka-aerosool-biolit-p-400ml\/#breadcrumb","itemListElement":[{"@type":"ListItem","position":1,"name":"Home","item":"https:\/\/horticom.ee\/e-pood\/"},{"@type":"ListItem","position":2,"name":"Pood","item":"https:\/\/horticom.ee\/e-pood\/pood\/"},{"@type":"ListItem","position":3,"name":"Prussaka aerosool Biolit P 400ml"}]},{"@type":"WebSite","@id":"https:\/\/horticom.ee\/e-pood\/#website","url":"https:\/\/horticom.ee\/e-pood\/","name":"Horticom.ee","description":"Aianduskaubad ja kodukaubad nii harrastajatele kui professionaalidele","potentialAction":[{"@type":"SearchAction","target":{"@type":"EntryPoint","urlTemplate":"https:\/\/horticom.ee\/e-pood\/?s={search_term_string}"},"query-input":{"@type":"PropertyValueSpecification","valueRequired":true,"valueName":"search_term_string"}}],"inLanguage":"et"}]}},"_links":{"self":[{"href":"https:\/\/horticom.ee\/e-pood\/wp-json\/wp\/v2\/product\/155784","targetHints":{"allow":["GET"]}}],"collection":[{"href":"https:\/\/horticom.ee\/e-pood\/wp-json\/wp\/v2\/product"}],"about":[{"href":"https:\/\/horticom.ee\/e-pood\/wp-json\/wp\/v2\/types\/product"}],"replies":[{"embeddable":true,"href":"https:\/\/horticom.ee\/e-pood\/wp-json\/wp\/v2\/comments?post=155784"}],"wp:featuredmedia":[{"embeddable":true,"href":"https:\/\/horticom.ee\/e-pood\/wp-json\/wp\/v2\/media\/156598"}],"wp:attachment":[{"href":"https:\/\/horticom.ee\/e-pood\/wp-json\/wp\/v2\/media?parent=155784"}],"wp:term":[{"taxonomy":"product_cat","embeddable":true,"href":"https:\/\/horticom.ee\/e-pood\/wp-json\/wp\/v2\/product_cat?post=155784"},{"taxonomy":"product_tag","embeddable":true,"href":"https:\/\/horticom.ee\/e-pood\/wp-json\/wp\/v2\/product_tag?post=155784"}],"curies":[{"name":"wp","href":"https:\/\/api.w.org\/{rel}","templated":true}]}}