{"id":155790,"date":"2022-01-18T00:17:22","date_gmt":"2022-01-17T22:17:22","guid":{"rendered":"https:\/\/aednik24.ee\/toode\/voodilutikate-monitoorimispuunised-5tk-pk\/"},"modified":"2026-05-13T16:01:24","modified_gmt":"2026-05-13T13:01:24","slug":"voodilutikate-monitoorimispuunised-5tk-pk","status":"publish","type":"product","link":"https:\/\/horticom.ee\/e-pood\/toode\/voodilutikate-monitoorimispuunised-5tk-pk\/","title":{"rendered":"Voodilutikate monitoorimisp\u00fc\u00fcnised 5tk\/pk"},"content":{"rendered":"<p>M\u00f5eldud lutikate  monitoorimiseks, p\u00fc\u00fcdmiseks ja h\u00e4vitamiseks m\u00fcrki v\u00f5i kemikaale kasutamata. P\u00fc\u00fcnised on kauakestvad, pakkudes kaitset kuni 60 p\u00e4eva jooksul voodilutikate k\u00f5ikidel arenguetappidel. Voodilutikad j\u00e4\u00e4vad kauakestvale liimpaberile kinni. Peale t\u00f5rje teostamist aitavad liimp\u00fc\u00fcnised monitoorida, kas t\u00f6\u00f6tlust tuleks uuesti korrata.<\/p>\n","protected":false},"excerpt":{"rendered":"<p>M\u00f5eldud lutikate monitoorimiseks, p\u00fc\u00fcdmiseks ja h\u00e4vitamiseks m\u00fcrki v\u00f5i kemikaale kasutamata. P\u00fc\u00fcnised on kauakestvad, pakkudes kaitset kuni 60 p\u00e4eva jooksul voodilutikate k\u00f5ikidel arenguetappidel. Voodilutikad j\u00e4\u00e4vad kauakestvale liimpaberile kinni. Peale t\u00f5rje teostamist aitavad liimp\u00fc\u00fcnised monitoorida, kas t\u00f6\u00f6tlust tuleks uuesti korrata.<\/p>\n","protected":false},"featured_media":156588,"comment_status":"closed","ping_status":"closed","template":"","meta":{"_themeisle_gutenberg_block_has_review":false},"product_cat":[14748],"product_tag":[],"class_list":{"0":"post-155790","1":"product","2":"type-product","3":"status-publish","4":"has-post-thumbnail","6":"product_cat-monitooring","8":"first","9":"instock","10":"shipping-taxable","11":"purchasable","12":"product-type-simple"},"yoast_head":"<!-- This site is optimized with the Yoast SEO plugin v24.0 - https:\/\/yoast.com\/wordpress\/plugins\/seo\/ -->\n<title>Voodilutikate monitoorimisp\u00fc\u00fcnised 5tk\/pk - Horticom.ee<\/title>\n<meta name=\"description\" content=\"Voodilutikate monitoorimisp\u00fc\u00fcnised, t\u00f5hus ilma kemikaalideta, kestab kuni 60 p\u00e4eva.\" \/>\n<meta name=\"robots\" content=\"index, follow, max-snippet:-1, max-image-preview:large, max-video-preview:-1\" \/>\n<link rel=\"canonical\" href=\"https:\/\/horticom.ee\/e-pood\/toode\/voodilutikate-monitoorimispuunised-5tk-pk\/\" \/>\n<meta property=\"og:locale\" content=\"et_EE\" \/>\n<meta property=\"og:type\" content=\"article\" \/>\n<meta property=\"og:title\" content=\"Voodilutikate monitoorimisp\u00fc\u00fcnised 5tk\/pk - Horticom.ee\" \/>\n<meta property=\"og:description\" content=\"Voodilutikate monitoorimisp\u00fc\u00fcnised, t\u00f5hus ilma kemikaalideta, kestab kuni 60 p\u00e4eva.\" \/>\n<meta property=\"og:url\" content=\"https:\/\/horticom.ee\/e-pood\/toode\/voodilutikate-monitoorimispuunised-5tk-pk\/\" \/>\n<meta property=\"og:site_name\" content=\"Horticom.ee\" \/>\n<meta property=\"article:publisher\" content=\"https:\/\/www.facebook.com\/horticom.ee\/e-pood\" \/>\n<meta property=\"article:modified_time\" content=\"2026-05-13T13:01:24+00:00\" \/>\n<meta property=\"og:image\" content=\"https:\/\/horticom.ee\/e-pood\/wp-content\/uploads\/importedmedia\/product-155790_0-ZER967.jpg\" \/>\n\t<meta property=\"og:image:width\" content=\"999\" \/>\n\t<meta property=\"og:image:height\" content=\"963\" \/>\n\t<meta property=\"og:image:type\" content=\"image\/jpeg\" \/>\n<meta name=\"twitter:card\" content=\"summary_large_image\" \/>\n<script type=\"application\/ld+json\" class=\"yoast-schema-graph\">{\"@context\":\"https:\/\/schema.org\",\"@graph\":[{\"@type\":\"WebPage\",\"@id\":\"https:\/\/horticom.ee\/e-pood\/toode\/voodilutikate-monitoorimispuunised-5tk-pk\/\",\"url\":\"https:\/\/horticom.ee\/e-pood\/toode\/voodilutikate-monitoorimispuunised-5tk-pk\/\",\"name\":\"Voodilutikate monitoorimisp\u00fc\u00fcnised 5tk\/pk - Horticom.ee\",\"isPartOf\":{\"@id\":\"https:\/\/horticom.ee\/e-pood\/#website\"},\"primaryImageOfPage\":{\"@id\":\"https:\/\/horticom.ee\/e-pood\/toode\/voodilutikate-monitoorimispuunised-5tk-pk\/#primaryimage\"},\"image\":{\"@id\":\"https:\/\/horticom.ee\/e-pood\/toode\/voodilutikate-monitoorimispuunised-5tk-pk\/#primaryimage\"},\"thumbnailUrl\":\"https:\/\/horticom.ee\/e-pood\/wp-content\/uploads\/importedmedia\/product-155790_0-ZER967.jpg\",\"datePublished\":\"2022-01-17T22:17:22+00:00\",\"dateModified\":\"2026-05-13T13:01:24+00:00\",\"description\":\"Voodilutikate monitoorimisp\u00fc\u00fcnised, t\u00f5hus ilma kemikaalideta, kestab kuni 60 p\u00e4eva.\",\"breadcrumb\":{\"@id\":\"https:\/\/horticom.ee\/e-pood\/toode\/voodilutikate-monitoorimispuunised-5tk-pk\/#breadcrumb\"},\"inLanguage\":\"et\",\"potentialAction\":[{\"@type\":\"ReadAction\",\"target\":[\"https:\/\/horticom.ee\/e-pood\/toode\/voodilutikate-monitoorimispuunised-5tk-pk\/\"]}]},{\"@type\":\"ImageObject\",\"inLanguage\":\"et\",\"@id\":\"https:\/\/horticom.ee\/e-pood\/toode\/voodilutikate-monitoorimispuunised-5tk-pk\/#primaryimage\",\"url\":\"https:\/\/horticom.ee\/e-pood\/wp-content\/uploads\/importedmedia\/product-155790_0-ZER967.jpg\",\"contentUrl\":\"https:\/\/horticom.ee\/e-pood\/wp-content\/uploads\/importedmedia\/product-155790_0-ZER967.jpg\",\"width\":999,\"height\":963,\"caption\":\"Voodilutikate monitoorimisp\u00fc\u00fcnised 5tk\/pk\"},{\"@type\":\"BreadcrumbList\",\"@id\":\"https:\/\/horticom.ee\/e-pood\/toode\/voodilutikate-monitoorimispuunised-5tk-pk\/#breadcrumb\",\"itemListElement\":[{\"@type\":\"ListItem\",\"position\":1,\"name\":\"Home\",\"item\":\"https:\/\/horticom.ee\/e-pood\/\"},{\"@type\":\"ListItem\",\"position\":2,\"name\":\"Pood\",\"item\":\"https:\/\/horticom.ee\/e-pood\/pood\/\"},{\"@type\":\"ListItem\",\"position\":3,\"name\":\"Voodilutikate monitoorimisp\u00fc\u00fcnised 5tk\/pk\"}]},{\"@type\":\"WebSite\",\"@id\":\"https:\/\/horticom.ee\/e-pood\/#website\",\"url\":\"https:\/\/horticom.ee\/e-pood\/\",\"name\":\"Horticom.ee\",\"description\":\"Aianduskaubad ja kodukaubad nii harrastajatele kui professionaalidele\",\"potentialAction\":[{\"@type\":\"SearchAction\",\"target\":{\"@type\":\"EntryPoint\",\"urlTemplate\":\"https:\/\/horticom.ee\/e-pood\/?s={search_term_string}\"},\"query-input\":{\"@type\":\"PropertyValueSpecification\",\"valueRequired\":true,\"valueName\":\"search_term_string\"}}],\"inLanguage\":\"et\"}]}<\/script>\n<!-- \/ Yoast SEO plugin. -->","yoast_head_json":{"title":"Voodilutikate monitoorimisp\u00fc\u00fcnised 5tk\/pk - Horticom.ee","description":"Voodilutikate monitoorimisp\u00fc\u00fcnised, t\u00f5hus ilma kemikaalideta, kestab kuni 60 p\u00e4eva.","robots":{"index":"index","follow":"follow","max-snippet":"max-snippet:-1","max-image-preview":"max-image-preview:large","max-video-preview":"max-video-preview:-1"},"canonical":"https:\/\/horticom.ee\/e-pood\/toode\/voodilutikate-monitoorimispuunised-5tk-pk\/","og_locale":"et_EE","og_type":"article","og_title":"Voodilutikate monitoorimisp\u00fc\u00fcnised 5tk\/pk - Horticom.ee","og_description":"Voodilutikate monitoorimisp\u00fc\u00fcnised, t\u00f5hus ilma kemikaalideta, kestab kuni 60 p\u00e4eva.","og_url":"https:\/\/horticom.ee\/e-pood\/toode\/voodilutikate-monitoorimispuunised-5tk-pk\/","og_site_name":"Horticom.ee","article_publisher":"https:\/\/www.facebook.com\/horticom.ee\/e-pood","article_modified_time":"2026-05-13T13:01:24+00:00","og_image":[{"width":999,"height":963,"url":"https:\/\/horticom.ee\/e-pood\/wp-content\/uploads\/importedmedia\/product-155790_0-ZER967.jpg","type":"image\/jpeg"}],"twitter_card":"summary_large_image","schema":{"@context":"https:\/\/schema.org","@graph":[{"@type":"WebPage","@id":"https:\/\/horticom.ee\/e-pood\/toode\/voodilutikate-monitoorimispuunised-5tk-pk\/","url":"https:\/\/horticom.ee\/e-pood\/toode\/voodilutikate-monitoorimispuunised-5tk-pk\/","name":"Voodilutikate monitoorimisp\u00fc\u00fcnised 5tk\/pk - Horticom.ee","isPartOf":{"@id":"https:\/\/horticom.ee\/e-pood\/#website"},"primaryImageOfPage":{"@id":"https:\/\/horticom.ee\/e-pood\/toode\/voodilutikate-monitoorimispuunised-5tk-pk\/#primaryimage"},"image":{"@id":"https:\/\/horticom.ee\/e-pood\/toode\/voodilutikate-monitoorimispuunised-5tk-pk\/#primaryimage"},"thumbnailUrl":"https:\/\/horticom.ee\/e-pood\/wp-content\/uploads\/importedmedia\/product-155790_0-ZER967.jpg","datePublished":"2022-01-17T22:17:22+00:00","dateModified":"2026-05-13T13:01:24+00:00","description":"Voodilutikate monitoorimisp\u00fc\u00fcnised, t\u00f5hus ilma kemikaalideta, kestab kuni 60 p\u00e4eva.","breadcrumb":{"@id":"https:\/\/horticom.ee\/e-pood\/toode\/voodilutikate-monitoorimispuunised-5tk-pk\/#breadcrumb"},"inLanguage":"et","potentialAction":[{"@type":"ReadAction","target":["https:\/\/horticom.ee\/e-pood\/toode\/voodilutikate-monitoorimispuunised-5tk-pk\/"]}]},{"@type":"ImageObject","inLanguage":"et","@id":"https:\/\/horticom.ee\/e-pood\/toode\/voodilutikate-monitoorimispuunised-5tk-pk\/#primaryimage","url":"https:\/\/horticom.ee\/e-pood\/wp-content\/uploads\/importedmedia\/product-155790_0-ZER967.jpg","contentUrl":"https:\/\/horticom.ee\/e-pood\/wp-content\/uploads\/importedmedia\/product-155790_0-ZER967.jpg","width":999,"height":963,"caption":"Voodilutikate monitoorimisp\u00fc\u00fcnised 5tk\/pk"},{"@type":"BreadcrumbList","@id":"https:\/\/horticom.ee\/e-pood\/toode\/voodilutikate-monitoorimispuunised-5tk-pk\/#breadcrumb","itemListElement":[{"@type":"ListItem","position":1,"name":"Home","item":"https:\/\/horticom.ee\/e-pood\/"},{"@type":"ListItem","position":2,"name":"Pood","item":"https:\/\/horticom.ee\/e-pood\/pood\/"},{"@type":"ListItem","position":3,"name":"Voodilutikate monitoorimisp\u00fc\u00fcnised 5tk\/pk"}]},{"@type":"WebSite","@id":"https:\/\/horticom.ee\/e-pood\/#website","url":"https:\/\/horticom.ee\/e-pood\/","name":"Horticom.ee","description":"Aianduskaubad ja kodukaubad nii harrastajatele kui professionaalidele","potentialAction":[{"@type":"SearchAction","target":{"@type":"EntryPoint","urlTemplate":"https:\/\/horticom.ee\/e-pood\/?s={search_term_string}"},"query-input":{"@type":"PropertyValueSpecification","valueRequired":true,"valueName":"search_term_string"}}],"inLanguage":"et"}]}},"_links":{"self":[{"href":"https:\/\/horticom.ee\/e-pood\/wp-json\/wp\/v2\/product\/155790","targetHints":{"allow":["GET"]}}],"collection":[{"href":"https:\/\/horticom.ee\/e-pood\/wp-json\/wp\/v2\/product"}],"about":[{"href":"https:\/\/horticom.ee\/e-pood\/wp-json\/wp\/v2\/types\/product"}],"replies":[{"embeddable":true,"href":"https:\/\/horticom.ee\/e-pood\/wp-json\/wp\/v2\/comments?post=155790"}],"wp:featuredmedia":[{"embeddable":true,"href":"https:\/\/horticom.ee\/e-pood\/wp-json\/wp\/v2\/media\/156588"}],"wp:attachment":[{"href":"https:\/\/horticom.ee\/e-pood\/wp-json\/wp\/v2\/media?parent=155790"}],"wp:term":[{"taxonomy":"product_cat","embeddable":true,"href":"https:\/\/horticom.ee\/e-pood\/wp-json\/wp\/v2\/product_cat?post=155790"},{"taxonomy":"product_tag","embeddable":true,"href":"https:\/\/horticom.ee\/e-pood\/wp-json\/wp\/v2\/product_tag?post=155790"}],"curies":[{"name":"wp","href":"https:\/\/api.w.org\/{rel}","templated":true}]}}