{"id":155805,"date":"2022-01-18T00:17:31","date_gmt":"2022-01-17T22:17:31","guid":{"rendered":"https:\/\/aednik24.ee\/toode\/hiire-soodamaja-horticom-votmega\/"},"modified":"2026-04-15T03:13:34","modified_gmt":"2026-04-15T00:13:34","slug":"hiire-soodamaja-horticom-votmega","status":"publish","type":"product","link":"https:\/\/horticom.ee\/e-pood\/toode\/hiire-soodamaja-horticom-votmega\/","title":{"rendered":"Hiire s\u00f6\u00f6damaja Horticom v\u00f5tmega"},"content":{"rendered":"<p>Toodetud k\u00f5rgekvaliteedilisest plastikust. Sobib kasutamiseks nii sise &#8211; kui v\u00e4litingimustes. Sobib erinevat liiki rodentitsiidide, pasta, nisu, vahaplokkide v\u00e4ljapanekuks. Kerge kasutada ja puhastada, esteetiline disain, kompaktne suurus. Avatav ainult v\u00f5tmega, seega k\u00f5rvalised isikud ei saa m\u00fcrgile ligi. S\u00f6\u00f6damaja ei sisalda m\u00fcrks\u00f6\u00f6ta.<\/p>\n","protected":false},"excerpt":{"rendered":"<p>Toodetud k\u00f5rgekvaliteedilisest plastikust. Sobib kasutamiseks nii sise &#8211; kui v\u00e4litingimustes. Sobib erinevat liiki rodentitsiidide, pasta, nisu, vahaplokkide v\u00e4ljapanekuks. Kerge kasutada ja puhastada, esteetiline disain, kompaktne suurus. Avatav ainult v\u00f5tmega, seega k\u00f5rvalised isikud ei saa m\u00fcrgile ligi. S\u00f6\u00f6damaja ei sisalda m\u00fcrks\u00f6\u00f6ta.<\/p>\n","protected":false},"featured_media":156556,"comment_status":"closed","ping_status":"closed","template":"","meta":{"_themeisle_gutenberg_block_has_review":false},"product_cat":[13604],"product_tag":[],"class_list":{"0":"post-155805","1":"product","2":"type-product","3":"status-publish","4":"has-post-thumbnail","6":"product_cat-hiired-ja-rotid","8":"first","9":"instock","10":"shipping-taxable","11":"purchasable","12":"product-type-simple"},"yoast_head":"<!-- This site is optimized with the Yoast SEO plugin v24.0 - https:\/\/yoast.com\/wordpress\/plugins\/seo\/ -->\n<title>Hiire s\u00f6\u00f6damaja Horticom v\u00f5tmega - Horticom.ee\/e-pood<\/title>\n<meta name=\"description\" content=\"Hiire s\u00f6\u00f6damaja Horticom v\u00f5tmega on rotim\u00fcrkide ohutuks kasutamiseks, et v\u00e4ltida ohtu, et lemmikloomad ja lapsed p\u00e4\u00e4sevad rotim\u00fcrgile ligi.\" \/>\n<meta name=\"robots\" content=\"index, follow, max-snippet:-1, max-image-preview:large, max-video-preview:-1\" \/>\n<link rel=\"canonical\" href=\"https:\/\/horticom.ee\/e-pood\/toode\/hiire-soodamaja-horticom-votmega\/\" \/>\n<meta property=\"og:locale\" content=\"et_EE\" \/>\n<meta property=\"og:type\" content=\"article\" \/>\n<meta property=\"og:title\" content=\"Hiire s\u00f6\u00f6damaja Horticom v\u00f5tmega - Horticom.ee\/e-pood\" \/>\n<meta property=\"og:description\" content=\"Hiire s\u00f6\u00f6damaja Horticom v\u00f5tmega on rotim\u00fcrkide ohutuks kasutamiseks, et v\u00e4ltida ohtu, et lemmikloomad ja lapsed p\u00e4\u00e4sevad rotim\u00fcrgile ligi.\" \/>\n<meta property=\"og:url\" content=\"https:\/\/horticom.ee\/e-pood\/toode\/hiire-soodamaja-horticom-votmega\/\" \/>\n<meta property=\"og:site_name\" content=\"Horticom.ee\" \/>\n<meta property=\"article:publisher\" content=\"https:\/\/www.facebook.com\/horticom.ee\/e-pood\" \/>\n<meta property=\"article:modified_time\" content=\"2026-04-15T00:13:34+00:00\" \/>\n<meta property=\"og:image\" content=\"https:\/\/horticom.ee\/e-pood\/wp-content\/uploads\/importedmedia\/product-155805_0-P1089.jpg\" \/>\n\t<meta property=\"og:image:width\" content=\"999\" \/>\n\t<meta property=\"og:image:height\" content=\"666\" \/>\n\t<meta property=\"og:image:type\" content=\"image\/jpeg\" \/>\n<meta name=\"twitter:card\" content=\"summary_large_image\" \/>\n<script type=\"application\/ld+json\" class=\"yoast-schema-graph\">{\"@context\":\"https:\/\/schema.org\",\"@graph\":[{\"@type\":\"WebPage\",\"@id\":\"https:\/\/horticom.ee\/e-pood\/toode\/hiire-soodamaja-horticom-votmega\/\",\"url\":\"https:\/\/horticom.ee\/e-pood\/toode\/hiire-soodamaja-horticom-votmega\/\",\"name\":\"Hiire s\u00f6\u00f6damaja Horticom v\u00f5tmega - Horticom.ee\/e-pood\",\"isPartOf\":{\"@id\":\"https:\/\/horticom.ee\/e-pood\/#website\"},\"primaryImageOfPage\":{\"@id\":\"https:\/\/horticom.ee\/e-pood\/toode\/hiire-soodamaja-horticom-votmega\/#primaryimage\"},\"image\":{\"@id\":\"https:\/\/horticom.ee\/e-pood\/toode\/hiire-soodamaja-horticom-votmega\/#primaryimage\"},\"thumbnailUrl\":\"https:\/\/horticom.ee\/e-pood\/wp-content\/uploads\/importedmedia\/product-155805_0-P1089.jpg\",\"datePublished\":\"2022-01-17T22:17:31+00:00\",\"dateModified\":\"2026-04-15T00:13:34+00:00\",\"description\":\"Hiire s\u00f6\u00f6damaja Horticom v\u00f5tmega on rotim\u00fcrkide ohutuks kasutamiseks, et v\u00e4ltida ohtu, et lemmikloomad ja lapsed p\u00e4\u00e4sevad rotim\u00fcrgile ligi.\",\"breadcrumb\":{\"@id\":\"https:\/\/horticom.ee\/e-pood\/toode\/hiire-soodamaja-horticom-votmega\/#breadcrumb\"},\"inLanguage\":\"et\",\"potentialAction\":[{\"@type\":\"ReadAction\",\"target\":[\"https:\/\/horticom.ee\/e-pood\/toode\/hiire-soodamaja-horticom-votmega\/\"]}]},{\"@type\":\"ImageObject\",\"inLanguage\":\"et\",\"@id\":\"https:\/\/horticom.ee\/e-pood\/toode\/hiire-soodamaja-horticom-votmega\/#primaryimage\",\"url\":\"https:\/\/horticom.ee\/e-pood\/wp-content\/uploads\/importedmedia\/product-155805_0-P1089.jpg\",\"contentUrl\":\"https:\/\/horticom.ee\/e-pood\/wp-content\/uploads\/importedmedia\/product-155805_0-P1089.jpg\",\"width\":999,\"height\":666,\"caption\":\"Hiire s\u00f6\u00f6damaja Horticom v\u00f5tmega\"},{\"@type\":\"BreadcrumbList\",\"@id\":\"https:\/\/horticom.ee\/e-pood\/toode\/hiire-soodamaja-horticom-votmega\/#breadcrumb\",\"itemListElement\":[{\"@type\":\"ListItem\",\"position\":1,\"name\":\"Home\",\"item\":\"https:\/\/horticom.ee\/e-pood\/\"},{\"@type\":\"ListItem\",\"position\":2,\"name\":\"Pood\",\"item\":\"https:\/\/horticom.ee\/e-pood\/pood\/\"},{\"@type\":\"ListItem\",\"position\":3,\"name\":\"Hiire s\u00f6\u00f6damaja Horticom v\u00f5tmega\"}]},{\"@type\":\"WebSite\",\"@id\":\"https:\/\/horticom.ee\/e-pood\/#website\",\"url\":\"https:\/\/horticom.ee\/e-pood\/\",\"name\":\"Horticom.ee\",\"description\":\"Aianduskaubad ja kodukaubad nii harrastajatele kui professionaalidele\",\"potentialAction\":[{\"@type\":\"SearchAction\",\"target\":{\"@type\":\"EntryPoint\",\"urlTemplate\":\"https:\/\/horticom.ee\/e-pood\/?s={search_term_string}\"},\"query-input\":{\"@type\":\"PropertyValueSpecification\",\"valueRequired\":true,\"valueName\":\"search_term_string\"}}],\"inLanguage\":\"et\"}]}<\/script>\n<!-- \/ Yoast SEO plugin. -->","yoast_head_json":{"title":"Hiire s\u00f6\u00f6damaja Horticom v\u00f5tmega - Horticom.ee\/e-pood","description":"Hiire s\u00f6\u00f6damaja Horticom v\u00f5tmega on rotim\u00fcrkide ohutuks kasutamiseks, et v\u00e4ltida ohtu, et lemmikloomad ja lapsed p\u00e4\u00e4sevad rotim\u00fcrgile ligi.","robots":{"index":"index","follow":"follow","max-snippet":"max-snippet:-1","max-image-preview":"max-image-preview:large","max-video-preview":"max-video-preview:-1"},"canonical":"https:\/\/horticom.ee\/e-pood\/toode\/hiire-soodamaja-horticom-votmega\/","og_locale":"et_EE","og_type":"article","og_title":"Hiire s\u00f6\u00f6damaja Horticom v\u00f5tmega - Horticom.ee\/e-pood","og_description":"Hiire s\u00f6\u00f6damaja Horticom v\u00f5tmega on rotim\u00fcrkide ohutuks kasutamiseks, et v\u00e4ltida ohtu, et lemmikloomad ja lapsed p\u00e4\u00e4sevad rotim\u00fcrgile ligi.","og_url":"https:\/\/horticom.ee\/e-pood\/toode\/hiire-soodamaja-horticom-votmega\/","og_site_name":"Horticom.ee","article_publisher":"https:\/\/www.facebook.com\/horticom.ee\/e-pood","article_modified_time":"2026-04-15T00:13:34+00:00","og_image":[{"width":999,"height":666,"url":"https:\/\/horticom.ee\/e-pood\/wp-content\/uploads\/importedmedia\/product-155805_0-P1089.jpg","type":"image\/jpeg"}],"twitter_card":"summary_large_image","schema":{"@context":"https:\/\/schema.org","@graph":[{"@type":"WebPage","@id":"https:\/\/horticom.ee\/e-pood\/toode\/hiire-soodamaja-horticom-votmega\/","url":"https:\/\/horticom.ee\/e-pood\/toode\/hiire-soodamaja-horticom-votmega\/","name":"Hiire s\u00f6\u00f6damaja Horticom v\u00f5tmega - Horticom.ee\/e-pood","isPartOf":{"@id":"https:\/\/horticom.ee\/e-pood\/#website"},"primaryImageOfPage":{"@id":"https:\/\/horticom.ee\/e-pood\/toode\/hiire-soodamaja-horticom-votmega\/#primaryimage"},"image":{"@id":"https:\/\/horticom.ee\/e-pood\/toode\/hiire-soodamaja-horticom-votmega\/#primaryimage"},"thumbnailUrl":"https:\/\/horticom.ee\/e-pood\/wp-content\/uploads\/importedmedia\/product-155805_0-P1089.jpg","datePublished":"2022-01-17T22:17:31+00:00","dateModified":"2026-04-15T00:13:34+00:00","description":"Hiire s\u00f6\u00f6damaja Horticom v\u00f5tmega on rotim\u00fcrkide ohutuks kasutamiseks, et v\u00e4ltida ohtu, et lemmikloomad ja lapsed p\u00e4\u00e4sevad rotim\u00fcrgile ligi.","breadcrumb":{"@id":"https:\/\/horticom.ee\/e-pood\/toode\/hiire-soodamaja-horticom-votmega\/#breadcrumb"},"inLanguage":"et","potentialAction":[{"@type":"ReadAction","target":["https:\/\/horticom.ee\/e-pood\/toode\/hiire-soodamaja-horticom-votmega\/"]}]},{"@type":"ImageObject","inLanguage":"et","@id":"https:\/\/horticom.ee\/e-pood\/toode\/hiire-soodamaja-horticom-votmega\/#primaryimage","url":"https:\/\/horticom.ee\/e-pood\/wp-content\/uploads\/importedmedia\/product-155805_0-P1089.jpg","contentUrl":"https:\/\/horticom.ee\/e-pood\/wp-content\/uploads\/importedmedia\/product-155805_0-P1089.jpg","width":999,"height":666,"caption":"Hiire s\u00f6\u00f6damaja Horticom v\u00f5tmega"},{"@type":"BreadcrumbList","@id":"https:\/\/horticom.ee\/e-pood\/toode\/hiire-soodamaja-horticom-votmega\/#breadcrumb","itemListElement":[{"@type":"ListItem","position":1,"name":"Home","item":"https:\/\/horticom.ee\/e-pood\/"},{"@type":"ListItem","position":2,"name":"Pood","item":"https:\/\/horticom.ee\/e-pood\/pood\/"},{"@type":"ListItem","position":3,"name":"Hiire s\u00f6\u00f6damaja Horticom v\u00f5tmega"}]},{"@type":"WebSite","@id":"https:\/\/horticom.ee\/e-pood\/#website","url":"https:\/\/horticom.ee\/e-pood\/","name":"Horticom.ee","description":"Aianduskaubad ja kodukaubad nii harrastajatele kui professionaalidele","potentialAction":[{"@type":"SearchAction","target":{"@type":"EntryPoint","urlTemplate":"https:\/\/horticom.ee\/e-pood\/?s={search_term_string}"},"query-input":{"@type":"PropertyValueSpecification","valueRequired":true,"valueName":"search_term_string"}}],"inLanguage":"et"}]}},"_links":{"self":[{"href":"https:\/\/horticom.ee\/e-pood\/wp-json\/wp\/v2\/product\/155805","targetHints":{"allow":["GET"]}}],"collection":[{"href":"https:\/\/horticom.ee\/e-pood\/wp-json\/wp\/v2\/product"}],"about":[{"href":"https:\/\/horticom.ee\/e-pood\/wp-json\/wp\/v2\/types\/product"}],"replies":[{"embeddable":true,"href":"https:\/\/horticom.ee\/e-pood\/wp-json\/wp\/v2\/comments?post=155805"}],"wp:featuredmedia":[{"embeddable":true,"href":"https:\/\/horticom.ee\/e-pood\/wp-json\/wp\/v2\/media\/156556"}],"wp:attachment":[{"href":"https:\/\/horticom.ee\/e-pood\/wp-json\/wp\/v2\/media?parent=155805"}],"wp:term":[{"taxonomy":"product_cat","embeddable":true,"href":"https:\/\/horticom.ee\/e-pood\/wp-json\/wp\/v2\/product_cat?post=155805"},{"taxonomy":"product_tag","embeddable":true,"href":"https:\/\/horticom.ee\/e-pood\/wp-json\/wp\/v2\/product_tag?post=155805"}],"curies":[{"name":"wp","href":"https:\/\/api.w.org\/{rel}","templated":true}]}}