{"id":155808,"date":"2022-01-18T00:17:32","date_gmt":"2022-01-17T22:17:32","guid":{"rendered":"https:\/\/aednik24.ee\/toode\/tsitruseliste-muld-compo-10l\/"},"modified":"2026-05-03T03:11:46","modified_gmt":"2026-05-03T00:11:46","slug":"tsitruseliste-muld-compo-10l","status":"publish","type":"product","link":"https:\/\/horticom.ee\/e-pood\/toode\/tsitruseliste-muld-compo-10l\/","title":{"rendered":"Tsitruseliste muld Compo 10L"},"content":{"rendered":"<p>Spetsiaalne substraat tsitruselistele ja Vahemere taimedele. Substraat sisaldab kvartsliiva, mis v\u00f5imaldab juurtel saada piisavalt \u00f5hku ja vett. H\u00e4sti tasakaalustatud ACTIVE CITRUS toitained tagavad, et taimed kasvavad h\u00e4sti. Spetsiaalsed toitained aitavad kujundada \u00f5isikuid, viljumist ja suurendada saagikust. Substraat on rikastatud mineraalidega, nii et p\u00e4rast \u00fcmberistutamist ei ole vaja kuni 8 n\u00e4dalat taimi v\u00e4etada.<\/p>\n","protected":false},"excerpt":{"rendered":"<p>Spetsiaalne substraat tsitruselistele ja Vahemere taimedele. Substraat sisaldab kvartsliiva, mis v\u00f5imaldab juurtel saada piisavalt \u00f5hku ja vett. H\u00e4sti tasakaalustatud ACTIVE CITRUS toitained tagavad, et taimed kasvavad h\u00e4sti. Spetsiaalsed toitained aitavad kujundada \u00f5isikuid, viljumist ja suurendada saagikust. Substraat on rikastatud mineraalidega, nii et p\u00e4rast \u00fcmberistutamist ei ole vaja kuni 8 n\u00e4dalat taimi v\u00e4etada.<\/p>\n","protected":false},"featured_media":2377844,"comment_status":"closed","ping_status":"closed","template":"","meta":{"_themeisle_gutenberg_block_has_review":false},"product_cat":[13575],"product_tag":[],"class_list":{"0":"post-155808","1":"product","2":"type-product","3":"status-publish","4":"has-post-thumbnail","6":"product_cat-mullad-ja-turbad","8":"first","9":"instock","10":"shipping-taxable","11":"purchasable","12":"product-type-simple"},"yoast_head":"<!-- This site is optimized with the Yoast SEO plugin v24.0 - https:\/\/yoast.com\/wordpress\/plugins\/seo\/ -->\n<title>Tsitruseliste muld Compo 10L - Horticom<\/title>\n<meta name=\"robots\" content=\"index, follow, max-snippet:-1, max-image-preview:large, max-video-preview:-1\" \/>\n<link rel=\"canonical\" href=\"https:\/\/horticom.ee\/e-pood\/toode\/tsitruseliste-muld-compo-10l\/\" \/>\n<meta property=\"og:locale\" content=\"et_EE\" \/>\n<meta property=\"og:type\" content=\"article\" \/>\n<meta property=\"og:title\" content=\"Tsitruseliste muld Compo 10L - Horticom\" \/>\n<meta property=\"og:description\" content=\"Spetsiaalne substraat tsitruselistele ja Vahemere taimedele. Substraat sisaldab kvartsliiva, mis v\u00f5imaldab juurtel saada piisavalt \u00f5hku ja vett. H\u00e4sti tasakaalustatud ACTIVE CITRUS toitained tagavad, et taimed kasvavad h\u00e4sti. Spetsiaalsed toitained aitavad kujundada \u00f5isikuid, viljumist ja suurendada saagikust. Substraat on rikastatud mineraalidega, nii et p\u00e4rast \u00fcmberistutamist ei ole vaja kuni 8 n\u00e4dalat taimi v\u00e4etada.\" \/>\n<meta property=\"og:url\" content=\"https:\/\/horticom.ee\/e-pood\/toode\/tsitruseliste-muld-compo-10l\/\" \/>\n<meta property=\"og:site_name\" content=\"Horticom.ee\" \/>\n<meta property=\"article:publisher\" content=\"https:\/\/www.facebook.com\/horticom.ee\/e-pood\" \/>\n<meta property=\"article:modified_time\" content=\"2026-05-03T00:11:46+00:00\" \/>\n<meta property=\"og:image\" content=\"https:\/\/horticom.ee\/e-pood\/wp-content\/uploads\/importedmedia\/product-155808_0-670228.jpg\" \/>\n\t<meta property=\"og:image:width\" content=\"1000\" \/>\n\t<meta property=\"og:image:height\" content=\"1414\" \/>\n\t<meta property=\"og:image:type\" content=\"image\/jpeg\" \/>\n<meta name=\"twitter:card\" content=\"summary_large_image\" \/>\n<script type=\"application\/ld+json\" class=\"yoast-schema-graph\">{\"@context\":\"https:\/\/schema.org\",\"@graph\":[{\"@type\":\"WebPage\",\"@id\":\"https:\/\/horticom.ee\/e-pood\/toode\/tsitruseliste-muld-compo-10l\/\",\"url\":\"https:\/\/horticom.ee\/e-pood\/toode\/tsitruseliste-muld-compo-10l\/\",\"name\":\"Tsitruseliste muld Compo 10L - Horticom\",\"isPartOf\":{\"@id\":\"https:\/\/horticom.ee\/e-pood\/#website\"},\"primaryImageOfPage\":{\"@id\":\"https:\/\/horticom.ee\/e-pood\/toode\/tsitruseliste-muld-compo-10l\/#primaryimage\"},\"image\":{\"@id\":\"https:\/\/horticom.ee\/e-pood\/toode\/tsitruseliste-muld-compo-10l\/#primaryimage\"},\"thumbnailUrl\":\"https:\/\/horticom.ee\/e-pood\/wp-content\/uploads\/importedmedia\/product-155808_0-670228.jpg\",\"datePublished\":\"2022-01-17T22:17:32+00:00\",\"dateModified\":\"2026-05-03T00:11:46+00:00\",\"breadcrumb\":{\"@id\":\"https:\/\/horticom.ee\/e-pood\/toode\/tsitruseliste-muld-compo-10l\/#breadcrumb\"},\"inLanguage\":\"et\",\"potentialAction\":[{\"@type\":\"ReadAction\",\"target\":[\"https:\/\/horticom.ee\/e-pood\/toode\/tsitruseliste-muld-compo-10l\/\"]}]},{\"@type\":\"ImageObject\",\"inLanguage\":\"et\",\"@id\":\"https:\/\/horticom.ee\/e-pood\/toode\/tsitruseliste-muld-compo-10l\/#primaryimage\",\"url\":\"https:\/\/horticom.ee\/e-pood\/wp-content\/uploads\/importedmedia\/product-155808_0-670228.jpg\",\"contentUrl\":\"https:\/\/horticom.ee\/e-pood\/wp-content\/uploads\/importedmedia\/product-155808_0-670228.jpg\",\"width\":1000,\"height\":1414},{\"@type\":\"BreadcrumbList\",\"@id\":\"https:\/\/horticom.ee\/e-pood\/toode\/tsitruseliste-muld-compo-10l\/#breadcrumb\",\"itemListElement\":[{\"@type\":\"ListItem\",\"position\":1,\"name\":\"Home\",\"item\":\"https:\/\/horticom.ee\/e-pood\/\"},{\"@type\":\"ListItem\",\"position\":2,\"name\":\"Pood\",\"item\":\"https:\/\/horticom.ee\/e-pood\/pood\/\"},{\"@type\":\"ListItem\",\"position\":3,\"name\":\"Tsitruseliste muld Compo 10L\"}]},{\"@type\":\"WebSite\",\"@id\":\"https:\/\/horticom.ee\/e-pood\/#website\",\"url\":\"https:\/\/horticom.ee\/e-pood\/\",\"name\":\"Horticom.ee\",\"description\":\"Aianduskaubad ja kodukaubad nii harrastajatele kui professionaalidele\",\"potentialAction\":[{\"@type\":\"SearchAction\",\"target\":{\"@type\":\"EntryPoint\",\"urlTemplate\":\"https:\/\/horticom.ee\/e-pood\/?s={search_term_string}\"},\"query-input\":{\"@type\":\"PropertyValueSpecification\",\"valueRequired\":true,\"valueName\":\"search_term_string\"}}],\"inLanguage\":\"et\"}]}<\/script>\n<!-- \/ Yoast SEO plugin. -->","yoast_head_json":{"title":"Tsitruseliste muld Compo 10L - Horticom","robots":{"index":"index","follow":"follow","max-snippet":"max-snippet:-1","max-image-preview":"max-image-preview:large","max-video-preview":"max-video-preview:-1"},"canonical":"https:\/\/horticom.ee\/e-pood\/toode\/tsitruseliste-muld-compo-10l\/","og_locale":"et_EE","og_type":"article","og_title":"Tsitruseliste muld Compo 10L - Horticom","og_description":"Spetsiaalne substraat tsitruselistele ja Vahemere taimedele. Substraat sisaldab kvartsliiva, mis v\u00f5imaldab juurtel saada piisavalt \u00f5hku ja vett. H\u00e4sti tasakaalustatud ACTIVE CITRUS toitained tagavad, et taimed kasvavad h\u00e4sti. Spetsiaalsed toitained aitavad kujundada \u00f5isikuid, viljumist ja suurendada saagikust. Substraat on rikastatud mineraalidega, nii et p\u00e4rast \u00fcmberistutamist ei ole vaja kuni 8 n\u00e4dalat taimi v\u00e4etada.","og_url":"https:\/\/horticom.ee\/e-pood\/toode\/tsitruseliste-muld-compo-10l\/","og_site_name":"Horticom.ee","article_publisher":"https:\/\/www.facebook.com\/horticom.ee\/e-pood","article_modified_time":"2026-05-03T00:11:46+00:00","og_image":[{"width":1000,"height":1414,"url":"https:\/\/horticom.ee\/e-pood\/wp-content\/uploads\/importedmedia\/product-155808_0-670228.jpg","type":"image\/jpeg"}],"twitter_card":"summary_large_image","schema":{"@context":"https:\/\/schema.org","@graph":[{"@type":"WebPage","@id":"https:\/\/horticom.ee\/e-pood\/toode\/tsitruseliste-muld-compo-10l\/","url":"https:\/\/horticom.ee\/e-pood\/toode\/tsitruseliste-muld-compo-10l\/","name":"Tsitruseliste muld Compo 10L - Horticom","isPartOf":{"@id":"https:\/\/horticom.ee\/e-pood\/#website"},"primaryImageOfPage":{"@id":"https:\/\/horticom.ee\/e-pood\/toode\/tsitruseliste-muld-compo-10l\/#primaryimage"},"image":{"@id":"https:\/\/horticom.ee\/e-pood\/toode\/tsitruseliste-muld-compo-10l\/#primaryimage"},"thumbnailUrl":"https:\/\/horticom.ee\/e-pood\/wp-content\/uploads\/importedmedia\/product-155808_0-670228.jpg","datePublished":"2022-01-17T22:17:32+00:00","dateModified":"2026-05-03T00:11:46+00:00","breadcrumb":{"@id":"https:\/\/horticom.ee\/e-pood\/toode\/tsitruseliste-muld-compo-10l\/#breadcrumb"},"inLanguage":"et","potentialAction":[{"@type":"ReadAction","target":["https:\/\/horticom.ee\/e-pood\/toode\/tsitruseliste-muld-compo-10l\/"]}]},{"@type":"ImageObject","inLanguage":"et","@id":"https:\/\/horticom.ee\/e-pood\/toode\/tsitruseliste-muld-compo-10l\/#primaryimage","url":"https:\/\/horticom.ee\/e-pood\/wp-content\/uploads\/importedmedia\/product-155808_0-670228.jpg","contentUrl":"https:\/\/horticom.ee\/e-pood\/wp-content\/uploads\/importedmedia\/product-155808_0-670228.jpg","width":1000,"height":1414},{"@type":"BreadcrumbList","@id":"https:\/\/horticom.ee\/e-pood\/toode\/tsitruseliste-muld-compo-10l\/#breadcrumb","itemListElement":[{"@type":"ListItem","position":1,"name":"Home","item":"https:\/\/horticom.ee\/e-pood\/"},{"@type":"ListItem","position":2,"name":"Pood","item":"https:\/\/horticom.ee\/e-pood\/pood\/"},{"@type":"ListItem","position":3,"name":"Tsitruseliste muld Compo 10L"}]},{"@type":"WebSite","@id":"https:\/\/horticom.ee\/e-pood\/#website","url":"https:\/\/horticom.ee\/e-pood\/","name":"Horticom.ee","description":"Aianduskaubad ja kodukaubad nii harrastajatele kui professionaalidele","potentialAction":[{"@type":"SearchAction","target":{"@type":"EntryPoint","urlTemplate":"https:\/\/horticom.ee\/e-pood\/?s={search_term_string}"},"query-input":{"@type":"PropertyValueSpecification","valueRequired":true,"valueName":"search_term_string"}}],"inLanguage":"et"}]}},"_links":{"self":[{"href":"https:\/\/horticom.ee\/e-pood\/wp-json\/wp\/v2\/product\/155808","targetHints":{"allow":["GET"]}}],"collection":[{"href":"https:\/\/horticom.ee\/e-pood\/wp-json\/wp\/v2\/product"}],"about":[{"href":"https:\/\/horticom.ee\/e-pood\/wp-json\/wp\/v2\/types\/product"}],"replies":[{"embeddable":true,"href":"https:\/\/horticom.ee\/e-pood\/wp-json\/wp\/v2\/comments?post=155808"}],"wp:featuredmedia":[{"embeddable":true,"href":"https:\/\/horticom.ee\/e-pood\/wp-json\/wp\/v2\/media\/2377844"}],"wp:attachment":[{"href":"https:\/\/horticom.ee\/e-pood\/wp-json\/wp\/v2\/media?parent=155808"}],"wp:term":[{"taxonomy":"product_cat","embeddable":true,"href":"https:\/\/horticom.ee\/e-pood\/wp-json\/wp\/v2\/product_cat?post=155808"},{"taxonomy":"product_tag","embeddable":true,"href":"https:\/\/horticom.ee\/e-pood\/wp-json\/wp\/v2\/product_tag?post=155808"}],"curies":[{"name":"wp","href":"https:\/\/api.w.org\/{rel}","templated":true}]}}