{"id":155850,"date":"2022-01-18T00:17:56","date_gmt":"2022-01-17T22:17:56","guid":{"rendered":"https:\/\/aednik24.ee\/toode\/muruvaetis-easy-green-npk-12-12-172mgome-1k-25kg\/"},"modified":"2026-04-30T03:11:22","modified_gmt":"2026-04-30T00:11:22","slug":"muruvaetis-easy-green-npk-12-12-172mgome-1k-25kg","status":"publish","type":"product","link":"https:\/\/horticom.ee\/e-pood\/toode\/muruvaetis-easy-green-npk-12-12-172mgome-1k-25kg\/","title":{"rendered":"Muruv\u00e4etis Easy Green Mini NPK 12-12-17+(2MgO)+me \/1k 25kg"},"content":{"rendered":"<p>T\u00e4isv\u00e4etis ekstra kaaliumiga sobiv s\u00fcgiseseks v\u00e4etamiseks kuni septembri kuuni. See tagab muru k\u00fclmakindluse ja aitab kevadel murul kiiremini t\u00e4rgata. Edendab kasvu. Toitainete eraldumine algab alles mullas mitte pakendis. Minigraanulid \u00fchtlases ja sujuvaks v\u00e4etamiseks. K\u00f5rge kaaliumisisaldus loodusliku stressi vastu &#8211; liiga k\u00fclmad, m\u00e4rjad, kuivad tingimused. Iga graanul on identse koostisega koos makro- ja mikroelementidega.<\/p>\n","protected":false},"excerpt":{"rendered":"<p>T\u00e4isv\u00e4etis ekstra kaaliumiga sobiv s\u00fcgiseseks v\u00e4etamiseks kuni septembri kuuni. See tagab muru k\u00fclmakindluse ja aitab kevadel murul kiiremini t\u00e4rgata. Edendab kasvu. Toitainete eraldumine algab alles mullas mitte pakendis. Minigraanulid \u00fchtlases ja sujuvaks v\u00e4etamiseks. K\u00f5rge kaaliumisisaldus loodusliku stressi vastu &#8211; liiga k\u00fclmad, m\u00e4rjad, kuivad tingimused. Iga graanul on identse koostisega koos makro- ja mikroelementidega.<\/p>\n","protected":false},"featured_media":2297210,"comment_status":"closed","ping_status":"closed","template":"","meta":{"_themeisle_gutenberg_block_has_review":false},"product_cat":[16970],"product_tag":[],"class_list":{"0":"post-155850","1":"product","2":"type-product","3":"status-publish","4":"has-post-thumbnail","6":"product_cat-murule","8":"first","9":"instock","10":"sale","11":"shipping-taxable","12":"purchasable","13":"product-type-simple"},"yoast_head":"<!-- This site is optimized with the Yoast SEO plugin v24.0 - https:\/\/yoast.com\/wordpress\/plugins\/seo\/ -->\n<title>Muruv\u00e4etis Easy Green Mini NPK 12-12-17+(2MgO)+me \/1k 25kg - Horticom<\/title>\n<meta name=\"robots\" content=\"index, follow, max-snippet:-1, max-image-preview:large, max-video-preview:-1\" \/>\n<link rel=\"canonical\" href=\"https:\/\/horticom.ee\/e-pood\/toode\/muruvaetis-easy-green-npk-12-12-172mgome-1k-25kg\/\" \/>\n<meta property=\"og:locale\" content=\"et_EE\" \/>\n<meta property=\"og:type\" content=\"article\" \/>\n<meta property=\"og:title\" content=\"Muruv\u00e4etis Easy Green Mini NPK 12-12-17+(2MgO)+me \/1k 25kg - Horticom\" \/>\n<meta property=\"og:description\" content=\"T\u00e4isv\u00e4etis ekstra kaaliumiga sobiv s\u00fcgiseseks v\u00e4etamiseks kuni septembri kuuni. See tagab muru k\u00fclmakindluse ja aitab kevadel murul kiiremini t\u00e4rgata. Edendab kasvu. Toitainete eraldumine algab alles mullas mitte pakendis. Minigraanulid \u00fchtlases ja sujuvaks v\u00e4etamiseks. K\u00f5rge kaaliumisisaldus loodusliku stressi vastu &#8211; liiga k\u00fclmad, m\u00e4rjad, kuivad tingimused. Iga graanul on identse koostisega koos makro- ja mikroelementidega.\" \/>\n<meta property=\"og:url\" content=\"https:\/\/horticom.ee\/e-pood\/toode\/muruvaetis-easy-green-npk-12-12-172mgome-1k-25kg\/\" \/>\n<meta property=\"og:site_name\" content=\"Horticom.ee\" \/>\n<meta property=\"article:publisher\" content=\"https:\/\/www.facebook.com\/horticom.ee\/e-pood\" \/>\n<meta property=\"article:modified_time\" content=\"2026-04-30T00:11:22+00:00\" \/>\n<meta property=\"og:image\" content=\"https:\/\/horticom.ee\/e-pood\/wp-content\/uploads\/2022\/01\/4053975462294-scaled.jpg\" \/>\n\t<meta property=\"og:image:width\" content=\"1567\" \/>\n\t<meta property=\"og:image:height\" content=\"2560\" \/>\n\t<meta property=\"og:image:type\" content=\"image\/jpeg\" \/>\n<meta name=\"twitter:card\" content=\"summary_large_image\" \/>\n<meta name=\"twitter:label1\" content=\"Est. reading time\" \/>\n\t<meta name=\"twitter:data1\" content=\"1 minut\" \/>\n<script type=\"application\/ld+json\" class=\"yoast-schema-graph\">{\"@context\":\"https:\/\/schema.org\",\"@graph\":[{\"@type\":\"WebPage\",\"@id\":\"https:\/\/horticom.ee\/e-pood\/toode\/muruvaetis-easy-green-npk-12-12-172mgome-1k-25kg\/\",\"url\":\"https:\/\/horticom.ee\/e-pood\/toode\/muruvaetis-easy-green-npk-12-12-172mgome-1k-25kg\/\",\"name\":\"Muruv\u00e4etis Easy Green Mini NPK 12-12-17+(2MgO)+me \/1k 25kg - Horticom\",\"isPartOf\":{\"@id\":\"https:\/\/horticom.ee\/e-pood\/#website\"},\"primaryImageOfPage\":{\"@id\":\"https:\/\/horticom.ee\/e-pood\/toode\/muruvaetis-easy-green-npk-12-12-172mgome-1k-25kg\/#primaryimage\"},\"image\":{\"@id\":\"https:\/\/horticom.ee\/e-pood\/toode\/muruvaetis-easy-green-npk-12-12-172mgome-1k-25kg\/#primaryimage\"},\"thumbnailUrl\":\"https:\/\/horticom.ee\/e-pood\/wp-content\/uploads\/2022\/01\/4053975462294-scaled.jpg\",\"datePublished\":\"2022-01-17T22:17:56+00:00\",\"dateModified\":\"2026-04-30T00:11:22+00:00\",\"breadcrumb\":{\"@id\":\"https:\/\/horticom.ee\/e-pood\/toode\/muruvaetis-easy-green-npk-12-12-172mgome-1k-25kg\/#breadcrumb\"},\"inLanguage\":\"et\",\"potentialAction\":[{\"@type\":\"ReadAction\",\"target\":[\"https:\/\/horticom.ee\/e-pood\/toode\/muruvaetis-easy-green-npk-12-12-172mgome-1k-25kg\/\"]}]},{\"@type\":\"ImageObject\",\"inLanguage\":\"et\",\"@id\":\"https:\/\/horticom.ee\/e-pood\/toode\/muruvaetis-easy-green-npk-12-12-172mgome-1k-25kg\/#primaryimage\",\"url\":\"https:\/\/horticom.ee\/e-pood\/wp-content\/uploads\/2022\/01\/4053975462294-scaled.jpg\",\"contentUrl\":\"https:\/\/horticom.ee\/e-pood\/wp-content\/uploads\/2022\/01\/4053975462294-scaled.jpg\",\"width\":1567,\"height\":2560},{\"@type\":\"BreadcrumbList\",\"@id\":\"https:\/\/horticom.ee\/e-pood\/toode\/muruvaetis-easy-green-npk-12-12-172mgome-1k-25kg\/#breadcrumb\",\"itemListElement\":[{\"@type\":\"ListItem\",\"position\":1,\"name\":\"Home\",\"item\":\"https:\/\/horticom.ee\/e-pood\/\"},{\"@type\":\"ListItem\",\"position\":2,\"name\":\"Pood\",\"item\":\"https:\/\/horticom.ee\/e-pood\/pood\/\"},{\"@type\":\"ListItem\",\"position\":3,\"name\":\"Muruv\u00e4etis Easy Green Mini NPK 12-12-17+(2MgO)+me \/1k 25kg\"}]},{\"@type\":\"WebSite\",\"@id\":\"https:\/\/horticom.ee\/e-pood\/#website\",\"url\":\"https:\/\/horticom.ee\/e-pood\/\",\"name\":\"Horticom.ee\",\"description\":\"Aianduskaubad ja kodukaubad nii harrastajatele kui professionaalidele\",\"potentialAction\":[{\"@type\":\"SearchAction\",\"target\":{\"@type\":\"EntryPoint\",\"urlTemplate\":\"https:\/\/horticom.ee\/e-pood\/?s={search_term_string}\"},\"query-input\":{\"@type\":\"PropertyValueSpecification\",\"valueRequired\":true,\"valueName\":\"search_term_string\"}}],\"inLanguage\":\"et\"}]}<\/script>\n<!-- \/ Yoast SEO plugin. -->","yoast_head_json":{"title":"Muruv\u00e4etis Easy Green Mini NPK 12-12-17+(2MgO)+me \/1k 25kg - Horticom","robots":{"index":"index","follow":"follow","max-snippet":"max-snippet:-1","max-image-preview":"max-image-preview:large","max-video-preview":"max-video-preview:-1"},"canonical":"https:\/\/horticom.ee\/e-pood\/toode\/muruvaetis-easy-green-npk-12-12-172mgome-1k-25kg\/","og_locale":"et_EE","og_type":"article","og_title":"Muruv\u00e4etis Easy Green Mini NPK 12-12-17+(2MgO)+me \/1k 25kg - Horticom","og_description":"T\u00e4isv\u00e4etis ekstra kaaliumiga sobiv s\u00fcgiseseks v\u00e4etamiseks kuni septembri kuuni. See tagab muru k\u00fclmakindluse ja aitab kevadel murul kiiremini t\u00e4rgata. Edendab kasvu. Toitainete eraldumine algab alles mullas mitte pakendis. Minigraanulid \u00fchtlases ja sujuvaks v\u00e4etamiseks. K\u00f5rge kaaliumisisaldus loodusliku stressi vastu &#8211; liiga k\u00fclmad, m\u00e4rjad, kuivad tingimused. Iga graanul on identse koostisega koos makro- ja mikroelementidega.","og_url":"https:\/\/horticom.ee\/e-pood\/toode\/muruvaetis-easy-green-npk-12-12-172mgome-1k-25kg\/","og_site_name":"Horticom.ee","article_publisher":"https:\/\/www.facebook.com\/horticom.ee\/e-pood","article_modified_time":"2026-04-30T00:11:22+00:00","og_image":[{"width":1567,"height":2560,"url":"https:\/\/horticom.ee\/e-pood\/wp-content\/uploads\/2022\/01\/4053975462294-scaled.jpg","type":"image\/jpeg"}],"twitter_card":"summary_large_image","twitter_misc":{"Est. reading time":"1 minut"},"schema":{"@context":"https:\/\/schema.org","@graph":[{"@type":"WebPage","@id":"https:\/\/horticom.ee\/e-pood\/toode\/muruvaetis-easy-green-npk-12-12-172mgome-1k-25kg\/","url":"https:\/\/horticom.ee\/e-pood\/toode\/muruvaetis-easy-green-npk-12-12-172mgome-1k-25kg\/","name":"Muruv\u00e4etis Easy Green Mini NPK 12-12-17+(2MgO)+me \/1k 25kg - Horticom","isPartOf":{"@id":"https:\/\/horticom.ee\/e-pood\/#website"},"primaryImageOfPage":{"@id":"https:\/\/horticom.ee\/e-pood\/toode\/muruvaetis-easy-green-npk-12-12-172mgome-1k-25kg\/#primaryimage"},"image":{"@id":"https:\/\/horticom.ee\/e-pood\/toode\/muruvaetis-easy-green-npk-12-12-172mgome-1k-25kg\/#primaryimage"},"thumbnailUrl":"https:\/\/horticom.ee\/e-pood\/wp-content\/uploads\/2022\/01\/4053975462294-scaled.jpg","datePublished":"2022-01-17T22:17:56+00:00","dateModified":"2026-04-30T00:11:22+00:00","breadcrumb":{"@id":"https:\/\/horticom.ee\/e-pood\/toode\/muruvaetis-easy-green-npk-12-12-172mgome-1k-25kg\/#breadcrumb"},"inLanguage":"et","potentialAction":[{"@type":"ReadAction","target":["https:\/\/horticom.ee\/e-pood\/toode\/muruvaetis-easy-green-npk-12-12-172mgome-1k-25kg\/"]}]},{"@type":"ImageObject","inLanguage":"et","@id":"https:\/\/horticom.ee\/e-pood\/toode\/muruvaetis-easy-green-npk-12-12-172mgome-1k-25kg\/#primaryimage","url":"https:\/\/horticom.ee\/e-pood\/wp-content\/uploads\/2022\/01\/4053975462294-scaled.jpg","contentUrl":"https:\/\/horticom.ee\/e-pood\/wp-content\/uploads\/2022\/01\/4053975462294-scaled.jpg","width":1567,"height":2560},{"@type":"BreadcrumbList","@id":"https:\/\/horticom.ee\/e-pood\/toode\/muruvaetis-easy-green-npk-12-12-172mgome-1k-25kg\/#breadcrumb","itemListElement":[{"@type":"ListItem","position":1,"name":"Home","item":"https:\/\/horticom.ee\/e-pood\/"},{"@type":"ListItem","position":2,"name":"Pood","item":"https:\/\/horticom.ee\/e-pood\/pood\/"},{"@type":"ListItem","position":3,"name":"Muruv\u00e4etis Easy Green Mini NPK 12-12-17+(2MgO)+me \/1k 25kg"}]},{"@type":"WebSite","@id":"https:\/\/horticom.ee\/e-pood\/#website","url":"https:\/\/horticom.ee\/e-pood\/","name":"Horticom.ee","description":"Aianduskaubad ja kodukaubad nii harrastajatele kui professionaalidele","potentialAction":[{"@type":"SearchAction","target":{"@type":"EntryPoint","urlTemplate":"https:\/\/horticom.ee\/e-pood\/?s={search_term_string}"},"query-input":{"@type":"PropertyValueSpecification","valueRequired":true,"valueName":"search_term_string"}}],"inLanguage":"et"}]}},"_links":{"self":[{"href":"https:\/\/horticom.ee\/e-pood\/wp-json\/wp\/v2\/product\/155850","targetHints":{"allow":["GET"]}}],"collection":[{"href":"https:\/\/horticom.ee\/e-pood\/wp-json\/wp\/v2\/product"}],"about":[{"href":"https:\/\/horticom.ee\/e-pood\/wp-json\/wp\/v2\/types\/product"}],"replies":[{"embeddable":true,"href":"https:\/\/horticom.ee\/e-pood\/wp-json\/wp\/v2\/comments?post=155850"}],"wp:featuredmedia":[{"embeddable":true,"href":"https:\/\/horticom.ee\/e-pood\/wp-json\/wp\/v2\/media\/2297210"}],"wp:attachment":[{"href":"https:\/\/horticom.ee\/e-pood\/wp-json\/wp\/v2\/media?parent=155850"}],"wp:term":[{"taxonomy":"product_cat","embeddable":true,"href":"https:\/\/horticom.ee\/e-pood\/wp-json\/wp\/v2\/product_cat?post=155850"},{"taxonomy":"product_tag","embeddable":true,"href":"https:\/\/horticom.ee\/e-pood\/wp-json\/wp\/v2\/product_tag?post=155850"}],"curies":[{"name":"wp","href":"https:\/\/api.w.org\/{rel}","templated":true}]}}