{"id":155880,"date":"2022-01-18T00:18:13","date_gmt":"2022-01-17T22:18:13","guid":{"rendered":"https:\/\/aednik24.ee\/toode\/bio-pikaajaline-rodo-ja-hortensiavaetis-lambavillaga-compo-750g\/"},"modified":"2026-04-29T03:11:17","modified_gmt":"2026-04-29T00:11:17","slug":"bio-pikaajaline-rodo-ja-hortensiavaetis-lambavillaga-compo-750g","status":"publish","type":"product","link":"https:\/\/horticom.ee\/e-pood\/toode\/bio-pikaajaline-rodo-ja-hortensiavaetis-lambavillaga-compo-750g\/","title":{"rendered":"BIO pikaajaline rodo- ja hortensiav\u00e4etis lambavillaga Compo 750g"},"content":{"rendered":"<p>100% looduslikud koostisosad! Ainulaadne, puhtalt orgaaniline rododendronite ja hortensiate looduslik v\u00e4etis imeliste \u00f5ite ja tervisliku kasvu jaoks. V\u00e4etis on looduslik ja \u00fchtlane m\u00f5ju kestab 5 kuud. Piisab 1x v\u00e4etamisest hooajal. Sisaldab 50% lambavilla. Lambavill on t\u00e4isv\u00e4\u00e4rtuslike toitainete allikas, millest vabanevad toitained \u00fchtlaselt ja pika aja jooksul. Ainult looduslikud koostisosad, mille t\u00f5ttu sobib kasutamiseks ka mahep\u00f5llunduses. K\u00f5ik komponendid komposteeruvad mullas mitme kuu v\u00e4ltel parandades selle struktuuri. Kaevatakse mulda enne taimede istutamist v\u00f5i pannakse istutusauku.<\/p>\n","protected":false},"excerpt":{"rendered":"<p>100% looduslikud koostisosad! Ainulaadne, puhtalt orgaaniline rododendronite ja hortensiate looduslik v\u00e4etis imeliste \u00f5ite ja tervisliku kasvu jaoks. V\u00e4etis on looduslik ja \u00fchtlane m\u00f5ju kestab 5 kuud. Piisab 1x v\u00e4etamisest hooajal. Sisaldab 50% lambavilla. Lambavill on t\u00e4isv\u00e4\u00e4rtuslike toitainete allikas, millest vabanevad toitained \u00fchtlaselt ja pika aja jooksul. Ainult looduslikud koostisosad, mille t\u00f5ttu sobib kasutamiseks ka mahep\u00f5llunduses. [&hellip;]<\/p>\n","protected":false},"featured_media":2377860,"comment_status":"closed","ping_status":"closed","template":"","meta":{"_themeisle_gutenberg_block_has_review":false},"product_cat":[16967],"product_tag":[],"class_list":{"0":"post-155880","1":"product","2":"type-product","3":"status-publish","4":"has-post-thumbnail","6":"product_cat-okaspuudele-rododele-ja-hortensiatele","8":"first","9":"instock","10":"shipping-taxable","11":"purchasable","12":"product-type-simple"},"yoast_head":"<!-- This site is optimized with the Yoast SEO plugin v24.0 - https:\/\/yoast.com\/wordpress\/plugins\/seo\/ -->\n<title>BIO pikaajaline rodo- ja hortensiav\u00e4etis lambavillaga Compo 750g - Horticom<\/title>\n<meta name=\"robots\" content=\"index, follow, max-snippet:-1, max-image-preview:large, max-video-preview:-1\" \/>\n<link rel=\"canonical\" href=\"https:\/\/horticom.ee\/e-pood\/toode\/bio-pikaajaline-rodo-ja-hortensiavaetis-lambavillaga-compo-750g\/\" \/>\n<meta property=\"og:locale\" content=\"et_EE\" \/>\n<meta property=\"og:type\" content=\"article\" \/>\n<meta property=\"og:title\" content=\"BIO pikaajaline rodo- ja hortensiav\u00e4etis lambavillaga Compo 750g - Horticom\" \/>\n<meta property=\"og:description\" content=\"100% looduslikud koostisosad! Ainulaadne, puhtalt orgaaniline rododendronite ja hortensiate looduslik v\u00e4etis imeliste \u00f5ite ja tervisliku kasvu jaoks. V\u00e4etis on looduslik ja \u00fchtlane m\u00f5ju kestab 5 kuud. Piisab 1x v\u00e4etamisest hooajal. Sisaldab 50% lambavilla. Lambavill on t\u00e4isv\u00e4\u00e4rtuslike toitainete allikas, millest vabanevad toitained \u00fchtlaselt ja pika aja jooksul. Ainult looduslikud koostisosad, mille t\u00f5ttu sobib kasutamiseks ka mahep\u00f5llunduses. [&hellip;]\" \/>\n<meta property=\"og:url\" content=\"https:\/\/horticom.ee\/e-pood\/toode\/bio-pikaajaline-rodo-ja-hortensiavaetis-lambavillaga-compo-750g\/\" \/>\n<meta property=\"og:site_name\" content=\"Horticom.ee\" \/>\n<meta property=\"article:publisher\" content=\"https:\/\/www.facebook.com\/horticom.ee\/e-pood\" \/>\n<meta property=\"article:modified_time\" content=\"2026-04-29T00:11:17+00:00\" \/>\n<meta property=\"og:image\" content=\"https:\/\/horticom.ee\/e-pood\/wp-content\/uploads\/importedmedia\/product-155880_0-67014159.jpg\" \/>\n\t<meta property=\"og:image:width\" content=\"1000\" \/>\n\t<meta property=\"og:image:height\" content=\"1414\" \/>\n\t<meta property=\"og:image:type\" content=\"image\/jpeg\" \/>\n<meta name=\"twitter:card\" content=\"summary_large_image\" \/>\n<script type=\"application\/ld+json\" class=\"yoast-schema-graph\">{\"@context\":\"https:\/\/schema.org\",\"@graph\":[{\"@type\":\"WebPage\",\"@id\":\"https:\/\/horticom.ee\/e-pood\/toode\/bio-pikaajaline-rodo-ja-hortensiavaetis-lambavillaga-compo-750g\/\",\"url\":\"https:\/\/horticom.ee\/e-pood\/toode\/bio-pikaajaline-rodo-ja-hortensiavaetis-lambavillaga-compo-750g\/\",\"name\":\"BIO pikaajaline rodo- ja hortensiav\u00e4etis lambavillaga Compo 750g - Horticom\",\"isPartOf\":{\"@id\":\"https:\/\/horticom.ee\/e-pood\/#website\"},\"primaryImageOfPage\":{\"@id\":\"https:\/\/horticom.ee\/e-pood\/toode\/bio-pikaajaline-rodo-ja-hortensiavaetis-lambavillaga-compo-750g\/#primaryimage\"},\"image\":{\"@id\":\"https:\/\/horticom.ee\/e-pood\/toode\/bio-pikaajaline-rodo-ja-hortensiavaetis-lambavillaga-compo-750g\/#primaryimage\"},\"thumbnailUrl\":\"https:\/\/horticom.ee\/e-pood\/wp-content\/uploads\/importedmedia\/product-155880_0-67014159.jpg\",\"datePublished\":\"2022-01-17T22:18:13+00:00\",\"dateModified\":\"2026-04-29T00:11:17+00:00\",\"breadcrumb\":{\"@id\":\"https:\/\/horticom.ee\/e-pood\/toode\/bio-pikaajaline-rodo-ja-hortensiavaetis-lambavillaga-compo-750g\/#breadcrumb\"},\"inLanguage\":\"et\",\"potentialAction\":[{\"@type\":\"ReadAction\",\"target\":[\"https:\/\/horticom.ee\/e-pood\/toode\/bio-pikaajaline-rodo-ja-hortensiavaetis-lambavillaga-compo-750g\/\"]}]},{\"@type\":\"ImageObject\",\"inLanguage\":\"et\",\"@id\":\"https:\/\/horticom.ee\/e-pood\/toode\/bio-pikaajaline-rodo-ja-hortensiavaetis-lambavillaga-compo-750g\/#primaryimage\",\"url\":\"https:\/\/horticom.ee\/e-pood\/wp-content\/uploads\/importedmedia\/product-155880_0-67014159.jpg\",\"contentUrl\":\"https:\/\/horticom.ee\/e-pood\/wp-content\/uploads\/importedmedia\/product-155880_0-67014159.jpg\",\"width\":1000,\"height\":1414},{\"@type\":\"BreadcrumbList\",\"@id\":\"https:\/\/horticom.ee\/e-pood\/toode\/bio-pikaajaline-rodo-ja-hortensiavaetis-lambavillaga-compo-750g\/#breadcrumb\",\"itemListElement\":[{\"@type\":\"ListItem\",\"position\":1,\"name\":\"Home\",\"item\":\"https:\/\/horticom.ee\/e-pood\/\"},{\"@type\":\"ListItem\",\"position\":2,\"name\":\"Pood\",\"item\":\"https:\/\/horticom.ee\/e-pood\/pood\/\"},{\"@type\":\"ListItem\",\"position\":3,\"name\":\"BIO pikaajaline rodo- ja hortensiav\u00e4etis lambavillaga Compo 750g\"}]},{\"@type\":\"WebSite\",\"@id\":\"https:\/\/horticom.ee\/e-pood\/#website\",\"url\":\"https:\/\/horticom.ee\/e-pood\/\",\"name\":\"Horticom.ee\",\"description\":\"Aianduskaubad ja kodukaubad nii harrastajatele kui professionaalidele\",\"potentialAction\":[{\"@type\":\"SearchAction\",\"target\":{\"@type\":\"EntryPoint\",\"urlTemplate\":\"https:\/\/horticom.ee\/e-pood\/?s={search_term_string}\"},\"query-input\":{\"@type\":\"PropertyValueSpecification\",\"valueRequired\":true,\"valueName\":\"search_term_string\"}}],\"inLanguage\":\"et\"}]}<\/script>\n<!-- \/ Yoast SEO plugin. -->","yoast_head_json":{"title":"BIO pikaajaline rodo- ja hortensiav\u00e4etis lambavillaga Compo 750g - Horticom","robots":{"index":"index","follow":"follow","max-snippet":"max-snippet:-1","max-image-preview":"max-image-preview:large","max-video-preview":"max-video-preview:-1"},"canonical":"https:\/\/horticom.ee\/e-pood\/toode\/bio-pikaajaline-rodo-ja-hortensiavaetis-lambavillaga-compo-750g\/","og_locale":"et_EE","og_type":"article","og_title":"BIO pikaajaline rodo- ja hortensiav\u00e4etis lambavillaga Compo 750g - Horticom","og_description":"100% looduslikud koostisosad! Ainulaadne, puhtalt orgaaniline rododendronite ja hortensiate looduslik v\u00e4etis imeliste \u00f5ite ja tervisliku kasvu jaoks. V\u00e4etis on looduslik ja \u00fchtlane m\u00f5ju kestab 5 kuud. Piisab 1x v\u00e4etamisest hooajal. Sisaldab 50% lambavilla. Lambavill on t\u00e4isv\u00e4\u00e4rtuslike toitainete allikas, millest vabanevad toitained \u00fchtlaselt ja pika aja jooksul. Ainult looduslikud koostisosad, mille t\u00f5ttu sobib kasutamiseks ka mahep\u00f5llunduses. [&hellip;]","og_url":"https:\/\/horticom.ee\/e-pood\/toode\/bio-pikaajaline-rodo-ja-hortensiavaetis-lambavillaga-compo-750g\/","og_site_name":"Horticom.ee","article_publisher":"https:\/\/www.facebook.com\/horticom.ee\/e-pood","article_modified_time":"2026-04-29T00:11:17+00:00","og_image":[{"width":1000,"height":1414,"url":"https:\/\/horticom.ee\/e-pood\/wp-content\/uploads\/importedmedia\/product-155880_0-67014159.jpg","type":"image\/jpeg"}],"twitter_card":"summary_large_image","schema":{"@context":"https:\/\/schema.org","@graph":[{"@type":"WebPage","@id":"https:\/\/horticom.ee\/e-pood\/toode\/bio-pikaajaline-rodo-ja-hortensiavaetis-lambavillaga-compo-750g\/","url":"https:\/\/horticom.ee\/e-pood\/toode\/bio-pikaajaline-rodo-ja-hortensiavaetis-lambavillaga-compo-750g\/","name":"BIO pikaajaline rodo- ja hortensiav\u00e4etis lambavillaga Compo 750g - Horticom","isPartOf":{"@id":"https:\/\/horticom.ee\/e-pood\/#website"},"primaryImageOfPage":{"@id":"https:\/\/horticom.ee\/e-pood\/toode\/bio-pikaajaline-rodo-ja-hortensiavaetis-lambavillaga-compo-750g\/#primaryimage"},"image":{"@id":"https:\/\/horticom.ee\/e-pood\/toode\/bio-pikaajaline-rodo-ja-hortensiavaetis-lambavillaga-compo-750g\/#primaryimage"},"thumbnailUrl":"https:\/\/horticom.ee\/e-pood\/wp-content\/uploads\/importedmedia\/product-155880_0-67014159.jpg","datePublished":"2022-01-17T22:18:13+00:00","dateModified":"2026-04-29T00:11:17+00:00","breadcrumb":{"@id":"https:\/\/horticom.ee\/e-pood\/toode\/bio-pikaajaline-rodo-ja-hortensiavaetis-lambavillaga-compo-750g\/#breadcrumb"},"inLanguage":"et","potentialAction":[{"@type":"ReadAction","target":["https:\/\/horticom.ee\/e-pood\/toode\/bio-pikaajaline-rodo-ja-hortensiavaetis-lambavillaga-compo-750g\/"]}]},{"@type":"ImageObject","inLanguage":"et","@id":"https:\/\/horticom.ee\/e-pood\/toode\/bio-pikaajaline-rodo-ja-hortensiavaetis-lambavillaga-compo-750g\/#primaryimage","url":"https:\/\/horticom.ee\/e-pood\/wp-content\/uploads\/importedmedia\/product-155880_0-67014159.jpg","contentUrl":"https:\/\/horticom.ee\/e-pood\/wp-content\/uploads\/importedmedia\/product-155880_0-67014159.jpg","width":1000,"height":1414},{"@type":"BreadcrumbList","@id":"https:\/\/horticom.ee\/e-pood\/toode\/bio-pikaajaline-rodo-ja-hortensiavaetis-lambavillaga-compo-750g\/#breadcrumb","itemListElement":[{"@type":"ListItem","position":1,"name":"Home","item":"https:\/\/horticom.ee\/e-pood\/"},{"@type":"ListItem","position":2,"name":"Pood","item":"https:\/\/horticom.ee\/e-pood\/pood\/"},{"@type":"ListItem","position":3,"name":"BIO pikaajaline rodo- ja hortensiav\u00e4etis lambavillaga Compo 750g"}]},{"@type":"WebSite","@id":"https:\/\/horticom.ee\/e-pood\/#website","url":"https:\/\/horticom.ee\/e-pood\/","name":"Horticom.ee","description":"Aianduskaubad ja kodukaubad nii harrastajatele kui professionaalidele","potentialAction":[{"@type":"SearchAction","target":{"@type":"EntryPoint","urlTemplate":"https:\/\/horticom.ee\/e-pood\/?s={search_term_string}"},"query-input":{"@type":"PropertyValueSpecification","valueRequired":true,"valueName":"search_term_string"}}],"inLanguage":"et"}]}},"_links":{"self":[{"href":"https:\/\/horticom.ee\/e-pood\/wp-json\/wp\/v2\/product\/155880","targetHints":{"allow":["GET"]}}],"collection":[{"href":"https:\/\/horticom.ee\/e-pood\/wp-json\/wp\/v2\/product"}],"about":[{"href":"https:\/\/horticom.ee\/e-pood\/wp-json\/wp\/v2\/types\/product"}],"replies":[{"embeddable":true,"href":"https:\/\/horticom.ee\/e-pood\/wp-json\/wp\/v2\/comments?post=155880"}],"wp:featuredmedia":[{"embeddable":true,"href":"https:\/\/horticom.ee\/e-pood\/wp-json\/wp\/v2\/media\/2377860"}],"wp:attachment":[{"href":"https:\/\/horticom.ee\/e-pood\/wp-json\/wp\/v2\/media?parent=155880"}],"wp:term":[{"taxonomy":"product_cat","embeddable":true,"href":"https:\/\/horticom.ee\/e-pood\/wp-json\/wp\/v2\/product_cat?post=155880"},{"taxonomy":"product_tag","embeddable":true,"href":"https:\/\/horticom.ee\/e-pood\/wp-json\/wp\/v2\/product_tag?post=155880"}],"curies":[{"name":"wp","href":"https:\/\/api.w.org\/{rel}","templated":true}]}}