{"id":1604381,"date":"2022-12-08T01:30:41","date_gmt":"2022-12-07T23:30:41","guid":{"rendered":"https:\/\/aednik24.ee\/toode\/rodukasti-konksude-komplekt-universaalne-metall-terra\/"},"modified":"2025-05-26T09:02:20","modified_gmt":"2025-05-26T06:02:20","slug":"rodukasti-konksude-komplekt-universaalne-metall-terra","status":"publish","type":"product","link":"https:\/\/horticom.ee\/e-pood\/toode\/rodukasti-konksude-komplekt-universaalne-metall-terra\/","title":{"rendered":"R\u00f5dukasti konksude komplekt universaalne metall terra"},"content":{"rendered":"<p>R\u00f5dukasti konksude komplekt \u00e4\u00e4rele sobib r\u00f5dukasti kinnitamiseks kiviseinale. Metallist konksud on tugevad ja vastupidavad ning neid on kiire ja lihtne paigaldada. Konksud kannatavad kuni 20kg raskust ja konksude pikkus on reguleeritav.<\/p>\n","protected":false},"excerpt":{"rendered":"<p>R\u00f5dukasti konksude komplekt \u00e4\u00e4rele sobib r\u00f5dukasti kinnitamiseks kiviseinale. Metallist konksud on tugevad ja vastupidavad ning neid on kiire ja lihtne paigaldada. Konksud kannatavad kuni 20kg raskust ja konksude pikkus on reguleeritav.<\/p>\n","protected":false},"featured_media":1604389,"comment_status":"closed","ping_status":"closed","template":"","meta":{"_themeisle_gutenberg_block_has_review":false},"product_cat":[13442],"product_tag":[],"class_list":{"0":"post-1604381","1":"product","2":"type-product","3":"status-publish","4":"has-post-thumbnail","6":"product_cat-rodukasti-konksud","8":"first","9":"outofstock","10":"sale","11":"shipping-taxable","12":"purchasable","13":"product-type-simple"},"yoast_head":"<!-- This site is optimized with the Yoast SEO plugin v24.0 - https:\/\/yoast.com\/wordpress\/plugins\/seo\/ -->\n<title>R\u00f5dukasti konksude komplekt universaalne metall terra<\/title>\n<meta name=\"description\" content=\"Metallist konksud r\u00f5dukasti kinnitamiseks. Vastupidavad ja reguleeritavad, kannatavad kuni 20 kg raskust.\" \/>\n<meta name=\"robots\" content=\"index, follow, max-snippet:-1, max-image-preview:large, max-video-preview:-1\" \/>\n<link rel=\"canonical\" href=\"https:\/\/horticom.ee\/e-pood\/toode\/rodukasti-konksude-komplekt-universaalne-metall-terra\/\" \/>\n<meta property=\"og:locale\" content=\"et_EE\" \/>\n<meta property=\"og:type\" content=\"article\" \/>\n<meta property=\"og:title\" content=\"R\u00f5dukasti konksude komplekt universaalne metall terra\" \/>\n<meta property=\"og:description\" content=\"Metallist konksud r\u00f5dukasti kinnitamiseks. Vastupidavad ja reguleeritavad, kannatavad kuni 20 kg raskust.\" \/>\n<meta property=\"og:url\" content=\"https:\/\/horticom.ee\/e-pood\/toode\/rodukasti-konksude-komplekt-universaalne-metall-terra\/\" \/>\n<meta property=\"og:site_name\" content=\"Horticom.ee\" \/>\n<meta property=\"article:publisher\" content=\"https:\/\/www.facebook.com\/horticom.ee\/e-pood\" \/>\n<meta property=\"article:modified_time\" content=\"2025-05-26T06:02:20+00:00\" \/>\n<meta property=\"og:image\" content=\"https:\/\/horticom.ee\/e-pood\/wp-content\/uploads\/importedmedia\/product-1604381_0-641066_8.jpg\" \/>\n\t<meta property=\"og:image:width\" content=\"1000\" \/>\n\t<meta property=\"og:image:height\" content=\"896\" \/>\n\t<meta property=\"og:image:type\" content=\"image\/jpeg\" \/>\n<meta name=\"twitter:card\" content=\"summary_large_image\" \/>\n<script type=\"application\/ld+json\" class=\"yoast-schema-graph\">{\"@context\":\"https:\/\/schema.org\",\"@graph\":[{\"@type\":\"WebPage\",\"@id\":\"https:\/\/horticom.ee\/e-pood\/toode\/rodukasti-konksude-komplekt-universaalne-metall-terra\/\",\"url\":\"https:\/\/horticom.ee\/e-pood\/toode\/rodukasti-konksude-komplekt-universaalne-metall-terra\/\",\"name\":\"R\u00f5dukasti konksude komplekt universaalne metall terra\",\"isPartOf\":{\"@id\":\"https:\/\/horticom.ee\/e-pood\/#website\"},\"primaryImageOfPage\":{\"@id\":\"https:\/\/horticom.ee\/e-pood\/toode\/rodukasti-konksude-komplekt-universaalne-metall-terra\/#primaryimage\"},\"image\":{\"@id\":\"https:\/\/horticom.ee\/e-pood\/toode\/rodukasti-konksude-komplekt-universaalne-metall-terra\/#primaryimage\"},\"thumbnailUrl\":\"https:\/\/horticom.ee\/e-pood\/wp-content\/uploads\/importedmedia\/product-1604381_0-641066_8.jpg\",\"datePublished\":\"2022-12-07T23:30:41+00:00\",\"dateModified\":\"2025-05-26T06:02:20+00:00\",\"description\":\"Metallist konksud r\u00f5dukasti kinnitamiseks. Vastupidavad ja reguleeritavad, kannatavad kuni 20 kg raskust.\",\"breadcrumb\":{\"@id\":\"https:\/\/horticom.ee\/e-pood\/toode\/rodukasti-konksude-komplekt-universaalne-metall-terra\/#breadcrumb\"},\"inLanguage\":\"et\",\"potentialAction\":[{\"@type\":\"ReadAction\",\"target\":[\"https:\/\/horticom.ee\/e-pood\/toode\/rodukasti-konksude-komplekt-universaalne-metall-terra\/\"]}]},{\"@type\":\"ImageObject\",\"inLanguage\":\"et\",\"@id\":\"https:\/\/horticom.ee\/e-pood\/toode\/rodukasti-konksude-komplekt-universaalne-metall-terra\/#primaryimage\",\"url\":\"https:\/\/horticom.ee\/e-pood\/wp-content\/uploads\/importedmedia\/product-1604381_0-641066_8.jpg\",\"contentUrl\":\"https:\/\/horticom.ee\/e-pood\/wp-content\/uploads\/importedmedia\/product-1604381_0-641066_8.jpg\",\"width\":1000,\"height\":896,\"caption\":\"R\u00f5dukasti konksude komplekt universaalne metall terra\"},{\"@type\":\"BreadcrumbList\",\"@id\":\"https:\/\/horticom.ee\/e-pood\/toode\/rodukasti-konksude-komplekt-universaalne-metall-terra\/#breadcrumb\",\"itemListElement\":[{\"@type\":\"ListItem\",\"position\":1,\"name\":\"Home\",\"item\":\"https:\/\/horticom.ee\/e-pood\/\"},{\"@type\":\"ListItem\",\"position\":2,\"name\":\"Pood\",\"item\":\"https:\/\/horticom.ee\/e-pood\/pood\/\"},{\"@type\":\"ListItem\",\"position\":3,\"name\":\"R\u00f5dukasti konksude komplekt universaalne metall terra\"}]},{\"@type\":\"WebSite\",\"@id\":\"https:\/\/horticom.ee\/e-pood\/#website\",\"url\":\"https:\/\/horticom.ee\/e-pood\/\",\"name\":\"Horticom.ee\",\"description\":\"Aianduskaubad ja kodukaubad nii harrastajatele kui professionaalidele\",\"potentialAction\":[{\"@type\":\"SearchAction\",\"target\":{\"@type\":\"EntryPoint\",\"urlTemplate\":\"https:\/\/horticom.ee\/e-pood\/?s={search_term_string}\"},\"query-input\":{\"@type\":\"PropertyValueSpecification\",\"valueRequired\":true,\"valueName\":\"search_term_string\"}}],\"inLanguage\":\"et\"}]}<\/script>\n<!-- \/ Yoast SEO plugin. -->","yoast_head_json":{"title":"R\u00f5dukasti konksude komplekt universaalne metall terra","description":"Metallist konksud r\u00f5dukasti kinnitamiseks. Vastupidavad ja reguleeritavad, kannatavad kuni 20 kg raskust.","robots":{"index":"index","follow":"follow","max-snippet":"max-snippet:-1","max-image-preview":"max-image-preview:large","max-video-preview":"max-video-preview:-1"},"canonical":"https:\/\/horticom.ee\/e-pood\/toode\/rodukasti-konksude-komplekt-universaalne-metall-terra\/","og_locale":"et_EE","og_type":"article","og_title":"R\u00f5dukasti konksude komplekt universaalne metall terra","og_description":"Metallist konksud r\u00f5dukasti kinnitamiseks. Vastupidavad ja reguleeritavad, kannatavad kuni 20 kg raskust.","og_url":"https:\/\/horticom.ee\/e-pood\/toode\/rodukasti-konksude-komplekt-universaalne-metall-terra\/","og_site_name":"Horticom.ee","article_publisher":"https:\/\/www.facebook.com\/horticom.ee\/e-pood","article_modified_time":"2025-05-26T06:02:20+00:00","og_image":[{"width":1000,"height":896,"url":"https:\/\/horticom.ee\/e-pood\/wp-content\/uploads\/importedmedia\/product-1604381_0-641066_8.jpg","type":"image\/jpeg"}],"twitter_card":"summary_large_image","schema":{"@context":"https:\/\/schema.org","@graph":[{"@type":"WebPage","@id":"https:\/\/horticom.ee\/e-pood\/toode\/rodukasti-konksude-komplekt-universaalne-metall-terra\/","url":"https:\/\/horticom.ee\/e-pood\/toode\/rodukasti-konksude-komplekt-universaalne-metall-terra\/","name":"R\u00f5dukasti konksude komplekt universaalne metall terra","isPartOf":{"@id":"https:\/\/horticom.ee\/e-pood\/#website"},"primaryImageOfPage":{"@id":"https:\/\/horticom.ee\/e-pood\/toode\/rodukasti-konksude-komplekt-universaalne-metall-terra\/#primaryimage"},"image":{"@id":"https:\/\/horticom.ee\/e-pood\/toode\/rodukasti-konksude-komplekt-universaalne-metall-terra\/#primaryimage"},"thumbnailUrl":"https:\/\/horticom.ee\/e-pood\/wp-content\/uploads\/importedmedia\/product-1604381_0-641066_8.jpg","datePublished":"2022-12-07T23:30:41+00:00","dateModified":"2025-05-26T06:02:20+00:00","description":"Metallist konksud r\u00f5dukasti kinnitamiseks. Vastupidavad ja reguleeritavad, kannatavad kuni 20 kg raskust.","breadcrumb":{"@id":"https:\/\/horticom.ee\/e-pood\/toode\/rodukasti-konksude-komplekt-universaalne-metall-terra\/#breadcrumb"},"inLanguage":"et","potentialAction":[{"@type":"ReadAction","target":["https:\/\/horticom.ee\/e-pood\/toode\/rodukasti-konksude-komplekt-universaalne-metall-terra\/"]}]},{"@type":"ImageObject","inLanguage":"et","@id":"https:\/\/horticom.ee\/e-pood\/toode\/rodukasti-konksude-komplekt-universaalne-metall-terra\/#primaryimage","url":"https:\/\/horticom.ee\/e-pood\/wp-content\/uploads\/importedmedia\/product-1604381_0-641066_8.jpg","contentUrl":"https:\/\/horticom.ee\/e-pood\/wp-content\/uploads\/importedmedia\/product-1604381_0-641066_8.jpg","width":1000,"height":896,"caption":"R\u00f5dukasti konksude komplekt universaalne metall terra"},{"@type":"BreadcrumbList","@id":"https:\/\/horticom.ee\/e-pood\/toode\/rodukasti-konksude-komplekt-universaalne-metall-terra\/#breadcrumb","itemListElement":[{"@type":"ListItem","position":1,"name":"Home","item":"https:\/\/horticom.ee\/e-pood\/"},{"@type":"ListItem","position":2,"name":"Pood","item":"https:\/\/horticom.ee\/e-pood\/pood\/"},{"@type":"ListItem","position":3,"name":"R\u00f5dukasti konksude komplekt universaalne metall terra"}]},{"@type":"WebSite","@id":"https:\/\/horticom.ee\/e-pood\/#website","url":"https:\/\/horticom.ee\/e-pood\/","name":"Horticom.ee","description":"Aianduskaubad ja kodukaubad nii harrastajatele kui professionaalidele","potentialAction":[{"@type":"SearchAction","target":{"@type":"EntryPoint","urlTemplate":"https:\/\/horticom.ee\/e-pood\/?s={search_term_string}"},"query-input":{"@type":"PropertyValueSpecification","valueRequired":true,"valueName":"search_term_string"}}],"inLanguage":"et"}]}},"_links":{"self":[{"href":"https:\/\/horticom.ee\/e-pood\/wp-json\/wp\/v2\/product\/1604381","targetHints":{"allow":["GET"]}}],"collection":[{"href":"https:\/\/horticom.ee\/e-pood\/wp-json\/wp\/v2\/product"}],"about":[{"href":"https:\/\/horticom.ee\/e-pood\/wp-json\/wp\/v2\/types\/product"}],"replies":[{"embeddable":true,"href":"https:\/\/horticom.ee\/e-pood\/wp-json\/wp\/v2\/comments?post=1604381"}],"wp:featuredmedia":[{"embeddable":true,"href":"https:\/\/horticom.ee\/e-pood\/wp-json\/wp\/v2\/media\/1604389"}],"wp:attachment":[{"href":"https:\/\/horticom.ee\/e-pood\/wp-json\/wp\/v2\/media?parent=1604381"}],"wp:term":[{"taxonomy":"product_cat","embeddable":true,"href":"https:\/\/horticom.ee\/e-pood\/wp-json\/wp\/v2\/product_cat?post=1604381"},{"taxonomy":"product_tag","embeddable":true,"href":"https:\/\/horticom.ee\/e-pood\/wp-json\/wp\/v2\/product_tag?post=1604381"}],"curies":[{"name":"wp","href":"https:\/\/api.w.org\/{rel}","templated":true}]}}