{"id":1822619,"date":"2023-05-08T03:02:18","date_gmt":"2023-05-08T00:02:18","guid":{"rendered":"https:\/\/horticom.ee\/e-pood\/toode\/toitelahus-rohelistele-taimedele-agrecol-5-x-30ml-sp\/"},"modified":"2026-05-02T03:04:16","modified_gmt":"2026-05-02T00:04:16","slug":"toitelahus-rohelistele-taimedele-agrecol-5-x-30ml-sp","status":"publish","type":"product","link":"https:\/\/horticom.ee\/e-pood\/toode\/toitelahus-rohelistele-taimedele-agrecol-5-x-30ml-sp\/","title":{"rendered":"Toitelahus rohelistele taimedele Agrecol 5 x 30ml"},"content":{"rendered":"<p>Agrecol Green Strong on erilise, innovatiivse koostisega toitelahus k\u00f5ikide dekoratiivsete lehtedega potitaimede kosutamiseks ja taastamiseks. Spetsiaalne koostis aitab toitainetel imenduda taime ja tugevdab nende immuuns\u00fcsteemi. Regulaarne kasutamine m\u00f5jub h\u00e4sti juurestikule, tagab lehtede piisava elastsuse ning annab neile erksa rohelise v\u00e4rvitooni. Asjatundlik, esteetiline ja kasutusvalmis pakend lihtsustab toote kasutamist.<\/p>\n","protected":false},"excerpt":{"rendered":"<p>Agrecol Green Strong on erilise, innovatiivse koostisega toitelahus k\u00f5ikide dekoratiivsete lehtedega potitaimede kosutamiseks ja taastamiseks. Spetsiaalne koostis aitab toitainetel imenduda taime ja tugevdab nende immuuns\u00fcsteemi. Regulaarne kasutamine m\u00f5jub h\u00e4sti juurestikule, tagab lehtede piisava elastsuse ning annab neile erksa rohelise v\u00e4rvitooni. Asjatundlik, esteetiline ja kasutusvalmis pakend lihtsustab toote kasutamist.<\/p>\n","protected":false},"featured_media":1824250,"comment_status":"closed","ping_status":"closed","template":"","meta":{"_themeisle_gutenberg_block_has_review":false},"product_cat":[18563,16968],"product_tag":[],"class_list":{"0":"post-1822619","1":"product","2":"type-product","3":"status-publish","4":"has-post-thumbnail","6":"product_cat-lopumuugitooted","7":"product_cat-toataimedele","9":"first","10":"instock","11":"shipping-taxable","12":"purchasable","13":"product-type-simple"},"yoast_head":"<!-- This site is optimized with the Yoast SEO plugin v24.0 - https:\/\/yoast.com\/wordpress\/plugins\/seo\/ -->\n<title>Toitelahus rohelistele taimedele Agrecol 5 x 30ml<\/title>\n<meta name=\"description\" content=\"Agrecol Green Strong on erilise, innovatiivse koostisega toitelahus k\u00f5ikide dekoratiivsete lehtedega potitaimede kosutamiseks ja taastamiseks.\" \/>\n<meta name=\"robots\" content=\"index, follow, max-snippet:-1, max-image-preview:large, max-video-preview:-1\" \/>\n<link rel=\"canonical\" href=\"https:\/\/horticom.ee\/e-pood\/toode\/toitelahus-rohelistele-taimedele-agrecol-5-x-30ml-sp\/\" \/>\n<meta property=\"og:locale\" content=\"et_EE\" \/>\n<meta property=\"og:type\" content=\"article\" \/>\n<meta property=\"og:title\" content=\"Toitelahus rohelistele taimedele Agrecol 5 x 30ml\" \/>\n<meta property=\"og:description\" content=\"Agrecol Green Strong on erilise, innovatiivse koostisega toitelahus k\u00f5ikide dekoratiivsete lehtedega potitaimede kosutamiseks ja taastamiseks.\" \/>\n<meta property=\"og:url\" content=\"https:\/\/horticom.ee\/e-pood\/toode\/toitelahus-rohelistele-taimedele-agrecol-5-x-30ml-sp\/\" \/>\n<meta property=\"og:site_name\" content=\"Horticom.ee\" \/>\n<meta property=\"article:publisher\" content=\"https:\/\/www.facebook.com\/horticom.ee\/e-pood\" \/>\n<meta property=\"article:modified_time\" content=\"2026-05-02T00:04:16+00:00\" \/>\n<meta property=\"og:image\" content=\"https:\/\/horticom.ee\/e-pood\/wp-content\/uploads\/importedmedia\/product-1822619_0-P07427.jpg\" \/>\n\t<meta property=\"og:image:width\" content=\"1000\" \/>\n\t<meta property=\"og:image:height\" content=\"1000\" \/>\n\t<meta property=\"og:image:type\" content=\"image\/jpeg\" \/>\n<meta name=\"twitter:card\" content=\"summary_large_image\" \/>\n<script type=\"application\/ld+json\" class=\"yoast-schema-graph\">{\"@context\":\"https:\/\/schema.org\",\"@graph\":[{\"@type\":\"WebPage\",\"@id\":\"https:\/\/horticom.ee\/e-pood\/toode\/toitelahus-rohelistele-taimedele-agrecol-5-x-30ml-sp\/\",\"url\":\"https:\/\/horticom.ee\/e-pood\/toode\/toitelahus-rohelistele-taimedele-agrecol-5-x-30ml-sp\/\",\"name\":\"Toitelahus rohelistele taimedele Agrecol 5 x 30ml\",\"isPartOf\":{\"@id\":\"https:\/\/horticom.ee\/e-pood\/#website\"},\"primaryImageOfPage\":{\"@id\":\"https:\/\/horticom.ee\/e-pood\/toode\/toitelahus-rohelistele-taimedele-agrecol-5-x-30ml-sp\/#primaryimage\"},\"image\":{\"@id\":\"https:\/\/horticom.ee\/e-pood\/toode\/toitelahus-rohelistele-taimedele-agrecol-5-x-30ml-sp\/#primaryimage\"},\"thumbnailUrl\":\"https:\/\/horticom.ee\/e-pood\/wp-content\/uploads\/importedmedia\/product-1822619_0-P07427.jpg\",\"datePublished\":\"2023-05-08T00:02:18+00:00\",\"dateModified\":\"2026-05-02T00:04:16+00:00\",\"description\":\"Agrecol Green Strong on erilise, innovatiivse koostisega toitelahus k\u00f5ikide dekoratiivsete lehtedega potitaimede kosutamiseks ja taastamiseks.\",\"breadcrumb\":{\"@id\":\"https:\/\/horticom.ee\/e-pood\/toode\/toitelahus-rohelistele-taimedele-agrecol-5-x-30ml-sp\/#breadcrumb\"},\"inLanguage\":\"et\",\"potentialAction\":[{\"@type\":\"ReadAction\",\"target\":[\"https:\/\/horticom.ee\/e-pood\/toode\/toitelahus-rohelistele-taimedele-agrecol-5-x-30ml-sp\/\"]}]},{\"@type\":\"ImageObject\",\"inLanguage\":\"et\",\"@id\":\"https:\/\/horticom.ee\/e-pood\/toode\/toitelahus-rohelistele-taimedele-agrecol-5-x-30ml-sp\/#primaryimage\",\"url\":\"https:\/\/horticom.ee\/e-pood\/wp-content\/uploads\/importedmedia\/product-1822619_0-P07427.jpg\",\"contentUrl\":\"https:\/\/horticom.ee\/e-pood\/wp-content\/uploads\/importedmedia\/product-1822619_0-P07427.jpg\",\"width\":1000,\"height\":1000,\"caption\":\"Toitelahus rohelistele taimedele Agrecol 5 x 30ml\"},{\"@type\":\"BreadcrumbList\",\"@id\":\"https:\/\/horticom.ee\/e-pood\/toode\/toitelahus-rohelistele-taimedele-agrecol-5-x-30ml-sp\/#breadcrumb\",\"itemListElement\":[{\"@type\":\"ListItem\",\"position\":1,\"name\":\"Home\",\"item\":\"https:\/\/horticom.ee\/e-pood\/\"},{\"@type\":\"ListItem\",\"position\":2,\"name\":\"Pood\",\"item\":\"https:\/\/horticom.ee\/e-pood\/pood\/\"},{\"@type\":\"ListItem\",\"position\":3,\"name\":\"Toitelahus rohelistele taimedele Agrecol 5 x 30ml\"}]},{\"@type\":\"WebSite\",\"@id\":\"https:\/\/horticom.ee\/e-pood\/#website\",\"url\":\"https:\/\/horticom.ee\/e-pood\/\",\"name\":\"Horticom.ee\",\"description\":\"Aianduskaubad ja kodukaubad nii harrastajatele kui professionaalidele\",\"potentialAction\":[{\"@type\":\"SearchAction\",\"target\":{\"@type\":\"EntryPoint\",\"urlTemplate\":\"https:\/\/horticom.ee\/e-pood\/?s={search_term_string}\"},\"query-input\":{\"@type\":\"PropertyValueSpecification\",\"valueRequired\":true,\"valueName\":\"search_term_string\"}}],\"inLanguage\":\"et\"}]}<\/script>\n<!-- \/ Yoast SEO plugin. -->","yoast_head_json":{"title":"Toitelahus rohelistele taimedele Agrecol 5 x 30ml","description":"Agrecol Green Strong on erilise, innovatiivse koostisega toitelahus k\u00f5ikide dekoratiivsete lehtedega potitaimede kosutamiseks ja taastamiseks.","robots":{"index":"index","follow":"follow","max-snippet":"max-snippet:-1","max-image-preview":"max-image-preview:large","max-video-preview":"max-video-preview:-1"},"canonical":"https:\/\/horticom.ee\/e-pood\/toode\/toitelahus-rohelistele-taimedele-agrecol-5-x-30ml-sp\/","og_locale":"et_EE","og_type":"article","og_title":"Toitelahus rohelistele taimedele Agrecol 5 x 30ml","og_description":"Agrecol Green Strong on erilise, innovatiivse koostisega toitelahus k\u00f5ikide dekoratiivsete lehtedega potitaimede kosutamiseks ja taastamiseks.","og_url":"https:\/\/horticom.ee\/e-pood\/toode\/toitelahus-rohelistele-taimedele-agrecol-5-x-30ml-sp\/","og_site_name":"Horticom.ee","article_publisher":"https:\/\/www.facebook.com\/horticom.ee\/e-pood","article_modified_time":"2026-05-02T00:04:16+00:00","og_image":[{"width":1000,"height":1000,"url":"https:\/\/horticom.ee\/e-pood\/wp-content\/uploads\/importedmedia\/product-1822619_0-P07427.jpg","type":"image\/jpeg"}],"twitter_card":"summary_large_image","schema":{"@context":"https:\/\/schema.org","@graph":[{"@type":"WebPage","@id":"https:\/\/horticom.ee\/e-pood\/toode\/toitelahus-rohelistele-taimedele-agrecol-5-x-30ml-sp\/","url":"https:\/\/horticom.ee\/e-pood\/toode\/toitelahus-rohelistele-taimedele-agrecol-5-x-30ml-sp\/","name":"Toitelahus rohelistele taimedele Agrecol 5 x 30ml","isPartOf":{"@id":"https:\/\/horticom.ee\/e-pood\/#website"},"primaryImageOfPage":{"@id":"https:\/\/horticom.ee\/e-pood\/toode\/toitelahus-rohelistele-taimedele-agrecol-5-x-30ml-sp\/#primaryimage"},"image":{"@id":"https:\/\/horticom.ee\/e-pood\/toode\/toitelahus-rohelistele-taimedele-agrecol-5-x-30ml-sp\/#primaryimage"},"thumbnailUrl":"https:\/\/horticom.ee\/e-pood\/wp-content\/uploads\/importedmedia\/product-1822619_0-P07427.jpg","datePublished":"2023-05-08T00:02:18+00:00","dateModified":"2026-05-02T00:04:16+00:00","description":"Agrecol Green Strong on erilise, innovatiivse koostisega toitelahus k\u00f5ikide dekoratiivsete lehtedega potitaimede kosutamiseks ja taastamiseks.","breadcrumb":{"@id":"https:\/\/horticom.ee\/e-pood\/toode\/toitelahus-rohelistele-taimedele-agrecol-5-x-30ml-sp\/#breadcrumb"},"inLanguage":"et","potentialAction":[{"@type":"ReadAction","target":["https:\/\/horticom.ee\/e-pood\/toode\/toitelahus-rohelistele-taimedele-agrecol-5-x-30ml-sp\/"]}]},{"@type":"ImageObject","inLanguage":"et","@id":"https:\/\/horticom.ee\/e-pood\/toode\/toitelahus-rohelistele-taimedele-agrecol-5-x-30ml-sp\/#primaryimage","url":"https:\/\/horticom.ee\/e-pood\/wp-content\/uploads\/importedmedia\/product-1822619_0-P07427.jpg","contentUrl":"https:\/\/horticom.ee\/e-pood\/wp-content\/uploads\/importedmedia\/product-1822619_0-P07427.jpg","width":1000,"height":1000,"caption":"Toitelahus rohelistele taimedele Agrecol 5 x 30ml"},{"@type":"BreadcrumbList","@id":"https:\/\/horticom.ee\/e-pood\/toode\/toitelahus-rohelistele-taimedele-agrecol-5-x-30ml-sp\/#breadcrumb","itemListElement":[{"@type":"ListItem","position":1,"name":"Home","item":"https:\/\/horticom.ee\/e-pood\/"},{"@type":"ListItem","position":2,"name":"Pood","item":"https:\/\/horticom.ee\/e-pood\/pood\/"},{"@type":"ListItem","position":3,"name":"Toitelahus rohelistele taimedele Agrecol 5 x 30ml"}]},{"@type":"WebSite","@id":"https:\/\/horticom.ee\/e-pood\/#website","url":"https:\/\/horticom.ee\/e-pood\/","name":"Horticom.ee","description":"Aianduskaubad ja kodukaubad nii harrastajatele kui professionaalidele","potentialAction":[{"@type":"SearchAction","target":{"@type":"EntryPoint","urlTemplate":"https:\/\/horticom.ee\/e-pood\/?s={search_term_string}"},"query-input":{"@type":"PropertyValueSpecification","valueRequired":true,"valueName":"search_term_string"}}],"inLanguage":"et"}]}},"_links":{"self":[{"href":"https:\/\/horticom.ee\/e-pood\/wp-json\/wp\/v2\/product\/1822619","targetHints":{"allow":["GET"]}}],"collection":[{"href":"https:\/\/horticom.ee\/e-pood\/wp-json\/wp\/v2\/product"}],"about":[{"href":"https:\/\/horticom.ee\/e-pood\/wp-json\/wp\/v2\/types\/product"}],"replies":[{"embeddable":true,"href":"https:\/\/horticom.ee\/e-pood\/wp-json\/wp\/v2\/comments?post=1822619"}],"wp:featuredmedia":[{"embeddable":true,"href":"https:\/\/horticom.ee\/e-pood\/wp-json\/wp\/v2\/media\/1824250"}],"wp:attachment":[{"href":"https:\/\/horticom.ee\/e-pood\/wp-json\/wp\/v2\/media?parent=1822619"}],"wp:term":[{"taxonomy":"product_cat","embeddable":true,"href":"https:\/\/horticom.ee\/e-pood\/wp-json\/wp\/v2\/product_cat?post=1822619"},{"taxonomy":"product_tag","embeddable":true,"href":"https:\/\/horticom.ee\/e-pood\/wp-json\/wp\/v2\/product_tag?post=1822619"}],"curies":[{"name":"wp","href":"https:\/\/api.w.org\/{rel}","templated":true}]}}