{"id":1822620,"date":"2023-05-08T03:02:19","date_gmt":"2023-05-08T00:02:19","guid":{"rendered":"https:\/\/horticom.ee\/e-pood\/toode\/toitelahus-rodulilledele-agrecol-5-x-30ml-sp\/"},"modified":"2026-05-04T03:03:35","modified_gmt":"2026-05-04T00:03:35","slug":"toitelahus-rodulilledele-agrecol-5-x-30ml-sp","status":"publish","type":"product","link":"https:\/\/horticom.ee\/e-pood\/toode\/toitelahus-rodulilledele-agrecol-5-x-30ml-sp\/","title":{"rendered":"Toitelahus r\u00f5dulilledele Agrecol 5 x 30ml"},"content":{"rendered":"<p>Agrecol Geranium Strong on erilise, v\u00e4ga innovatiivse koostisega toitelahus k\u00f5ikide r\u00f5dulillede kosutamiseks ja taastamiseks. Spetsiaalne koostis stimuleerib, tugevdab ja pikendab \u00f5itsemisperioodi. Regulaarne kasutamine m\u00f5jub h\u00e4sti juurestikule, tagab \u00f5iterikkuse ning annab \u00f5itele ja lehtedele intensiivsema v\u00e4rvitooni. Asjatundlik, esteetiline ja kasutusvalmis pakend lihtsustab toote kasutamist.<\/p>\n","protected":false},"excerpt":{"rendered":"<p>Agrecol Geranium Strong on erilise, v\u00e4ga innovatiivse koostisega toitelahus k\u00f5ikide r\u00f5dulillede kosutamiseks ja taastamiseks. Spetsiaalne koostis stimuleerib, tugevdab ja pikendab \u00f5itsemisperioodi. Regulaarne kasutamine m\u00f5jub h\u00e4sti juurestikule, tagab \u00f5iterikkuse ning annab \u00f5itele ja lehtedele intensiivsema v\u00e4rvitooni. Asjatundlik, esteetiline ja kasutusvalmis pakend lihtsustab toote kasutamist.<\/p>\n","protected":false},"featured_media":1824248,"comment_status":"closed","ping_status":"closed","template":"","meta":{"_themeisle_gutenberg_block_has_review":false},"product_cat":[18563,16964],"product_tag":[],"class_list":{"0":"post-1822620","1":"product","2":"type-product","3":"status-publish","4":"has-post-thumbnail","6":"product_cat-lopumuugitooted","7":"product_cat-suvelilledele-ja-rodutaimedele","9":"first","10":"instock","11":"shipping-taxable","12":"purchasable","13":"product-type-simple"},"yoast_head":"<!-- This site is optimized with the Yoast SEO plugin v24.0 - https:\/\/yoast.com\/wordpress\/plugins\/seo\/ -->\n<title>Toitelahus r\u00f5dulilledele Agrecol 5 x 30ml - Horticom.ee<\/title>\n<meta name=\"description\" content=\"Agrecol Geranium Strong on t\u00f5husa koostisega toitelahus r\u00f5dulillede kosutamiseks ja taastamiseks. Pikendab \u00f5itsemisperioodi.\" \/>\n<meta name=\"robots\" content=\"index, follow, max-snippet:-1, max-image-preview:large, max-video-preview:-1\" \/>\n<link rel=\"canonical\" href=\"https:\/\/horticom.ee\/e-pood\/toode\/toitelahus-rodulilledele-agrecol-5-x-30ml-sp\/\" \/>\n<meta property=\"og:locale\" content=\"et_EE\" \/>\n<meta property=\"og:type\" content=\"article\" \/>\n<meta property=\"og:title\" content=\"Toitelahus r\u00f5dulilledele Agrecol 5 x 30ml - Horticom.ee\" \/>\n<meta property=\"og:description\" content=\"Agrecol Geranium Strong on t\u00f5husa koostisega toitelahus r\u00f5dulillede kosutamiseks ja taastamiseks. Pikendab \u00f5itsemisperioodi.\" \/>\n<meta property=\"og:url\" content=\"https:\/\/horticom.ee\/e-pood\/toode\/toitelahus-rodulilledele-agrecol-5-x-30ml-sp\/\" \/>\n<meta property=\"og:site_name\" content=\"Horticom.ee\" \/>\n<meta property=\"article:publisher\" content=\"https:\/\/www.facebook.com\/horticom.ee\/e-pood\" \/>\n<meta property=\"article:modified_time\" content=\"2026-05-04T00:03:35+00:00\" \/>\n<meta property=\"og:image\" content=\"https:\/\/horticom.ee\/e-pood\/wp-content\/uploads\/importedmedia\/product-1822620_0-P07428.jpg\" \/>\n\t<meta property=\"og:image:width\" content=\"999\" \/>\n\t<meta property=\"og:image:height\" content=\"1124\" \/>\n\t<meta property=\"og:image:type\" content=\"image\/jpeg\" \/>\n<meta name=\"twitter:card\" content=\"summary_large_image\" \/>\n<script type=\"application\/ld+json\" class=\"yoast-schema-graph\">{\"@context\":\"https:\/\/schema.org\",\"@graph\":[{\"@type\":\"WebPage\",\"@id\":\"https:\/\/horticom.ee\/e-pood\/toode\/toitelahus-rodulilledele-agrecol-5-x-30ml-sp\/\",\"url\":\"https:\/\/horticom.ee\/e-pood\/toode\/toitelahus-rodulilledele-agrecol-5-x-30ml-sp\/\",\"name\":\"Toitelahus r\u00f5dulilledele Agrecol 5 x 30ml - Horticom.ee\",\"isPartOf\":{\"@id\":\"https:\/\/horticom.ee\/e-pood\/#website\"},\"primaryImageOfPage\":{\"@id\":\"https:\/\/horticom.ee\/e-pood\/toode\/toitelahus-rodulilledele-agrecol-5-x-30ml-sp\/#primaryimage\"},\"image\":{\"@id\":\"https:\/\/horticom.ee\/e-pood\/toode\/toitelahus-rodulilledele-agrecol-5-x-30ml-sp\/#primaryimage\"},\"thumbnailUrl\":\"https:\/\/horticom.ee\/e-pood\/wp-content\/uploads\/importedmedia\/product-1822620_0-P07428.jpg\",\"datePublished\":\"2023-05-08T00:02:19+00:00\",\"dateModified\":\"2026-05-04T00:03:35+00:00\",\"description\":\"Agrecol Geranium Strong on t\u00f5husa koostisega toitelahus r\u00f5dulillede kosutamiseks ja taastamiseks. Pikendab \u00f5itsemisperioodi.\",\"breadcrumb\":{\"@id\":\"https:\/\/horticom.ee\/e-pood\/toode\/toitelahus-rodulilledele-agrecol-5-x-30ml-sp\/#breadcrumb\"},\"inLanguage\":\"et\",\"potentialAction\":[{\"@type\":\"ReadAction\",\"target\":[\"https:\/\/horticom.ee\/e-pood\/toode\/toitelahus-rodulilledele-agrecol-5-x-30ml-sp\/\"]}]},{\"@type\":\"ImageObject\",\"inLanguage\":\"et\",\"@id\":\"https:\/\/horticom.ee\/e-pood\/toode\/toitelahus-rodulilledele-agrecol-5-x-30ml-sp\/#primaryimage\",\"url\":\"https:\/\/horticom.ee\/e-pood\/wp-content\/uploads\/importedmedia\/product-1822620_0-P07428.jpg\",\"contentUrl\":\"https:\/\/horticom.ee\/e-pood\/wp-content\/uploads\/importedmedia\/product-1822620_0-P07428.jpg\",\"width\":999,\"height\":1124,\"caption\":\"Toitelahus r\u00f5dulilledele Agrecol 5 x 30ml\"},{\"@type\":\"BreadcrumbList\",\"@id\":\"https:\/\/horticom.ee\/e-pood\/toode\/toitelahus-rodulilledele-agrecol-5-x-30ml-sp\/#breadcrumb\",\"itemListElement\":[{\"@type\":\"ListItem\",\"position\":1,\"name\":\"Home\",\"item\":\"https:\/\/horticom.ee\/e-pood\/\"},{\"@type\":\"ListItem\",\"position\":2,\"name\":\"Pood\",\"item\":\"https:\/\/horticom.ee\/e-pood\/pood\/\"},{\"@type\":\"ListItem\",\"position\":3,\"name\":\"Toitelahus r\u00f5dulilledele Agrecol 5 x 30ml\"}]},{\"@type\":\"WebSite\",\"@id\":\"https:\/\/horticom.ee\/e-pood\/#website\",\"url\":\"https:\/\/horticom.ee\/e-pood\/\",\"name\":\"Horticom.ee\",\"description\":\"Aianduskaubad ja kodukaubad nii harrastajatele kui professionaalidele\",\"potentialAction\":[{\"@type\":\"SearchAction\",\"target\":{\"@type\":\"EntryPoint\",\"urlTemplate\":\"https:\/\/horticom.ee\/e-pood\/?s={search_term_string}\"},\"query-input\":{\"@type\":\"PropertyValueSpecification\",\"valueRequired\":true,\"valueName\":\"search_term_string\"}}],\"inLanguage\":\"et\"}]}<\/script>\n<!-- \/ Yoast SEO plugin. -->","yoast_head_json":{"title":"Toitelahus r\u00f5dulilledele Agrecol 5 x 30ml - Horticom.ee","description":"Agrecol Geranium Strong on t\u00f5husa koostisega toitelahus r\u00f5dulillede kosutamiseks ja taastamiseks. Pikendab \u00f5itsemisperioodi.","robots":{"index":"index","follow":"follow","max-snippet":"max-snippet:-1","max-image-preview":"max-image-preview:large","max-video-preview":"max-video-preview:-1"},"canonical":"https:\/\/horticom.ee\/e-pood\/toode\/toitelahus-rodulilledele-agrecol-5-x-30ml-sp\/","og_locale":"et_EE","og_type":"article","og_title":"Toitelahus r\u00f5dulilledele Agrecol 5 x 30ml - Horticom.ee","og_description":"Agrecol Geranium Strong on t\u00f5husa koostisega toitelahus r\u00f5dulillede kosutamiseks ja taastamiseks. Pikendab \u00f5itsemisperioodi.","og_url":"https:\/\/horticom.ee\/e-pood\/toode\/toitelahus-rodulilledele-agrecol-5-x-30ml-sp\/","og_site_name":"Horticom.ee","article_publisher":"https:\/\/www.facebook.com\/horticom.ee\/e-pood","article_modified_time":"2026-05-04T00:03:35+00:00","og_image":[{"width":999,"height":1124,"url":"https:\/\/horticom.ee\/e-pood\/wp-content\/uploads\/importedmedia\/product-1822620_0-P07428.jpg","type":"image\/jpeg"}],"twitter_card":"summary_large_image","schema":{"@context":"https:\/\/schema.org","@graph":[{"@type":"WebPage","@id":"https:\/\/horticom.ee\/e-pood\/toode\/toitelahus-rodulilledele-agrecol-5-x-30ml-sp\/","url":"https:\/\/horticom.ee\/e-pood\/toode\/toitelahus-rodulilledele-agrecol-5-x-30ml-sp\/","name":"Toitelahus r\u00f5dulilledele Agrecol 5 x 30ml - Horticom.ee","isPartOf":{"@id":"https:\/\/horticom.ee\/e-pood\/#website"},"primaryImageOfPage":{"@id":"https:\/\/horticom.ee\/e-pood\/toode\/toitelahus-rodulilledele-agrecol-5-x-30ml-sp\/#primaryimage"},"image":{"@id":"https:\/\/horticom.ee\/e-pood\/toode\/toitelahus-rodulilledele-agrecol-5-x-30ml-sp\/#primaryimage"},"thumbnailUrl":"https:\/\/horticom.ee\/e-pood\/wp-content\/uploads\/importedmedia\/product-1822620_0-P07428.jpg","datePublished":"2023-05-08T00:02:19+00:00","dateModified":"2026-05-04T00:03:35+00:00","description":"Agrecol Geranium Strong on t\u00f5husa koostisega toitelahus r\u00f5dulillede kosutamiseks ja taastamiseks. Pikendab \u00f5itsemisperioodi.","breadcrumb":{"@id":"https:\/\/horticom.ee\/e-pood\/toode\/toitelahus-rodulilledele-agrecol-5-x-30ml-sp\/#breadcrumb"},"inLanguage":"et","potentialAction":[{"@type":"ReadAction","target":["https:\/\/horticom.ee\/e-pood\/toode\/toitelahus-rodulilledele-agrecol-5-x-30ml-sp\/"]}]},{"@type":"ImageObject","inLanguage":"et","@id":"https:\/\/horticom.ee\/e-pood\/toode\/toitelahus-rodulilledele-agrecol-5-x-30ml-sp\/#primaryimage","url":"https:\/\/horticom.ee\/e-pood\/wp-content\/uploads\/importedmedia\/product-1822620_0-P07428.jpg","contentUrl":"https:\/\/horticom.ee\/e-pood\/wp-content\/uploads\/importedmedia\/product-1822620_0-P07428.jpg","width":999,"height":1124,"caption":"Toitelahus r\u00f5dulilledele Agrecol 5 x 30ml"},{"@type":"BreadcrumbList","@id":"https:\/\/horticom.ee\/e-pood\/toode\/toitelahus-rodulilledele-agrecol-5-x-30ml-sp\/#breadcrumb","itemListElement":[{"@type":"ListItem","position":1,"name":"Home","item":"https:\/\/horticom.ee\/e-pood\/"},{"@type":"ListItem","position":2,"name":"Pood","item":"https:\/\/horticom.ee\/e-pood\/pood\/"},{"@type":"ListItem","position":3,"name":"Toitelahus r\u00f5dulilledele Agrecol 5 x 30ml"}]},{"@type":"WebSite","@id":"https:\/\/horticom.ee\/e-pood\/#website","url":"https:\/\/horticom.ee\/e-pood\/","name":"Horticom.ee","description":"Aianduskaubad ja kodukaubad nii harrastajatele kui professionaalidele","potentialAction":[{"@type":"SearchAction","target":{"@type":"EntryPoint","urlTemplate":"https:\/\/horticom.ee\/e-pood\/?s={search_term_string}"},"query-input":{"@type":"PropertyValueSpecification","valueRequired":true,"valueName":"search_term_string"}}],"inLanguage":"et"}]}},"_links":{"self":[{"href":"https:\/\/horticom.ee\/e-pood\/wp-json\/wp\/v2\/product\/1822620","targetHints":{"allow":["GET"]}}],"collection":[{"href":"https:\/\/horticom.ee\/e-pood\/wp-json\/wp\/v2\/product"}],"about":[{"href":"https:\/\/horticom.ee\/e-pood\/wp-json\/wp\/v2\/types\/product"}],"replies":[{"embeddable":true,"href":"https:\/\/horticom.ee\/e-pood\/wp-json\/wp\/v2\/comments?post=1822620"}],"wp:featuredmedia":[{"embeddable":true,"href":"https:\/\/horticom.ee\/e-pood\/wp-json\/wp\/v2\/media\/1824248"}],"wp:attachment":[{"href":"https:\/\/horticom.ee\/e-pood\/wp-json\/wp\/v2\/media?parent=1822620"}],"wp:term":[{"taxonomy":"product_cat","embeddable":true,"href":"https:\/\/horticom.ee\/e-pood\/wp-json\/wp\/v2\/product_cat?post=1822620"},{"taxonomy":"product_tag","embeddable":true,"href":"https:\/\/horticom.ee\/e-pood\/wp-json\/wp\/v2\/product_tag?post=1822620"}],"curies":[{"name":"wp","href":"https:\/\/api.w.org\/{rel}","templated":true}]}}