{"id":1822653,"date":"2023-05-08T03:02:48","date_gmt":"2023-05-08T00:02:48","guid":{"rendered":"https:\/\/horticom.ee\/e-pood\/toode\/kuumaasikas-02g-b\/"},"modified":"2026-04-24T03:06:31","modified_gmt":"2026-04-24T00:06:31","slug":"kuumaasikas-02g-b","status":"publish","type":"product","link":"https:\/\/horticom.ee\/e-pood\/toode\/kuumaasikas-02g-b\/","title":{"rendered":"Kuumaasikas R\u00fcgen 0,08g B"},"content":{"rendered":"<p>Kuumaasikas R\u00fcgen on p\u00fcsik. 15-25cm k\u00f5rgune puhmik. K\u00f5rvalharusid ei moodusta. Saagikas pika perioodi jooksul. Marjad aromaatsed, \u00f5rnad, magusad, meenutavad maitselt metsmaasikaid. Sobib peenral ja potis kasvatamiseks. K\u00fclviaeg m\u00e4rtsis, aprillis k\u00fclvikasti. Seemneid ei kaeta mullaga. Istutus kasvukohale juunis. Varajase ettek\u00fclvi korral viljub esimesel aastal.<\/p>\n","protected":false},"excerpt":{"rendered":"<p>Kuumaasikas R\u00fcgen on p\u00fcsik. 15-25cm k\u00f5rgune puhmik. K\u00f5rvalharusid ei moodusta. Saagikas pika perioodi jooksul. Marjad aromaatsed, \u00f5rnad, magusad, meenutavad maitselt metsmaasikaid. Sobib peenral ja potis kasvatamiseks. K\u00fclviaeg m\u00e4rtsis, aprillis k\u00fclvikasti. Seemneid ei kaeta mullaga. Istutus kasvukohale juunis. Varajase ettek\u00fclvi korral viljub esimesel aastal.<\/p>\n","protected":false},"featured_media":2382640,"comment_status":"closed","ping_status":"closed","template":"","meta":{"_themeisle_gutenberg_block_has_review":false},"product_cat":[13492],"product_tag":[],"class_list":{"0":"post-1822653","1":"product","2":"type-product","3":"status-publish","4":"has-post-thumbnail","6":"product_cat-maasikas","8":"first","9":"outofstock","10":"shipping-taxable","11":"purchasable","12":"product-type-simple"},"yoast_head":"<!-- This site is optimized with the Yoast SEO plugin v24.0 - https:\/\/yoast.com\/wordpress\/plugins\/seo\/ -->\n<title>Kuumaasikas R\u00fcgen 0,08g B - Horticom<\/title>\n<meta name=\"robots\" content=\"index, follow, max-snippet:-1, max-image-preview:large, max-video-preview:-1\" \/>\n<link rel=\"canonical\" href=\"https:\/\/horticom.ee\/e-pood\/toode\/kuumaasikas-02g-b\/\" \/>\n<meta property=\"og:locale\" content=\"et_EE\" \/>\n<meta property=\"og:type\" content=\"article\" \/>\n<meta property=\"og:title\" content=\"Kuumaasikas R\u00fcgen 0,08g B - Horticom\" \/>\n<meta property=\"og:description\" content=\"Kuumaasikas R\u00fcgen on p\u00fcsik. 15-25cm k\u00f5rgune puhmik. K\u00f5rvalharusid ei moodusta. Saagikas pika perioodi jooksul. Marjad aromaatsed, \u00f5rnad, magusad, meenutavad maitselt metsmaasikaid. Sobib peenral ja potis kasvatamiseks. K\u00fclviaeg m\u00e4rtsis, aprillis k\u00fclvikasti. Seemneid ei kaeta mullaga. Istutus kasvukohale juunis. Varajase ettek\u00fclvi korral viljub esimesel aastal.\" \/>\n<meta property=\"og:url\" content=\"https:\/\/horticom.ee\/e-pood\/toode\/kuumaasikas-02g-b\/\" \/>\n<meta property=\"og:site_name\" content=\"Horticom.ee\" \/>\n<meta property=\"article:publisher\" content=\"https:\/\/www.facebook.com\/horticom.ee\/e-pood\" \/>\n<meta property=\"article:modified_time\" content=\"2026-04-24T00:06:31+00:00\" \/>\n<meta property=\"og:image\" content=\"https:\/\/horticom.ee\/e-pood\/wp-content\/uploads\/importedmedia\/product-1822653_0-1402000.jpg\" \/>\n\t<meta property=\"og:image:width\" content=\"1000\" \/>\n\t<meta property=\"og:image:height\" content=\"1375\" \/>\n\t<meta property=\"og:image:type\" content=\"image\/jpeg\" \/>\n<meta name=\"twitter:card\" content=\"summary_large_image\" \/>\n<script type=\"application\/ld+json\" class=\"yoast-schema-graph\">{\"@context\":\"https:\/\/schema.org\",\"@graph\":[{\"@type\":\"WebPage\",\"@id\":\"https:\/\/horticom.ee\/e-pood\/toode\/kuumaasikas-02g-b\/\",\"url\":\"https:\/\/horticom.ee\/e-pood\/toode\/kuumaasikas-02g-b\/\",\"name\":\"Kuumaasikas R\u00fcgen 0,08g B - Horticom\",\"isPartOf\":{\"@id\":\"https:\/\/horticom.ee\/e-pood\/#website\"},\"primaryImageOfPage\":{\"@id\":\"https:\/\/horticom.ee\/e-pood\/toode\/kuumaasikas-02g-b\/#primaryimage\"},\"image\":{\"@id\":\"https:\/\/horticom.ee\/e-pood\/toode\/kuumaasikas-02g-b\/#primaryimage\"},\"thumbnailUrl\":\"https:\/\/horticom.ee\/e-pood\/wp-content\/uploads\/importedmedia\/product-1822653_0-1402000.jpg\",\"datePublished\":\"2023-05-08T00:02:48+00:00\",\"dateModified\":\"2026-04-24T00:06:31+00:00\",\"breadcrumb\":{\"@id\":\"https:\/\/horticom.ee\/e-pood\/toode\/kuumaasikas-02g-b\/#breadcrumb\"},\"inLanguage\":\"et\",\"potentialAction\":[{\"@type\":\"ReadAction\",\"target\":[\"https:\/\/horticom.ee\/e-pood\/toode\/kuumaasikas-02g-b\/\"]}]},{\"@type\":\"ImageObject\",\"inLanguage\":\"et\",\"@id\":\"https:\/\/horticom.ee\/e-pood\/toode\/kuumaasikas-02g-b\/#primaryimage\",\"url\":\"https:\/\/horticom.ee\/e-pood\/wp-content\/uploads\/importedmedia\/product-1822653_0-1402000.jpg\",\"contentUrl\":\"https:\/\/horticom.ee\/e-pood\/wp-content\/uploads\/importedmedia\/product-1822653_0-1402000.jpg\",\"width\":1000,\"height\":1375},{\"@type\":\"BreadcrumbList\",\"@id\":\"https:\/\/horticom.ee\/e-pood\/toode\/kuumaasikas-02g-b\/#breadcrumb\",\"itemListElement\":[{\"@type\":\"ListItem\",\"position\":1,\"name\":\"Home\",\"item\":\"https:\/\/horticom.ee\/e-pood\/\"},{\"@type\":\"ListItem\",\"position\":2,\"name\":\"Pood\",\"item\":\"https:\/\/horticom.ee\/e-pood\/pood\/\"},{\"@type\":\"ListItem\",\"position\":3,\"name\":\"Kuumaasikas R\u00fcgen 0,08g B\"}]},{\"@type\":\"WebSite\",\"@id\":\"https:\/\/horticom.ee\/e-pood\/#website\",\"url\":\"https:\/\/horticom.ee\/e-pood\/\",\"name\":\"Horticom.ee\",\"description\":\"Aianduskaubad ja kodukaubad nii harrastajatele kui professionaalidele\",\"potentialAction\":[{\"@type\":\"SearchAction\",\"target\":{\"@type\":\"EntryPoint\",\"urlTemplate\":\"https:\/\/horticom.ee\/e-pood\/?s={search_term_string}\"},\"query-input\":{\"@type\":\"PropertyValueSpecification\",\"valueRequired\":true,\"valueName\":\"search_term_string\"}}],\"inLanguage\":\"et\"}]}<\/script>\n<!-- \/ Yoast SEO plugin. -->","yoast_head_json":{"title":"Kuumaasikas R\u00fcgen 0,08g B - Horticom","robots":{"index":"index","follow":"follow","max-snippet":"max-snippet:-1","max-image-preview":"max-image-preview:large","max-video-preview":"max-video-preview:-1"},"canonical":"https:\/\/horticom.ee\/e-pood\/toode\/kuumaasikas-02g-b\/","og_locale":"et_EE","og_type":"article","og_title":"Kuumaasikas R\u00fcgen 0,08g B - Horticom","og_description":"Kuumaasikas R\u00fcgen on p\u00fcsik. 15-25cm k\u00f5rgune puhmik. K\u00f5rvalharusid ei moodusta. Saagikas pika perioodi jooksul. Marjad aromaatsed, \u00f5rnad, magusad, meenutavad maitselt metsmaasikaid. Sobib peenral ja potis kasvatamiseks. K\u00fclviaeg m\u00e4rtsis, aprillis k\u00fclvikasti. Seemneid ei kaeta mullaga. Istutus kasvukohale juunis. Varajase ettek\u00fclvi korral viljub esimesel aastal.","og_url":"https:\/\/horticom.ee\/e-pood\/toode\/kuumaasikas-02g-b\/","og_site_name":"Horticom.ee","article_publisher":"https:\/\/www.facebook.com\/horticom.ee\/e-pood","article_modified_time":"2026-04-24T00:06:31+00:00","og_image":[{"width":1000,"height":1375,"url":"https:\/\/horticom.ee\/e-pood\/wp-content\/uploads\/importedmedia\/product-1822653_0-1402000.jpg","type":"image\/jpeg"}],"twitter_card":"summary_large_image","schema":{"@context":"https:\/\/schema.org","@graph":[{"@type":"WebPage","@id":"https:\/\/horticom.ee\/e-pood\/toode\/kuumaasikas-02g-b\/","url":"https:\/\/horticom.ee\/e-pood\/toode\/kuumaasikas-02g-b\/","name":"Kuumaasikas R\u00fcgen 0,08g B - Horticom","isPartOf":{"@id":"https:\/\/horticom.ee\/e-pood\/#website"},"primaryImageOfPage":{"@id":"https:\/\/horticom.ee\/e-pood\/toode\/kuumaasikas-02g-b\/#primaryimage"},"image":{"@id":"https:\/\/horticom.ee\/e-pood\/toode\/kuumaasikas-02g-b\/#primaryimage"},"thumbnailUrl":"https:\/\/horticom.ee\/e-pood\/wp-content\/uploads\/importedmedia\/product-1822653_0-1402000.jpg","datePublished":"2023-05-08T00:02:48+00:00","dateModified":"2026-04-24T00:06:31+00:00","breadcrumb":{"@id":"https:\/\/horticom.ee\/e-pood\/toode\/kuumaasikas-02g-b\/#breadcrumb"},"inLanguage":"et","potentialAction":[{"@type":"ReadAction","target":["https:\/\/horticom.ee\/e-pood\/toode\/kuumaasikas-02g-b\/"]}]},{"@type":"ImageObject","inLanguage":"et","@id":"https:\/\/horticom.ee\/e-pood\/toode\/kuumaasikas-02g-b\/#primaryimage","url":"https:\/\/horticom.ee\/e-pood\/wp-content\/uploads\/importedmedia\/product-1822653_0-1402000.jpg","contentUrl":"https:\/\/horticom.ee\/e-pood\/wp-content\/uploads\/importedmedia\/product-1822653_0-1402000.jpg","width":1000,"height":1375},{"@type":"BreadcrumbList","@id":"https:\/\/horticom.ee\/e-pood\/toode\/kuumaasikas-02g-b\/#breadcrumb","itemListElement":[{"@type":"ListItem","position":1,"name":"Home","item":"https:\/\/horticom.ee\/e-pood\/"},{"@type":"ListItem","position":2,"name":"Pood","item":"https:\/\/horticom.ee\/e-pood\/pood\/"},{"@type":"ListItem","position":3,"name":"Kuumaasikas R\u00fcgen 0,08g B"}]},{"@type":"WebSite","@id":"https:\/\/horticom.ee\/e-pood\/#website","url":"https:\/\/horticom.ee\/e-pood\/","name":"Horticom.ee","description":"Aianduskaubad ja kodukaubad nii harrastajatele kui professionaalidele","potentialAction":[{"@type":"SearchAction","target":{"@type":"EntryPoint","urlTemplate":"https:\/\/horticom.ee\/e-pood\/?s={search_term_string}"},"query-input":{"@type":"PropertyValueSpecification","valueRequired":true,"valueName":"search_term_string"}}],"inLanguage":"et"}]}},"_links":{"self":[{"href":"https:\/\/horticom.ee\/e-pood\/wp-json\/wp\/v2\/product\/1822653","targetHints":{"allow":["GET"]}}],"collection":[{"href":"https:\/\/horticom.ee\/e-pood\/wp-json\/wp\/v2\/product"}],"about":[{"href":"https:\/\/horticom.ee\/e-pood\/wp-json\/wp\/v2\/types\/product"}],"replies":[{"embeddable":true,"href":"https:\/\/horticom.ee\/e-pood\/wp-json\/wp\/v2\/comments?post=1822653"}],"wp:featuredmedia":[{"embeddable":true,"href":"https:\/\/horticom.ee\/e-pood\/wp-json\/wp\/v2\/media\/2382640"}],"wp:attachment":[{"href":"https:\/\/horticom.ee\/e-pood\/wp-json\/wp\/v2\/media?parent=1822653"}],"wp:term":[{"taxonomy":"product_cat","embeddable":true,"href":"https:\/\/horticom.ee\/e-pood\/wp-json\/wp\/v2\/product_cat?post=1822653"},{"taxonomy":"product_tag","embeddable":true,"href":"https:\/\/horticom.ee\/e-pood\/wp-json\/wp\/v2\/product_tag?post=1822653"}],"curies":[{"name":"wp","href":"https:\/\/api.w.org\/{rel}","templated":true}]}}