{"id":1822659,"date":"2023-05-08T03:02:53","date_gmt":"2023-05-08T00:02:53","guid":{"rendered":"https:\/\/horticom.ee\/e-pood\/toode\/muskaatkorvits-waltham-butternut-2g-b\/"},"modified":"2026-05-03T03:06:28","modified_gmt":"2026-05-03T00:06:28","slug":"muskaatkorvits-waltham-butternut-2g-b","status":"publish","type":"product","link":"https:\/\/horticom.ee\/e-pood\/toode\/muskaatkorvits-waltham-butternut-2g-b\/","title":{"rendered":"Muskaatk\u00f5rvits Waltham Butternut 1,5g B"},"content":{"rendered":"<p>Muskaatk\u00f5rvits Waltham  Butternut on p\u00e4hklimaitseline talik\u00f5rvits. Keskvarajane sort laiuvate v\u00e4\u00e4tidega. Saagikas. 1,5 kuni 2 kilosed viljad on pirnikujulised heleda koorega, oran\u017ekollase aromaatse kergelt p\u00e4hklimaitselise magusa viljalihaga.? K\u00fclv: Mais k\u00fclvikasti. K\u00f5rvitsatele on sobivaimad p\u00e4ikeserikkad tuulte eest kaitstud kasvukohad. Koduaias v\u00f5ib neid aga eduga kasvatada kompostihunnikutel \u2013 soovitatav on istutada taimed mitte kompostihunniku harjale, nagu seda sageli tehakse, vaid selle jalamile. Kasvuaeg 120p. S\u00e4ilib h\u00e4sti.<\/p>\n","protected":false},"excerpt":{"rendered":"<p>Muskaatk\u00f5rvits Waltham Butternut on p\u00e4hklimaitseline talik\u00f5rvits. Keskvarajane sort laiuvate v\u00e4\u00e4tidega. Saagikas. 1,5 kuni 2 kilosed viljad on pirnikujulised heleda koorega, oran\u017ekollase aromaatse kergelt p\u00e4hklimaitselise magusa viljalihaga.? K\u00fclv: Mais k\u00fclvikasti. K\u00f5rvitsatele on sobivaimad p\u00e4ikeserikkad tuulte eest kaitstud kasvukohad. Koduaias v\u00f5ib neid aga eduga kasvatada kompostihunnikutel \u2013 soovitatav on istutada taimed mitte kompostihunniku harjale, nagu seda sageli [&hellip;]<\/p>\n","protected":false},"featured_media":2382726,"comment_status":"closed","ping_status":"closed","template":"","meta":{"_themeisle_gutenberg_block_has_review":false},"product_cat":[13482],"product_tag":[],"class_list":{"0":"post-1822659","1":"product","2":"type-product","3":"status-publish","4":"has-post-thumbnail","6":"product_cat-suvikorvits-korvits","8":"first","9":"outofstock","10":"shipping-taxable","11":"purchasable","12":"product-type-simple"},"yoast_head":"<!-- This site is optimized with the Yoast SEO plugin v24.0 - https:\/\/yoast.com\/wordpress\/plugins\/seo\/ -->\n<title>Muskaatk\u00f5rvits Waltham Butternut 1,5g B - Horticom<\/title>\n<meta name=\"robots\" content=\"index, follow, max-snippet:-1, max-image-preview:large, max-video-preview:-1\" \/>\n<link rel=\"canonical\" href=\"https:\/\/horticom.ee\/e-pood\/toode\/muskaatkorvits-waltham-butternut-2g-b\/\" \/>\n<meta property=\"og:locale\" content=\"et_EE\" \/>\n<meta property=\"og:type\" content=\"article\" \/>\n<meta property=\"og:title\" content=\"Muskaatk\u00f5rvits Waltham Butternut 1,5g B - Horticom\" \/>\n<meta property=\"og:description\" content=\"Muskaatk\u00f5rvits Waltham Butternut on p\u00e4hklimaitseline talik\u00f5rvits. Keskvarajane sort laiuvate v\u00e4\u00e4tidega. Saagikas. 1,5 kuni 2 kilosed viljad on pirnikujulised heleda koorega, oran\u017ekollase aromaatse kergelt p\u00e4hklimaitselise magusa viljalihaga.? K\u00fclv: Mais k\u00fclvikasti. K\u00f5rvitsatele on sobivaimad p\u00e4ikeserikkad tuulte eest kaitstud kasvukohad. Koduaias v\u00f5ib neid aga eduga kasvatada kompostihunnikutel \u2013 soovitatav on istutada taimed mitte kompostihunniku harjale, nagu seda sageli [&hellip;]\" \/>\n<meta property=\"og:url\" content=\"https:\/\/horticom.ee\/e-pood\/toode\/muskaatkorvits-waltham-butternut-2g-b\/\" \/>\n<meta property=\"og:site_name\" content=\"Horticom.ee\" \/>\n<meta property=\"article:publisher\" content=\"https:\/\/www.facebook.com\/horticom.ee\/e-pood\" \/>\n<meta property=\"article:modified_time\" content=\"2026-05-03T00:06:28+00:00\" \/>\n<meta property=\"og:image\" content=\"https:\/\/horticom.ee\/e-pood\/wp-content\/uploads\/importedmedia\/product-1822659_0-14029831.jpg\" \/>\n\t<meta property=\"og:image:width\" content=\"1000\" \/>\n\t<meta property=\"og:image:height\" content=\"1587\" \/>\n\t<meta property=\"og:image:type\" content=\"image\/jpeg\" \/>\n<meta name=\"twitter:card\" content=\"summary_large_image\" \/>\n<script type=\"application\/ld+json\" class=\"yoast-schema-graph\">{\"@context\":\"https:\/\/schema.org\",\"@graph\":[{\"@type\":\"WebPage\",\"@id\":\"https:\/\/horticom.ee\/e-pood\/toode\/muskaatkorvits-waltham-butternut-2g-b\/\",\"url\":\"https:\/\/horticom.ee\/e-pood\/toode\/muskaatkorvits-waltham-butternut-2g-b\/\",\"name\":\"Muskaatk\u00f5rvits Waltham Butternut 1,5g B - Horticom\",\"isPartOf\":{\"@id\":\"https:\/\/horticom.ee\/e-pood\/#website\"},\"primaryImageOfPage\":{\"@id\":\"https:\/\/horticom.ee\/e-pood\/toode\/muskaatkorvits-waltham-butternut-2g-b\/#primaryimage\"},\"image\":{\"@id\":\"https:\/\/horticom.ee\/e-pood\/toode\/muskaatkorvits-waltham-butternut-2g-b\/#primaryimage\"},\"thumbnailUrl\":\"https:\/\/horticom.ee\/e-pood\/wp-content\/uploads\/importedmedia\/product-1822659_0-14029831.jpg\",\"datePublished\":\"2023-05-08T00:02:53+00:00\",\"dateModified\":\"2026-05-03T00:06:28+00:00\",\"breadcrumb\":{\"@id\":\"https:\/\/horticom.ee\/e-pood\/toode\/muskaatkorvits-waltham-butternut-2g-b\/#breadcrumb\"},\"inLanguage\":\"et\",\"potentialAction\":[{\"@type\":\"ReadAction\",\"target\":[\"https:\/\/horticom.ee\/e-pood\/toode\/muskaatkorvits-waltham-butternut-2g-b\/\"]}]},{\"@type\":\"ImageObject\",\"inLanguage\":\"et\",\"@id\":\"https:\/\/horticom.ee\/e-pood\/toode\/muskaatkorvits-waltham-butternut-2g-b\/#primaryimage\",\"url\":\"https:\/\/horticom.ee\/e-pood\/wp-content\/uploads\/importedmedia\/product-1822659_0-14029831.jpg\",\"contentUrl\":\"https:\/\/horticom.ee\/e-pood\/wp-content\/uploads\/importedmedia\/product-1822659_0-14029831.jpg\",\"width\":1000,\"height\":1587},{\"@type\":\"BreadcrumbList\",\"@id\":\"https:\/\/horticom.ee\/e-pood\/toode\/muskaatkorvits-waltham-butternut-2g-b\/#breadcrumb\",\"itemListElement\":[{\"@type\":\"ListItem\",\"position\":1,\"name\":\"Home\",\"item\":\"https:\/\/horticom.ee\/e-pood\/\"},{\"@type\":\"ListItem\",\"position\":2,\"name\":\"Pood\",\"item\":\"https:\/\/horticom.ee\/e-pood\/pood\/\"},{\"@type\":\"ListItem\",\"position\":3,\"name\":\"Muskaatk\u00f5rvits Waltham Butternut 1,5g B\"}]},{\"@type\":\"WebSite\",\"@id\":\"https:\/\/horticom.ee\/e-pood\/#website\",\"url\":\"https:\/\/horticom.ee\/e-pood\/\",\"name\":\"Horticom.ee\",\"description\":\"Aianduskaubad ja kodukaubad nii harrastajatele kui professionaalidele\",\"potentialAction\":[{\"@type\":\"SearchAction\",\"target\":{\"@type\":\"EntryPoint\",\"urlTemplate\":\"https:\/\/horticom.ee\/e-pood\/?s={search_term_string}\"},\"query-input\":{\"@type\":\"PropertyValueSpecification\",\"valueRequired\":true,\"valueName\":\"search_term_string\"}}],\"inLanguage\":\"et\"}]}<\/script>\n<!-- \/ Yoast SEO plugin. -->","yoast_head_json":{"title":"Muskaatk\u00f5rvits Waltham Butternut 1,5g B - Horticom","robots":{"index":"index","follow":"follow","max-snippet":"max-snippet:-1","max-image-preview":"max-image-preview:large","max-video-preview":"max-video-preview:-1"},"canonical":"https:\/\/horticom.ee\/e-pood\/toode\/muskaatkorvits-waltham-butternut-2g-b\/","og_locale":"et_EE","og_type":"article","og_title":"Muskaatk\u00f5rvits Waltham Butternut 1,5g B - Horticom","og_description":"Muskaatk\u00f5rvits Waltham Butternut on p\u00e4hklimaitseline talik\u00f5rvits. Keskvarajane sort laiuvate v\u00e4\u00e4tidega. Saagikas. 1,5 kuni 2 kilosed viljad on pirnikujulised heleda koorega, oran\u017ekollase aromaatse kergelt p\u00e4hklimaitselise magusa viljalihaga.? K\u00fclv: Mais k\u00fclvikasti. K\u00f5rvitsatele on sobivaimad p\u00e4ikeserikkad tuulte eest kaitstud kasvukohad. Koduaias v\u00f5ib neid aga eduga kasvatada kompostihunnikutel \u2013 soovitatav on istutada taimed mitte kompostihunniku harjale, nagu seda sageli [&hellip;]","og_url":"https:\/\/horticom.ee\/e-pood\/toode\/muskaatkorvits-waltham-butternut-2g-b\/","og_site_name":"Horticom.ee","article_publisher":"https:\/\/www.facebook.com\/horticom.ee\/e-pood","article_modified_time":"2026-05-03T00:06:28+00:00","og_image":[{"width":1000,"height":1587,"url":"https:\/\/horticom.ee\/e-pood\/wp-content\/uploads\/importedmedia\/product-1822659_0-14029831.jpg","type":"image\/jpeg"}],"twitter_card":"summary_large_image","schema":{"@context":"https:\/\/schema.org","@graph":[{"@type":"WebPage","@id":"https:\/\/horticom.ee\/e-pood\/toode\/muskaatkorvits-waltham-butternut-2g-b\/","url":"https:\/\/horticom.ee\/e-pood\/toode\/muskaatkorvits-waltham-butternut-2g-b\/","name":"Muskaatk\u00f5rvits Waltham Butternut 1,5g B - Horticom","isPartOf":{"@id":"https:\/\/horticom.ee\/e-pood\/#website"},"primaryImageOfPage":{"@id":"https:\/\/horticom.ee\/e-pood\/toode\/muskaatkorvits-waltham-butternut-2g-b\/#primaryimage"},"image":{"@id":"https:\/\/horticom.ee\/e-pood\/toode\/muskaatkorvits-waltham-butternut-2g-b\/#primaryimage"},"thumbnailUrl":"https:\/\/horticom.ee\/e-pood\/wp-content\/uploads\/importedmedia\/product-1822659_0-14029831.jpg","datePublished":"2023-05-08T00:02:53+00:00","dateModified":"2026-05-03T00:06:28+00:00","breadcrumb":{"@id":"https:\/\/horticom.ee\/e-pood\/toode\/muskaatkorvits-waltham-butternut-2g-b\/#breadcrumb"},"inLanguage":"et","potentialAction":[{"@type":"ReadAction","target":["https:\/\/horticom.ee\/e-pood\/toode\/muskaatkorvits-waltham-butternut-2g-b\/"]}]},{"@type":"ImageObject","inLanguage":"et","@id":"https:\/\/horticom.ee\/e-pood\/toode\/muskaatkorvits-waltham-butternut-2g-b\/#primaryimage","url":"https:\/\/horticom.ee\/e-pood\/wp-content\/uploads\/importedmedia\/product-1822659_0-14029831.jpg","contentUrl":"https:\/\/horticom.ee\/e-pood\/wp-content\/uploads\/importedmedia\/product-1822659_0-14029831.jpg","width":1000,"height":1587},{"@type":"BreadcrumbList","@id":"https:\/\/horticom.ee\/e-pood\/toode\/muskaatkorvits-waltham-butternut-2g-b\/#breadcrumb","itemListElement":[{"@type":"ListItem","position":1,"name":"Home","item":"https:\/\/horticom.ee\/e-pood\/"},{"@type":"ListItem","position":2,"name":"Pood","item":"https:\/\/horticom.ee\/e-pood\/pood\/"},{"@type":"ListItem","position":3,"name":"Muskaatk\u00f5rvits Waltham Butternut 1,5g B"}]},{"@type":"WebSite","@id":"https:\/\/horticom.ee\/e-pood\/#website","url":"https:\/\/horticom.ee\/e-pood\/","name":"Horticom.ee","description":"Aianduskaubad ja kodukaubad nii harrastajatele kui professionaalidele","potentialAction":[{"@type":"SearchAction","target":{"@type":"EntryPoint","urlTemplate":"https:\/\/horticom.ee\/e-pood\/?s={search_term_string}"},"query-input":{"@type":"PropertyValueSpecification","valueRequired":true,"valueName":"search_term_string"}}],"inLanguage":"et"}]}},"_links":{"self":[{"href":"https:\/\/horticom.ee\/e-pood\/wp-json\/wp\/v2\/product\/1822659","targetHints":{"allow":["GET"]}}],"collection":[{"href":"https:\/\/horticom.ee\/e-pood\/wp-json\/wp\/v2\/product"}],"about":[{"href":"https:\/\/horticom.ee\/e-pood\/wp-json\/wp\/v2\/types\/product"}],"replies":[{"embeddable":true,"href":"https:\/\/horticom.ee\/e-pood\/wp-json\/wp\/v2\/comments?post=1822659"}],"wp:featuredmedia":[{"embeddable":true,"href":"https:\/\/horticom.ee\/e-pood\/wp-json\/wp\/v2\/media\/2382726"}],"wp:attachment":[{"href":"https:\/\/horticom.ee\/e-pood\/wp-json\/wp\/v2\/media?parent=1822659"}],"wp:term":[{"taxonomy":"product_cat","embeddable":true,"href":"https:\/\/horticom.ee\/e-pood\/wp-json\/wp\/v2\/product_cat?post=1822659"},{"taxonomy":"product_tag","embeddable":true,"href":"https:\/\/horticom.ee\/e-pood\/wp-json\/wp\/v2\/product_tag?post=1822659"}],"curies":[{"name":"wp","href":"https:\/\/api.w.org\/{rel}","templated":true}]}}