{"id":1822697,"date":"2023-05-08T03:03:25","date_gmt":"2023-05-08T00:03:25","guid":{"rendered":"https:\/\/horticom.ee\/e-pood\/toode\/umbrispott-elho-b-for-diamond-d-6cm-01l-valge-sp\/"},"modified":"2026-04-30T03:08:24","modified_gmt":"2026-04-30T00:08:24","slug":"umbrispott-elho-b-for-diamond-d-6cm-01l-valge-sp","status":"publish","type":"product","link":"https:\/\/horticom.ee\/e-pood\/toode\/umbrispott-elho-b-for-diamond-d-6cm-01l-valge-sp\/","title":{"rendered":"\u00dcmbrispott Elho B.for Diamond d 6cm 0,1L valge"},"content":{"rendered":"<p>\u00dcmbrispott Elho B.for Diamond on valmistatud kvaliteetsest plastikust, mis on  v\u00e4ljat\u00f6\u00f6tatud ja disainitud koos professionaalsete kasvatajatega. Toote valmistamisel kasutatakse erilisi v\u00e4rvipigmente, mist\u00f5ttu toodetel p\u00fcsib originaalv\u00e4rv kauem.<\/p>\n","protected":false},"excerpt":{"rendered":"<p>\u00dcmbrispott Elho B.for Diamond on valmistatud kvaliteetsest plastikust, mis on v\u00e4ljat\u00f6\u00f6tatud ja disainitud koos professionaalsete kasvatajatega. Toote valmistamisel kasutatakse erilisi v\u00e4rvipigmente, mist\u00f5ttu toodetel p\u00fcsib originaalv\u00e4rv kauem.<\/p>\n","protected":false},"featured_media":2285858,"comment_status":"closed","ping_status":"closed","template":"","meta":{"_themeisle_gutenberg_block_has_review":false},"product_cat":[18563,14994],"product_tag":[],"class_list":{"0":"post-1822697","1":"product","2":"type-product","3":"status-publish","4":"has-post-thumbnail","6":"product_cat-lopumuugitooted","7":"product_cat-plastikust-umbrispotid","9":"first","10":"instock","11":"shipping-taxable","12":"purchasable","13":"product-type-simple"},"yoast_head":"<!-- This site is optimized with the Yoast SEO plugin v24.0 - https:\/\/yoast.com\/wordpress\/plugins\/seo\/ -->\n<title>\u00dcmbrispott Elho B.for Diamond d 6cm 0,1L valge - Horticom<\/title>\n<meta name=\"description\" content=\"\u00dcmbrispott Elho B.for Diamond on valmistatud kvaliteetsest plastikust, mis on v\u00e4ljat\u00f6\u00f6tatud ja disainitud koos professionaalsete kasvatajatega.\" \/>\n<meta name=\"robots\" content=\"index, follow, max-snippet:-1, max-image-preview:large, max-video-preview:-1\" \/>\n<link rel=\"canonical\" href=\"https:\/\/horticom.ee\/e-pood\/toode\/umbrispott-elho-b-for-diamond-d-6cm-01l-valge-sp\/\" \/>\n<meta property=\"og:locale\" content=\"et_EE\" \/>\n<meta property=\"og:type\" content=\"article\" \/>\n<meta property=\"og:title\" content=\"\u00dcmbrispott Elho B.for Diamond d 6cm 0,1L valge - Horticom\" \/>\n<meta property=\"og:description\" content=\"\u00dcmbrispott Elho B.for Diamond on valmistatud kvaliteetsest plastikust, mis on v\u00e4ljat\u00f6\u00f6tatud ja disainitud koos professionaalsete kasvatajatega.\" \/>\n<meta property=\"og:url\" content=\"https:\/\/horticom.ee\/e-pood\/toode\/umbrispott-elho-b-for-diamond-d-6cm-01l-valge-sp\/\" \/>\n<meta property=\"og:site_name\" content=\"Horticom.ee\" \/>\n<meta property=\"article:publisher\" content=\"https:\/\/www.facebook.com\/horticom.ee\/e-pood\" \/>\n<meta property=\"article:modified_time\" content=\"2026-04-30T00:08:24+00:00\" \/>\n<meta property=\"og:image\" content=\"https:\/\/horticom.ee\/e-pood\/wp-content\/uploads\/2023\/05\/8711904184896.jpg\" \/>\n\t<meta property=\"og:image:width\" content=\"2500\" \/>\n\t<meta property=\"og:image:height\" content=\"2500\" \/>\n\t<meta property=\"og:image:type\" content=\"image\/jpeg\" \/>\n<meta name=\"twitter:card\" content=\"summary_large_image\" \/>\n<meta name=\"twitter:label1\" content=\"Est. reading time\" \/>\n\t<meta name=\"twitter:data1\" content=\"1 minut\" \/>\n<script type=\"application\/ld+json\" class=\"yoast-schema-graph\">{\"@context\":\"https:\/\/schema.org\",\"@graph\":[{\"@type\":\"WebPage\",\"@id\":\"https:\/\/horticom.ee\/e-pood\/toode\/umbrispott-elho-b-for-diamond-d-6cm-01l-valge-sp\/\",\"url\":\"https:\/\/horticom.ee\/e-pood\/toode\/umbrispott-elho-b-for-diamond-d-6cm-01l-valge-sp\/\",\"name\":\"\u00dcmbrispott Elho B.for Diamond d 6cm 0,1L valge - Horticom\",\"isPartOf\":{\"@id\":\"https:\/\/horticom.ee\/e-pood\/#website\"},\"primaryImageOfPage\":{\"@id\":\"https:\/\/horticom.ee\/e-pood\/toode\/umbrispott-elho-b-for-diamond-d-6cm-01l-valge-sp\/#primaryimage\"},\"image\":{\"@id\":\"https:\/\/horticom.ee\/e-pood\/toode\/umbrispott-elho-b-for-diamond-d-6cm-01l-valge-sp\/#primaryimage\"},\"thumbnailUrl\":\"https:\/\/horticom.ee\/e-pood\/wp-content\/uploads\/2023\/05\/8711904184896.jpg\",\"datePublished\":\"2023-05-08T00:03:25+00:00\",\"dateModified\":\"2026-04-30T00:08:24+00:00\",\"description\":\"\u00dcmbrispott Elho B.for Diamond on valmistatud kvaliteetsest plastikust, mis on v\u00e4ljat\u00f6\u00f6tatud ja disainitud koos professionaalsete kasvatajatega.\",\"breadcrumb\":{\"@id\":\"https:\/\/horticom.ee\/e-pood\/toode\/umbrispott-elho-b-for-diamond-d-6cm-01l-valge-sp\/#breadcrumb\"},\"inLanguage\":\"et\",\"potentialAction\":[{\"@type\":\"ReadAction\",\"target\":[\"https:\/\/horticom.ee\/e-pood\/toode\/umbrispott-elho-b-for-diamond-d-6cm-01l-valge-sp\/\"]}]},{\"@type\":\"ImageObject\",\"inLanguage\":\"et\",\"@id\":\"https:\/\/horticom.ee\/e-pood\/toode\/umbrispott-elho-b-for-diamond-d-6cm-01l-valge-sp\/#primaryimage\",\"url\":\"https:\/\/horticom.ee\/e-pood\/wp-content\/uploads\/2023\/05\/8711904184896.jpg\",\"contentUrl\":\"https:\/\/horticom.ee\/e-pood\/wp-content\/uploads\/2023\/05\/8711904184896.jpg\",\"width\":2500,\"height\":2500,\"caption\":\"\u00dcmbrispott Elho B.for Diamond d 6cm 0,1L valge\"},{\"@type\":\"BreadcrumbList\",\"@id\":\"https:\/\/horticom.ee\/e-pood\/toode\/umbrispott-elho-b-for-diamond-d-6cm-01l-valge-sp\/#breadcrumb\",\"itemListElement\":[{\"@type\":\"ListItem\",\"position\":1,\"name\":\"Home\",\"item\":\"https:\/\/horticom.ee\/e-pood\/\"},{\"@type\":\"ListItem\",\"position\":2,\"name\":\"Pood\",\"item\":\"https:\/\/horticom.ee\/e-pood\/pood\/\"},{\"@type\":\"ListItem\",\"position\":3,\"name\":\"\u00dcmbrispott Elho B.for Diamond d 6cm 0,1L valge\"}]},{\"@type\":\"WebSite\",\"@id\":\"https:\/\/horticom.ee\/e-pood\/#website\",\"url\":\"https:\/\/horticom.ee\/e-pood\/\",\"name\":\"Horticom.ee\",\"description\":\"Aianduskaubad ja kodukaubad nii harrastajatele kui professionaalidele\",\"potentialAction\":[{\"@type\":\"SearchAction\",\"target\":{\"@type\":\"EntryPoint\",\"urlTemplate\":\"https:\/\/horticom.ee\/e-pood\/?s={search_term_string}\"},\"query-input\":{\"@type\":\"PropertyValueSpecification\",\"valueRequired\":true,\"valueName\":\"search_term_string\"}}],\"inLanguage\":\"et\"}]}<\/script>\n<!-- \/ Yoast SEO plugin. -->","yoast_head_json":{"title":"\u00dcmbrispott Elho B.for Diamond d 6cm 0,1L valge - Horticom","description":"\u00dcmbrispott Elho B.for Diamond on valmistatud kvaliteetsest plastikust, mis on v\u00e4ljat\u00f6\u00f6tatud ja disainitud koos professionaalsete kasvatajatega.","robots":{"index":"index","follow":"follow","max-snippet":"max-snippet:-1","max-image-preview":"max-image-preview:large","max-video-preview":"max-video-preview:-1"},"canonical":"https:\/\/horticom.ee\/e-pood\/toode\/umbrispott-elho-b-for-diamond-d-6cm-01l-valge-sp\/","og_locale":"et_EE","og_type":"article","og_title":"\u00dcmbrispott Elho B.for Diamond d 6cm 0,1L valge - Horticom","og_description":"\u00dcmbrispott Elho B.for Diamond on valmistatud kvaliteetsest plastikust, mis on v\u00e4ljat\u00f6\u00f6tatud ja disainitud koos professionaalsete kasvatajatega.","og_url":"https:\/\/horticom.ee\/e-pood\/toode\/umbrispott-elho-b-for-diamond-d-6cm-01l-valge-sp\/","og_site_name":"Horticom.ee","article_publisher":"https:\/\/www.facebook.com\/horticom.ee\/e-pood","article_modified_time":"2026-04-30T00:08:24+00:00","og_image":[{"width":2500,"height":2500,"url":"https:\/\/horticom.ee\/e-pood\/wp-content\/uploads\/2023\/05\/8711904184896.jpg","type":"image\/jpeg"}],"twitter_card":"summary_large_image","twitter_misc":{"Est. reading time":"1 minut"},"schema":{"@context":"https:\/\/schema.org","@graph":[{"@type":"WebPage","@id":"https:\/\/horticom.ee\/e-pood\/toode\/umbrispott-elho-b-for-diamond-d-6cm-01l-valge-sp\/","url":"https:\/\/horticom.ee\/e-pood\/toode\/umbrispott-elho-b-for-diamond-d-6cm-01l-valge-sp\/","name":"\u00dcmbrispott Elho B.for Diamond d 6cm 0,1L valge - Horticom","isPartOf":{"@id":"https:\/\/horticom.ee\/e-pood\/#website"},"primaryImageOfPage":{"@id":"https:\/\/horticom.ee\/e-pood\/toode\/umbrispott-elho-b-for-diamond-d-6cm-01l-valge-sp\/#primaryimage"},"image":{"@id":"https:\/\/horticom.ee\/e-pood\/toode\/umbrispott-elho-b-for-diamond-d-6cm-01l-valge-sp\/#primaryimage"},"thumbnailUrl":"https:\/\/horticom.ee\/e-pood\/wp-content\/uploads\/2023\/05\/8711904184896.jpg","datePublished":"2023-05-08T00:03:25+00:00","dateModified":"2026-04-30T00:08:24+00:00","description":"\u00dcmbrispott Elho B.for Diamond on valmistatud kvaliteetsest plastikust, mis on v\u00e4ljat\u00f6\u00f6tatud ja disainitud koos professionaalsete kasvatajatega.","breadcrumb":{"@id":"https:\/\/horticom.ee\/e-pood\/toode\/umbrispott-elho-b-for-diamond-d-6cm-01l-valge-sp\/#breadcrumb"},"inLanguage":"et","potentialAction":[{"@type":"ReadAction","target":["https:\/\/horticom.ee\/e-pood\/toode\/umbrispott-elho-b-for-diamond-d-6cm-01l-valge-sp\/"]}]},{"@type":"ImageObject","inLanguage":"et","@id":"https:\/\/horticom.ee\/e-pood\/toode\/umbrispott-elho-b-for-diamond-d-6cm-01l-valge-sp\/#primaryimage","url":"https:\/\/horticom.ee\/e-pood\/wp-content\/uploads\/2023\/05\/8711904184896.jpg","contentUrl":"https:\/\/horticom.ee\/e-pood\/wp-content\/uploads\/2023\/05\/8711904184896.jpg","width":2500,"height":2500,"caption":"\u00dcmbrispott Elho B.for Diamond d 6cm 0,1L valge"},{"@type":"BreadcrumbList","@id":"https:\/\/horticom.ee\/e-pood\/toode\/umbrispott-elho-b-for-diamond-d-6cm-01l-valge-sp\/#breadcrumb","itemListElement":[{"@type":"ListItem","position":1,"name":"Home","item":"https:\/\/horticom.ee\/e-pood\/"},{"@type":"ListItem","position":2,"name":"Pood","item":"https:\/\/horticom.ee\/e-pood\/pood\/"},{"@type":"ListItem","position":3,"name":"\u00dcmbrispott Elho B.for Diamond d 6cm 0,1L valge"}]},{"@type":"WebSite","@id":"https:\/\/horticom.ee\/e-pood\/#website","url":"https:\/\/horticom.ee\/e-pood\/","name":"Horticom.ee","description":"Aianduskaubad ja kodukaubad nii harrastajatele kui professionaalidele","potentialAction":[{"@type":"SearchAction","target":{"@type":"EntryPoint","urlTemplate":"https:\/\/horticom.ee\/e-pood\/?s={search_term_string}"},"query-input":{"@type":"PropertyValueSpecification","valueRequired":true,"valueName":"search_term_string"}}],"inLanguage":"et"}]}},"_links":{"self":[{"href":"https:\/\/horticom.ee\/e-pood\/wp-json\/wp\/v2\/product\/1822697","targetHints":{"allow":["GET"]}}],"collection":[{"href":"https:\/\/horticom.ee\/e-pood\/wp-json\/wp\/v2\/product"}],"about":[{"href":"https:\/\/horticom.ee\/e-pood\/wp-json\/wp\/v2\/types\/product"}],"replies":[{"embeddable":true,"href":"https:\/\/horticom.ee\/e-pood\/wp-json\/wp\/v2\/comments?post=1822697"}],"wp:featuredmedia":[{"embeddable":true,"href":"https:\/\/horticom.ee\/e-pood\/wp-json\/wp\/v2\/media\/2285858"}],"wp:attachment":[{"href":"https:\/\/horticom.ee\/e-pood\/wp-json\/wp\/v2\/media?parent=1822697"}],"wp:term":[{"taxonomy":"product_cat","embeddable":true,"href":"https:\/\/horticom.ee\/e-pood\/wp-json\/wp\/v2\/product_cat?post=1822697"},{"taxonomy":"product_tag","embeddable":true,"href":"https:\/\/horticom.ee\/e-pood\/wp-json\/wp\/v2\/product_tag?post=1822697"}],"curies":[{"name":"wp","href":"https:\/\/api.w.org\/{rel}","templated":true}]}}