{"id":1822764,"date":"2023-05-08T03:04:30","date_gmt":"2023-05-08T00:04:30","guid":{"rendered":"https:\/\/horticom.ee\/e-pood\/toode\/sootja-seemnetele-riputatav-tugirongastega-sp\/"},"modified":"2026-05-02T03:10:29","modified_gmt":"2026-05-02T00:10:29","slug":"sootja-seemnetele-riputatav-tugirongastega-sp","status":"publish","type":"product","link":"https:\/\/horticom.ee\/e-pood\/toode\/sootja-seemnetele-riputatav-tugirongastega-sp\/","title":{"rendered":"S\u00f6\u00f6tja seemnetele riputatav tugir\u00f5ngastega"},"content":{"rendered":"<p>S\u00f6\u00f6tja seemnetele riputatav tugir\u00f5ngastega on kvaliteetne ja innovatiivne s\u00f6\u00f6tja, mis on valmistatud Inglismaal. Valmistatud \u00fcmbert\u00f6\u00f6deldud plastikust ja tugir\u00f5ngas on roostevabast metallist. Kiire ja lihtne paigaldada ja taast\u00e4ita. Seisur\u00f5ngas ja s\u00f6\u00f6giava on piisavalt suur, et linnud saavad mugavalt s\u00fc\u00fca. S\u00f6\u00f6tja pikkus on 19cm.<\/p>\n","protected":false},"excerpt":{"rendered":"<p>S\u00f6\u00f6tja seemnetele riputatav tugir\u00f5ngastega on kvaliteetne ja innovatiivne s\u00f6\u00f6tja, mis on valmistatud Inglismaal. Valmistatud \u00fcmbert\u00f6\u00f6deldud plastikust ja tugir\u00f5ngas on roostevabast metallist. Kiire ja lihtne paigaldada ja taast\u00e4ita. Seisur\u00f5ngas ja s\u00f6\u00f6giava on piisavalt suur, et linnud saavad mugavalt s\u00fc\u00fca. S\u00f6\u00f6tja pikkus on 19cm.<\/p>\n","protected":false},"featured_media":1823946,"comment_status":"closed","ping_status":"closed","template":"","meta":{"_themeisle_gutenberg_block_has_review":false},"product_cat":[18563,13400],"product_tag":[],"class_list":{"0":"post-1822764","1":"product","2":"type-product","3":"status-publish","4":"has-post-thumbnail","6":"product_cat-lopumuugitooted","7":"product_cat-sootjad","9":"first","10":"instock","11":"sale","12":"shipping-taxable","13":"purchasable","14":"product-type-simple"},"yoast_head":"<!-- This site is optimized with the Yoast SEO plugin v24.0 - https:\/\/yoast.com\/wordpress\/plugins\/seo\/ -->\n<title>S\u00f6\u00f6tja seemnetele riputatav tugir\u00f5ngastega - Horticom.ee<\/title>\n<meta name=\"description\" content=\"S\u00f6\u00f6tja seemnetele tugir\u00f5ngastega on Inglismaal toodetud innovatiivne s\u00f6\u00f6tja, mis on valmistatud \u00fcmbert\u00f6\u00f6deldud plastikust ja roostevabast metallist.\" \/>\n<meta name=\"robots\" content=\"index, follow, max-snippet:-1, max-image-preview:large, max-video-preview:-1\" \/>\n<link rel=\"canonical\" href=\"https:\/\/horticom.ee\/e-pood\/toode\/sootja-seemnetele-riputatav-tugirongastega-sp\/\" \/>\n<meta property=\"og:locale\" content=\"et_EE\" \/>\n<meta property=\"og:type\" content=\"article\" \/>\n<meta property=\"og:title\" content=\"S\u00f6\u00f6tja seemnetele riputatav tugir\u00f5ngastega - Horticom.ee\" \/>\n<meta property=\"og:description\" content=\"S\u00f6\u00f6tja seemnetele tugir\u00f5ngastega on Inglismaal toodetud innovatiivne s\u00f6\u00f6tja, mis on valmistatud \u00fcmbert\u00f6\u00f6deldud plastikust ja roostevabast metallist.\" \/>\n<meta property=\"og:url\" content=\"https:\/\/horticom.ee\/e-pood\/toode\/sootja-seemnetele-riputatav-tugirongastega-sp\/\" \/>\n<meta property=\"og:site_name\" content=\"Horticom.ee\" \/>\n<meta property=\"article:publisher\" content=\"https:\/\/www.facebook.com\/horticom.ee\/e-pood\" \/>\n<meta property=\"article:modified_time\" content=\"2026-05-02T00:10:29+00:00\" \/>\n<meta property=\"og:image\" content=\"https:\/\/horticom.ee\/e-pood\/wp-content\/uploads\/importedmedia\/product-1822764_0-147GSG_S1G.jpg\" \/>\n\t<meta property=\"og:image:width\" content=\"1000\" \/>\n\t<meta property=\"og:image:height\" content=\"1500\" \/>\n\t<meta property=\"og:image:type\" content=\"image\/jpeg\" \/>\n<meta name=\"twitter:card\" content=\"summary_large_image\" \/>\n<script type=\"application\/ld+json\" class=\"yoast-schema-graph\">{\"@context\":\"https:\/\/schema.org\",\"@graph\":[{\"@type\":\"WebPage\",\"@id\":\"https:\/\/horticom.ee\/e-pood\/toode\/sootja-seemnetele-riputatav-tugirongastega-sp\/\",\"url\":\"https:\/\/horticom.ee\/e-pood\/toode\/sootja-seemnetele-riputatav-tugirongastega-sp\/\",\"name\":\"S\u00f6\u00f6tja seemnetele riputatav tugir\u00f5ngastega - Horticom.ee\",\"isPartOf\":{\"@id\":\"https:\/\/horticom.ee\/e-pood\/#website\"},\"primaryImageOfPage\":{\"@id\":\"https:\/\/horticom.ee\/e-pood\/toode\/sootja-seemnetele-riputatav-tugirongastega-sp\/#primaryimage\"},\"image\":{\"@id\":\"https:\/\/horticom.ee\/e-pood\/toode\/sootja-seemnetele-riputatav-tugirongastega-sp\/#primaryimage\"},\"thumbnailUrl\":\"https:\/\/horticom.ee\/e-pood\/wp-content\/uploads\/importedmedia\/product-1822764_0-147GSG_S1G.jpg\",\"datePublished\":\"2023-05-08T00:04:30+00:00\",\"dateModified\":\"2026-05-02T00:10:29+00:00\",\"description\":\"S\u00f6\u00f6tja seemnetele tugir\u00f5ngastega on Inglismaal toodetud innovatiivne s\u00f6\u00f6tja, mis on valmistatud \u00fcmbert\u00f6\u00f6deldud plastikust ja roostevabast metallist.\",\"breadcrumb\":{\"@id\":\"https:\/\/horticom.ee\/e-pood\/toode\/sootja-seemnetele-riputatav-tugirongastega-sp\/#breadcrumb\"},\"inLanguage\":\"et\",\"potentialAction\":[{\"@type\":\"ReadAction\",\"target\":[\"https:\/\/horticom.ee\/e-pood\/toode\/sootja-seemnetele-riputatav-tugirongastega-sp\/\"]}]},{\"@type\":\"ImageObject\",\"inLanguage\":\"et\",\"@id\":\"https:\/\/horticom.ee\/e-pood\/toode\/sootja-seemnetele-riputatav-tugirongastega-sp\/#primaryimage\",\"url\":\"https:\/\/horticom.ee\/e-pood\/wp-content\/uploads\/importedmedia\/product-1822764_0-147GSG_S1G.jpg\",\"contentUrl\":\"https:\/\/horticom.ee\/e-pood\/wp-content\/uploads\/importedmedia\/product-1822764_0-147GSG_S1G.jpg\",\"width\":1000,\"height\":1500,\"caption\":\"S\u00f6\u00f6tja seemnetele riputatav tugir\u00f5ngastega\"},{\"@type\":\"BreadcrumbList\",\"@id\":\"https:\/\/horticom.ee\/e-pood\/toode\/sootja-seemnetele-riputatav-tugirongastega-sp\/#breadcrumb\",\"itemListElement\":[{\"@type\":\"ListItem\",\"position\":1,\"name\":\"Home\",\"item\":\"https:\/\/horticom.ee\/e-pood\/\"},{\"@type\":\"ListItem\",\"position\":2,\"name\":\"Pood\",\"item\":\"https:\/\/horticom.ee\/e-pood\/pood\/\"},{\"@type\":\"ListItem\",\"position\":3,\"name\":\"S\u00f6\u00f6tja seemnetele riputatav tugir\u00f5ngastega\"}]},{\"@type\":\"WebSite\",\"@id\":\"https:\/\/horticom.ee\/e-pood\/#website\",\"url\":\"https:\/\/horticom.ee\/e-pood\/\",\"name\":\"Horticom.ee\",\"description\":\"Aianduskaubad ja kodukaubad nii harrastajatele kui professionaalidele\",\"potentialAction\":[{\"@type\":\"SearchAction\",\"target\":{\"@type\":\"EntryPoint\",\"urlTemplate\":\"https:\/\/horticom.ee\/e-pood\/?s={search_term_string}\"},\"query-input\":{\"@type\":\"PropertyValueSpecification\",\"valueRequired\":true,\"valueName\":\"search_term_string\"}}],\"inLanguage\":\"et\"}]}<\/script>\n<!-- \/ Yoast SEO plugin. -->","yoast_head_json":{"title":"S\u00f6\u00f6tja seemnetele riputatav tugir\u00f5ngastega - Horticom.ee","description":"S\u00f6\u00f6tja seemnetele tugir\u00f5ngastega on Inglismaal toodetud innovatiivne s\u00f6\u00f6tja, mis on valmistatud \u00fcmbert\u00f6\u00f6deldud plastikust ja roostevabast metallist.","robots":{"index":"index","follow":"follow","max-snippet":"max-snippet:-1","max-image-preview":"max-image-preview:large","max-video-preview":"max-video-preview:-1"},"canonical":"https:\/\/horticom.ee\/e-pood\/toode\/sootja-seemnetele-riputatav-tugirongastega-sp\/","og_locale":"et_EE","og_type":"article","og_title":"S\u00f6\u00f6tja seemnetele riputatav tugir\u00f5ngastega - Horticom.ee","og_description":"S\u00f6\u00f6tja seemnetele tugir\u00f5ngastega on Inglismaal toodetud innovatiivne s\u00f6\u00f6tja, mis on valmistatud \u00fcmbert\u00f6\u00f6deldud plastikust ja roostevabast metallist.","og_url":"https:\/\/horticom.ee\/e-pood\/toode\/sootja-seemnetele-riputatav-tugirongastega-sp\/","og_site_name":"Horticom.ee","article_publisher":"https:\/\/www.facebook.com\/horticom.ee\/e-pood","article_modified_time":"2026-05-02T00:10:29+00:00","og_image":[{"width":1000,"height":1500,"url":"https:\/\/horticom.ee\/e-pood\/wp-content\/uploads\/importedmedia\/product-1822764_0-147GSG_S1G.jpg","type":"image\/jpeg"}],"twitter_card":"summary_large_image","schema":{"@context":"https:\/\/schema.org","@graph":[{"@type":"WebPage","@id":"https:\/\/horticom.ee\/e-pood\/toode\/sootja-seemnetele-riputatav-tugirongastega-sp\/","url":"https:\/\/horticom.ee\/e-pood\/toode\/sootja-seemnetele-riputatav-tugirongastega-sp\/","name":"S\u00f6\u00f6tja seemnetele riputatav tugir\u00f5ngastega - Horticom.ee","isPartOf":{"@id":"https:\/\/horticom.ee\/e-pood\/#website"},"primaryImageOfPage":{"@id":"https:\/\/horticom.ee\/e-pood\/toode\/sootja-seemnetele-riputatav-tugirongastega-sp\/#primaryimage"},"image":{"@id":"https:\/\/horticom.ee\/e-pood\/toode\/sootja-seemnetele-riputatav-tugirongastega-sp\/#primaryimage"},"thumbnailUrl":"https:\/\/horticom.ee\/e-pood\/wp-content\/uploads\/importedmedia\/product-1822764_0-147GSG_S1G.jpg","datePublished":"2023-05-08T00:04:30+00:00","dateModified":"2026-05-02T00:10:29+00:00","description":"S\u00f6\u00f6tja seemnetele tugir\u00f5ngastega on Inglismaal toodetud innovatiivne s\u00f6\u00f6tja, mis on valmistatud \u00fcmbert\u00f6\u00f6deldud plastikust ja roostevabast metallist.","breadcrumb":{"@id":"https:\/\/horticom.ee\/e-pood\/toode\/sootja-seemnetele-riputatav-tugirongastega-sp\/#breadcrumb"},"inLanguage":"et","potentialAction":[{"@type":"ReadAction","target":["https:\/\/horticom.ee\/e-pood\/toode\/sootja-seemnetele-riputatav-tugirongastega-sp\/"]}]},{"@type":"ImageObject","inLanguage":"et","@id":"https:\/\/horticom.ee\/e-pood\/toode\/sootja-seemnetele-riputatav-tugirongastega-sp\/#primaryimage","url":"https:\/\/horticom.ee\/e-pood\/wp-content\/uploads\/importedmedia\/product-1822764_0-147GSG_S1G.jpg","contentUrl":"https:\/\/horticom.ee\/e-pood\/wp-content\/uploads\/importedmedia\/product-1822764_0-147GSG_S1G.jpg","width":1000,"height":1500,"caption":"S\u00f6\u00f6tja seemnetele riputatav tugir\u00f5ngastega"},{"@type":"BreadcrumbList","@id":"https:\/\/horticom.ee\/e-pood\/toode\/sootja-seemnetele-riputatav-tugirongastega-sp\/#breadcrumb","itemListElement":[{"@type":"ListItem","position":1,"name":"Home","item":"https:\/\/horticom.ee\/e-pood\/"},{"@type":"ListItem","position":2,"name":"Pood","item":"https:\/\/horticom.ee\/e-pood\/pood\/"},{"@type":"ListItem","position":3,"name":"S\u00f6\u00f6tja seemnetele riputatav tugir\u00f5ngastega"}]},{"@type":"WebSite","@id":"https:\/\/horticom.ee\/e-pood\/#website","url":"https:\/\/horticom.ee\/e-pood\/","name":"Horticom.ee","description":"Aianduskaubad ja kodukaubad nii harrastajatele kui professionaalidele","potentialAction":[{"@type":"SearchAction","target":{"@type":"EntryPoint","urlTemplate":"https:\/\/horticom.ee\/e-pood\/?s={search_term_string}"},"query-input":{"@type":"PropertyValueSpecification","valueRequired":true,"valueName":"search_term_string"}}],"inLanguage":"et"}]}},"_links":{"self":[{"href":"https:\/\/horticom.ee\/e-pood\/wp-json\/wp\/v2\/product\/1822764","targetHints":{"allow":["GET"]}}],"collection":[{"href":"https:\/\/horticom.ee\/e-pood\/wp-json\/wp\/v2\/product"}],"about":[{"href":"https:\/\/horticom.ee\/e-pood\/wp-json\/wp\/v2\/types\/product"}],"replies":[{"embeddable":true,"href":"https:\/\/horticom.ee\/e-pood\/wp-json\/wp\/v2\/comments?post=1822764"}],"wp:featuredmedia":[{"embeddable":true,"href":"https:\/\/horticom.ee\/e-pood\/wp-json\/wp\/v2\/media\/1823946"}],"wp:attachment":[{"href":"https:\/\/horticom.ee\/e-pood\/wp-json\/wp\/v2\/media?parent=1822764"}],"wp:term":[{"taxonomy":"product_cat","embeddable":true,"href":"https:\/\/horticom.ee\/e-pood\/wp-json\/wp\/v2\/product_cat?post=1822764"},{"taxonomy":"product_tag","embeddable":true,"href":"https:\/\/horticom.ee\/e-pood\/wp-json\/wp\/v2\/product_tag?post=1822764"}],"curies":[{"name":"wp","href":"https:\/\/api.w.org\/{rel}","templated":true}]}}