{"id":1822888,"date":"2023-05-08T03:06:22","date_gmt":"2023-05-08T00:06:22","guid":{"rendered":"https:\/\/horticom.ee\/e-pood\/toode\/rotiloks-supercat-pro-1tk\/"},"modified":"2026-04-23T16:01:17","modified_gmt":"2026-04-23T13:01:17","slug":"rotiloks-supercat-pro-1tk","status":"publish","type":"product","link":"https:\/\/horticom.ee\/e-pood\/toode\/rotiloks-supercat-pro-1tk\/","title":{"rendered":"Rotil\u00f5ks SuperCat Pro 1tk"},"content":{"rendered":"<p>Suurep\u00e4rane rotil\u00f5ks, millel on uudne lihtsa p\u00fc\u00fcdmiss\u00fcsteemi p\u00e4\u00e4stikumehhanism ja j\u00f5uline haamril\u00f6\u00f6k kiireks surmamiseks. T\u00e4iustatud toimemehhanism h\u00e4vitab hiired koheselt ja ilma, et nad pikalt valu tunneksid v\u00f5i endile haiget teeksid. Sisaldab naturaalset s\u00f6\u00f6ta. Looduslik s\u00f6\u00f6t on integreeritud piklikusse konteinerisse p\u00e4\u00e4stikumehhanismi ette. Esmalt, kui rott hakkab s\u00f6\u00f6ta s\u00f6\u00f6ma, harjub ta l\u00f5ksuga \u00e4ra ilma sinna kinni j\u00e4\u00e4mata. S\u00f6\u00f6mist j\u00e4tkates liigub ta p\u00e4\u00e4stikule l\u00e4hemale, olles nii sobivas asendis l\u00f5ksu kinni j\u00e4\u00e4miseks. Uuele patenteeritud lihtsa p\u00fc\u00fcdmiss\u00fcsteemi p\u00e4\u00e4stikumehhanismile on sisse ehitatud ka stabiilsuskontroll. See teeb kindlaks, et l\u00f5ks ei sulguks kogemata. Ainult siis, kui rott s\u00f6\u00f6b ja liigub seej\u00e4rel j\u00e4rjest s\u00fcgavamale l\u00f5ksu sisse, t\u00f5useb p\u00e4\u00e4stik \u00fclesse ja aktiveerib l\u00f5ksu. SuperCat Rotil\u00f5ks PRO tootega toob Swissinno turule uue arenduse, mis peaks vastama EU tuleviku standarditele ja saavutama k\u00f5rgeima \u201eA\u201c kategooria klassifikatsiooni vastavalt International Humane Trapping Strandards (AIHTS) organisatsiooni s\u00fcsteemile.<\/p>\n","protected":false},"excerpt":{"rendered":"<p>Suurep\u00e4rane rotil\u00f5ks, millel on uudne lihtsa p\u00fc\u00fcdmiss\u00fcsteemi p\u00e4\u00e4stikumehhanism ja j\u00f5uline haamril\u00f6\u00f6k kiireks surmamiseks. T\u00e4iustatud toimemehhanism h\u00e4vitab hiired koheselt ja ilma, et nad pikalt valu tunneksid v\u00f5i endile haiget teeksid. Sisaldab naturaalset s\u00f6\u00f6ta. Looduslik s\u00f6\u00f6t on integreeritud piklikusse konteinerisse p\u00e4\u00e4stikumehhanismi ette. Esmalt, kui rott hakkab s\u00f6\u00f6ta s\u00f6\u00f6ma, harjub ta l\u00f5ksuga \u00e4ra ilma sinna kinni j\u00e4\u00e4mata. S\u00f6\u00f6mist [&hellip;]<\/p>\n","protected":false},"featured_media":1823754,"comment_status":"closed","ping_status":"closed","template":"","meta":{"_themeisle_gutenberg_block_has_review":false},"product_cat":[13604],"product_tag":[],"class_list":{"0":"post-1822888","1":"product","2":"type-product","3":"status-publish","4":"has-post-thumbnail","6":"product_cat-hiired-ja-rotid","8":"first","9":"instock","10":"shipping-taxable","11":"purchasable","12":"product-type-simple"},"yoast_head":"<!-- This site is optimized with the Yoast SEO plugin v24.0 - https:\/\/yoast.com\/wordpress\/plugins\/seo\/ -->\n<title>Rotil\u00f5ks SuperCat Pro 1tk - Horticom.ee\/e-pood<\/title>\n<meta name=\"description\" content=\"SuperCat Rotil\u00f5ks PRO on efektiivne naturaalse s\u00f6\u00f6daga rotil\u00f5ks, kiire haamril\u00f6\u00f6giga ja valuvaba. Uuenduslik mehhanism vastab EU standarditele.\" \/>\n<meta name=\"robots\" content=\"index, follow, max-snippet:-1, max-image-preview:large, max-video-preview:-1\" \/>\n<link rel=\"canonical\" href=\"https:\/\/horticom.ee\/e-pood\/toode\/rotiloks-supercat-pro-1tk\/\" \/>\n<meta property=\"og:locale\" content=\"et_EE\" \/>\n<meta property=\"og:type\" content=\"article\" \/>\n<meta property=\"og:title\" content=\"Rotil\u00f5ks SuperCat Pro 1tk - Horticom.ee\/e-pood\" \/>\n<meta property=\"og:description\" content=\"SuperCat Rotil\u00f5ks PRO on efektiivne naturaalse s\u00f6\u00f6daga rotil\u00f5ks, kiire haamril\u00f6\u00f6giga ja valuvaba. Uuenduslik mehhanism vastab EU standarditele.\" \/>\n<meta property=\"og:url\" content=\"https:\/\/horticom.ee\/e-pood\/toode\/rotiloks-supercat-pro-1tk\/\" \/>\n<meta property=\"og:site_name\" content=\"Horticom.ee\" \/>\n<meta property=\"article:publisher\" content=\"https:\/\/www.facebook.com\/horticom.ee\/e-pood\" \/>\n<meta property=\"article:modified_time\" content=\"2026-04-23T13:01:17+00:00\" \/>\n<meta property=\"og:image\" content=\"https:\/\/horticom.ee\/e-pood\/wp-content\/uploads\/importedmedia\/product-1822888_0-P1113.jpg\" \/>\n\t<meta property=\"og:image:width\" content=\"1000\" \/>\n\t<meta property=\"og:image:height\" content=\"1000\" \/>\n\t<meta property=\"og:image:type\" content=\"image\/jpeg\" \/>\n<meta name=\"twitter:card\" content=\"summary_large_image\" \/>\n<meta name=\"twitter:label1\" content=\"Est. reading time\" \/>\n\t<meta name=\"twitter:data1\" content=\"1 minut\" \/>\n<script type=\"application\/ld+json\" class=\"yoast-schema-graph\">{\"@context\":\"https:\/\/schema.org\",\"@graph\":[{\"@type\":\"WebPage\",\"@id\":\"https:\/\/horticom.ee\/e-pood\/toode\/rotiloks-supercat-pro-1tk\/\",\"url\":\"https:\/\/horticom.ee\/e-pood\/toode\/rotiloks-supercat-pro-1tk\/\",\"name\":\"Rotil\u00f5ks SuperCat Pro 1tk - Horticom.ee\/e-pood\",\"isPartOf\":{\"@id\":\"https:\/\/horticom.ee\/e-pood\/#website\"},\"primaryImageOfPage\":{\"@id\":\"https:\/\/horticom.ee\/e-pood\/toode\/rotiloks-supercat-pro-1tk\/#primaryimage\"},\"image\":{\"@id\":\"https:\/\/horticom.ee\/e-pood\/toode\/rotiloks-supercat-pro-1tk\/#primaryimage\"},\"thumbnailUrl\":\"https:\/\/horticom.ee\/e-pood\/wp-content\/uploads\/importedmedia\/product-1822888_0-P1113.jpg\",\"datePublished\":\"2023-05-08T00:06:22+00:00\",\"dateModified\":\"2026-04-23T13:01:17+00:00\",\"description\":\"SuperCat Rotil\u00f5ks PRO on efektiivne naturaalse s\u00f6\u00f6daga rotil\u00f5ks, kiire haamril\u00f6\u00f6giga ja valuvaba. Uuenduslik mehhanism vastab EU standarditele.\",\"breadcrumb\":{\"@id\":\"https:\/\/horticom.ee\/e-pood\/toode\/rotiloks-supercat-pro-1tk\/#breadcrumb\"},\"inLanguage\":\"et\",\"potentialAction\":[{\"@type\":\"ReadAction\",\"target\":[\"https:\/\/horticom.ee\/e-pood\/toode\/rotiloks-supercat-pro-1tk\/\"]}]},{\"@type\":\"ImageObject\",\"inLanguage\":\"et\",\"@id\":\"https:\/\/horticom.ee\/e-pood\/toode\/rotiloks-supercat-pro-1tk\/#primaryimage\",\"url\":\"https:\/\/horticom.ee\/e-pood\/wp-content\/uploads\/importedmedia\/product-1822888_0-P1113.jpg\",\"contentUrl\":\"https:\/\/horticom.ee\/e-pood\/wp-content\/uploads\/importedmedia\/product-1822888_0-P1113.jpg\",\"width\":1000,\"height\":1000,\"caption\":\"Rotil\u00f5ks SuperCat Pro 1tk\"},{\"@type\":\"BreadcrumbList\",\"@id\":\"https:\/\/horticom.ee\/e-pood\/toode\/rotiloks-supercat-pro-1tk\/#breadcrumb\",\"itemListElement\":[{\"@type\":\"ListItem\",\"position\":1,\"name\":\"Home\",\"item\":\"https:\/\/horticom.ee\/e-pood\/\"},{\"@type\":\"ListItem\",\"position\":2,\"name\":\"Pood\",\"item\":\"https:\/\/horticom.ee\/e-pood\/pood\/\"},{\"@type\":\"ListItem\",\"position\":3,\"name\":\"Rotil\u00f5ks SuperCat Pro 1tk\"}]},{\"@type\":\"WebSite\",\"@id\":\"https:\/\/horticom.ee\/e-pood\/#website\",\"url\":\"https:\/\/horticom.ee\/e-pood\/\",\"name\":\"Horticom.ee\",\"description\":\"Aianduskaubad ja kodukaubad nii harrastajatele kui professionaalidele\",\"potentialAction\":[{\"@type\":\"SearchAction\",\"target\":{\"@type\":\"EntryPoint\",\"urlTemplate\":\"https:\/\/horticom.ee\/e-pood\/?s={search_term_string}\"},\"query-input\":{\"@type\":\"PropertyValueSpecification\",\"valueRequired\":true,\"valueName\":\"search_term_string\"}}],\"inLanguage\":\"et\"}]}<\/script>\n<!-- \/ Yoast SEO plugin. -->","yoast_head_json":{"title":"Rotil\u00f5ks SuperCat Pro 1tk - Horticom.ee\/e-pood","description":"SuperCat Rotil\u00f5ks PRO on efektiivne naturaalse s\u00f6\u00f6daga rotil\u00f5ks, kiire haamril\u00f6\u00f6giga ja valuvaba. Uuenduslik mehhanism vastab EU standarditele.","robots":{"index":"index","follow":"follow","max-snippet":"max-snippet:-1","max-image-preview":"max-image-preview:large","max-video-preview":"max-video-preview:-1"},"canonical":"https:\/\/horticom.ee\/e-pood\/toode\/rotiloks-supercat-pro-1tk\/","og_locale":"et_EE","og_type":"article","og_title":"Rotil\u00f5ks SuperCat Pro 1tk - Horticom.ee\/e-pood","og_description":"SuperCat Rotil\u00f5ks PRO on efektiivne naturaalse s\u00f6\u00f6daga rotil\u00f5ks, kiire haamril\u00f6\u00f6giga ja valuvaba. Uuenduslik mehhanism vastab EU standarditele.","og_url":"https:\/\/horticom.ee\/e-pood\/toode\/rotiloks-supercat-pro-1tk\/","og_site_name":"Horticom.ee","article_publisher":"https:\/\/www.facebook.com\/horticom.ee\/e-pood","article_modified_time":"2026-04-23T13:01:17+00:00","og_image":[{"width":1000,"height":1000,"url":"https:\/\/horticom.ee\/e-pood\/wp-content\/uploads\/importedmedia\/product-1822888_0-P1113.jpg","type":"image\/jpeg"}],"twitter_card":"summary_large_image","twitter_misc":{"Est. reading time":"1 minut"},"schema":{"@context":"https:\/\/schema.org","@graph":[{"@type":"WebPage","@id":"https:\/\/horticom.ee\/e-pood\/toode\/rotiloks-supercat-pro-1tk\/","url":"https:\/\/horticom.ee\/e-pood\/toode\/rotiloks-supercat-pro-1tk\/","name":"Rotil\u00f5ks SuperCat Pro 1tk - Horticom.ee\/e-pood","isPartOf":{"@id":"https:\/\/horticom.ee\/e-pood\/#website"},"primaryImageOfPage":{"@id":"https:\/\/horticom.ee\/e-pood\/toode\/rotiloks-supercat-pro-1tk\/#primaryimage"},"image":{"@id":"https:\/\/horticom.ee\/e-pood\/toode\/rotiloks-supercat-pro-1tk\/#primaryimage"},"thumbnailUrl":"https:\/\/horticom.ee\/e-pood\/wp-content\/uploads\/importedmedia\/product-1822888_0-P1113.jpg","datePublished":"2023-05-08T00:06:22+00:00","dateModified":"2026-04-23T13:01:17+00:00","description":"SuperCat Rotil\u00f5ks PRO on efektiivne naturaalse s\u00f6\u00f6daga rotil\u00f5ks, kiire haamril\u00f6\u00f6giga ja valuvaba. Uuenduslik mehhanism vastab EU standarditele.","breadcrumb":{"@id":"https:\/\/horticom.ee\/e-pood\/toode\/rotiloks-supercat-pro-1tk\/#breadcrumb"},"inLanguage":"et","potentialAction":[{"@type":"ReadAction","target":["https:\/\/horticom.ee\/e-pood\/toode\/rotiloks-supercat-pro-1tk\/"]}]},{"@type":"ImageObject","inLanguage":"et","@id":"https:\/\/horticom.ee\/e-pood\/toode\/rotiloks-supercat-pro-1tk\/#primaryimage","url":"https:\/\/horticom.ee\/e-pood\/wp-content\/uploads\/importedmedia\/product-1822888_0-P1113.jpg","contentUrl":"https:\/\/horticom.ee\/e-pood\/wp-content\/uploads\/importedmedia\/product-1822888_0-P1113.jpg","width":1000,"height":1000,"caption":"Rotil\u00f5ks SuperCat Pro 1tk"},{"@type":"BreadcrumbList","@id":"https:\/\/horticom.ee\/e-pood\/toode\/rotiloks-supercat-pro-1tk\/#breadcrumb","itemListElement":[{"@type":"ListItem","position":1,"name":"Home","item":"https:\/\/horticom.ee\/e-pood\/"},{"@type":"ListItem","position":2,"name":"Pood","item":"https:\/\/horticom.ee\/e-pood\/pood\/"},{"@type":"ListItem","position":3,"name":"Rotil\u00f5ks SuperCat Pro 1tk"}]},{"@type":"WebSite","@id":"https:\/\/horticom.ee\/e-pood\/#website","url":"https:\/\/horticom.ee\/e-pood\/","name":"Horticom.ee","description":"Aianduskaubad ja kodukaubad nii harrastajatele kui professionaalidele","potentialAction":[{"@type":"SearchAction","target":{"@type":"EntryPoint","urlTemplate":"https:\/\/horticom.ee\/e-pood\/?s={search_term_string}"},"query-input":{"@type":"PropertyValueSpecification","valueRequired":true,"valueName":"search_term_string"}}],"inLanguage":"et"}]}},"_links":{"self":[{"href":"https:\/\/horticom.ee\/e-pood\/wp-json\/wp\/v2\/product\/1822888","targetHints":{"allow":["GET"]}}],"collection":[{"href":"https:\/\/horticom.ee\/e-pood\/wp-json\/wp\/v2\/product"}],"about":[{"href":"https:\/\/horticom.ee\/e-pood\/wp-json\/wp\/v2\/types\/product"}],"replies":[{"embeddable":true,"href":"https:\/\/horticom.ee\/e-pood\/wp-json\/wp\/v2\/comments?post=1822888"}],"wp:featuredmedia":[{"embeddable":true,"href":"https:\/\/horticom.ee\/e-pood\/wp-json\/wp\/v2\/media\/1823754"}],"wp:attachment":[{"href":"https:\/\/horticom.ee\/e-pood\/wp-json\/wp\/v2\/media?parent=1822888"}],"wp:term":[{"taxonomy":"product_cat","embeddable":true,"href":"https:\/\/horticom.ee\/e-pood\/wp-json\/wp\/v2\/product_cat?post=1822888"},{"taxonomy":"product_tag","embeddable":true,"href":"https:\/\/horticom.ee\/e-pood\/wp-json\/wp\/v2\/product_tag?post=1822888"}],"curies":[{"name":"wp","href":"https:\/\/api.w.org\/{rel}","templated":true}]}}