{"id":1822902,"date":"2023-05-08T03:06:41","date_gmt":"2023-05-08T00:06:41","guid":{"rendered":"https:\/\/horticom.ee\/e-pood\/toode\/lobelia-blue-carpet-lobelia-erinus-l\/"},"modified":"2026-04-07T03:12:56","modified_gmt":"2026-04-07T00:12:56","slug":"lobelia-blue-carpet-lobelia-erinus-l","status":"publish","type":"product","link":"https:\/\/horticom.ee\/e-pood\/toode\/lobelia-blue-carpet-lobelia-erinus-l\/","title":{"rendered":"Lobelia Blue Carpet-Lobelia erinus L."},"content":{"rendered":"<p>Lobeelia Blue Carpet on \u00fcheaastane taim. 30cm k\u00f5rgune ripplill. \u00d5ied on v\u00e4ikesed ja erksad. Sobib r\u00f5dukastide, rippvaaside haljastamiseks. Kasvab h\u00e4sti niiskes liivsavimullas. Seemned on v\u00e4ga v\u00e4ikesed, istutamisel mulda peale ei puistata, t\u00e4rkavad 14 -16 p\u00e4eva p\u00e4rast. 1g umbes 30 000 seemet.<\/p>\n","protected":false},"excerpt":{"rendered":"<p>Lobeelia Blue Carpet on \u00fcheaastane taim. 30cm k\u00f5rgune ripplill. \u00d5ied on v\u00e4ikesed ja erksad. Sobib r\u00f5dukastide, rippvaaside haljastamiseks. Kasvab h\u00e4sti niiskes liivsavimullas. Seemned on v\u00e4ga v\u00e4ikesed, istutamisel mulda peale ei puistata, t\u00e4rkavad 14 -16 p\u00e4eva p\u00e4rast. 1g umbes 30 000 seemet.<\/p>\n","protected":false},"featured_media":2400201,"comment_status":"closed","ping_status":"closed","template":"","meta":{"_themeisle_gutenberg_block_has_review":false},"product_cat":[13518],"product_tag":[],"class_list":{"0":"post-1822902","1":"product","2":"type-product","3":"status-publish","4":"has-post-thumbnail","6":"product_cat-lobeelia-bacopa","8":"first","9":"instock","10":"shipping-taxable","11":"purchasable","12":"product-type-simple"},"yoast_head":"<!-- This site is optimized with the Yoast SEO plugin v24.0 - https:\/\/yoast.com\/wordpress\/plugins\/seo\/ -->\n<title>Lobelia Blue Carpet-Lobelia erinus L. - Horticom.ee<\/title>\n<meta name=\"description\" content=\"Lobeelia Blue Carpet \u2013 \u00dcheaastane, 30cm k\u00f5rgune ripplill. V\u00e4ikesed erksad \u00f5ied, sobib r\u00f5dukastidesse ja rippvaasidesse. Eelistab niisket liivsavimulda.\" \/>\n<meta name=\"robots\" content=\"index, follow, max-snippet:-1, max-image-preview:large, max-video-preview:-1\" \/>\n<link rel=\"canonical\" href=\"https:\/\/horticom.ee\/e-pood\/toode\/lobelia-blue-carpet-lobelia-erinus-l\/\" \/>\n<meta property=\"og:locale\" content=\"et_EE\" \/>\n<meta property=\"og:type\" content=\"article\" \/>\n<meta property=\"og:title\" content=\"Lobelia Blue Carpet-Lobelia erinus L. - Horticom.ee\" \/>\n<meta property=\"og:description\" content=\"Lobeelia Blue Carpet \u2013 \u00dcheaastane, 30cm k\u00f5rgune ripplill. V\u00e4ikesed erksad \u00f5ied, sobib r\u00f5dukastidesse ja rippvaasidesse. Eelistab niisket liivsavimulda.\" \/>\n<meta property=\"og:url\" content=\"https:\/\/horticom.ee\/e-pood\/toode\/lobelia-blue-carpet-lobelia-erinus-l\/\" \/>\n<meta property=\"og:site_name\" content=\"Horticom.ee\" \/>\n<meta property=\"article:publisher\" content=\"https:\/\/www.facebook.com\/horticom.ee\/e-pood\" \/>\n<meta property=\"article:modified_time\" content=\"2026-04-07T00:12:56+00:00\" \/>\n<meta property=\"og:image\" content=\"https:\/\/horticom.ee\/e-pood\/wp-content\/uploads\/2023\/05\/4770168237162.jpg\" \/>\n\t<meta property=\"og:image:width\" content=\"398\" \/>\n\t<meta property=\"og:image:height\" content=\"425\" \/>\n\t<meta property=\"og:image:type\" content=\"image\/jpeg\" \/>\n<meta name=\"twitter:card\" content=\"summary_large_image\" \/>\n<meta name=\"twitter:label1\" content=\"Est. reading time\" \/>\n\t<meta name=\"twitter:data1\" content=\"1 minut\" \/>\n<script type=\"application\/ld+json\" class=\"yoast-schema-graph\">{\"@context\":\"https:\/\/schema.org\",\"@graph\":[{\"@type\":\"WebPage\",\"@id\":\"https:\/\/horticom.ee\/e-pood\/toode\/lobelia-blue-carpet-lobelia-erinus-l\/\",\"url\":\"https:\/\/horticom.ee\/e-pood\/toode\/lobelia-blue-carpet-lobelia-erinus-l\/\",\"name\":\"Lobelia Blue Carpet-Lobelia erinus L. - Horticom.ee\",\"isPartOf\":{\"@id\":\"https:\/\/horticom.ee\/e-pood\/#website\"},\"primaryImageOfPage\":{\"@id\":\"https:\/\/horticom.ee\/e-pood\/toode\/lobelia-blue-carpet-lobelia-erinus-l\/#primaryimage\"},\"image\":{\"@id\":\"https:\/\/horticom.ee\/e-pood\/toode\/lobelia-blue-carpet-lobelia-erinus-l\/#primaryimage\"},\"thumbnailUrl\":\"https:\/\/horticom.ee\/e-pood\/wp-content\/uploads\/2023\/05\/4770168237162.jpg\",\"datePublished\":\"2023-05-08T00:06:41+00:00\",\"dateModified\":\"2026-04-07T00:12:56+00:00\",\"description\":\"Lobeelia Blue Carpet \u2013 \u00dcheaastane, 30cm k\u00f5rgune ripplill. V\u00e4ikesed erksad \u00f5ied, sobib r\u00f5dukastidesse ja rippvaasidesse. Eelistab niisket liivsavimulda.\",\"breadcrumb\":{\"@id\":\"https:\/\/horticom.ee\/e-pood\/toode\/lobelia-blue-carpet-lobelia-erinus-l\/#breadcrumb\"},\"inLanguage\":\"et\",\"potentialAction\":[{\"@type\":\"ReadAction\",\"target\":[\"https:\/\/horticom.ee\/e-pood\/toode\/lobelia-blue-carpet-lobelia-erinus-l\/\"]}]},{\"@type\":\"ImageObject\",\"inLanguage\":\"et\",\"@id\":\"https:\/\/horticom.ee\/e-pood\/toode\/lobelia-blue-carpet-lobelia-erinus-l\/#primaryimage\",\"url\":\"https:\/\/horticom.ee\/e-pood\/wp-content\/uploads\/2023\/05\/4770168237162.jpg\",\"contentUrl\":\"https:\/\/horticom.ee\/e-pood\/wp-content\/uploads\/2023\/05\/4770168237162.jpg\",\"width\":398,\"height\":425},{\"@type\":\"BreadcrumbList\",\"@id\":\"https:\/\/horticom.ee\/e-pood\/toode\/lobelia-blue-carpet-lobelia-erinus-l\/#breadcrumb\",\"itemListElement\":[{\"@type\":\"ListItem\",\"position\":1,\"name\":\"Home\",\"item\":\"https:\/\/horticom.ee\/e-pood\/\"},{\"@type\":\"ListItem\",\"position\":2,\"name\":\"Pood\",\"item\":\"https:\/\/horticom.ee\/e-pood\/pood\/\"},{\"@type\":\"ListItem\",\"position\":3,\"name\":\"Lobelia Blue Carpet-Lobelia erinus L.\"}]},{\"@type\":\"WebSite\",\"@id\":\"https:\/\/horticom.ee\/e-pood\/#website\",\"url\":\"https:\/\/horticom.ee\/e-pood\/\",\"name\":\"Horticom.ee\",\"description\":\"Aianduskaubad ja kodukaubad nii harrastajatele kui professionaalidele\",\"potentialAction\":[{\"@type\":\"SearchAction\",\"target\":{\"@type\":\"EntryPoint\",\"urlTemplate\":\"https:\/\/horticom.ee\/e-pood\/?s={search_term_string}\"},\"query-input\":{\"@type\":\"PropertyValueSpecification\",\"valueRequired\":true,\"valueName\":\"search_term_string\"}}],\"inLanguage\":\"et\"}]}<\/script>\n<!-- \/ Yoast SEO plugin. -->","yoast_head_json":{"title":"Lobelia Blue Carpet-Lobelia erinus L. - Horticom.ee","description":"Lobeelia Blue Carpet \u2013 \u00dcheaastane, 30cm k\u00f5rgune ripplill. V\u00e4ikesed erksad \u00f5ied, sobib r\u00f5dukastidesse ja rippvaasidesse. Eelistab niisket liivsavimulda.","robots":{"index":"index","follow":"follow","max-snippet":"max-snippet:-1","max-image-preview":"max-image-preview:large","max-video-preview":"max-video-preview:-1"},"canonical":"https:\/\/horticom.ee\/e-pood\/toode\/lobelia-blue-carpet-lobelia-erinus-l\/","og_locale":"et_EE","og_type":"article","og_title":"Lobelia Blue Carpet-Lobelia erinus L. - Horticom.ee","og_description":"Lobeelia Blue Carpet \u2013 \u00dcheaastane, 30cm k\u00f5rgune ripplill. V\u00e4ikesed erksad \u00f5ied, sobib r\u00f5dukastidesse ja rippvaasidesse. Eelistab niisket liivsavimulda.","og_url":"https:\/\/horticom.ee\/e-pood\/toode\/lobelia-blue-carpet-lobelia-erinus-l\/","og_site_name":"Horticom.ee","article_publisher":"https:\/\/www.facebook.com\/horticom.ee\/e-pood","article_modified_time":"2026-04-07T00:12:56+00:00","og_image":[{"width":398,"height":425,"url":"https:\/\/horticom.ee\/e-pood\/wp-content\/uploads\/2023\/05\/4770168237162.jpg","type":"image\/jpeg"}],"twitter_card":"summary_large_image","twitter_misc":{"Est. reading time":"1 minut"},"schema":{"@context":"https:\/\/schema.org","@graph":[{"@type":"WebPage","@id":"https:\/\/horticom.ee\/e-pood\/toode\/lobelia-blue-carpet-lobelia-erinus-l\/","url":"https:\/\/horticom.ee\/e-pood\/toode\/lobelia-blue-carpet-lobelia-erinus-l\/","name":"Lobelia Blue Carpet-Lobelia erinus L. - Horticom.ee","isPartOf":{"@id":"https:\/\/horticom.ee\/e-pood\/#website"},"primaryImageOfPage":{"@id":"https:\/\/horticom.ee\/e-pood\/toode\/lobelia-blue-carpet-lobelia-erinus-l\/#primaryimage"},"image":{"@id":"https:\/\/horticom.ee\/e-pood\/toode\/lobelia-blue-carpet-lobelia-erinus-l\/#primaryimage"},"thumbnailUrl":"https:\/\/horticom.ee\/e-pood\/wp-content\/uploads\/2023\/05\/4770168237162.jpg","datePublished":"2023-05-08T00:06:41+00:00","dateModified":"2026-04-07T00:12:56+00:00","description":"Lobeelia Blue Carpet \u2013 \u00dcheaastane, 30cm k\u00f5rgune ripplill. V\u00e4ikesed erksad \u00f5ied, sobib r\u00f5dukastidesse ja rippvaasidesse. Eelistab niisket liivsavimulda.","breadcrumb":{"@id":"https:\/\/horticom.ee\/e-pood\/toode\/lobelia-blue-carpet-lobelia-erinus-l\/#breadcrumb"},"inLanguage":"et","potentialAction":[{"@type":"ReadAction","target":["https:\/\/horticom.ee\/e-pood\/toode\/lobelia-blue-carpet-lobelia-erinus-l\/"]}]},{"@type":"ImageObject","inLanguage":"et","@id":"https:\/\/horticom.ee\/e-pood\/toode\/lobelia-blue-carpet-lobelia-erinus-l\/#primaryimage","url":"https:\/\/horticom.ee\/e-pood\/wp-content\/uploads\/2023\/05\/4770168237162.jpg","contentUrl":"https:\/\/horticom.ee\/e-pood\/wp-content\/uploads\/2023\/05\/4770168237162.jpg","width":398,"height":425},{"@type":"BreadcrumbList","@id":"https:\/\/horticom.ee\/e-pood\/toode\/lobelia-blue-carpet-lobelia-erinus-l\/#breadcrumb","itemListElement":[{"@type":"ListItem","position":1,"name":"Home","item":"https:\/\/horticom.ee\/e-pood\/"},{"@type":"ListItem","position":2,"name":"Pood","item":"https:\/\/horticom.ee\/e-pood\/pood\/"},{"@type":"ListItem","position":3,"name":"Lobelia Blue Carpet-Lobelia erinus L."}]},{"@type":"WebSite","@id":"https:\/\/horticom.ee\/e-pood\/#website","url":"https:\/\/horticom.ee\/e-pood\/","name":"Horticom.ee","description":"Aianduskaubad ja kodukaubad nii harrastajatele kui professionaalidele","potentialAction":[{"@type":"SearchAction","target":{"@type":"EntryPoint","urlTemplate":"https:\/\/horticom.ee\/e-pood\/?s={search_term_string}"},"query-input":{"@type":"PropertyValueSpecification","valueRequired":true,"valueName":"search_term_string"}}],"inLanguage":"et"}]}},"_links":{"self":[{"href":"https:\/\/horticom.ee\/e-pood\/wp-json\/wp\/v2\/product\/1822902","targetHints":{"allow":["GET"]}}],"collection":[{"href":"https:\/\/horticom.ee\/e-pood\/wp-json\/wp\/v2\/product"}],"about":[{"href":"https:\/\/horticom.ee\/e-pood\/wp-json\/wp\/v2\/types\/product"}],"replies":[{"embeddable":true,"href":"https:\/\/horticom.ee\/e-pood\/wp-json\/wp\/v2\/comments?post=1822902"}],"wp:featuredmedia":[{"embeddable":true,"href":"https:\/\/horticom.ee\/e-pood\/wp-json\/wp\/v2\/media\/2400201"}],"wp:attachment":[{"href":"https:\/\/horticom.ee\/e-pood\/wp-json\/wp\/v2\/media?parent=1822902"}],"wp:term":[{"taxonomy":"product_cat","embeddable":true,"href":"https:\/\/horticom.ee\/e-pood\/wp-json\/wp\/v2\/product_cat?post=1822902"},{"taxonomy":"product_tag","embeddable":true,"href":"https:\/\/horticom.ee\/e-pood\/wp-json\/wp\/v2\/product_tag?post=1822902"}],"curies":[{"name":"wp","href":"https:\/\/api.w.org\/{rel}","templated":true}]}}