{"id":1822913,"date":"2023-05-08T03:06:54","date_gmt":"2023-05-08T00:06:54","guid":{"rendered":"https:\/\/horticom.ee\/e-pood\/toode\/magus-mais-zlota-karlowa-zea-mays-l-partim\/"},"modified":"2026-04-12T03:12:43","modified_gmt":"2026-04-12T00:12:43","slug":"magus-mais-zlota-karlowa-zea-mays-l-partim","status":"publish","type":"product","link":"https:\/\/horticom.ee\/e-pood\/toode\/magus-mais-zlota-karlowa-zea-mays-l-partim\/","title":{"rendered":"Magus mais Zlota Karlowa-Zea mays L. partim"},"content":{"rendered":"<p>Magus mais Zlota karlowa on sooja armastav aedvili.Vegetatsiooniperiood 150-180 p\u00e4eva. Taim kasvab kuni 1,4\u20131,6m k\u00f5rguseks. T\u00f5lvikud on umbes 12cm pikkused. Saak korjatakse maha siis, kui t\u00f5lvikud on t\u00e4iesti k\u00fcpsenud. Selles on palju suhkrut, t\u00e4rklist, valkusid ja vitamiine. Sobib popkorni valmistamiseks. K\u00f5ige paremini kasvab viljakas ja niiskes, vett ja \u00f5hku l\u00e4bilaskvas pinnases.<\/p>\n","protected":false},"excerpt":{"rendered":"<p>Magus mais Zlota karlowa on sooja armastav aedvili.Vegetatsiooniperiood 150-180 p\u00e4eva. Taim kasvab kuni 1,4\u20131,6m k\u00f5rguseks. T\u00f5lvikud on umbes 12cm pikkused. Saak korjatakse maha siis, kui t\u00f5lvikud on t\u00e4iesti k\u00fcpsenud. Selles on palju suhkrut, t\u00e4rklist, valkusid ja vitamiine. Sobib popkorni valmistamiseks. K\u00f5ige paremini kasvab viljakas ja niiskes, vett ja \u00f5hku l\u00e4bilaskvas pinnases.<\/p>\n","protected":false},"featured_media":1823720,"comment_status":"closed","ping_status":"closed","template":"","meta":{"_themeisle_gutenberg_block_has_review":false},"product_cat":[13491],"product_tag":[],"class_list":{"0":"post-1822913","1":"product","2":"type-product","3":"status-publish","4":"has-post-thumbnail","6":"product_cat-mais","8":"first","9":"instock","10":"shipping-taxable","11":"purchasable","12":"product-type-simple"},"yoast_head":"<!-- This site is optimized with the Yoast SEO plugin v24.0 - https:\/\/yoast.com\/wordpress\/plugins\/seo\/ -->\n<title>Magus mais Zlota Karlowa-Zea mays L. partim - Horticom.ee<\/title>\n<meta name=\"description\" content=\"Magus mais Zlota Karlowa \u2013 Keskmiselt 1,4-1,6m taim, t\u00f5lvikud 12cm. Suure suhkrusisaldusega, sobib popkorni valmistamiseks.\" \/>\n<meta name=\"robots\" content=\"index, follow, max-snippet:-1, max-image-preview:large, max-video-preview:-1\" \/>\n<link rel=\"canonical\" href=\"https:\/\/horticom.ee\/e-pood\/toode\/magus-mais-zlota-karlowa-zea-mays-l-partim\/\" \/>\n<meta property=\"og:locale\" content=\"et_EE\" \/>\n<meta property=\"og:type\" content=\"article\" \/>\n<meta property=\"og:title\" content=\"Magus mais Zlota Karlowa-Zea mays L. partim - Horticom.ee\" \/>\n<meta property=\"og:description\" content=\"Magus mais Zlota Karlowa \u2013 Keskmiselt 1,4-1,6m taim, t\u00f5lvikud 12cm. Suure suhkrusisaldusega, sobib popkorni valmistamiseks.\" \/>\n<meta property=\"og:url\" content=\"https:\/\/horticom.ee\/e-pood\/toode\/magus-mais-zlota-karlowa-zea-mays-l-partim\/\" \/>\n<meta property=\"og:site_name\" content=\"Horticom.ee\" \/>\n<meta property=\"article:publisher\" content=\"https:\/\/www.facebook.com\/horticom.ee\/e-pood\" \/>\n<meta property=\"article:modified_time\" content=\"2026-04-12T00:12:43+00:00\" \/>\n<meta property=\"og:image\" content=\"https:\/\/horticom.ee\/e-pood\/wp-content\/uploads\/importedmedia\/product-1822913_0-LA10450.jpg\" \/>\n\t<meta property=\"og:image:width\" content=\"999\" \/>\n\t<meta property=\"og:image:height\" content=\"1067\" \/>\n\t<meta property=\"og:image:type\" content=\"image\/jpeg\" \/>\n<meta name=\"twitter:card\" content=\"summary_large_image\" \/>\n<script type=\"application\/ld+json\" class=\"yoast-schema-graph\">{\"@context\":\"https:\/\/schema.org\",\"@graph\":[{\"@type\":\"WebPage\",\"@id\":\"https:\/\/horticom.ee\/e-pood\/toode\/magus-mais-zlota-karlowa-zea-mays-l-partim\/\",\"url\":\"https:\/\/horticom.ee\/e-pood\/toode\/magus-mais-zlota-karlowa-zea-mays-l-partim\/\",\"name\":\"Magus mais Zlota Karlowa-Zea mays L. partim - Horticom.ee\",\"isPartOf\":{\"@id\":\"https:\/\/horticom.ee\/e-pood\/#website\"},\"primaryImageOfPage\":{\"@id\":\"https:\/\/horticom.ee\/e-pood\/toode\/magus-mais-zlota-karlowa-zea-mays-l-partim\/#primaryimage\"},\"image\":{\"@id\":\"https:\/\/horticom.ee\/e-pood\/toode\/magus-mais-zlota-karlowa-zea-mays-l-partim\/#primaryimage\"},\"thumbnailUrl\":\"https:\/\/horticom.ee\/e-pood\/wp-content\/uploads\/importedmedia\/product-1822913_0-LA10450.jpg\",\"datePublished\":\"2023-05-08T00:06:54+00:00\",\"dateModified\":\"2026-04-12T00:12:43+00:00\",\"description\":\"Magus mais Zlota Karlowa \u2013 Keskmiselt 1,4-1,6m taim, t\u00f5lvikud 12cm. Suure suhkrusisaldusega, sobib popkorni valmistamiseks.\",\"breadcrumb\":{\"@id\":\"https:\/\/horticom.ee\/e-pood\/toode\/magus-mais-zlota-karlowa-zea-mays-l-partim\/#breadcrumb\"},\"inLanguage\":\"et\",\"potentialAction\":[{\"@type\":\"ReadAction\",\"target\":[\"https:\/\/horticom.ee\/e-pood\/toode\/magus-mais-zlota-karlowa-zea-mays-l-partim\/\"]}]},{\"@type\":\"ImageObject\",\"inLanguage\":\"et\",\"@id\":\"https:\/\/horticom.ee\/e-pood\/toode\/magus-mais-zlota-karlowa-zea-mays-l-partim\/#primaryimage\",\"url\":\"https:\/\/horticom.ee\/e-pood\/wp-content\/uploads\/importedmedia\/product-1822913_0-LA10450.jpg\",\"contentUrl\":\"https:\/\/horticom.ee\/e-pood\/wp-content\/uploads\/importedmedia\/product-1822913_0-LA10450.jpg\",\"width\":999,\"height\":1067,\"caption\":\"Magus mais Zlota Karlowa-Zea mays L. partim\"},{\"@type\":\"BreadcrumbList\",\"@id\":\"https:\/\/horticom.ee\/e-pood\/toode\/magus-mais-zlota-karlowa-zea-mays-l-partim\/#breadcrumb\",\"itemListElement\":[{\"@type\":\"ListItem\",\"position\":1,\"name\":\"Home\",\"item\":\"https:\/\/horticom.ee\/e-pood\/\"},{\"@type\":\"ListItem\",\"position\":2,\"name\":\"Pood\",\"item\":\"https:\/\/horticom.ee\/e-pood\/pood\/\"},{\"@type\":\"ListItem\",\"position\":3,\"name\":\"Magus mais Zlota Karlowa-Zea mays L. partim\"}]},{\"@type\":\"WebSite\",\"@id\":\"https:\/\/horticom.ee\/e-pood\/#website\",\"url\":\"https:\/\/horticom.ee\/e-pood\/\",\"name\":\"Horticom.ee\",\"description\":\"Aianduskaubad ja kodukaubad nii harrastajatele kui professionaalidele\",\"potentialAction\":[{\"@type\":\"SearchAction\",\"target\":{\"@type\":\"EntryPoint\",\"urlTemplate\":\"https:\/\/horticom.ee\/e-pood\/?s={search_term_string}\"},\"query-input\":{\"@type\":\"PropertyValueSpecification\",\"valueRequired\":true,\"valueName\":\"search_term_string\"}}],\"inLanguage\":\"et\"}]}<\/script>\n<!-- \/ Yoast SEO plugin. -->","yoast_head_json":{"title":"Magus mais Zlota Karlowa-Zea mays L. partim - Horticom.ee","description":"Magus mais Zlota Karlowa \u2013 Keskmiselt 1,4-1,6m taim, t\u00f5lvikud 12cm. Suure suhkrusisaldusega, sobib popkorni valmistamiseks.","robots":{"index":"index","follow":"follow","max-snippet":"max-snippet:-1","max-image-preview":"max-image-preview:large","max-video-preview":"max-video-preview:-1"},"canonical":"https:\/\/horticom.ee\/e-pood\/toode\/magus-mais-zlota-karlowa-zea-mays-l-partim\/","og_locale":"et_EE","og_type":"article","og_title":"Magus mais Zlota Karlowa-Zea mays L. partim - Horticom.ee","og_description":"Magus mais Zlota Karlowa \u2013 Keskmiselt 1,4-1,6m taim, t\u00f5lvikud 12cm. Suure suhkrusisaldusega, sobib popkorni valmistamiseks.","og_url":"https:\/\/horticom.ee\/e-pood\/toode\/magus-mais-zlota-karlowa-zea-mays-l-partim\/","og_site_name":"Horticom.ee","article_publisher":"https:\/\/www.facebook.com\/horticom.ee\/e-pood","article_modified_time":"2026-04-12T00:12:43+00:00","og_image":[{"width":999,"height":1067,"url":"https:\/\/horticom.ee\/e-pood\/wp-content\/uploads\/importedmedia\/product-1822913_0-LA10450.jpg","type":"image\/jpeg"}],"twitter_card":"summary_large_image","schema":{"@context":"https:\/\/schema.org","@graph":[{"@type":"WebPage","@id":"https:\/\/horticom.ee\/e-pood\/toode\/magus-mais-zlota-karlowa-zea-mays-l-partim\/","url":"https:\/\/horticom.ee\/e-pood\/toode\/magus-mais-zlota-karlowa-zea-mays-l-partim\/","name":"Magus mais Zlota Karlowa-Zea mays L. partim - Horticom.ee","isPartOf":{"@id":"https:\/\/horticom.ee\/e-pood\/#website"},"primaryImageOfPage":{"@id":"https:\/\/horticom.ee\/e-pood\/toode\/magus-mais-zlota-karlowa-zea-mays-l-partim\/#primaryimage"},"image":{"@id":"https:\/\/horticom.ee\/e-pood\/toode\/magus-mais-zlota-karlowa-zea-mays-l-partim\/#primaryimage"},"thumbnailUrl":"https:\/\/horticom.ee\/e-pood\/wp-content\/uploads\/importedmedia\/product-1822913_0-LA10450.jpg","datePublished":"2023-05-08T00:06:54+00:00","dateModified":"2026-04-12T00:12:43+00:00","description":"Magus mais Zlota Karlowa \u2013 Keskmiselt 1,4-1,6m taim, t\u00f5lvikud 12cm. Suure suhkrusisaldusega, sobib popkorni valmistamiseks.","breadcrumb":{"@id":"https:\/\/horticom.ee\/e-pood\/toode\/magus-mais-zlota-karlowa-zea-mays-l-partim\/#breadcrumb"},"inLanguage":"et","potentialAction":[{"@type":"ReadAction","target":["https:\/\/horticom.ee\/e-pood\/toode\/magus-mais-zlota-karlowa-zea-mays-l-partim\/"]}]},{"@type":"ImageObject","inLanguage":"et","@id":"https:\/\/horticom.ee\/e-pood\/toode\/magus-mais-zlota-karlowa-zea-mays-l-partim\/#primaryimage","url":"https:\/\/horticom.ee\/e-pood\/wp-content\/uploads\/importedmedia\/product-1822913_0-LA10450.jpg","contentUrl":"https:\/\/horticom.ee\/e-pood\/wp-content\/uploads\/importedmedia\/product-1822913_0-LA10450.jpg","width":999,"height":1067,"caption":"Magus mais Zlota Karlowa-Zea mays L. partim"},{"@type":"BreadcrumbList","@id":"https:\/\/horticom.ee\/e-pood\/toode\/magus-mais-zlota-karlowa-zea-mays-l-partim\/#breadcrumb","itemListElement":[{"@type":"ListItem","position":1,"name":"Home","item":"https:\/\/horticom.ee\/e-pood\/"},{"@type":"ListItem","position":2,"name":"Pood","item":"https:\/\/horticom.ee\/e-pood\/pood\/"},{"@type":"ListItem","position":3,"name":"Magus mais Zlota Karlowa-Zea mays L. partim"}]},{"@type":"WebSite","@id":"https:\/\/horticom.ee\/e-pood\/#website","url":"https:\/\/horticom.ee\/e-pood\/","name":"Horticom.ee","description":"Aianduskaubad ja kodukaubad nii harrastajatele kui professionaalidele","potentialAction":[{"@type":"SearchAction","target":{"@type":"EntryPoint","urlTemplate":"https:\/\/horticom.ee\/e-pood\/?s={search_term_string}"},"query-input":{"@type":"PropertyValueSpecification","valueRequired":true,"valueName":"search_term_string"}}],"inLanguage":"et"}]}},"_links":{"self":[{"href":"https:\/\/horticom.ee\/e-pood\/wp-json\/wp\/v2\/product\/1822913","targetHints":{"allow":["GET"]}}],"collection":[{"href":"https:\/\/horticom.ee\/e-pood\/wp-json\/wp\/v2\/product"}],"about":[{"href":"https:\/\/horticom.ee\/e-pood\/wp-json\/wp\/v2\/types\/product"}],"replies":[{"embeddable":true,"href":"https:\/\/horticom.ee\/e-pood\/wp-json\/wp\/v2\/comments?post=1822913"}],"wp:featuredmedia":[{"embeddable":true,"href":"https:\/\/horticom.ee\/e-pood\/wp-json\/wp\/v2\/media\/1823720"}],"wp:attachment":[{"href":"https:\/\/horticom.ee\/e-pood\/wp-json\/wp\/v2\/media?parent=1822913"}],"wp:term":[{"taxonomy":"product_cat","embeddable":true,"href":"https:\/\/horticom.ee\/e-pood\/wp-json\/wp\/v2\/product_cat?post=1822913"},{"taxonomy":"product_tag","embeddable":true,"href":"https:\/\/horticom.ee\/e-pood\/wp-json\/wp\/v2\/product_tag?post=1822913"}],"curies":[{"name":"wp","href":"https:\/\/api.w.org\/{rel}","templated":true}]}}