{"id":1822915,"date":"2023-05-08T03:06:56","date_gmt":"2023-05-08T00:06:56","guid":{"rendered":"https:\/\/horticom.ee\/e-pood\/toode\/porgand-nantes-5-daucus-carota-l\/"},"modified":"2026-04-30T03:11:32","modified_gmt":"2026-04-30T00:11:32","slug":"porgand-nantes-5-daucus-carota-l","status":"publish","type":"product","link":"https:\/\/horticom.ee\/e-pood\/toode\/porgand-nantes-5-daucus-carota-l\/","title":{"rendered":"Porgand Nantes 5 -Daucus carota L."},"content":{"rendered":"<p>Porgand Nantes 5 on varajane sort. Viljad pikad, t\u00f6mbi otsaga ereoran\u017ei v\u00e4rvi, porgandi kaal 110g. Viljaliha mahlakas, oran\u017e. Seemned idanevad +3-4 C temperatuuril. Porgandile sobib p\u00e4ikesepaisteline kasvukoht s\u00fcgavalt haritud vett l\u00e4bilaskva neutraalse kerge liivsavi- v\u00f5i saviliivmullaga. Porgandit on v\u00f5imalik k\u00fclvata kuni juuni l\u00f5puni. Varajase saagi saamiseks k\u00fclvatakse katteloori alla v\u00f5imalikult vara. ?<\/p>\n","protected":false},"excerpt":{"rendered":"<p>Porgand Nantes 5 on varajane sort. Viljad pikad, t\u00f6mbi otsaga ereoran\u017ei v\u00e4rvi, porgandi kaal 110g. Viljaliha mahlakas, oran\u017e. Seemned idanevad +3-4 C temperatuuril. Porgandile sobib p\u00e4ikesepaisteline kasvukoht s\u00fcgavalt haritud vett l\u00e4bilaskva neutraalse kerge liivsavi- v\u00f5i saviliivmullaga. Porgandit on v\u00f5imalik k\u00fclvata kuni juuni l\u00f5puni. Varajase saagi saamiseks k\u00fclvatakse katteloori alla v\u00f5imalikult vara. ?<\/p>\n","protected":false},"featured_media":2400216,"comment_status":"closed","ping_status":"closed","template":"","meta":{"_themeisle_gutenberg_block_has_review":false},"product_cat":[13487],"product_tag":[],"class_list":{"0":"post-1822915","1":"product","2":"type-product","3":"status-publish","4":"has-post-thumbnail","6":"product_cat-porgand-pastinaak","8":"first","9":"instock","10":"shipping-taxable","11":"purchasable","12":"product-type-simple"},"yoast_head":"<!-- This site is optimized with the Yoast SEO plugin v24.0 - https:\/\/yoast.com\/wordpress\/plugins\/seo\/ -->\n<title>Porgand Nantes 5 -Daucus carota L. - Horticom.ee\/e-pood<\/title>\n<meta name=\"description\" content=\"Porgand Nantes 5 on varajane, ereoran\u017ei v\u00e4rvusega ja mahlakas. Sobib kasvatamiseks p\u00e4ikesepaistelises, h\u00e4sti haritud mullas.\" \/>\n<meta name=\"robots\" content=\"index, follow, max-snippet:-1, max-image-preview:large, max-video-preview:-1\" \/>\n<link rel=\"canonical\" href=\"https:\/\/horticom.ee\/e-pood\/toode\/porgand-nantes-5-daucus-carota-l\/\" \/>\n<meta property=\"og:locale\" content=\"et_EE\" \/>\n<meta property=\"og:type\" content=\"article\" \/>\n<meta property=\"og:title\" content=\"Porgand Nantes 5 -Daucus carota L. - Horticom.ee\/e-pood\" \/>\n<meta property=\"og:description\" content=\"Porgand Nantes 5 on varajane, ereoran\u017ei v\u00e4rvusega ja mahlakas. Sobib kasvatamiseks p\u00e4ikesepaistelises, h\u00e4sti haritud mullas.\" \/>\n<meta property=\"og:url\" content=\"https:\/\/horticom.ee\/e-pood\/toode\/porgand-nantes-5-daucus-carota-l\/\" \/>\n<meta property=\"og:site_name\" content=\"Horticom.ee\" \/>\n<meta property=\"article:publisher\" content=\"https:\/\/www.facebook.com\/horticom.ee\/e-pood\" \/>\n<meta property=\"article:modified_time\" content=\"2026-04-30T00:11:32+00:00\" \/>\n<meta property=\"og:image\" content=\"https:\/\/horticom.ee\/e-pood\/wp-content\/uploads\/2023\/05\/4770168124301.jpg\" \/>\n\t<meta property=\"og:image:width\" content=\"900\" \/>\n\t<meta property=\"og:image:height\" content=\"962\" \/>\n\t<meta property=\"og:image:type\" content=\"image\/jpeg\" \/>\n<meta name=\"twitter:card\" content=\"summary_large_image\" \/>\n<meta name=\"twitter:label1\" content=\"Est. reading time\" \/>\n\t<meta name=\"twitter:data1\" content=\"1 minut\" \/>\n<script type=\"application\/ld+json\" class=\"yoast-schema-graph\">{\"@context\":\"https:\/\/schema.org\",\"@graph\":[{\"@type\":\"WebPage\",\"@id\":\"https:\/\/horticom.ee\/e-pood\/toode\/porgand-nantes-5-daucus-carota-l\/\",\"url\":\"https:\/\/horticom.ee\/e-pood\/toode\/porgand-nantes-5-daucus-carota-l\/\",\"name\":\"Porgand Nantes 5 -Daucus carota L. - Horticom.ee\/e-pood\",\"isPartOf\":{\"@id\":\"https:\/\/horticom.ee\/e-pood\/#website\"},\"primaryImageOfPage\":{\"@id\":\"https:\/\/horticom.ee\/e-pood\/toode\/porgand-nantes-5-daucus-carota-l\/#primaryimage\"},\"image\":{\"@id\":\"https:\/\/horticom.ee\/e-pood\/toode\/porgand-nantes-5-daucus-carota-l\/#primaryimage\"},\"thumbnailUrl\":\"https:\/\/horticom.ee\/e-pood\/wp-content\/uploads\/2023\/05\/4770168124301.jpg\",\"datePublished\":\"2023-05-08T00:06:56+00:00\",\"dateModified\":\"2026-04-30T00:11:32+00:00\",\"description\":\"Porgand Nantes 5 on varajane, ereoran\u017ei v\u00e4rvusega ja mahlakas. Sobib kasvatamiseks p\u00e4ikesepaistelises, h\u00e4sti haritud mullas.\",\"breadcrumb\":{\"@id\":\"https:\/\/horticom.ee\/e-pood\/toode\/porgand-nantes-5-daucus-carota-l\/#breadcrumb\"},\"inLanguage\":\"et\",\"potentialAction\":[{\"@type\":\"ReadAction\",\"target\":[\"https:\/\/horticom.ee\/e-pood\/toode\/porgand-nantes-5-daucus-carota-l\/\"]}]},{\"@type\":\"ImageObject\",\"inLanguage\":\"et\",\"@id\":\"https:\/\/horticom.ee\/e-pood\/toode\/porgand-nantes-5-daucus-carota-l\/#primaryimage\",\"url\":\"https:\/\/horticom.ee\/e-pood\/wp-content\/uploads\/2023\/05\/4770168124301.jpg\",\"contentUrl\":\"https:\/\/horticom.ee\/e-pood\/wp-content\/uploads\/2023\/05\/4770168124301.jpg\",\"width\":900,\"height\":962},{\"@type\":\"BreadcrumbList\",\"@id\":\"https:\/\/horticom.ee\/e-pood\/toode\/porgand-nantes-5-daucus-carota-l\/#breadcrumb\",\"itemListElement\":[{\"@type\":\"ListItem\",\"position\":1,\"name\":\"Home\",\"item\":\"https:\/\/horticom.ee\/e-pood\/\"},{\"@type\":\"ListItem\",\"position\":2,\"name\":\"Pood\",\"item\":\"https:\/\/horticom.ee\/e-pood\/pood\/\"},{\"@type\":\"ListItem\",\"position\":3,\"name\":\"Porgand Nantes 5 -Daucus carota L.\"}]},{\"@type\":\"WebSite\",\"@id\":\"https:\/\/horticom.ee\/e-pood\/#website\",\"url\":\"https:\/\/horticom.ee\/e-pood\/\",\"name\":\"Horticom.ee\",\"description\":\"Aianduskaubad ja kodukaubad nii harrastajatele kui professionaalidele\",\"potentialAction\":[{\"@type\":\"SearchAction\",\"target\":{\"@type\":\"EntryPoint\",\"urlTemplate\":\"https:\/\/horticom.ee\/e-pood\/?s={search_term_string}\"},\"query-input\":{\"@type\":\"PropertyValueSpecification\",\"valueRequired\":true,\"valueName\":\"search_term_string\"}}],\"inLanguage\":\"et\"}]}<\/script>\n<!-- \/ Yoast SEO plugin. -->","yoast_head_json":{"title":"Porgand Nantes 5 -Daucus carota L. - Horticom.ee\/e-pood","description":"Porgand Nantes 5 on varajane, ereoran\u017ei v\u00e4rvusega ja mahlakas. Sobib kasvatamiseks p\u00e4ikesepaistelises, h\u00e4sti haritud mullas.","robots":{"index":"index","follow":"follow","max-snippet":"max-snippet:-1","max-image-preview":"max-image-preview:large","max-video-preview":"max-video-preview:-1"},"canonical":"https:\/\/horticom.ee\/e-pood\/toode\/porgand-nantes-5-daucus-carota-l\/","og_locale":"et_EE","og_type":"article","og_title":"Porgand Nantes 5 -Daucus carota L. - Horticom.ee\/e-pood","og_description":"Porgand Nantes 5 on varajane, ereoran\u017ei v\u00e4rvusega ja mahlakas. Sobib kasvatamiseks p\u00e4ikesepaistelises, h\u00e4sti haritud mullas.","og_url":"https:\/\/horticom.ee\/e-pood\/toode\/porgand-nantes-5-daucus-carota-l\/","og_site_name":"Horticom.ee","article_publisher":"https:\/\/www.facebook.com\/horticom.ee\/e-pood","article_modified_time":"2026-04-30T00:11:32+00:00","og_image":[{"width":900,"height":962,"url":"https:\/\/horticom.ee\/e-pood\/wp-content\/uploads\/2023\/05\/4770168124301.jpg","type":"image\/jpeg"}],"twitter_card":"summary_large_image","twitter_misc":{"Est. reading time":"1 minut"},"schema":{"@context":"https:\/\/schema.org","@graph":[{"@type":"WebPage","@id":"https:\/\/horticom.ee\/e-pood\/toode\/porgand-nantes-5-daucus-carota-l\/","url":"https:\/\/horticom.ee\/e-pood\/toode\/porgand-nantes-5-daucus-carota-l\/","name":"Porgand Nantes 5 -Daucus carota L. - Horticom.ee\/e-pood","isPartOf":{"@id":"https:\/\/horticom.ee\/e-pood\/#website"},"primaryImageOfPage":{"@id":"https:\/\/horticom.ee\/e-pood\/toode\/porgand-nantes-5-daucus-carota-l\/#primaryimage"},"image":{"@id":"https:\/\/horticom.ee\/e-pood\/toode\/porgand-nantes-5-daucus-carota-l\/#primaryimage"},"thumbnailUrl":"https:\/\/horticom.ee\/e-pood\/wp-content\/uploads\/2023\/05\/4770168124301.jpg","datePublished":"2023-05-08T00:06:56+00:00","dateModified":"2026-04-30T00:11:32+00:00","description":"Porgand Nantes 5 on varajane, ereoran\u017ei v\u00e4rvusega ja mahlakas. Sobib kasvatamiseks p\u00e4ikesepaistelises, h\u00e4sti haritud mullas.","breadcrumb":{"@id":"https:\/\/horticom.ee\/e-pood\/toode\/porgand-nantes-5-daucus-carota-l\/#breadcrumb"},"inLanguage":"et","potentialAction":[{"@type":"ReadAction","target":["https:\/\/horticom.ee\/e-pood\/toode\/porgand-nantes-5-daucus-carota-l\/"]}]},{"@type":"ImageObject","inLanguage":"et","@id":"https:\/\/horticom.ee\/e-pood\/toode\/porgand-nantes-5-daucus-carota-l\/#primaryimage","url":"https:\/\/horticom.ee\/e-pood\/wp-content\/uploads\/2023\/05\/4770168124301.jpg","contentUrl":"https:\/\/horticom.ee\/e-pood\/wp-content\/uploads\/2023\/05\/4770168124301.jpg","width":900,"height":962},{"@type":"BreadcrumbList","@id":"https:\/\/horticom.ee\/e-pood\/toode\/porgand-nantes-5-daucus-carota-l\/#breadcrumb","itemListElement":[{"@type":"ListItem","position":1,"name":"Home","item":"https:\/\/horticom.ee\/e-pood\/"},{"@type":"ListItem","position":2,"name":"Pood","item":"https:\/\/horticom.ee\/e-pood\/pood\/"},{"@type":"ListItem","position":3,"name":"Porgand Nantes 5 -Daucus carota L."}]},{"@type":"WebSite","@id":"https:\/\/horticom.ee\/e-pood\/#website","url":"https:\/\/horticom.ee\/e-pood\/","name":"Horticom.ee","description":"Aianduskaubad ja kodukaubad nii harrastajatele kui professionaalidele","potentialAction":[{"@type":"SearchAction","target":{"@type":"EntryPoint","urlTemplate":"https:\/\/horticom.ee\/e-pood\/?s={search_term_string}"},"query-input":{"@type":"PropertyValueSpecification","valueRequired":true,"valueName":"search_term_string"}}],"inLanguage":"et"}]}},"_links":{"self":[{"href":"https:\/\/horticom.ee\/e-pood\/wp-json\/wp\/v2\/product\/1822915","targetHints":{"allow":["GET"]}}],"collection":[{"href":"https:\/\/horticom.ee\/e-pood\/wp-json\/wp\/v2\/product"}],"about":[{"href":"https:\/\/horticom.ee\/e-pood\/wp-json\/wp\/v2\/types\/product"}],"replies":[{"embeddable":true,"href":"https:\/\/horticom.ee\/e-pood\/wp-json\/wp\/v2\/comments?post=1822915"}],"wp:featuredmedia":[{"embeddable":true,"href":"https:\/\/horticom.ee\/e-pood\/wp-json\/wp\/v2\/media\/2400216"}],"wp:attachment":[{"href":"https:\/\/horticom.ee\/e-pood\/wp-json\/wp\/v2\/media?parent=1822915"}],"wp:term":[{"taxonomy":"product_cat","embeddable":true,"href":"https:\/\/horticom.ee\/e-pood\/wp-json\/wp\/v2\/product_cat?post=1822915"},{"taxonomy":"product_tag","embeddable":true,"href":"https:\/\/horticom.ee\/e-pood\/wp-json\/wp\/v2\/product_tag?post=1822915"}],"curies":[{"name":"wp","href":"https:\/\/api.w.org\/{rel}","templated":true}]}}