{"id":1822916,"date":"2023-05-08T03:06:57","date_gmt":"2023-05-08T00:06:57","guid":{"rendered":"https:\/\/horticom.ee\/e-pood\/toode\/redis-de-dix-huit-jours-18-raphanus-sativus-l\/"},"modified":"2026-05-03T03:12:01","modified_gmt":"2026-05-03T00:12:01","slug":"redis-de-dix-huit-jours-18-raphanus-sativus-l","status":"publish","type":"product","link":"https:\/\/horticom.ee\/e-pood\/toode\/redis-de-dix-huit-jours-18-raphanus-sativus-l\/","title":{"rendered":"Redis De Dix &#8211; Huit Jours 18-Raphanus sativus L."},"content":{"rendered":"<p>Redis De dix &#8211; Huit jours on varajane sort. Vegetatsiooniperiood  25\u201330 p\u00e4eva. K\u00f5ige \u00f5igem v\u00e4ljas kasvatatavate rediste k\u00fclviaeg on m\u00e4rtsis \u2013 aprillis. S\u00fcgiseseks saagiks k\u00fclvatakse rediseid augusti teisel poolel. Juurviljad on erkpunased, viljaliha on valge, \u00f5rn, kr\u00f5mpsuv. Sobiv kasvatamiseks nii kasvuhoones kui ka avamaal. 1g \u2013 umbes 70\u2013130 seemet.<\/p>\n","protected":false},"excerpt":{"rendered":"<p>Redis De dix &#8211; Huit jours on varajane sort. Vegetatsiooniperiood 25\u201330 p\u00e4eva. K\u00f5ige \u00f5igem v\u00e4ljas kasvatatavate rediste k\u00fclviaeg on m\u00e4rtsis \u2013 aprillis. S\u00fcgiseseks saagiks k\u00fclvatakse rediseid augusti teisel poolel. Juurviljad on erkpunased, viljaliha on valge, \u00f5rn, kr\u00f5mpsuv. Sobiv kasvatamiseks nii kasvuhoones kui ka avamaal. 1g \u2013 umbes 70\u2013130 seemet.<\/p>\n","protected":false},"featured_media":1823716,"comment_status":"closed","ping_status":"closed","template":"","meta":{"_themeisle_gutenberg_block_has_review":false},"product_cat":[13485],"product_tag":[],"class_list":{"0":"post-1822916","1":"product","2":"type-product","3":"status-publish","4":"has-post-thumbnail","6":"product_cat-redis-roigas","8":"first","9":"instock","10":"shipping-taxable","11":"purchasable","12":"product-type-simple"},"yoast_head":"<!-- This site is optimized with the Yoast SEO plugin v24.0 - https:\/\/yoast.com\/wordpress\/plugins\/seo\/ -->\n<title>Redis De Dix - Huit Jours 18-Raphanus sativus L.<\/title>\n<meta name=\"description\" content=\"Redis De dix - Huit jours on varajane sort. Erkpunased ja kr\u00f5mpsuvad juurviljad valmivad 25\u201330 p\u00e4evaga, sobivad kasvatamiseks kasvuhoones ja avamaal.\" \/>\n<meta name=\"robots\" content=\"index, follow, max-snippet:-1, max-image-preview:large, max-video-preview:-1\" \/>\n<link rel=\"canonical\" href=\"https:\/\/horticom.ee\/e-pood\/toode\/redis-de-dix-huit-jours-18-raphanus-sativus-l\/\" \/>\n<meta property=\"og:locale\" content=\"et_EE\" \/>\n<meta property=\"og:type\" content=\"article\" \/>\n<meta property=\"og:title\" content=\"Redis De Dix - Huit Jours 18-Raphanus sativus L.\" \/>\n<meta property=\"og:description\" content=\"Redis De dix - Huit jours on varajane sort. Erkpunased ja kr\u00f5mpsuvad juurviljad valmivad 25\u201330 p\u00e4evaga, sobivad kasvatamiseks kasvuhoones ja avamaal.\" \/>\n<meta property=\"og:url\" content=\"https:\/\/horticom.ee\/e-pood\/toode\/redis-de-dix-huit-jours-18-raphanus-sativus-l\/\" \/>\n<meta property=\"og:site_name\" content=\"Horticom.ee\" \/>\n<meta property=\"article:publisher\" content=\"https:\/\/www.facebook.com\/horticom.ee\/e-pood\" \/>\n<meta property=\"article:modified_time\" content=\"2026-05-03T00:12:01+00:00\" \/>\n<meta property=\"og:image\" content=\"https:\/\/horticom.ee\/e-pood\/wp-content\/uploads\/importedmedia\/product-1822916_0-LA11050.jpg\" \/>\n\t<meta property=\"og:image:width\" content=\"999\" \/>\n\t<meta property=\"og:image:height\" content=\"1067\" \/>\n\t<meta property=\"og:image:type\" content=\"image\/jpeg\" \/>\n<meta name=\"twitter:card\" content=\"summary_large_image\" \/>\n<script type=\"application\/ld+json\" class=\"yoast-schema-graph\">{\"@context\":\"https:\/\/schema.org\",\"@graph\":[{\"@type\":\"WebPage\",\"@id\":\"https:\/\/horticom.ee\/e-pood\/toode\/redis-de-dix-huit-jours-18-raphanus-sativus-l\/\",\"url\":\"https:\/\/horticom.ee\/e-pood\/toode\/redis-de-dix-huit-jours-18-raphanus-sativus-l\/\",\"name\":\"Redis De Dix - Huit Jours 18-Raphanus sativus L.\",\"isPartOf\":{\"@id\":\"https:\/\/horticom.ee\/e-pood\/#website\"},\"primaryImageOfPage\":{\"@id\":\"https:\/\/horticom.ee\/e-pood\/toode\/redis-de-dix-huit-jours-18-raphanus-sativus-l\/#primaryimage\"},\"image\":{\"@id\":\"https:\/\/horticom.ee\/e-pood\/toode\/redis-de-dix-huit-jours-18-raphanus-sativus-l\/#primaryimage\"},\"thumbnailUrl\":\"https:\/\/horticom.ee\/e-pood\/wp-content\/uploads\/importedmedia\/product-1822916_0-LA11050.jpg\",\"datePublished\":\"2023-05-08T00:06:57+00:00\",\"dateModified\":\"2026-05-03T00:12:01+00:00\",\"description\":\"Redis De dix - Huit jours on varajane sort. Erkpunased ja kr\u00f5mpsuvad juurviljad valmivad 25\u201330 p\u00e4evaga, sobivad kasvatamiseks kasvuhoones ja avamaal.\",\"breadcrumb\":{\"@id\":\"https:\/\/horticom.ee\/e-pood\/toode\/redis-de-dix-huit-jours-18-raphanus-sativus-l\/#breadcrumb\"},\"inLanguage\":\"et\",\"potentialAction\":[{\"@type\":\"ReadAction\",\"target\":[\"https:\/\/horticom.ee\/e-pood\/toode\/redis-de-dix-huit-jours-18-raphanus-sativus-l\/\"]}]},{\"@type\":\"ImageObject\",\"inLanguage\":\"et\",\"@id\":\"https:\/\/horticom.ee\/e-pood\/toode\/redis-de-dix-huit-jours-18-raphanus-sativus-l\/#primaryimage\",\"url\":\"https:\/\/horticom.ee\/e-pood\/wp-content\/uploads\/importedmedia\/product-1822916_0-LA11050.jpg\",\"contentUrl\":\"https:\/\/horticom.ee\/e-pood\/wp-content\/uploads\/importedmedia\/product-1822916_0-LA11050.jpg\",\"width\":999,\"height\":1067,\"caption\":\"Redis De Dix - Huit Jours 18-Raphanus sativus L.\"},{\"@type\":\"BreadcrumbList\",\"@id\":\"https:\/\/horticom.ee\/e-pood\/toode\/redis-de-dix-huit-jours-18-raphanus-sativus-l\/#breadcrumb\",\"itemListElement\":[{\"@type\":\"ListItem\",\"position\":1,\"name\":\"Home\",\"item\":\"https:\/\/horticom.ee\/e-pood\/\"},{\"@type\":\"ListItem\",\"position\":2,\"name\":\"Pood\",\"item\":\"https:\/\/horticom.ee\/e-pood\/pood\/\"},{\"@type\":\"ListItem\",\"position\":3,\"name\":\"Redis De Dix &#8211; Huit Jours 18-Raphanus sativus L.\"}]},{\"@type\":\"WebSite\",\"@id\":\"https:\/\/horticom.ee\/e-pood\/#website\",\"url\":\"https:\/\/horticom.ee\/e-pood\/\",\"name\":\"Horticom.ee\",\"description\":\"Aianduskaubad ja kodukaubad nii harrastajatele kui professionaalidele\",\"potentialAction\":[{\"@type\":\"SearchAction\",\"target\":{\"@type\":\"EntryPoint\",\"urlTemplate\":\"https:\/\/horticom.ee\/e-pood\/?s={search_term_string}\"},\"query-input\":{\"@type\":\"PropertyValueSpecification\",\"valueRequired\":true,\"valueName\":\"search_term_string\"}}],\"inLanguage\":\"et\"}]}<\/script>\n<!-- \/ Yoast SEO plugin. -->","yoast_head_json":{"title":"Redis De Dix - Huit Jours 18-Raphanus sativus L.","description":"Redis De dix - Huit jours on varajane sort. Erkpunased ja kr\u00f5mpsuvad juurviljad valmivad 25\u201330 p\u00e4evaga, sobivad kasvatamiseks kasvuhoones ja avamaal.","robots":{"index":"index","follow":"follow","max-snippet":"max-snippet:-1","max-image-preview":"max-image-preview:large","max-video-preview":"max-video-preview:-1"},"canonical":"https:\/\/horticom.ee\/e-pood\/toode\/redis-de-dix-huit-jours-18-raphanus-sativus-l\/","og_locale":"et_EE","og_type":"article","og_title":"Redis De Dix - Huit Jours 18-Raphanus sativus L.","og_description":"Redis De dix - Huit jours on varajane sort. Erkpunased ja kr\u00f5mpsuvad juurviljad valmivad 25\u201330 p\u00e4evaga, sobivad kasvatamiseks kasvuhoones ja avamaal.","og_url":"https:\/\/horticom.ee\/e-pood\/toode\/redis-de-dix-huit-jours-18-raphanus-sativus-l\/","og_site_name":"Horticom.ee","article_publisher":"https:\/\/www.facebook.com\/horticom.ee\/e-pood","article_modified_time":"2026-05-03T00:12:01+00:00","og_image":[{"width":999,"height":1067,"url":"https:\/\/horticom.ee\/e-pood\/wp-content\/uploads\/importedmedia\/product-1822916_0-LA11050.jpg","type":"image\/jpeg"}],"twitter_card":"summary_large_image","schema":{"@context":"https:\/\/schema.org","@graph":[{"@type":"WebPage","@id":"https:\/\/horticom.ee\/e-pood\/toode\/redis-de-dix-huit-jours-18-raphanus-sativus-l\/","url":"https:\/\/horticom.ee\/e-pood\/toode\/redis-de-dix-huit-jours-18-raphanus-sativus-l\/","name":"Redis De Dix - Huit Jours 18-Raphanus sativus L.","isPartOf":{"@id":"https:\/\/horticom.ee\/e-pood\/#website"},"primaryImageOfPage":{"@id":"https:\/\/horticom.ee\/e-pood\/toode\/redis-de-dix-huit-jours-18-raphanus-sativus-l\/#primaryimage"},"image":{"@id":"https:\/\/horticom.ee\/e-pood\/toode\/redis-de-dix-huit-jours-18-raphanus-sativus-l\/#primaryimage"},"thumbnailUrl":"https:\/\/horticom.ee\/e-pood\/wp-content\/uploads\/importedmedia\/product-1822916_0-LA11050.jpg","datePublished":"2023-05-08T00:06:57+00:00","dateModified":"2026-05-03T00:12:01+00:00","description":"Redis De dix - Huit jours on varajane sort. Erkpunased ja kr\u00f5mpsuvad juurviljad valmivad 25\u201330 p\u00e4evaga, sobivad kasvatamiseks kasvuhoones ja avamaal.","breadcrumb":{"@id":"https:\/\/horticom.ee\/e-pood\/toode\/redis-de-dix-huit-jours-18-raphanus-sativus-l\/#breadcrumb"},"inLanguage":"et","potentialAction":[{"@type":"ReadAction","target":["https:\/\/horticom.ee\/e-pood\/toode\/redis-de-dix-huit-jours-18-raphanus-sativus-l\/"]}]},{"@type":"ImageObject","inLanguage":"et","@id":"https:\/\/horticom.ee\/e-pood\/toode\/redis-de-dix-huit-jours-18-raphanus-sativus-l\/#primaryimage","url":"https:\/\/horticom.ee\/e-pood\/wp-content\/uploads\/importedmedia\/product-1822916_0-LA11050.jpg","contentUrl":"https:\/\/horticom.ee\/e-pood\/wp-content\/uploads\/importedmedia\/product-1822916_0-LA11050.jpg","width":999,"height":1067,"caption":"Redis De Dix - Huit Jours 18-Raphanus sativus L."},{"@type":"BreadcrumbList","@id":"https:\/\/horticom.ee\/e-pood\/toode\/redis-de-dix-huit-jours-18-raphanus-sativus-l\/#breadcrumb","itemListElement":[{"@type":"ListItem","position":1,"name":"Home","item":"https:\/\/horticom.ee\/e-pood\/"},{"@type":"ListItem","position":2,"name":"Pood","item":"https:\/\/horticom.ee\/e-pood\/pood\/"},{"@type":"ListItem","position":3,"name":"Redis De Dix &#8211; Huit Jours 18-Raphanus sativus L."}]},{"@type":"WebSite","@id":"https:\/\/horticom.ee\/e-pood\/#website","url":"https:\/\/horticom.ee\/e-pood\/","name":"Horticom.ee","description":"Aianduskaubad ja kodukaubad nii harrastajatele kui professionaalidele","potentialAction":[{"@type":"SearchAction","target":{"@type":"EntryPoint","urlTemplate":"https:\/\/horticom.ee\/e-pood\/?s={search_term_string}"},"query-input":{"@type":"PropertyValueSpecification","valueRequired":true,"valueName":"search_term_string"}}],"inLanguage":"et"}]}},"_links":{"self":[{"href":"https:\/\/horticom.ee\/e-pood\/wp-json\/wp\/v2\/product\/1822916","targetHints":{"allow":["GET"]}}],"collection":[{"href":"https:\/\/horticom.ee\/e-pood\/wp-json\/wp\/v2\/product"}],"about":[{"href":"https:\/\/horticom.ee\/e-pood\/wp-json\/wp\/v2\/types\/product"}],"replies":[{"embeddable":true,"href":"https:\/\/horticom.ee\/e-pood\/wp-json\/wp\/v2\/comments?post=1822916"}],"wp:featuredmedia":[{"embeddable":true,"href":"https:\/\/horticom.ee\/e-pood\/wp-json\/wp\/v2\/media\/1823716"}],"wp:attachment":[{"href":"https:\/\/horticom.ee\/e-pood\/wp-json\/wp\/v2\/media?parent=1822916"}],"wp:term":[{"taxonomy":"product_cat","embeddable":true,"href":"https:\/\/horticom.ee\/e-pood\/wp-json\/wp\/v2\/product_cat?post=1822916"},{"taxonomy":"product_tag","embeddable":true,"href":"https:\/\/horticom.ee\/e-pood\/wp-json\/wp\/v2\/product_tag?post=1822916"}],"curies":[{"name":"wp","href":"https:\/\/api.w.org\/{rel}","templated":true}]}}