{"id":1822919,"date":"2023-05-08T03:07:01","date_gmt":"2023-05-08T00:07:01","guid":{"rendered":"https:\/\/horticom.ee\/e-pood\/toode\/mungalill-gleam-hybrids-tropaeolum-majus-l\/"},"modified":"2026-05-13T03:12:50","modified_gmt":"2026-05-13T00:12:50","slug":"mungalill-gleam-hybrids-tropaeolum-majus-l","status":"publish","type":"product","link":"https:\/\/horticom.ee\/e-pood\/toode\/mungalill-gleam-hybrids-tropaeolum-majus-l\/","title":{"rendered":"Mungalill Gleam Hybrids-Tropaeolum majus L."},"content":{"rendered":"<p>Mungalill Gleam Hybrids on \u00fcheaastane kollaste \u00f5itega taim. Istutatakse haljasaladele, r\u00f5dudele, aedade juurde. Kasvab ja \u00f5itseb h\u00e4sti p\u00e4ikesepaistelistes ja piisava valgusega varjulistes kohtades, pinnase suhtes mitten\u00f5udlik. See taim v\u00f5ib aidata kaitsta kapsasaaki kapsaliblikate eest. 1g umbes 8 seemet.<\/p>\n","protected":false},"excerpt":{"rendered":"<p>Mungalill Gleam Hybrids on \u00fcheaastane kollaste \u00f5itega taim. Istutatakse haljasaladele, r\u00f5dudele, aedade juurde. Kasvab ja \u00f5itseb h\u00e4sti p\u00e4ikesepaistelistes ja piisava valgusega varjulistes kohtades, pinnase suhtes mitten\u00f5udlik. See taim v\u00f5ib aidata kaitsta kapsasaaki kapsaliblikate eest. 1g umbes 8 seemet.<\/p>\n","protected":false},"featured_media":2400208,"comment_status":"closed","ping_status":"closed","template":"","meta":{"_themeisle_gutenberg_block_has_review":false},"product_cat":[13514],"product_tag":[],"class_list":{"0":"post-1822919","1":"product","2":"type-product","3":"status-publish","4":"has-post-thumbnail","6":"product_cat-mungalill","8":"first","9":"instock","10":"shipping-taxable","11":"purchasable","12":"product-type-simple"},"yoast_head":"<!-- This site is optimized with the Yoast SEO plugin v24.0 - https:\/\/yoast.com\/wordpress\/plugins\/seo\/ -->\n<title>Mungalill Gleam Hybrids-Tropaeolum majus L. - Horticom.ee<\/title>\n<meta name=\"description\" content=\"Mungalill Gleam Hybrids on \u00fcheaastane kollaste \u00f5itega taim, sobib haljasaladele ja aedadesse. Aitab kaitsta kapsasaaki kapsaliblikate eest.\" \/>\n<meta name=\"robots\" content=\"index, follow, max-snippet:-1, max-image-preview:large, max-video-preview:-1\" \/>\n<link rel=\"canonical\" href=\"https:\/\/horticom.ee\/e-pood\/toode\/mungalill-gleam-hybrids-tropaeolum-majus-l\/\" \/>\n<meta property=\"og:locale\" content=\"et_EE\" \/>\n<meta property=\"og:type\" content=\"article\" \/>\n<meta property=\"og:title\" content=\"Mungalill Gleam Hybrids-Tropaeolum majus L. - Horticom.ee\" \/>\n<meta property=\"og:description\" content=\"Mungalill Gleam Hybrids on \u00fcheaastane kollaste \u00f5itega taim, sobib haljasaladele ja aedadesse. Aitab kaitsta kapsasaaki kapsaliblikate eest.\" \/>\n<meta property=\"og:url\" content=\"https:\/\/horticom.ee\/e-pood\/toode\/mungalill-gleam-hybrids-tropaeolum-majus-l\/\" \/>\n<meta property=\"og:site_name\" content=\"Horticom.ee\" \/>\n<meta property=\"article:publisher\" content=\"https:\/\/www.facebook.com\/horticom.ee\/e-pood\" \/>\n<meta property=\"article:modified_time\" content=\"2026-05-13T00:12:50+00:00\" \/>\n<meta property=\"og:image\" content=\"https:\/\/horticom.ee\/e-pood\/wp-content\/uploads\/2023\/05\/4770168241268.jpg\" \/>\n\t<meta property=\"og:image:width\" content=\"398\" \/>\n\t<meta property=\"og:image:height\" content=\"425\" \/>\n\t<meta property=\"og:image:type\" content=\"image\/jpeg\" \/>\n<meta name=\"twitter:card\" content=\"summary_large_image\" \/>\n<meta name=\"twitter:label1\" content=\"Est. reading time\" \/>\n\t<meta name=\"twitter:data1\" content=\"1 minut\" \/>\n<script type=\"application\/ld+json\" class=\"yoast-schema-graph\">{\"@context\":\"https:\/\/schema.org\",\"@graph\":[{\"@type\":\"WebPage\",\"@id\":\"https:\/\/horticom.ee\/e-pood\/toode\/mungalill-gleam-hybrids-tropaeolum-majus-l\/\",\"url\":\"https:\/\/horticom.ee\/e-pood\/toode\/mungalill-gleam-hybrids-tropaeolum-majus-l\/\",\"name\":\"Mungalill Gleam Hybrids-Tropaeolum majus L. - Horticom.ee\",\"isPartOf\":{\"@id\":\"https:\/\/horticom.ee\/e-pood\/#website\"},\"primaryImageOfPage\":{\"@id\":\"https:\/\/horticom.ee\/e-pood\/toode\/mungalill-gleam-hybrids-tropaeolum-majus-l\/#primaryimage\"},\"image\":{\"@id\":\"https:\/\/horticom.ee\/e-pood\/toode\/mungalill-gleam-hybrids-tropaeolum-majus-l\/#primaryimage\"},\"thumbnailUrl\":\"https:\/\/horticom.ee\/e-pood\/wp-content\/uploads\/2023\/05\/4770168241268.jpg\",\"datePublished\":\"2023-05-08T00:07:01+00:00\",\"dateModified\":\"2026-05-13T00:12:50+00:00\",\"description\":\"Mungalill Gleam Hybrids on \u00fcheaastane kollaste \u00f5itega taim, sobib haljasaladele ja aedadesse. Aitab kaitsta kapsasaaki kapsaliblikate eest.\",\"breadcrumb\":{\"@id\":\"https:\/\/horticom.ee\/e-pood\/toode\/mungalill-gleam-hybrids-tropaeolum-majus-l\/#breadcrumb\"},\"inLanguage\":\"et\",\"potentialAction\":[{\"@type\":\"ReadAction\",\"target\":[\"https:\/\/horticom.ee\/e-pood\/toode\/mungalill-gleam-hybrids-tropaeolum-majus-l\/\"]}]},{\"@type\":\"ImageObject\",\"inLanguage\":\"et\",\"@id\":\"https:\/\/horticom.ee\/e-pood\/toode\/mungalill-gleam-hybrids-tropaeolum-majus-l\/#primaryimage\",\"url\":\"https:\/\/horticom.ee\/e-pood\/wp-content\/uploads\/2023\/05\/4770168241268.jpg\",\"contentUrl\":\"https:\/\/horticom.ee\/e-pood\/wp-content\/uploads\/2023\/05\/4770168241268.jpg\",\"width\":398,\"height\":425},{\"@type\":\"BreadcrumbList\",\"@id\":\"https:\/\/horticom.ee\/e-pood\/toode\/mungalill-gleam-hybrids-tropaeolum-majus-l\/#breadcrumb\",\"itemListElement\":[{\"@type\":\"ListItem\",\"position\":1,\"name\":\"Home\",\"item\":\"https:\/\/horticom.ee\/e-pood\/\"},{\"@type\":\"ListItem\",\"position\":2,\"name\":\"Pood\",\"item\":\"https:\/\/horticom.ee\/e-pood\/pood\/\"},{\"@type\":\"ListItem\",\"position\":3,\"name\":\"Mungalill Gleam Hybrids-Tropaeolum majus L.\"}]},{\"@type\":\"WebSite\",\"@id\":\"https:\/\/horticom.ee\/e-pood\/#website\",\"url\":\"https:\/\/horticom.ee\/e-pood\/\",\"name\":\"Horticom.ee\",\"description\":\"Aianduskaubad ja kodukaubad nii harrastajatele kui professionaalidele\",\"potentialAction\":[{\"@type\":\"SearchAction\",\"target\":{\"@type\":\"EntryPoint\",\"urlTemplate\":\"https:\/\/horticom.ee\/e-pood\/?s={search_term_string}\"},\"query-input\":{\"@type\":\"PropertyValueSpecification\",\"valueRequired\":true,\"valueName\":\"search_term_string\"}}],\"inLanguage\":\"et\"}]}<\/script>\n<!-- \/ Yoast SEO plugin. -->","yoast_head_json":{"title":"Mungalill Gleam Hybrids-Tropaeolum majus L. - Horticom.ee","description":"Mungalill Gleam Hybrids on \u00fcheaastane kollaste \u00f5itega taim, sobib haljasaladele ja aedadesse. Aitab kaitsta kapsasaaki kapsaliblikate eest.","robots":{"index":"index","follow":"follow","max-snippet":"max-snippet:-1","max-image-preview":"max-image-preview:large","max-video-preview":"max-video-preview:-1"},"canonical":"https:\/\/horticom.ee\/e-pood\/toode\/mungalill-gleam-hybrids-tropaeolum-majus-l\/","og_locale":"et_EE","og_type":"article","og_title":"Mungalill Gleam Hybrids-Tropaeolum majus L. - Horticom.ee","og_description":"Mungalill Gleam Hybrids on \u00fcheaastane kollaste \u00f5itega taim, sobib haljasaladele ja aedadesse. Aitab kaitsta kapsasaaki kapsaliblikate eest.","og_url":"https:\/\/horticom.ee\/e-pood\/toode\/mungalill-gleam-hybrids-tropaeolum-majus-l\/","og_site_name":"Horticom.ee","article_publisher":"https:\/\/www.facebook.com\/horticom.ee\/e-pood","article_modified_time":"2026-05-13T00:12:50+00:00","og_image":[{"width":398,"height":425,"url":"https:\/\/horticom.ee\/e-pood\/wp-content\/uploads\/2023\/05\/4770168241268.jpg","type":"image\/jpeg"}],"twitter_card":"summary_large_image","twitter_misc":{"Est. reading time":"1 minut"},"schema":{"@context":"https:\/\/schema.org","@graph":[{"@type":"WebPage","@id":"https:\/\/horticom.ee\/e-pood\/toode\/mungalill-gleam-hybrids-tropaeolum-majus-l\/","url":"https:\/\/horticom.ee\/e-pood\/toode\/mungalill-gleam-hybrids-tropaeolum-majus-l\/","name":"Mungalill Gleam Hybrids-Tropaeolum majus L. - Horticom.ee","isPartOf":{"@id":"https:\/\/horticom.ee\/e-pood\/#website"},"primaryImageOfPage":{"@id":"https:\/\/horticom.ee\/e-pood\/toode\/mungalill-gleam-hybrids-tropaeolum-majus-l\/#primaryimage"},"image":{"@id":"https:\/\/horticom.ee\/e-pood\/toode\/mungalill-gleam-hybrids-tropaeolum-majus-l\/#primaryimage"},"thumbnailUrl":"https:\/\/horticom.ee\/e-pood\/wp-content\/uploads\/2023\/05\/4770168241268.jpg","datePublished":"2023-05-08T00:07:01+00:00","dateModified":"2026-05-13T00:12:50+00:00","description":"Mungalill Gleam Hybrids on \u00fcheaastane kollaste \u00f5itega taim, sobib haljasaladele ja aedadesse. Aitab kaitsta kapsasaaki kapsaliblikate eest.","breadcrumb":{"@id":"https:\/\/horticom.ee\/e-pood\/toode\/mungalill-gleam-hybrids-tropaeolum-majus-l\/#breadcrumb"},"inLanguage":"et","potentialAction":[{"@type":"ReadAction","target":["https:\/\/horticom.ee\/e-pood\/toode\/mungalill-gleam-hybrids-tropaeolum-majus-l\/"]}]},{"@type":"ImageObject","inLanguage":"et","@id":"https:\/\/horticom.ee\/e-pood\/toode\/mungalill-gleam-hybrids-tropaeolum-majus-l\/#primaryimage","url":"https:\/\/horticom.ee\/e-pood\/wp-content\/uploads\/2023\/05\/4770168241268.jpg","contentUrl":"https:\/\/horticom.ee\/e-pood\/wp-content\/uploads\/2023\/05\/4770168241268.jpg","width":398,"height":425},{"@type":"BreadcrumbList","@id":"https:\/\/horticom.ee\/e-pood\/toode\/mungalill-gleam-hybrids-tropaeolum-majus-l\/#breadcrumb","itemListElement":[{"@type":"ListItem","position":1,"name":"Home","item":"https:\/\/horticom.ee\/e-pood\/"},{"@type":"ListItem","position":2,"name":"Pood","item":"https:\/\/horticom.ee\/e-pood\/pood\/"},{"@type":"ListItem","position":3,"name":"Mungalill Gleam Hybrids-Tropaeolum majus L."}]},{"@type":"WebSite","@id":"https:\/\/horticom.ee\/e-pood\/#website","url":"https:\/\/horticom.ee\/e-pood\/","name":"Horticom.ee","description":"Aianduskaubad ja kodukaubad nii harrastajatele kui professionaalidele","potentialAction":[{"@type":"SearchAction","target":{"@type":"EntryPoint","urlTemplate":"https:\/\/horticom.ee\/e-pood\/?s={search_term_string}"},"query-input":{"@type":"PropertyValueSpecification","valueRequired":true,"valueName":"search_term_string"}}],"inLanguage":"et"}]}},"_links":{"self":[{"href":"https:\/\/horticom.ee\/e-pood\/wp-json\/wp\/v2\/product\/1822919","targetHints":{"allow":["GET"]}}],"collection":[{"href":"https:\/\/horticom.ee\/e-pood\/wp-json\/wp\/v2\/product"}],"about":[{"href":"https:\/\/horticom.ee\/e-pood\/wp-json\/wp\/v2\/types\/product"}],"replies":[{"embeddable":true,"href":"https:\/\/horticom.ee\/e-pood\/wp-json\/wp\/v2\/comments?post=1822919"}],"wp:featuredmedia":[{"embeddable":true,"href":"https:\/\/horticom.ee\/e-pood\/wp-json\/wp\/v2\/media\/2400208"}],"wp:attachment":[{"href":"https:\/\/horticom.ee\/e-pood\/wp-json\/wp\/v2\/media?parent=1822919"}],"wp:term":[{"taxonomy":"product_cat","embeddable":true,"href":"https:\/\/horticom.ee\/e-pood\/wp-json\/wp\/v2\/product_cat?post=1822919"},{"taxonomy":"product_tag","embeddable":true,"href":"https:\/\/horticom.ee\/e-pood\/wp-json\/wp\/v2\/product_tag?post=1822919"}],"curies":[{"name":"wp","href":"https:\/\/api.w.org\/{rel}","templated":true}]}}