{"id":1822946,"date":"2023-05-08T03:07:28","date_gmt":"2023-05-08T00:07:28","guid":{"rendered":"https:\/\/horticom.ee\/e-pood\/toode\/rodukast-elho-vibia-campana-flower-bridge-40cm-10l-antrasiit-spe\/"},"modified":"2026-04-08T03:11:45","modified_gmt":"2026-04-08T00:11:45","slug":"rodukast-elho-vibia-campana-flower-bridge-40cm-10l-antrasiit-spe","status":"publish","type":"product","link":"https:\/\/horticom.ee\/e-pood\/toode\/rodukast-elho-vibia-campana-flower-bridge-40cm-10l-antrasiit-spe\/","title":{"rendered":"R\u00f5dukast Elho Vibia Campana Flower Bridge 40cm 10L antratsiit"},"content":{"rendered":"<p>R\u00f5dukast Elho Vibia Campana Flower Bridge on klassikaline, kuid kaasaegne v\u00e4limus oma kergelt \u00fcmara kehaga. Sobitub r\u00f5du\u00e4\u00e4risele laiusega kuni 6cm. Toodetud taaskasutatud materjalidest, kergekaaluline, vastupidav, k\u00fclma- ja UV-kindel.<\/p>\n","protected":false},"excerpt":{"rendered":"<p>R\u00f5dukast Elho Vibia Campana Flower Bridge on klassikaline, kuid kaasaegne v\u00e4limus oma kergelt \u00fcmara kehaga. Sobitub r\u00f5du\u00e4\u00e4risele laiusega kuni 6cm. Toodetud taaskasutatud materjalidest, kergekaaluline, vastupidav, k\u00fclma- ja UV-kindel.<\/p>\n","protected":false},"featured_media":1823666,"comment_status":"closed","ping_status":"closed","template":"","meta":{"_themeisle_gutenberg_block_has_review":false},"product_cat":[13444],"product_tag":[],"class_list":{"0":"post-1822946","1":"product","2":"type-product","3":"status-publish","4":"has-post-thumbnail","6":"product_cat-rodukastid","8":"first","9":"instock","10":"sale","11":"shipping-taxable","12":"purchasable","13":"product-type-simple"},"yoast_head":"<!-- This site is optimized with the Yoast SEO plugin v24.0 - https:\/\/yoast.com\/wordpress\/plugins\/seo\/ -->\n<title>R\u00f5dukast Elho Vibia Campana Flower Bridge 10L antrasiit<\/title>\n<meta name=\"description\" content=\"R\u00f5dukast Elho Vibia Campana Flower Bridge sobib r\u00f5du\u00e4\u00e4risele. Toodetud taaskasutatud materjalidest, kergekaaluline, vastupidav, k\u00fclma- ja UV-kindel.\" \/>\n<meta name=\"robots\" content=\"index, follow, max-snippet:-1, max-image-preview:large, max-video-preview:-1\" \/>\n<link rel=\"canonical\" href=\"https:\/\/horticom.ee\/e-pood\/toode\/rodukast-elho-vibia-campana-flower-bridge-40cm-10l-antrasiit-spe\/\" \/>\n<meta property=\"og:locale\" content=\"et_EE\" \/>\n<meta property=\"og:type\" content=\"article\" \/>\n<meta property=\"og:title\" content=\"R\u00f5dukast Elho Vibia Campana Flower Bridge 10L antrasiit\" \/>\n<meta property=\"og:description\" content=\"R\u00f5dukast Elho Vibia Campana Flower Bridge sobib r\u00f5du\u00e4\u00e4risele. Toodetud taaskasutatud materjalidest, kergekaaluline, vastupidav, k\u00fclma- ja UV-kindel.\" \/>\n<meta property=\"og:url\" content=\"https:\/\/horticom.ee\/e-pood\/toode\/rodukast-elho-vibia-campana-flower-bridge-40cm-10l-antrasiit-spe\/\" \/>\n<meta property=\"og:site_name\" content=\"Horticom.ee\" \/>\n<meta property=\"article:publisher\" content=\"https:\/\/www.facebook.com\/horticom.ee\/e-pood\" \/>\n<meta property=\"article:modified_time\" content=\"2026-04-08T00:11:45+00:00\" \/>\n<meta property=\"og:image\" content=\"https:\/\/horticom.ee\/e-pood\/wp-content\/uploads\/importedmedia\/product-1822946_0-640204_042.jpg\" \/>\n\t<meta property=\"og:image:width\" content=\"1000\" \/>\n\t<meta property=\"og:image:height\" content=\"1000\" \/>\n\t<meta property=\"og:image:type\" content=\"image\/jpeg\" \/>\n<meta name=\"twitter:card\" content=\"summary_large_image\" \/>\n<meta name=\"twitter:label1\" content=\"Est. reading time\" \/>\n\t<meta name=\"twitter:data1\" content=\"1 minut\" \/>\n<script type=\"application\/ld+json\" class=\"yoast-schema-graph\">{\"@context\":\"https:\/\/schema.org\",\"@graph\":[{\"@type\":\"WebPage\",\"@id\":\"https:\/\/horticom.ee\/e-pood\/toode\/rodukast-elho-vibia-campana-flower-bridge-40cm-10l-antrasiit-spe\/\",\"url\":\"https:\/\/horticom.ee\/e-pood\/toode\/rodukast-elho-vibia-campana-flower-bridge-40cm-10l-antrasiit-spe\/\",\"name\":\"R\u00f5dukast Elho Vibia Campana Flower Bridge 10L antrasiit\",\"isPartOf\":{\"@id\":\"https:\/\/horticom.ee\/e-pood\/#website\"},\"primaryImageOfPage\":{\"@id\":\"https:\/\/horticom.ee\/e-pood\/toode\/rodukast-elho-vibia-campana-flower-bridge-40cm-10l-antrasiit-spe\/#primaryimage\"},\"image\":{\"@id\":\"https:\/\/horticom.ee\/e-pood\/toode\/rodukast-elho-vibia-campana-flower-bridge-40cm-10l-antrasiit-spe\/#primaryimage\"},\"thumbnailUrl\":\"https:\/\/horticom.ee\/e-pood\/wp-content\/uploads\/importedmedia\/product-1822946_0-640204_042.jpg\",\"datePublished\":\"2023-05-08T00:07:28+00:00\",\"dateModified\":\"2026-04-08T00:11:45+00:00\",\"description\":\"R\u00f5dukast Elho Vibia Campana Flower Bridge sobib r\u00f5du\u00e4\u00e4risele. Toodetud taaskasutatud materjalidest, kergekaaluline, vastupidav, k\u00fclma- ja UV-kindel.\",\"breadcrumb\":{\"@id\":\"https:\/\/horticom.ee\/e-pood\/toode\/rodukast-elho-vibia-campana-flower-bridge-40cm-10l-antrasiit-spe\/#breadcrumb\"},\"inLanguage\":\"et\",\"potentialAction\":[{\"@type\":\"ReadAction\",\"target\":[\"https:\/\/horticom.ee\/e-pood\/toode\/rodukast-elho-vibia-campana-flower-bridge-40cm-10l-antrasiit-spe\/\"]}]},{\"@type\":\"ImageObject\",\"inLanguage\":\"et\",\"@id\":\"https:\/\/horticom.ee\/e-pood\/toode\/rodukast-elho-vibia-campana-flower-bridge-40cm-10l-antrasiit-spe\/#primaryimage\",\"url\":\"https:\/\/horticom.ee\/e-pood\/wp-content\/uploads\/importedmedia\/product-1822946_0-640204_042.jpg\",\"contentUrl\":\"https:\/\/horticom.ee\/e-pood\/wp-content\/uploads\/importedmedia\/product-1822946_0-640204_042.jpg\",\"width\":1000,\"height\":1000,\"caption\":\"R\u00f5dukast Elho Vibia Campana Flower Bridge 40cm 10L antrasiit\"},{\"@type\":\"BreadcrumbList\",\"@id\":\"https:\/\/horticom.ee\/e-pood\/toode\/rodukast-elho-vibia-campana-flower-bridge-40cm-10l-antrasiit-spe\/#breadcrumb\",\"itemListElement\":[{\"@type\":\"ListItem\",\"position\":1,\"name\":\"Home\",\"item\":\"https:\/\/horticom.ee\/e-pood\/\"},{\"@type\":\"ListItem\",\"position\":2,\"name\":\"Pood\",\"item\":\"https:\/\/horticom.ee\/e-pood\/pood\/\"},{\"@type\":\"ListItem\",\"position\":3,\"name\":\"R\u00f5dukast Elho Vibia Campana Flower Bridge 40cm 10L antratsiit\"}]},{\"@type\":\"WebSite\",\"@id\":\"https:\/\/horticom.ee\/e-pood\/#website\",\"url\":\"https:\/\/horticom.ee\/e-pood\/\",\"name\":\"Horticom.ee\",\"description\":\"Aianduskaubad ja kodukaubad nii harrastajatele kui professionaalidele\",\"potentialAction\":[{\"@type\":\"SearchAction\",\"target\":{\"@type\":\"EntryPoint\",\"urlTemplate\":\"https:\/\/horticom.ee\/e-pood\/?s={search_term_string}\"},\"query-input\":{\"@type\":\"PropertyValueSpecification\",\"valueRequired\":true,\"valueName\":\"search_term_string\"}}],\"inLanguage\":\"et\"}]}<\/script>\n<!-- \/ Yoast SEO plugin. -->","yoast_head_json":{"title":"R\u00f5dukast Elho Vibia Campana Flower Bridge 10L antrasiit","description":"R\u00f5dukast Elho Vibia Campana Flower Bridge sobib r\u00f5du\u00e4\u00e4risele. Toodetud taaskasutatud materjalidest, kergekaaluline, vastupidav, k\u00fclma- ja UV-kindel.","robots":{"index":"index","follow":"follow","max-snippet":"max-snippet:-1","max-image-preview":"max-image-preview:large","max-video-preview":"max-video-preview:-1"},"canonical":"https:\/\/horticom.ee\/e-pood\/toode\/rodukast-elho-vibia-campana-flower-bridge-40cm-10l-antrasiit-spe\/","og_locale":"et_EE","og_type":"article","og_title":"R\u00f5dukast Elho Vibia Campana Flower Bridge 10L antrasiit","og_description":"R\u00f5dukast Elho Vibia Campana Flower Bridge sobib r\u00f5du\u00e4\u00e4risele. Toodetud taaskasutatud materjalidest, kergekaaluline, vastupidav, k\u00fclma- ja UV-kindel.","og_url":"https:\/\/horticom.ee\/e-pood\/toode\/rodukast-elho-vibia-campana-flower-bridge-40cm-10l-antrasiit-spe\/","og_site_name":"Horticom.ee","article_publisher":"https:\/\/www.facebook.com\/horticom.ee\/e-pood","article_modified_time":"2026-04-08T00:11:45+00:00","og_image":[{"width":1000,"height":1000,"url":"https:\/\/horticom.ee\/e-pood\/wp-content\/uploads\/importedmedia\/product-1822946_0-640204_042.jpg","type":"image\/jpeg"}],"twitter_card":"summary_large_image","twitter_misc":{"Est. reading time":"1 minut"},"schema":{"@context":"https:\/\/schema.org","@graph":[{"@type":"WebPage","@id":"https:\/\/horticom.ee\/e-pood\/toode\/rodukast-elho-vibia-campana-flower-bridge-40cm-10l-antrasiit-spe\/","url":"https:\/\/horticom.ee\/e-pood\/toode\/rodukast-elho-vibia-campana-flower-bridge-40cm-10l-antrasiit-spe\/","name":"R\u00f5dukast Elho Vibia Campana Flower Bridge 10L antrasiit","isPartOf":{"@id":"https:\/\/horticom.ee\/e-pood\/#website"},"primaryImageOfPage":{"@id":"https:\/\/horticom.ee\/e-pood\/toode\/rodukast-elho-vibia-campana-flower-bridge-40cm-10l-antrasiit-spe\/#primaryimage"},"image":{"@id":"https:\/\/horticom.ee\/e-pood\/toode\/rodukast-elho-vibia-campana-flower-bridge-40cm-10l-antrasiit-spe\/#primaryimage"},"thumbnailUrl":"https:\/\/horticom.ee\/e-pood\/wp-content\/uploads\/importedmedia\/product-1822946_0-640204_042.jpg","datePublished":"2023-05-08T00:07:28+00:00","dateModified":"2026-04-08T00:11:45+00:00","description":"R\u00f5dukast Elho Vibia Campana Flower Bridge sobib r\u00f5du\u00e4\u00e4risele. Toodetud taaskasutatud materjalidest, kergekaaluline, vastupidav, k\u00fclma- ja UV-kindel.","breadcrumb":{"@id":"https:\/\/horticom.ee\/e-pood\/toode\/rodukast-elho-vibia-campana-flower-bridge-40cm-10l-antrasiit-spe\/#breadcrumb"},"inLanguage":"et","potentialAction":[{"@type":"ReadAction","target":["https:\/\/horticom.ee\/e-pood\/toode\/rodukast-elho-vibia-campana-flower-bridge-40cm-10l-antrasiit-spe\/"]}]},{"@type":"ImageObject","inLanguage":"et","@id":"https:\/\/horticom.ee\/e-pood\/toode\/rodukast-elho-vibia-campana-flower-bridge-40cm-10l-antrasiit-spe\/#primaryimage","url":"https:\/\/horticom.ee\/e-pood\/wp-content\/uploads\/importedmedia\/product-1822946_0-640204_042.jpg","contentUrl":"https:\/\/horticom.ee\/e-pood\/wp-content\/uploads\/importedmedia\/product-1822946_0-640204_042.jpg","width":1000,"height":1000,"caption":"R\u00f5dukast Elho Vibia Campana Flower Bridge 40cm 10L antrasiit"},{"@type":"BreadcrumbList","@id":"https:\/\/horticom.ee\/e-pood\/toode\/rodukast-elho-vibia-campana-flower-bridge-40cm-10l-antrasiit-spe\/#breadcrumb","itemListElement":[{"@type":"ListItem","position":1,"name":"Home","item":"https:\/\/horticom.ee\/e-pood\/"},{"@type":"ListItem","position":2,"name":"Pood","item":"https:\/\/horticom.ee\/e-pood\/pood\/"},{"@type":"ListItem","position":3,"name":"R\u00f5dukast Elho Vibia Campana Flower Bridge 40cm 10L antratsiit"}]},{"@type":"WebSite","@id":"https:\/\/horticom.ee\/e-pood\/#website","url":"https:\/\/horticom.ee\/e-pood\/","name":"Horticom.ee","description":"Aianduskaubad ja kodukaubad nii harrastajatele kui professionaalidele","potentialAction":[{"@type":"SearchAction","target":{"@type":"EntryPoint","urlTemplate":"https:\/\/horticom.ee\/e-pood\/?s={search_term_string}"},"query-input":{"@type":"PropertyValueSpecification","valueRequired":true,"valueName":"search_term_string"}}],"inLanguage":"et"}]}},"_links":{"self":[{"href":"https:\/\/horticom.ee\/e-pood\/wp-json\/wp\/v2\/product\/1822946","targetHints":{"allow":["GET"]}}],"collection":[{"href":"https:\/\/horticom.ee\/e-pood\/wp-json\/wp\/v2\/product"}],"about":[{"href":"https:\/\/horticom.ee\/e-pood\/wp-json\/wp\/v2\/types\/product"}],"replies":[{"embeddable":true,"href":"https:\/\/horticom.ee\/e-pood\/wp-json\/wp\/v2\/comments?post=1822946"}],"wp:featuredmedia":[{"embeddable":true,"href":"https:\/\/horticom.ee\/e-pood\/wp-json\/wp\/v2\/media\/1823666"}],"wp:attachment":[{"href":"https:\/\/horticom.ee\/e-pood\/wp-json\/wp\/v2\/media?parent=1822946"}],"wp:term":[{"taxonomy":"product_cat","embeddable":true,"href":"https:\/\/horticom.ee\/e-pood\/wp-json\/wp\/v2\/product_cat?post=1822946"},{"taxonomy":"product_tag","embeddable":true,"href":"https:\/\/horticom.ee\/e-pood\/wp-json\/wp\/v2\/product_tag?post=1822946"}],"curies":[{"name":"wp","href":"https:\/\/api.w.org\/{rel}","templated":true}]}}