{"id":1823006,"date":"2023-05-08T03:08:51","date_gmt":"2023-05-08T00:08:51","guid":{"rendered":"https:\/\/horticom.ee\/e-pood\/toode\/aedhernes-ambrosia-pisum-sativum\/"},"modified":"2026-04-08T03:11:50","modified_gmt":"2026-04-08T00:11:50","slug":"aedhernes-ambrosia-pisum-sativum","status":"publish","type":"product","link":"https:\/\/horticom.ee\/e-pood\/toode\/aedhernes-ambrosia-pisum-sativum\/","title":{"rendered":"Aedhernes Ambrosia Pisum sativum"},"content":{"rendered":"<p>Aedhernes Ambrosia on keskmiselt varajane spargelherne sort. Toiduks kasutatakse kaunasid koos hernestega. Valmib 50\u201365 p\u00e4eva jooksul. Taim on umbes 60 cm. k\u00f5rgune. Viljad sobivad keetmiseks, hautamiseks, konserveerimiseks, k\u00fclmutamiseks. K\u00f5ige paremini kasvab keskmise raskusega, \u00f5hku ja vett l\u00e4bilaskvas pinnases.<\/p>\n","protected":false},"excerpt":{"rendered":"<p>Aedhernes Ambrosia on keskmiselt varajane spargelherne sort. Toiduks kasutatakse kaunasid koos hernestega. Valmib 50\u201365 p\u00e4eva jooksul. Taim on umbes 60 cm. k\u00f5rgune. Viljad sobivad keetmiseks, hautamiseks, konserveerimiseks, k\u00fclmutamiseks. K\u00f5ige paremini kasvab keskmise raskusega, \u00f5hku ja vett l\u00e4bilaskvas pinnases.<\/p>\n","protected":false},"featured_media":1995793,"comment_status":"closed","ping_status":"closed","template":"","meta":{"_themeisle_gutenberg_block_has_review":false},"product_cat":[13496],"product_tag":[],"class_list":{"0":"post-1823006","1":"product","2":"type-product","3":"status-publish","4":"has-post-thumbnail","6":"product_cat-hernes","8":"first","9":"instock","10":"shipping-taxable","11":"purchasable","12":"product-type-simple"},"yoast_head":"<!-- This site is optimized with the Yoast SEO plugin v24.0 - https:\/\/yoast.com\/wordpress\/plugins\/seo\/ -->\n<title>Aedhernes Ambrosia Pisum sativum - Horticom.ee\/e-pood<\/title>\n<meta name=\"description\" content=\"Aedhernes Ambrosia on keskmiselt varajane sort. Valmib 50\u201365 p\u00e4eva jooksul. Taim on umbes 60 cm k\u00f5rgune.\" \/>\n<meta name=\"robots\" content=\"index, follow, max-snippet:-1, max-image-preview:large, max-video-preview:-1\" \/>\n<link rel=\"canonical\" href=\"https:\/\/horticom.ee\/e-pood\/toode\/aedhernes-ambrosia-pisum-sativum\/\" \/>\n<meta property=\"og:locale\" content=\"et_EE\" \/>\n<meta property=\"og:type\" content=\"article\" \/>\n<meta property=\"og:title\" content=\"Aedhernes Ambrosia Pisum sativum - Horticom.ee\/e-pood\" \/>\n<meta property=\"og:description\" content=\"Aedhernes Ambrosia on keskmiselt varajane sort. Valmib 50\u201365 p\u00e4eva jooksul. Taim on umbes 60 cm k\u00f5rgune.\" \/>\n<meta property=\"og:url\" content=\"https:\/\/horticom.ee\/e-pood\/toode\/aedhernes-ambrosia-pisum-sativum\/\" \/>\n<meta property=\"og:site_name\" content=\"Horticom.ee\" \/>\n<meta property=\"article:publisher\" content=\"https:\/\/www.facebook.com\/horticom.ee\/e-pood\" \/>\n<meta property=\"article:modified_time\" content=\"2026-04-08T00:11:50+00:00\" \/>\n<meta property=\"og:image\" content=\"https:\/\/horticom.ee\/e-pood\/wp-content\/uploads\/importedmedia\/product-1823006_0-VC5267.jpg\" \/>\n\t<meta property=\"og:image:width\" content=\"999\" \/>\n\t<meta property=\"og:image:height\" content=\"1389\" \/>\n\t<meta property=\"og:image:type\" content=\"image\/jpeg\" \/>\n<meta name=\"twitter:card\" content=\"summary_large_image\" \/>\n<script type=\"application\/ld+json\" class=\"yoast-schema-graph\">{\"@context\":\"https:\/\/schema.org\",\"@graph\":[{\"@type\":\"WebPage\",\"@id\":\"https:\/\/horticom.ee\/e-pood\/toode\/aedhernes-ambrosia-pisum-sativum\/\",\"url\":\"https:\/\/horticom.ee\/e-pood\/toode\/aedhernes-ambrosia-pisum-sativum\/\",\"name\":\"Aedhernes Ambrosia Pisum sativum - Horticom.ee\/e-pood\",\"isPartOf\":{\"@id\":\"https:\/\/horticom.ee\/e-pood\/#website\"},\"primaryImageOfPage\":{\"@id\":\"https:\/\/horticom.ee\/e-pood\/toode\/aedhernes-ambrosia-pisum-sativum\/#primaryimage\"},\"image\":{\"@id\":\"https:\/\/horticom.ee\/e-pood\/toode\/aedhernes-ambrosia-pisum-sativum\/#primaryimage\"},\"thumbnailUrl\":\"https:\/\/horticom.ee\/e-pood\/wp-content\/uploads\/importedmedia\/product-1823006_0-VC5267.jpg\",\"datePublished\":\"2023-05-08T00:08:51+00:00\",\"dateModified\":\"2026-04-08T00:11:50+00:00\",\"description\":\"Aedhernes Ambrosia on keskmiselt varajane sort. Valmib 50\u201365 p\u00e4eva jooksul. Taim on umbes 60 cm k\u00f5rgune.\",\"breadcrumb\":{\"@id\":\"https:\/\/horticom.ee\/e-pood\/toode\/aedhernes-ambrosia-pisum-sativum\/#breadcrumb\"},\"inLanguage\":\"et\",\"potentialAction\":[{\"@type\":\"ReadAction\",\"target\":[\"https:\/\/horticom.ee\/e-pood\/toode\/aedhernes-ambrosia-pisum-sativum\/\"]}]},{\"@type\":\"ImageObject\",\"inLanguage\":\"et\",\"@id\":\"https:\/\/horticom.ee\/e-pood\/toode\/aedhernes-ambrosia-pisum-sativum\/#primaryimage\",\"url\":\"https:\/\/horticom.ee\/e-pood\/wp-content\/uploads\/importedmedia\/product-1823006_0-VC5267.jpg\",\"contentUrl\":\"https:\/\/horticom.ee\/e-pood\/wp-content\/uploads\/importedmedia\/product-1823006_0-VC5267.jpg\",\"width\":999,\"height\":1389,\"caption\":\"Aedhernes Ambrosia Pisum sativum\"},{\"@type\":\"BreadcrumbList\",\"@id\":\"https:\/\/horticom.ee\/e-pood\/toode\/aedhernes-ambrosia-pisum-sativum\/#breadcrumb\",\"itemListElement\":[{\"@type\":\"ListItem\",\"position\":1,\"name\":\"Home\",\"item\":\"https:\/\/horticom.ee\/e-pood\/\"},{\"@type\":\"ListItem\",\"position\":2,\"name\":\"Pood\",\"item\":\"https:\/\/horticom.ee\/e-pood\/pood\/\"},{\"@type\":\"ListItem\",\"position\":3,\"name\":\"Aedhernes Ambrosia Pisum sativum\"}]},{\"@type\":\"WebSite\",\"@id\":\"https:\/\/horticom.ee\/e-pood\/#website\",\"url\":\"https:\/\/horticom.ee\/e-pood\/\",\"name\":\"Horticom.ee\",\"description\":\"Aianduskaubad ja kodukaubad nii harrastajatele kui professionaalidele\",\"potentialAction\":[{\"@type\":\"SearchAction\",\"target\":{\"@type\":\"EntryPoint\",\"urlTemplate\":\"https:\/\/horticom.ee\/e-pood\/?s={search_term_string}\"},\"query-input\":{\"@type\":\"PropertyValueSpecification\",\"valueRequired\":true,\"valueName\":\"search_term_string\"}}],\"inLanguage\":\"et\"}]}<\/script>\n<!-- \/ Yoast SEO plugin. -->","yoast_head_json":{"title":"Aedhernes Ambrosia Pisum sativum - Horticom.ee\/e-pood","description":"Aedhernes Ambrosia on keskmiselt varajane sort. Valmib 50\u201365 p\u00e4eva jooksul. Taim on umbes 60 cm k\u00f5rgune.","robots":{"index":"index","follow":"follow","max-snippet":"max-snippet:-1","max-image-preview":"max-image-preview:large","max-video-preview":"max-video-preview:-1"},"canonical":"https:\/\/horticom.ee\/e-pood\/toode\/aedhernes-ambrosia-pisum-sativum\/","og_locale":"et_EE","og_type":"article","og_title":"Aedhernes Ambrosia Pisum sativum - Horticom.ee\/e-pood","og_description":"Aedhernes Ambrosia on keskmiselt varajane sort. Valmib 50\u201365 p\u00e4eva jooksul. Taim on umbes 60 cm k\u00f5rgune.","og_url":"https:\/\/horticom.ee\/e-pood\/toode\/aedhernes-ambrosia-pisum-sativum\/","og_site_name":"Horticom.ee","article_publisher":"https:\/\/www.facebook.com\/horticom.ee\/e-pood","article_modified_time":"2026-04-08T00:11:50+00:00","og_image":[{"width":999,"height":1389,"url":"https:\/\/horticom.ee\/e-pood\/wp-content\/uploads\/importedmedia\/product-1823006_0-VC5267.jpg","type":"image\/jpeg"}],"twitter_card":"summary_large_image","schema":{"@context":"https:\/\/schema.org","@graph":[{"@type":"WebPage","@id":"https:\/\/horticom.ee\/e-pood\/toode\/aedhernes-ambrosia-pisum-sativum\/","url":"https:\/\/horticom.ee\/e-pood\/toode\/aedhernes-ambrosia-pisum-sativum\/","name":"Aedhernes Ambrosia Pisum sativum - Horticom.ee\/e-pood","isPartOf":{"@id":"https:\/\/horticom.ee\/e-pood\/#website"},"primaryImageOfPage":{"@id":"https:\/\/horticom.ee\/e-pood\/toode\/aedhernes-ambrosia-pisum-sativum\/#primaryimage"},"image":{"@id":"https:\/\/horticom.ee\/e-pood\/toode\/aedhernes-ambrosia-pisum-sativum\/#primaryimage"},"thumbnailUrl":"https:\/\/horticom.ee\/e-pood\/wp-content\/uploads\/importedmedia\/product-1823006_0-VC5267.jpg","datePublished":"2023-05-08T00:08:51+00:00","dateModified":"2026-04-08T00:11:50+00:00","description":"Aedhernes Ambrosia on keskmiselt varajane sort. Valmib 50\u201365 p\u00e4eva jooksul. Taim on umbes 60 cm k\u00f5rgune.","breadcrumb":{"@id":"https:\/\/horticom.ee\/e-pood\/toode\/aedhernes-ambrosia-pisum-sativum\/#breadcrumb"},"inLanguage":"et","potentialAction":[{"@type":"ReadAction","target":["https:\/\/horticom.ee\/e-pood\/toode\/aedhernes-ambrosia-pisum-sativum\/"]}]},{"@type":"ImageObject","inLanguage":"et","@id":"https:\/\/horticom.ee\/e-pood\/toode\/aedhernes-ambrosia-pisum-sativum\/#primaryimage","url":"https:\/\/horticom.ee\/e-pood\/wp-content\/uploads\/importedmedia\/product-1823006_0-VC5267.jpg","contentUrl":"https:\/\/horticom.ee\/e-pood\/wp-content\/uploads\/importedmedia\/product-1823006_0-VC5267.jpg","width":999,"height":1389,"caption":"Aedhernes Ambrosia Pisum sativum"},{"@type":"BreadcrumbList","@id":"https:\/\/horticom.ee\/e-pood\/toode\/aedhernes-ambrosia-pisum-sativum\/#breadcrumb","itemListElement":[{"@type":"ListItem","position":1,"name":"Home","item":"https:\/\/horticom.ee\/e-pood\/"},{"@type":"ListItem","position":2,"name":"Pood","item":"https:\/\/horticom.ee\/e-pood\/pood\/"},{"@type":"ListItem","position":3,"name":"Aedhernes Ambrosia Pisum sativum"}]},{"@type":"WebSite","@id":"https:\/\/horticom.ee\/e-pood\/#website","url":"https:\/\/horticom.ee\/e-pood\/","name":"Horticom.ee","description":"Aianduskaubad ja kodukaubad nii harrastajatele kui professionaalidele","potentialAction":[{"@type":"SearchAction","target":{"@type":"EntryPoint","urlTemplate":"https:\/\/horticom.ee\/e-pood\/?s={search_term_string}"},"query-input":{"@type":"PropertyValueSpecification","valueRequired":true,"valueName":"search_term_string"}}],"inLanguage":"et"}]}},"_links":{"self":[{"href":"https:\/\/horticom.ee\/e-pood\/wp-json\/wp\/v2\/product\/1823006","targetHints":{"allow":["GET"]}}],"collection":[{"href":"https:\/\/horticom.ee\/e-pood\/wp-json\/wp\/v2\/product"}],"about":[{"href":"https:\/\/horticom.ee\/e-pood\/wp-json\/wp\/v2\/types\/product"}],"replies":[{"embeddable":true,"href":"https:\/\/horticom.ee\/e-pood\/wp-json\/wp\/v2\/comments?post=1823006"}],"wp:featuredmedia":[{"embeddable":true,"href":"https:\/\/horticom.ee\/e-pood\/wp-json\/wp\/v2\/media\/1995793"}],"wp:attachment":[{"href":"https:\/\/horticom.ee\/e-pood\/wp-json\/wp\/v2\/media?parent=1823006"}],"wp:term":[{"taxonomy":"product_cat","embeddable":true,"href":"https:\/\/horticom.ee\/e-pood\/wp-json\/wp\/v2\/product_cat?post=1823006"},{"taxonomy":"product_tag","embeddable":true,"href":"https:\/\/horticom.ee\/e-pood\/wp-json\/wp\/v2\/product_tag?post=1823006"}],"curies":[{"name":"wp","href":"https:\/\/api.w.org\/{rel}","templated":true}]}}