{"id":1912963,"date":"2023-08-25T16:00:33","date_gmt":"2023-08-25T13:00:33","guid":{"rendered":"https:\/\/horticom.ee\/e-pood\/toode\/sugisvaetis-npk-3-8-20-me-25kg\/"},"modified":"2026-04-30T03:05:09","modified_gmt":"2026-04-30T00:05:09","slug":"sugisvaetis-npk-3-8-20-me-25kg","status":"publish","type":"product","link":"https:\/\/horticom.ee\/e-pood\/toode\/sugisvaetis-npk-3-8-20-me-25kg\/","title":{"rendered":"S\u00fcgisv\u00e4etis NPK 3-8-20 +me 25kg"},"content":{"rendered":"<p>Mitmeaastaste aiakultuuride s\u00fcgisv\u00e4etis. Aitab muuta taimed haigustele ja talvek\u00fclmale vastupidavamaks ning valmistada ette j\u00e4rgmise aasta kasvuks, rikkalikuks \u00f5itsemiseks, saagi moodustumiseks. Sobib h\u00e4sti ka aia rajamisel taimede istutamiseelseks v\u00e4etiseks. Kui muru k\u00fclvatakse s\u00fcgisel, siis sobib muru rajamisel pinnase ettevalmistamiseks. Kevadv\u00e4etisena sobib kasutamiseks v\u00e4hest l\u00e4mmastikku vajavatele taimedele &#8211; maasikas, musts\u00f5star, kiviktaimla istutused. P\u00f5hiv\u00e4etisena sobib ka v\u00e4hest l\u00e4mmastikku vajavatele aedviljadele, n\u00e4iteks kaunviljad ja seemnekartul. V\u00e4etise toime on k\u00f5ige t\u00f5husam, kui k\u00fclvatakse niiskele mullale.<\/p>\n","protected":false},"excerpt":{"rendered":"<p>Mitmeaastaste aiakultuuride s\u00fcgisv\u00e4etis. Aitab muuta taimed haigustele ja talvek\u00fclmale vastupidavamaks ning valmistada ette j\u00e4rgmise aasta kasvuks, rikkalikuks \u00f5itsemiseks, saagi moodustumiseks. Sobib h\u00e4sti ka aia rajamisel taimede istutamiseelseks v\u00e4etiseks. Kui muru k\u00fclvatakse s\u00fcgisel, siis sobib muru rajamisel pinnase ettevalmistamiseks. Kevadv\u00e4etisena sobib kasutamiseks v\u00e4hest l\u00e4mmastikku vajavatele taimedele &#8211; maasikas, musts\u00f5star, kiviktaimla istutused. P\u00f5hiv\u00e4etisena sobib ka v\u00e4hest l\u00e4mmastikku [&hellip;]<\/p>\n","protected":false},"featured_media":2378306,"comment_status":"closed","ping_status":"closed","template":"","meta":{"_themeisle_gutenberg_block_has_review":false},"product_cat":[16969],"product_tag":[],"class_list":{"0":"post-1912963","1":"product","2":"type-product","3":"status-publish","4":"has-post-thumbnail","6":"product_cat-sugisvaetised","8":"first","9":"instock","10":"shipping-taxable","11":"purchasable","12":"product-type-simple"},"yoast_head":"<!-- This site is optimized with the Yoast SEO plugin v24.0 - https:\/\/yoast.com\/wordpress\/plugins\/seo\/ -->\n<title>S\u00fcgisv\u00e4etis NPK 3-8-20 +me 25kg - Horticom<\/title>\n<meta name=\"robots\" content=\"index, follow, max-snippet:-1, max-image-preview:large, max-video-preview:-1\" \/>\n<link rel=\"canonical\" href=\"https:\/\/horticom.ee\/e-pood\/toode\/sugisvaetis-npk-3-8-20-me-25kg\/\" \/>\n<meta property=\"og:locale\" content=\"et_EE\" \/>\n<meta property=\"og:type\" content=\"article\" \/>\n<meta property=\"og:title\" content=\"S\u00fcgisv\u00e4etis NPK 3-8-20 +me 25kg - Horticom\" \/>\n<meta property=\"og:description\" content=\"Mitmeaastaste aiakultuuride s\u00fcgisv\u00e4etis. Aitab muuta taimed haigustele ja talvek\u00fclmale vastupidavamaks ning valmistada ette j\u00e4rgmise aasta kasvuks, rikkalikuks \u00f5itsemiseks, saagi moodustumiseks. Sobib h\u00e4sti ka aia rajamisel taimede istutamiseelseks v\u00e4etiseks. Kui muru k\u00fclvatakse s\u00fcgisel, siis sobib muru rajamisel pinnase ettevalmistamiseks. Kevadv\u00e4etisena sobib kasutamiseks v\u00e4hest l\u00e4mmastikku vajavatele taimedele &#8211; maasikas, musts\u00f5star, kiviktaimla istutused. P\u00f5hiv\u00e4etisena sobib ka v\u00e4hest l\u00e4mmastikku [&hellip;]\" \/>\n<meta property=\"og:url\" content=\"https:\/\/horticom.ee\/e-pood\/toode\/sugisvaetis-npk-3-8-20-me-25kg\/\" \/>\n<meta property=\"og:site_name\" content=\"Horticom.ee\" \/>\n<meta property=\"article:publisher\" content=\"https:\/\/www.facebook.com\/horticom.ee\/e-pood\" \/>\n<meta property=\"article:modified_time\" content=\"2026-04-30T00:05:09+00:00\" \/>\n<meta property=\"og:image\" content=\"https:\/\/horticom.ee\/e-pood\/wp-content\/uploads\/importedmedia\/product-1912963_0-432091.jpg\" \/>\n\t<meta property=\"og:image:width\" content=\"1000\" \/>\n\t<meta property=\"og:image:height\" content=\"1580\" \/>\n\t<meta property=\"og:image:type\" content=\"image\/jpeg\" \/>\n<meta name=\"twitter:card\" content=\"summary_large_image\" \/>\n<script type=\"application\/ld+json\" class=\"yoast-schema-graph\">{\"@context\":\"https:\/\/schema.org\",\"@graph\":[{\"@type\":\"WebPage\",\"@id\":\"https:\/\/horticom.ee\/e-pood\/toode\/sugisvaetis-npk-3-8-20-me-25kg\/\",\"url\":\"https:\/\/horticom.ee\/e-pood\/toode\/sugisvaetis-npk-3-8-20-me-25kg\/\",\"name\":\"S\u00fcgisv\u00e4etis NPK 3-8-20 +me 25kg - Horticom\",\"isPartOf\":{\"@id\":\"https:\/\/horticom.ee\/e-pood\/#website\"},\"primaryImageOfPage\":{\"@id\":\"https:\/\/horticom.ee\/e-pood\/toode\/sugisvaetis-npk-3-8-20-me-25kg\/#primaryimage\"},\"image\":{\"@id\":\"https:\/\/horticom.ee\/e-pood\/toode\/sugisvaetis-npk-3-8-20-me-25kg\/#primaryimage\"},\"thumbnailUrl\":\"https:\/\/horticom.ee\/e-pood\/wp-content\/uploads\/importedmedia\/product-1912963_0-432091.jpg\",\"datePublished\":\"2023-08-25T13:00:33+00:00\",\"dateModified\":\"2026-04-30T00:05:09+00:00\",\"breadcrumb\":{\"@id\":\"https:\/\/horticom.ee\/e-pood\/toode\/sugisvaetis-npk-3-8-20-me-25kg\/#breadcrumb\"},\"inLanguage\":\"et\",\"potentialAction\":[{\"@type\":\"ReadAction\",\"target\":[\"https:\/\/horticom.ee\/e-pood\/toode\/sugisvaetis-npk-3-8-20-me-25kg\/\"]}]},{\"@type\":\"ImageObject\",\"inLanguage\":\"et\",\"@id\":\"https:\/\/horticom.ee\/e-pood\/toode\/sugisvaetis-npk-3-8-20-me-25kg\/#primaryimage\",\"url\":\"https:\/\/horticom.ee\/e-pood\/wp-content\/uploads\/importedmedia\/product-1912963_0-432091.jpg\",\"contentUrl\":\"https:\/\/horticom.ee\/e-pood\/wp-content\/uploads\/importedmedia\/product-1912963_0-432091.jpg\",\"width\":1000,\"height\":1580},{\"@type\":\"BreadcrumbList\",\"@id\":\"https:\/\/horticom.ee\/e-pood\/toode\/sugisvaetis-npk-3-8-20-me-25kg\/#breadcrumb\",\"itemListElement\":[{\"@type\":\"ListItem\",\"position\":1,\"name\":\"Home\",\"item\":\"https:\/\/horticom.ee\/e-pood\/\"},{\"@type\":\"ListItem\",\"position\":2,\"name\":\"Pood\",\"item\":\"https:\/\/horticom.ee\/e-pood\/pood\/\"},{\"@type\":\"ListItem\",\"position\":3,\"name\":\"S\u00fcgisv\u00e4etis NPK 3-8-20 +me 25kg\"}]},{\"@type\":\"WebSite\",\"@id\":\"https:\/\/horticom.ee\/e-pood\/#website\",\"url\":\"https:\/\/horticom.ee\/e-pood\/\",\"name\":\"Horticom.ee\",\"description\":\"Aianduskaubad ja kodukaubad nii harrastajatele kui professionaalidele\",\"potentialAction\":[{\"@type\":\"SearchAction\",\"target\":{\"@type\":\"EntryPoint\",\"urlTemplate\":\"https:\/\/horticom.ee\/e-pood\/?s={search_term_string}\"},\"query-input\":{\"@type\":\"PropertyValueSpecification\",\"valueRequired\":true,\"valueName\":\"search_term_string\"}}],\"inLanguage\":\"et\"}]}<\/script>\n<!-- \/ Yoast SEO plugin. -->","yoast_head_json":{"title":"S\u00fcgisv\u00e4etis NPK 3-8-20 +me 25kg - Horticom","robots":{"index":"index","follow":"follow","max-snippet":"max-snippet:-1","max-image-preview":"max-image-preview:large","max-video-preview":"max-video-preview:-1"},"canonical":"https:\/\/horticom.ee\/e-pood\/toode\/sugisvaetis-npk-3-8-20-me-25kg\/","og_locale":"et_EE","og_type":"article","og_title":"S\u00fcgisv\u00e4etis NPK 3-8-20 +me 25kg - Horticom","og_description":"Mitmeaastaste aiakultuuride s\u00fcgisv\u00e4etis. Aitab muuta taimed haigustele ja talvek\u00fclmale vastupidavamaks ning valmistada ette j\u00e4rgmise aasta kasvuks, rikkalikuks \u00f5itsemiseks, saagi moodustumiseks. Sobib h\u00e4sti ka aia rajamisel taimede istutamiseelseks v\u00e4etiseks. Kui muru k\u00fclvatakse s\u00fcgisel, siis sobib muru rajamisel pinnase ettevalmistamiseks. Kevadv\u00e4etisena sobib kasutamiseks v\u00e4hest l\u00e4mmastikku vajavatele taimedele &#8211; maasikas, musts\u00f5star, kiviktaimla istutused. P\u00f5hiv\u00e4etisena sobib ka v\u00e4hest l\u00e4mmastikku [&hellip;]","og_url":"https:\/\/horticom.ee\/e-pood\/toode\/sugisvaetis-npk-3-8-20-me-25kg\/","og_site_name":"Horticom.ee","article_publisher":"https:\/\/www.facebook.com\/horticom.ee\/e-pood","article_modified_time":"2026-04-30T00:05:09+00:00","og_image":[{"width":1000,"height":1580,"url":"https:\/\/horticom.ee\/e-pood\/wp-content\/uploads\/importedmedia\/product-1912963_0-432091.jpg","type":"image\/jpeg"}],"twitter_card":"summary_large_image","schema":{"@context":"https:\/\/schema.org","@graph":[{"@type":"WebPage","@id":"https:\/\/horticom.ee\/e-pood\/toode\/sugisvaetis-npk-3-8-20-me-25kg\/","url":"https:\/\/horticom.ee\/e-pood\/toode\/sugisvaetis-npk-3-8-20-me-25kg\/","name":"S\u00fcgisv\u00e4etis NPK 3-8-20 +me 25kg - Horticom","isPartOf":{"@id":"https:\/\/horticom.ee\/e-pood\/#website"},"primaryImageOfPage":{"@id":"https:\/\/horticom.ee\/e-pood\/toode\/sugisvaetis-npk-3-8-20-me-25kg\/#primaryimage"},"image":{"@id":"https:\/\/horticom.ee\/e-pood\/toode\/sugisvaetis-npk-3-8-20-me-25kg\/#primaryimage"},"thumbnailUrl":"https:\/\/horticom.ee\/e-pood\/wp-content\/uploads\/importedmedia\/product-1912963_0-432091.jpg","datePublished":"2023-08-25T13:00:33+00:00","dateModified":"2026-04-30T00:05:09+00:00","breadcrumb":{"@id":"https:\/\/horticom.ee\/e-pood\/toode\/sugisvaetis-npk-3-8-20-me-25kg\/#breadcrumb"},"inLanguage":"et","potentialAction":[{"@type":"ReadAction","target":["https:\/\/horticom.ee\/e-pood\/toode\/sugisvaetis-npk-3-8-20-me-25kg\/"]}]},{"@type":"ImageObject","inLanguage":"et","@id":"https:\/\/horticom.ee\/e-pood\/toode\/sugisvaetis-npk-3-8-20-me-25kg\/#primaryimage","url":"https:\/\/horticom.ee\/e-pood\/wp-content\/uploads\/importedmedia\/product-1912963_0-432091.jpg","contentUrl":"https:\/\/horticom.ee\/e-pood\/wp-content\/uploads\/importedmedia\/product-1912963_0-432091.jpg","width":1000,"height":1580},{"@type":"BreadcrumbList","@id":"https:\/\/horticom.ee\/e-pood\/toode\/sugisvaetis-npk-3-8-20-me-25kg\/#breadcrumb","itemListElement":[{"@type":"ListItem","position":1,"name":"Home","item":"https:\/\/horticom.ee\/e-pood\/"},{"@type":"ListItem","position":2,"name":"Pood","item":"https:\/\/horticom.ee\/e-pood\/pood\/"},{"@type":"ListItem","position":3,"name":"S\u00fcgisv\u00e4etis NPK 3-8-20 +me 25kg"}]},{"@type":"WebSite","@id":"https:\/\/horticom.ee\/e-pood\/#website","url":"https:\/\/horticom.ee\/e-pood\/","name":"Horticom.ee","description":"Aianduskaubad ja kodukaubad nii harrastajatele kui professionaalidele","potentialAction":[{"@type":"SearchAction","target":{"@type":"EntryPoint","urlTemplate":"https:\/\/horticom.ee\/e-pood\/?s={search_term_string}"},"query-input":{"@type":"PropertyValueSpecification","valueRequired":true,"valueName":"search_term_string"}}],"inLanguage":"et"}]}},"_links":{"self":[{"href":"https:\/\/horticom.ee\/e-pood\/wp-json\/wp\/v2\/product\/1912963","targetHints":{"allow":["GET"]}}],"collection":[{"href":"https:\/\/horticom.ee\/e-pood\/wp-json\/wp\/v2\/product"}],"about":[{"href":"https:\/\/horticom.ee\/e-pood\/wp-json\/wp\/v2\/types\/product"}],"replies":[{"embeddable":true,"href":"https:\/\/horticom.ee\/e-pood\/wp-json\/wp\/v2\/comments?post=1912963"}],"wp:featuredmedia":[{"embeddable":true,"href":"https:\/\/horticom.ee\/e-pood\/wp-json\/wp\/v2\/media\/2378306"}],"wp:attachment":[{"href":"https:\/\/horticom.ee\/e-pood\/wp-json\/wp\/v2\/media?parent=1912963"}],"wp:term":[{"taxonomy":"product_cat","embeddable":true,"href":"https:\/\/horticom.ee\/e-pood\/wp-json\/wp\/v2\/product_cat?post=1912963"},{"taxonomy":"product_tag","embeddable":true,"href":"https:\/\/horticom.ee\/e-pood\/wp-json\/wp\/v2\/product_tag?post=1912963"}],"curies":[{"name":"wp","href":"https:\/\/api.w.org\/{rel}","templated":true}]}}