{"id":1923319,"date":"2023-09-07T03:00:36","date_gmt":"2023-09-07T00:00:36","guid":{"rendered":"https:\/\/horticom.ee\/e-pood\/toode\/tomat-pokusa\/"},"modified":"2026-04-24T03:08:51","modified_gmt":"2026-04-24T00:08:51","slug":"tomat-pokusa","status":"publish","type":"product","link":"https:\/\/horticom.ee\/e-pood\/toode\/tomat-pokusa\/","title":{"rendered":"Tomat Pokusa"},"content":{"rendered":"<p>Tomat Pokusa on keskmiselt varajane sort. Valmib 110\u2013125 p\u00e4eval alates idanemisest. Taime k\u00f5rgus 35\u201360cm. Viljad on pikliku kujuga, punast v\u00e4rvi. Taim on haigustele vastupidav. V\u00f5ib kasvatada v\u00e4ljas ja pol\u00fcet\u00fcleen kasvuhoones. K\u00f5ige paremini kasvab +22\u201324 C temperatuuril. 1g umbes 200\u2013300 seemet<\/p>\n","protected":false},"excerpt":{"rendered":"<p>Tomat Pokusa on keskmiselt varajane sort. Valmib 110\u2013125 p\u00e4eval alates idanemisest. Taime k\u00f5rgus 35\u201360cm. Viljad on pikliku kujuga, punast v\u00e4rvi. Taim on haigustele vastupidav. V\u00f5ib kasvatada v\u00e4ljas ja pol\u00fcet\u00fcleen kasvuhoones. K\u00f5ige paremini kasvab +22\u201324 C temperatuuril. 1g umbes 200\u2013300 seemet<\/p>\n","protected":false},"featured_media":1923934,"comment_status":"closed","ping_status":"closed","template":"","meta":{"_themeisle_gutenberg_block_has_review":false},"product_cat":[13481],"product_tag":[],"class_list":{"0":"post-1923319","1":"product","2":"type-product","3":"status-publish","4":"has-post-thumbnail","6":"product_cat-tomat","8":"first","9":"instock","10":"shipping-taxable","11":"purchasable","12":"product-type-simple"},"yoast_head":"<!-- This site is optimized with the Yoast SEO plugin v24.0 - https:\/\/yoast.com\/wordpress\/plugins\/seo\/ -->\n<title>Tomat Pokusa - Horticom.ee\/e-pood<\/title>\n<meta name=\"description\" content=\"Tomat Pokusa on keskmiselt varajane sort, mille piklikud viljad on haigustele vastupidavad. Sobib kasvatamiseks v\u00e4ljas ja kasvuhoones.\" \/>\n<meta name=\"robots\" content=\"index, follow, max-snippet:-1, max-image-preview:large, max-video-preview:-1\" \/>\n<link rel=\"canonical\" href=\"https:\/\/horticom.ee\/e-pood\/toode\/tomat-pokusa\/\" \/>\n<meta property=\"og:locale\" content=\"et_EE\" \/>\n<meta property=\"og:type\" content=\"article\" \/>\n<meta property=\"og:title\" content=\"Tomat Pokusa - Horticom.ee\/e-pood\" \/>\n<meta property=\"og:description\" content=\"Tomat Pokusa on keskmiselt varajane sort, mille piklikud viljad on haigustele vastupidavad. Sobib kasvatamiseks v\u00e4ljas ja kasvuhoones.\" \/>\n<meta property=\"og:url\" content=\"https:\/\/horticom.ee\/e-pood\/toode\/tomat-pokusa\/\" \/>\n<meta property=\"og:site_name\" content=\"Horticom.ee\" \/>\n<meta property=\"article:publisher\" content=\"https:\/\/www.facebook.com\/horticom.ee\/e-pood\" \/>\n<meta property=\"article:modified_time\" content=\"2026-04-24T00:08:51+00:00\" \/>\n<meta property=\"og:image\" content=\"https:\/\/horticom.ee\/e-pood\/wp-content\/uploads\/importedmedia\/product-1923319_0-PL0503.jpg\" \/>\n\t<meta property=\"og:image:width\" content=\"1000\" \/>\n\t<meta property=\"og:image:height\" content=\"1750\" \/>\n\t<meta property=\"og:image:type\" content=\"image\/jpeg\" \/>\n<meta name=\"twitter:card\" content=\"summary_large_image\" \/>\n<script type=\"application\/ld+json\" class=\"yoast-schema-graph\">{\"@context\":\"https:\/\/schema.org\",\"@graph\":[{\"@type\":\"WebPage\",\"@id\":\"https:\/\/horticom.ee\/e-pood\/toode\/tomat-pokusa\/\",\"url\":\"https:\/\/horticom.ee\/e-pood\/toode\/tomat-pokusa\/\",\"name\":\"Tomat Pokusa - Horticom.ee\/e-pood\",\"isPartOf\":{\"@id\":\"https:\/\/horticom.ee\/e-pood\/#website\"},\"primaryImageOfPage\":{\"@id\":\"https:\/\/horticom.ee\/e-pood\/toode\/tomat-pokusa\/#primaryimage\"},\"image\":{\"@id\":\"https:\/\/horticom.ee\/e-pood\/toode\/tomat-pokusa\/#primaryimage\"},\"thumbnailUrl\":\"https:\/\/horticom.ee\/e-pood\/wp-content\/uploads\/importedmedia\/product-1923319_0-PL0503.jpg\",\"datePublished\":\"2023-09-07T00:00:36+00:00\",\"dateModified\":\"2026-04-24T00:08:51+00:00\",\"description\":\"Tomat Pokusa on keskmiselt varajane sort, mille piklikud viljad on haigustele vastupidavad. Sobib kasvatamiseks v\u00e4ljas ja kasvuhoones.\",\"breadcrumb\":{\"@id\":\"https:\/\/horticom.ee\/e-pood\/toode\/tomat-pokusa\/#breadcrumb\"},\"inLanguage\":\"et\",\"potentialAction\":[{\"@type\":\"ReadAction\",\"target\":[\"https:\/\/horticom.ee\/e-pood\/toode\/tomat-pokusa\/\"]}]},{\"@type\":\"ImageObject\",\"inLanguage\":\"et\",\"@id\":\"https:\/\/horticom.ee\/e-pood\/toode\/tomat-pokusa\/#primaryimage\",\"url\":\"https:\/\/horticom.ee\/e-pood\/wp-content\/uploads\/importedmedia\/product-1923319_0-PL0503.jpg\",\"contentUrl\":\"https:\/\/horticom.ee\/e-pood\/wp-content\/uploads\/importedmedia\/product-1923319_0-PL0503.jpg\",\"width\":1000,\"height\":1750,\"caption\":\"Tomat Pokusa\"},{\"@type\":\"BreadcrumbList\",\"@id\":\"https:\/\/horticom.ee\/e-pood\/toode\/tomat-pokusa\/#breadcrumb\",\"itemListElement\":[{\"@type\":\"ListItem\",\"position\":1,\"name\":\"Home\",\"item\":\"https:\/\/horticom.ee\/e-pood\/\"},{\"@type\":\"ListItem\",\"position\":2,\"name\":\"Pood\",\"item\":\"https:\/\/horticom.ee\/e-pood\/pood\/\"},{\"@type\":\"ListItem\",\"position\":3,\"name\":\"Tomat Pokusa\"}]},{\"@type\":\"WebSite\",\"@id\":\"https:\/\/horticom.ee\/e-pood\/#website\",\"url\":\"https:\/\/horticom.ee\/e-pood\/\",\"name\":\"Horticom.ee\",\"description\":\"Aianduskaubad ja kodukaubad nii harrastajatele kui professionaalidele\",\"potentialAction\":[{\"@type\":\"SearchAction\",\"target\":{\"@type\":\"EntryPoint\",\"urlTemplate\":\"https:\/\/horticom.ee\/e-pood\/?s={search_term_string}\"},\"query-input\":{\"@type\":\"PropertyValueSpecification\",\"valueRequired\":true,\"valueName\":\"search_term_string\"}}],\"inLanguage\":\"et\"}]}<\/script>\n<!-- \/ Yoast SEO plugin. -->","yoast_head_json":{"title":"Tomat Pokusa - Horticom.ee\/e-pood","description":"Tomat Pokusa on keskmiselt varajane sort, mille piklikud viljad on haigustele vastupidavad. Sobib kasvatamiseks v\u00e4ljas ja kasvuhoones.","robots":{"index":"index","follow":"follow","max-snippet":"max-snippet:-1","max-image-preview":"max-image-preview:large","max-video-preview":"max-video-preview:-1"},"canonical":"https:\/\/horticom.ee\/e-pood\/toode\/tomat-pokusa\/","og_locale":"et_EE","og_type":"article","og_title":"Tomat Pokusa - Horticom.ee\/e-pood","og_description":"Tomat Pokusa on keskmiselt varajane sort, mille piklikud viljad on haigustele vastupidavad. Sobib kasvatamiseks v\u00e4ljas ja kasvuhoones.","og_url":"https:\/\/horticom.ee\/e-pood\/toode\/tomat-pokusa\/","og_site_name":"Horticom.ee","article_publisher":"https:\/\/www.facebook.com\/horticom.ee\/e-pood","article_modified_time":"2026-04-24T00:08:51+00:00","og_image":[{"width":1000,"height":1750,"url":"https:\/\/horticom.ee\/e-pood\/wp-content\/uploads\/importedmedia\/product-1923319_0-PL0503.jpg","type":"image\/jpeg"}],"twitter_card":"summary_large_image","schema":{"@context":"https:\/\/schema.org","@graph":[{"@type":"WebPage","@id":"https:\/\/horticom.ee\/e-pood\/toode\/tomat-pokusa\/","url":"https:\/\/horticom.ee\/e-pood\/toode\/tomat-pokusa\/","name":"Tomat Pokusa - Horticom.ee\/e-pood","isPartOf":{"@id":"https:\/\/horticom.ee\/e-pood\/#website"},"primaryImageOfPage":{"@id":"https:\/\/horticom.ee\/e-pood\/toode\/tomat-pokusa\/#primaryimage"},"image":{"@id":"https:\/\/horticom.ee\/e-pood\/toode\/tomat-pokusa\/#primaryimage"},"thumbnailUrl":"https:\/\/horticom.ee\/e-pood\/wp-content\/uploads\/importedmedia\/product-1923319_0-PL0503.jpg","datePublished":"2023-09-07T00:00:36+00:00","dateModified":"2026-04-24T00:08:51+00:00","description":"Tomat Pokusa on keskmiselt varajane sort, mille piklikud viljad on haigustele vastupidavad. Sobib kasvatamiseks v\u00e4ljas ja kasvuhoones.","breadcrumb":{"@id":"https:\/\/horticom.ee\/e-pood\/toode\/tomat-pokusa\/#breadcrumb"},"inLanguage":"et","potentialAction":[{"@type":"ReadAction","target":["https:\/\/horticom.ee\/e-pood\/toode\/tomat-pokusa\/"]}]},{"@type":"ImageObject","inLanguage":"et","@id":"https:\/\/horticom.ee\/e-pood\/toode\/tomat-pokusa\/#primaryimage","url":"https:\/\/horticom.ee\/e-pood\/wp-content\/uploads\/importedmedia\/product-1923319_0-PL0503.jpg","contentUrl":"https:\/\/horticom.ee\/e-pood\/wp-content\/uploads\/importedmedia\/product-1923319_0-PL0503.jpg","width":1000,"height":1750,"caption":"Tomat Pokusa"},{"@type":"BreadcrumbList","@id":"https:\/\/horticom.ee\/e-pood\/toode\/tomat-pokusa\/#breadcrumb","itemListElement":[{"@type":"ListItem","position":1,"name":"Home","item":"https:\/\/horticom.ee\/e-pood\/"},{"@type":"ListItem","position":2,"name":"Pood","item":"https:\/\/horticom.ee\/e-pood\/pood\/"},{"@type":"ListItem","position":3,"name":"Tomat Pokusa"}]},{"@type":"WebSite","@id":"https:\/\/horticom.ee\/e-pood\/#website","url":"https:\/\/horticom.ee\/e-pood\/","name":"Horticom.ee","description":"Aianduskaubad ja kodukaubad nii harrastajatele kui professionaalidele","potentialAction":[{"@type":"SearchAction","target":{"@type":"EntryPoint","urlTemplate":"https:\/\/horticom.ee\/e-pood\/?s={search_term_string}"},"query-input":{"@type":"PropertyValueSpecification","valueRequired":true,"valueName":"search_term_string"}}],"inLanguage":"et"}]}},"_links":{"self":[{"href":"https:\/\/horticom.ee\/e-pood\/wp-json\/wp\/v2\/product\/1923319","targetHints":{"allow":["GET"]}}],"collection":[{"href":"https:\/\/horticom.ee\/e-pood\/wp-json\/wp\/v2\/product"}],"about":[{"href":"https:\/\/horticom.ee\/e-pood\/wp-json\/wp\/v2\/types\/product"}],"replies":[{"embeddable":true,"href":"https:\/\/horticom.ee\/e-pood\/wp-json\/wp\/v2\/comments?post=1923319"}],"wp:featuredmedia":[{"embeddable":true,"href":"https:\/\/horticom.ee\/e-pood\/wp-json\/wp\/v2\/media\/1923934"}],"wp:attachment":[{"href":"https:\/\/horticom.ee\/e-pood\/wp-json\/wp\/v2\/media?parent=1923319"}],"wp:term":[{"taxonomy":"product_cat","embeddable":true,"href":"https:\/\/horticom.ee\/e-pood\/wp-json\/wp\/v2\/product_cat?post=1923319"},{"taxonomy":"product_tag","embeddable":true,"href":"https:\/\/horticom.ee\/e-pood\/wp-json\/wp\/v2\/product_tag?post=1923319"}],"curies":[{"name":"wp","href":"https:\/\/api.w.org\/{rel}","templated":true}]}}